{"id":996,"date":"2025-04-25T02:59:02","date_gmt":"2025-04-25T02:59:02","guid":{"rendered":"https:\/\/hurghada-airport.com\/?page_id=996"},"modified":"2025-05-22T09:49:33","modified_gmt":"2025-05-22T09:49:33","slug":"parking","status":"publish","type":"page","link":"https:\/\/hurghada-airport.com\/sv\/parkering\/","title":{"rendered":"Hurghada Flygplats Parkeringsguide"},"content":{"rendered":"<p>En av de vanligaste farh\u00e5gorna hos turister som reser till <a href=\"https:\/\/hurghada-airport.com\/sv\/\">Hurghada internationella flygplats<\/a> \u00e4r verkligen parkeringsalternativen och avgifterna.<\/p>\n<p>Om du planerar en resa till detta popul\u00e4ra semesterm\u00e5l i Egypten, beh\u00f6ver du inte oroa dig f\u00f6r parkering. Jag har f\u00f6rberett en omfattande guide \u00e5t dig.<\/p>\n<h2>Parkeringstyper och funktioner<\/h2>\n<p>Det finns i princip tre olika parkeringsalternativ p\u00e5 Hurghada Airport: Short Stay, Long Stay och Valet\/VIP, alla med sina egna f\u00f6rdelar.<\/p>\n<p><strong>Parkering f\u00f6r kortare vistelse<\/strong> ligger mittemot terminalerna 1 och 2 och p\u00e5 bara 1-2 minuters g\u00e5ngavst\u00e5nd fr\u00e5n terminalen. Det \u00e4r perfekt f\u00f6r att sl\u00e4ppa av eller h\u00e4mta upp passagerare. Du m\u00e5ste betala EGP 50 f\u00f6r de f\u00f6rsta 12 timmarna och totalt EGP 100 f\u00f6r 12-24 timmar. Omr\u00e5det \u00e4r \u00f6vervakat dygnet runt med CCTV-kameror och du kan betala med kontanter eller kreditkort vid utg\u00e5ngsbarri\u00e4ren.<\/p>\n<p><strong>L\u00e5ngtidsparkering \u00e4r<\/strong> ligger 220-300 meter fr\u00e5n huvudterminalen. Du kan n\u00e5 den genom att f\u00f6lja trottoaren eller genom att anv\u00e4nda de gratis minibussarna. Dagspriset h\u00e4r \u00e4r EGP 100. Det finns ingen officiell veckorabatt, men du kan f\u00e5 10-15% i rabatt f\u00f6r vistelser l\u00e4ngre \u00e4n 7 dagar om du betalar i f\u00f6rv\u00e4g.<\/p>\n<p><strong>Betj\u00e4nad parkering\/VIP<\/strong> \u00e4r ett utm\u00e4rkt alternativ f\u00f6r dem som s\u00f6ker komfort. I EAC:s \"Meet-and-Assist Fast Track\"-paket ing\u00e5r att din bil h\u00e4mtas vid terminalens gate och bogseras till l\u00e5ngtidsparkeringen. Priset f\u00f6r en enkelbiljett ligger mellan 200-250 EGP och du kan betala med kreditkort vid VIP-disken.<\/p>\n<p><iframe loading=\"lazy\" style=\"border: 0;\" src=\"https:\/\/www.google.com\/maps\/embed?pb=!1m16!1m12!1m3!1d2314.719264813553!2d33.80915801317951!3d27.1806743590397!2m3!1f0!2f0!3f0!3m2!1i1024!2i768!4f13.1!2m1!1sparking!5e0!3m2!1str!2str!4v1745550198384!5m2!1str!2str\" width=\"600\" height=\"450\" allowfullscreen=\"allowfullscreen\"><\/iframe><\/p>\n<h3>Kapacitet och s\u00e4kerhet<\/h3>\n<p>Enligt mina personliga erfarenheter och officiella k\u00e4llor \u00e4r den totala fordonskapaciteten p\u00e5 flygplatsen cirka 1.500 fordon. Det finns ocks\u00e5 s\u00e4rskilda omr\u00e5den f\u00f6r bussar och minibussar f\u00f6r passagerare. Parkeringsplatserna \u00e4r s\u00e4krade dygnet runt med kameror och bev\u00e4pnade patruller fr\u00e5n flygplatspolisen.<\/p>\n<p>F\u00f6r anv\u00e4ndare av elfordon finns det 6 laddningsstationer med 22 kW typ 2-ing\u00e5ngar, s\u00e4rskilt i avsnittet f\u00f6r l\u00e5ngtidsparkering. Wrap-kiosker och bagagevagnsstationer finns ocks\u00e5 tillg\u00e4ngliga f\u00f6r bagages\u00e4kerhet.<\/p>\n<p><img decoding=\"async\" class=\"aligncenter size-medium\" src=\"https:\/\/hurghada-airport.com\/wp-content\/uploads\/Hurghada-International-Airport-HRG-2000-x-2000-piksel.png\" alt=\"hurghada flygplats karta\" width=\"2000\" height=\"2000\" \/><\/p>\n<h2>Nuvarande tabell f\u00f6r parkeringsavgifter (2025)<\/h2>\n<p>De parkeringsavgifter som g\u00e4ller fr\u00e5n och med april 2025 \u00e4r f\u00f6ljande:<\/p>\n<ul>\n<li>0-12 timmar: EGP 50 (cirka USD 1)<\/li>\n<li>12-24 timmar: EGP 100 (ca USD 2)<\/li>\n<li>Varje ytterligare dag: 100 EGP (cirka 2 USD)<\/li>\n<li>7 dagars parkering: EGP 700 (cirka USD 14)<\/li>\n<li>Betj\u00e4nad bil (en v\u00e4g): EGP 200-250 (cirka USD 4-5)<\/li>\n<\/ul>\n<p>N\u00e4r jag gick till <a href=\"https:\/\/hurghada-airport.com\/sv\/basta-tiden-att-besoka\/\">Hurghada under min sista sommarsemester<\/a>, Jag anv\u00e4nde l\u00e5ngtidsparkeringen och kunde f\u00e5 10% rabatt genom att betala vaktm\u00e4staren i f\u00f6rv\u00e4g f\u00f6r 10 dagars parkering. Jag vill p\u00e5peka att flygplatsparkeringsavgifter \u00f6ver hela Egypten gradvis uppdateras 2023-2024, s\u00e5 det kan finnas tariffrevisioner under \u00e5ret. Nedan har vi en <a href=\"https:\/\/hurghada-airport.com\/sv\/parkering\/\">Ber\u00e4kningsverktyg f\u00f6r parkeringsavgifter f\u00f6r Hurghada flygplats<\/a> som vi starkt rekommenderar att du anv\u00e4nder.<br \/>\n<iframe loading=\"lazy\" style=\"border: none;\" src=\"https:\/\/hotel-images.b-cdn.net\/hurghada\/parking\/hurghada-parking-cost-calculator.html\" width=\"100%\" height=\"800px\" frameborder=\"0\" scrolling=\"yes\"><br \/>\n<\/iframe><\/p>\n<h2>Tips<\/h2>\n<p>Jag skulle vilja dela med mig av n\u00e5gra viktiga tips om parkering p\u00e5 Hurghada Airport:<\/p>\n<p>Det finns ingen gratis \"Kiss &amp; Fly\"-fil <a href=\"https:\/\/hurghada-airport.com\/sv\/terminal\/\">framf\u00f6r terminalen<\/a> f\u00f6r dem som vill stanna och sl\u00e4ppa av passagerare. \u00c4ven f\u00f6r kortvariga avl\u00e4mningar m\u00e5ste du passera genom barri\u00e4ren och betala minst 50 EGP.<\/p>\n<p>Om du ska parkera l\u00e4nge kan du f\u00e5 en rabatt p\u00e5 upp till 10% genom att erbjuda dig att betala kontant i f\u00f6rv\u00e4g till parkeringsvakterna. Detta \u00e4r en vanlig taktik som anv\u00e4nds av lokala f\u00f6rare.<\/p>\n<p>Du kan kombinera betj\u00e4ntservice med VIP-paket. Paketet, som inkluderar tillg\u00e5ng till lounge, snabb passkontroll och betj\u00e4nad service, \u00e4r s\u00e4rskilt f\u00f6rdelaktigt f\u00f6r resor med 3 personer eller fler.<\/p>\n<p>Under h\u00f6gs\u00e4songen mellan juni och september fylls 90% av kapaciteten p\u00e5 1 500 bilar vid lunchtid. Jag rekommenderar att du anl\u00e4nder 30 minuter tidigare eller anv\u00e4nder betj\u00e4nad service f\u00f6r att garantera en plats.<\/p>","protected":false},"excerpt":{"rendered":"<p>En av de vanligaste fr\u00e5gorna som turister som reser till Hurghada International Airport har \u00e4r parkeringsm\u00f6jligheterna och avgifterna. [...]<\/p>","protected":false},"author":1,"featured_media":998,"parent":0,"menu_order":0,"comment_status":"closed","ping_status":"closed","template":"","meta":{"_acf_changed":false,"site-sidebar-layout":"default","site-content-layout":"","ast-site-content-layout":"default","site-content-style":"default","site-sidebar-style":"default","ast-global-header-display":"","ast-banner-title-visibility":"","ast-main-header-display":"","ast-hfb-above-header-display":"","ast-hfb-below-header-display":"","ast-hfb-mobile-header-display":"","site-post-title":"","ast-breadcrumbs-content":"","ast-featured-img":"","footer-sml-layout":"","theme-transparent-header-meta":"default","adv-header-id-meta":"","stick-header-meta":"","header-above-stick-meta":"","header-main-stick-meta":"","header-below-stick-meta":"","astra-migrate-meta-layouts":"set","ast-page-background-enabled":"default","ast-page-background-meta":{"desktop":{"background-color":"var(--ast-global-color-4)","background-image":"","background-repeat":"repeat","background-position":"center center","background-size":"auto","background-attachment":"scroll","background-type":"","background-media":"","overlay-type":"","overlay-color":"","overlay-opacity":"","overlay-gradient":""},"tablet":{"background-color":"","background-image":"","background-repeat":"repeat","background-position":"center center","background-size":"auto","background-attachment":"scroll","background-type":"","background-media":"","overlay-type":"","overlay-color":"","overlay-opacity":"","overlay-gradient":""},"mobile":{"background-color":"","background-image":"","background-repeat":"repeat","background-position":"center center","background-size":"auto","background-attachment":"scroll","background-type":"","background-media":"","overlay-type":"","overlay-color":"","overlay-opacity":"","overlay-gradient":""}},"ast-content-background-meta":{"desktop":{"background-color":"var(--ast-global-color-5)","background-image":"","background-repeat":"repeat","background-position":"center center","background-size":"auto","background-attachment":"scroll","background-type":"","background-media":"","overlay-type":"","overlay-color":"","overlay-opacity":"","overlay-gradient":""},"tablet":{"background-color":"var(--ast-global-color-5)","background-image":"","background-repeat":"repeat","background-position":"center center","background-size":"auto","background-attachment":"scroll","background-type":"","background-media":"","overlay-type":"","overlay-color":"","overlay-opacity":"","overlay-gradient":""},"mobile":{"background-color":"var(--ast-global-color-5)","background-image":"","background-repeat":"repeat","background-position":"center center","background-size":"auto","background-attachment":"scroll","background-type":"","background-media":"","overlay-type":"","overlay-color":"","overlay-opacity":"","overlay-gradient":""}},"footnotes":""},"class_list":["post-996","page","type-page","status-publish","has-post-thumbnail","hentry"],"acf":[],"yoast_head":"<!-- This site is optimized with the Yoast SEO Premium plugin v24.0 (Yoast SEO v25.7) - https:\/\/yoast.com\/wordpress\/plugins\/seo\/ -->\n<title>Hurghada Airport Parking Guide 2025<\/title>\n<meta name=\"description\" content=\"Explore Hurghada Airport&#039;s parking options: short-stay, long-term, VIP valet, EV charging, and 2025 rates.\" \/>\n<meta name=\"robots\" content=\"index, follow, max-snippet:-1, max-image-preview:large, max-video-preview:-1\" \/>\n<link rel=\"canonical\" href=\"https:\/\/hurghada-airport.com\/sv\/parkering\/\" \/>\n<meta property=\"og:locale\" content=\"sv_SE\" \/>\n<meta property=\"og:type\" content=\"article\" \/>\n<meta property=\"og:title\" content=\"Hurghada Airport Parking Guide\" \/>\n<meta property=\"og:description\" content=\"Explore Hurghada Airport&#039;s parking options: short-stay, long-term, VIP valet, EV charging, and 2025 rates.\" \/>\n<meta property=\"og:url\" content=\"https:\/\/hurghada-airport.com\/sv\/parkering\/\" \/>\n<meta property=\"article:publisher\" content=\"https:\/\/www.facebook.com\/hurghadaairport\" \/>\n<meta property=\"article:modified_time\" content=\"2025-05-22T09:49:33+00:00\" \/>\n<meta property=\"og:image\" content=\"https:\/\/hurghada-airport.com\/wp-content\/uploads\/hurghada-airport-parking.jpg\" \/>\n\t<meta property=\"og:image:width\" content=\"680\" \/>\n\t<meta property=\"og:image:height\" content=\"510\" \/>\n\t<meta property=\"og:image:type\" content=\"image\/jpeg\" \/>\n<meta name=\"twitter:card\" content=\"summary_large_image\" \/>\n<meta name=\"twitter:label1\" content=\"Ber\u00e4knad l\u00e4stid\" \/>\n\t<meta name=\"twitter:data1\" content=\"4 minuter\" \/>\n<script type=\"application\/ld+json\" class=\"yoast-schema-graph\">{\"@context\":\"https:\/\/schema.org\",\"@graph\":[{\"@type\":\"WebPage\",\"@id\":\"https:\/\/hurghada-airport.com\/parking\/\",\"url\":\"https:\/\/hurghada-airport.com\/parking\/\",\"name\":\"Hurghada Airport Parking Guide 2025\",\"isPartOf\":{\"@id\":\"https:\/\/hurghada-airport.com\/#website\"},\"primaryImageOfPage\":{\"@id\":\"https:\/\/hurghada-airport.com\/parking\/#primaryimage\"},\"image\":{\"@id\":\"https:\/\/hurghada-airport.com\/parking\/#primaryimage\"},\"thumbnailUrl\":\"https:\/\/hurghada-airport.com\/wp-content\/uploads\/hurghada-airport-parking.jpg\",\"datePublished\":\"2025-04-25T02:59:02+00:00\",\"dateModified\":\"2025-05-22T09:49:33+00:00\",\"description\":\"Explore Hurghada Airport's parking options: short-stay, long-term, VIP valet, EV charging, and 2025 rates.\",\"breadcrumb\":{\"@id\":\"https:\/\/hurghada-airport.com\/parking\/#breadcrumb\"},\"inLanguage\":\"sv-SE\",\"potentialAction\":[{\"@type\":\"ReadAction\",\"target\":[\"https:\/\/hurghada-airport.com\/parking\/\"]}]},{\"@type\":\"ImageObject\",\"inLanguage\":\"sv-SE\",\"@id\":\"https:\/\/hurghada-airport.com\/parking\/#primaryimage\",\"url\":\"https:\/\/hurghada-airport.com\/wp-content\/uploads\/hurghada-airport-parking.jpg\",\"contentUrl\":\"https:\/\/hurghada-airport.com\/wp-content\/uploads\/hurghada-airport-parking.jpg\",\"width\":680,\"height\":510},{\"@type\":\"BreadcrumbList\",\"@id\":\"https:\/\/hurghada-airport.com\/parking\/#breadcrumb\",\"itemListElement\":[{\"@type\":\"ListItem\",\"position\":1,\"name\":\"Home\",\"item\":\"https:\/\/hurghada-airport.com\/\"},{\"@type\":\"ListItem\",\"position\":2,\"name\":\"Hurghada Airport Parking Guide\"}]},{\"@type\":\"WebSite\",\"@id\":\"https:\/\/hurghada-airport.com\/#website\",\"url\":\"https:\/\/hurghada-airport.com\/\",\"name\":\"Hurghada International Airport\",\"description\":\"\",\"publisher\":{\"@id\":\"https:\/\/hurghada-airport.com\/#organization\"},\"alternateName\":\"HRG\",\"potentialAction\":[{\"@type\":\"SearchAction\",\"target\":{\"@type\":\"EntryPoint\",\"urlTemplate\":\"https:\/\/hurghada-airport.com\/?s={search_term_string}\"},\"query-input\":{\"@type\":\"PropertyValueSpecification\",\"valueRequired\":true,\"valueName\":\"search_term_string\"}}],\"inLanguage\":\"sv-SE\"},{\"@type\":\"Organization\",\"@id\":\"https:\/\/hurghada-airport.com\/#organization\",\"name\":\"Hurghada International Airport\",\"alternateName\":\"HRG\",\"url\":\"https:\/\/hurghada-airport.com\/\",\"logo\":{\"@type\":\"ImageObject\",\"inLanguage\":\"sv-SE\",\"@id\":\"https:\/\/hurghada-airport.com\/#\/schema\/logo\/image\/\",\"url\":\"https:\/\/hurghada-airport.com\/wp-content\/uploads\/hrg-logo.jpg\",\"contentUrl\":\"https:\/\/hurghada-airport.com\/wp-content\/uploads\/hrg-logo.jpg\",\"width\":2000,\"height\":1414,\"caption\":\"Hurghada International Airport\"},\"image\":{\"@id\":\"https:\/\/hurghada-airport.com\/#\/schema\/logo\/image\/\"},\"sameAs\":[\"https:\/\/www.facebook.com\/hurghadaairport\"],\"ownershipFundingInfo\":\"https:\/\/hurghada-airport.com\/about\/\"}]}<\/script>\n<!-- \/ Yoast SEO Premium plugin. -->","yoast_head_json":{"title":"Hurghada Airport Parking Guide 2025","description":"Explore Hurghada Airport's parking options: short-stay, long-term, VIP valet, EV charging, and 2025 rates.","robots":{"index":"index","follow":"follow","max-snippet":"max-snippet:-1","max-image-preview":"max-image-preview:large","max-video-preview":"max-video-preview:-1"},"canonical":"https:\/\/hurghada-airport.com\/sv\/parkering\/","og_locale":"sv_SE","og_type":"article","og_title":"Hurghada Airport Parking Guide","og_description":"Explore Hurghada Airport's parking options: short-stay, long-term, VIP valet, EV charging, and 2025 rates.","og_url":"https:\/\/hurghada-airport.com\/sv\/parkering\/","article_publisher":"https:\/\/www.facebook.com\/hurghadaairport","article_modified_time":"2025-05-22T09:49:33+00:00","og_image":[{"width":680,"height":510,"url":"https:\/\/hurghada-airport.com\/wp-content\/uploads\/hurghada-airport-parking.jpg","type":"image\/jpeg"}],"twitter_card":"summary_large_image","twitter_misc":{"Ber\u00e4knad l\u00e4stid":"4 minuter"},"schema":{"@context":"https:\/\/schema.org","@graph":[{"@type":"WebPage","@id":"https:\/\/hurghada-airport.com\/parking\/","url":"https:\/\/hurghada-airport.com\/parking\/","name":"Hurghada Airport Parking Guide 2025","isPartOf":{"@id":"https:\/\/hurghada-airport.com\/#website"},"primaryImageOfPage":{"@id":"https:\/\/hurghada-airport.com\/parking\/#primaryimage"},"image":{"@id":"https:\/\/hurghada-airport.com\/parking\/#primaryimage"},"thumbnailUrl":"https:\/\/hurghada-airport.com\/wp-content\/uploads\/hurghada-airport-parking.jpg","datePublished":"2025-04-25T02:59:02+00:00","dateModified":"2025-05-22T09:49:33+00:00","description":"Explore Hurghada Airport's parking options: short-stay, long-term, VIP valet, EV charging, and 2025 rates.","breadcrumb":{"@id":"https:\/\/hurghada-airport.com\/parking\/#breadcrumb"},"inLanguage":"sv-SE","potentialAction":[{"@type":"ReadAction","target":["https:\/\/hurghada-airport.com\/parking\/"]}]},{"@type":"ImageObject","inLanguage":"sv-SE","@id":"https:\/\/hurghada-airport.com\/parking\/#primaryimage","url":"https:\/\/hurghada-airport.com\/wp-content\/uploads\/hurghada-airport-parking.jpg","contentUrl":"https:\/\/hurghada-airport.com\/wp-content\/uploads\/hurghada-airport-parking.jpg","width":680,"height":510},{"@type":"BreadcrumbList","@id":"https:\/\/hurghada-airport.com\/parking\/#breadcrumb","itemListElement":[{"@type":"ListItem","position":1,"name":"Home","item":"https:\/\/hurghada-airport.com\/"},{"@type":"ListItem","position":2,"name":"Hurghada Airport Parking Guide"}]},{"@type":"WebSite","@id":"https:\/\/hurghada-airport.com\/#website","url":"https:\/\/hurghada-airport.com\/","name":"Hurghada International Airport","description":"","publisher":{"@id":"https:\/\/hurghada-airport.com\/#organization"},"alternateName":"HRG","potentialAction":[{"@type":"SearchAction","target":{"@type":"EntryPoint","urlTemplate":"https:\/\/hurghada-airport.com\/?s={search_term_string}"},"query-input":{"@type":"PropertyValueSpecification","valueRequired":true,"valueName":"search_term_string"}}],"inLanguage":"sv-SE"},{"@type":"Organization","@id":"https:\/\/hurghada-airport.com\/#organization","name":"Hurghada International Airport","alternateName":"HRG","url":"https:\/\/hurghada-airport.com\/","logo":{"@type":"ImageObject","inLanguage":"sv-SE","@id":"https:\/\/hurghada-airport.com\/#\/schema\/logo\/image\/","url":"https:\/\/hurghada-airport.com\/wp-content\/uploads\/hrg-logo.jpg","contentUrl":"https:\/\/hurghada-airport.com\/wp-content\/uploads\/hrg-logo.jpg","width":2000,"height":1414,"caption":"Hurghada International Airport"},"image":{"@id":"https:\/\/hurghada-airport.com\/#\/schema\/logo\/image\/"},"sameAs":["https:\/\/www.facebook.com\/hurghadaairport"],"ownershipFundingInfo":"https:\/\/hurghada-airport.com\/about\/"}]}},"_links":{"self":[{"href":"https:\/\/hurghada-airport.com\/sv\/wp-json\/wp\/v2\/pages\/996","targetHints":{"allow":["GET"]}}],"collection":[{"href":"https:\/\/hurghada-airport.com\/sv\/wp-json\/wp\/v2\/pages"}],"about":[{"href":"https:\/\/hurghada-airport.com\/sv\/wp-json\/wp\/v2\/types\/page"}],"author":[{"embeddable":true,"href":"https:\/\/hurghada-airport.com\/sv\/wp-json\/wp\/v2\/users\/1"}],"replies":[{"embeddable":true,"href":"https:\/\/hurghada-airport.com\/sv\/wp-json\/wp\/v2\/comments?post=996"}],"version-history":[{"count":0,"href":"https:\/\/hurghada-airport.com\/sv\/wp-json\/wp\/v2\/pages\/996\/revisions"}],"wp:featuredmedia":[{"embeddable":true,"href":"https:\/\/hurghada-airport.com\/sv\/wp-json\/wp\/v2\/media\/998"}],"wp:attachment":[{"href":"https:\/\/hurghada-airport.com\/sv\/wp-json\/wp\/v2\/media?parent=996"}],"curies":[{"name":"wp","href":"https:\/\/api.w.org\/{rel}","templated":true}]}}