{"id":984,"date":"2025-04-25T01:46:51","date_gmt":"2025-04-25T01:46:51","guid":{"rendered":"https:\/\/hurghada-airport.com\/?page_id=984"},"modified":"2025-08-05T16:16:06","modified_gmt":"2025-08-05T16:16:06","slug":"smoking-areas","status":"publish","type":"page","link":"https:\/\/hurghada-airport.com\/sv\/rokningsomraden\/","title":{"rendered":"R\u00f6kfria omr\u00e5den"},"content":{"rendered":"<p>Om du undrar var du kan ta en r\u00f6kpaus under din resa fr\u00e5n <a href=\"https:\/\/hurghada-airport.com\/sv\/\">Hurghada Internationella Flygplats (HRG)<\/a>har du kommit till r\u00e4tt st\u00e4lle. Guiden nedan ger en komplett resurs som t\u00e4cker alla r\u00f6khytter p\u00e5 b\u00e5de <a href=\"https:\/\/hurghada-airport.com\/sv\/ankomster\/\">ankomst<\/a> och <a href=\"https:\/\/hurghada-airport.com\/sv\/avgangar\/\">avresa<\/a> sidor, deras \u00f6ppettider och Priority Pass Pearl Lounge-f\u00f6rm\u00e5ner. Du kan ocks\u00e5 se en karta \u00f6ver r\u00f6khytterna. Om du vill se exakt var grindarna \u00e4r, g\u00e5 till <a href=\"https:\/\/hurghada-airport.com\/sv\/flygplats-karta\/\">flygplatsens kartsida.<\/a><br \/>\n<iframe loading=\"lazy\" id=\"stay22-widget\" src=\"https:\/\/www.stay22.com\/embed\/67f684d4d4f6d1a77875dee1\" width=\"100%\" height=\"428\" frameborder=\"0\"><\/iframe><\/p>\n<h2>Ankomst Terminal (<a href=\"https:\/\/hurghada-airport.com\/sv\/ankomster\/\">Ankomst<\/a>) - R\u00f6kning Po\u00e4ng<\/h2>\n<h3><a href=\"https:\/\/hurghada-airport.com\/sv\/terminal\/\">Terminal 1<\/a><\/h3>\n<ul>\n<li><strong>Plats:<\/strong> N\u00e4r du passerar passkontrollen och g\u00e5r ner till bagagebanden, g\u00e5 ner f\u00f6r trappan och sv\u00e4ng h\u00f6ger s\u00e5 hittar du det f\u00f6rsta cigarettst\u00e4llet. Om du vill ta en kort paus tills ditt bagage kommer fram till bandet \u00e4r det h\u00e4r omr\u00e5det i terminal 1 perfekt f\u00f6r dig.<\/li>\n<\/ul>\n<h3><a href=\"https:\/\/hurghada-airport.com\/sv\/terminal\/\">Terminal 2<\/a><\/h3>\n<ul>\n<li><strong>Plats:<\/strong> I bagageutl\u00e4mningshallen, precis till v\u00e4nster om passkontrolldiskarna. Missa inte detta omr\u00e5de om du planerar att ta en kort r\u00f6kpaus f\u00f6re taxfree-shoppingen.<\/li>\n<\/ul>\n<p><img decoding=\"async\" class=\"alignnone wp-image-1283 size-full\" src=\"https:\/\/hurghada-airport.com\/wp-content\/uploads\/hurghada-airport-smoking-area-map.webp\" alt=\"\" width=\"1024\" height=\"1024\" srcset=\"https:\/\/hurghada-airport.com\/wp-content\/uploads\/hurghada-airport-smoking-area-map.webp 1024w, https:\/\/hurghada-airport.com\/wp-content\/uploads\/hurghada-airport-smoking-area-map-768x768.webp 768w, https:\/\/hurghada-airport.com\/wp-content\/uploads\/hurghada-airport-smoking-area-map-12x12.webp 12w\" sizes=\"(max-width: 1024px) 100vw, 1024px\" \/><\/p>\n<h2>Avg\u00e5ngsterminal (<a href=\"https:\/\/hurghada-airport.com\/sv\/avgangar\/\">Avresa<\/a>) - R\u00f6kning Po\u00e4ng<\/h2>\n<h3><a href=\"https:\/\/hurghada-airport.com\/sv\/terminal\/\">Terminal 1<\/a> (Post S\u00e4kerhet)<\/h3>\n<ul>\n<li><strong>Stugor i korridoren:<\/strong> Efter r\u00f6ntgen och passkontroll finns det flera sm\u00e5 b\u00e5s l\u00e4ngs korridoren som leder mot grindarna. Den stora r\u00f6ksalongen i samma korridor har mycket bekv\u00e4ma sittplatser. Om du har v\u00e4ntat l\u00e4nge p\u00e5 detta \u00f6gonblick kan denna lounge vara din r\u00e4ddare i n\u00f6den.<\/li>\n<\/ul>\n<h3><a href=\"https:\/\/hurghada-airport.com\/sv\/terminal\/\">Terminal 2<\/a> (Efter s\u00e4kerhet)<\/h3>\n<ul>\n<li><strong>Huvudr\u00f6krum:<\/strong> Bakom Gate 15, bakom taxfree-butikerna, finns ett rymligt r\u00f6krum. Det \u00e4r n\u00e4ra till shopping och matst\u00e4llen, s\u00e5 v\u00e4lj det om du har gott om tid f\u00f6re din ombordstigningstid.<\/li>\n<\/ul>\n<p>\u00c4ven om de flesta allm\u00e4nna hytterna \u00e4r \u00f6ppna 24 timmar om dygnet har jag sett begr\u00e4nsad service p\u00e5 vissa platser beroende p\u00e5 verksamhetens intensitet. Om du reser vid midnatt eller tidigt p\u00e5 morgonen \u00e4r Priority Pass Pearl Lounges det mest riskfria alternativet.<\/p>\n<h3><a href=\"https:\/\/prioritypass.tpx.lt\/1jB4VP8h\">Priority Pass Pearl Lounge-f\u00f6rm\u00e5ner<\/a><\/h3>\n<ol>\n<li><strong>Tillg\u00e5ng 24 timmar om dygnet:<\/strong> Fr\u00e5n \u00f6vernattningsflyg till mellanlandningar kan du n\u00e4r som helst n\u00e5 r\u00f6kkabinen.<\/li>\n<li><strong>Komfort:<\/strong> Luftkonditionering, bekv\u00e4ma s\u00e4ten, f\u00f6rfriskningar och gratis Wi-Fi.<\/li>\n<li><strong>Enkel transport:<\/strong>\n<ul>\n<li><strong>Terminal 1:<\/strong> Efter pass och r\u00f6ntgen, forts\u00e4tt mot Gate 30, g\u00e5 in i loungen och ta hissen\/trappan till \u00f6vre v\u00e5ningen.<\/li>\n<li><strong>Terminal 2:<\/strong> Efter den f\u00f6rsta s\u00e4kerhetskontrollen (landside) ligger den precis bredvid incheckningsdiskarna.<\/li>\n<\/ul>\n<\/li>\n<\/ol>\n<p><iframe loading=\"lazy\" style=\"border: 0;\" src=\"https:\/\/www.google.com\/maps\/embed?pb=!1m18!1m12!1m3!1d3548.9531592638773!2d33.80199227578859!3d27.189208948153105!2m3!1f0!2f0!3f0!3m2!1i1024!2i768!4f13.1!3m3!1m2!1s0x145287e8f576041d%3A0x4776a3c7d691cbd!2sPearl%20Lounge%20Terminal%202!5e0!3m2!1sen!2str!4v1745547032153!5m2!1sen!2str\" width=\"600\" height=\"450\" allowfullscreen=\"allowfullscreen\"><\/iframe><br \/>\n<strong>Tips:<\/strong> Om du inte har ett Priority Pass-medlemskap kan du fr\u00e5ga om betalda tilltr\u00e4desalternativ vid incheckningen.<\/p>","protected":false},"excerpt":{"rendered":"<p>Om du undrar var du kan ta en r\u00f6kpaus under din resa fr\u00e5n Hurghada International Airport (HRG), har du kommit [...].<\/p>","protected":false},"author":1,"featured_media":993,"parent":0,"menu_order":0,"comment_status":"closed","ping_status":"closed","template":"","meta":{"_acf_changed":false,"site-sidebar-layout":"default","site-content-layout":"","ast-site-content-layout":"default","site-content-style":"default","site-sidebar-style":"default","ast-global-header-display":"","ast-banner-title-visibility":"","ast-main-header-display":"","ast-hfb-above-header-display":"","ast-hfb-below-header-display":"","ast-hfb-mobile-header-display":"","site-post-title":"","ast-breadcrumbs-content":"","ast-featured-img":"","footer-sml-layout":"","theme-transparent-header-meta":"default","adv-header-id-meta":"","stick-header-meta":"","header-above-stick-meta":"","header-main-stick-meta":"","header-below-stick-meta":"","astra-migrate-meta-layouts":"set","ast-page-background-enabled":"default","ast-page-background-meta":{"desktop":{"background-color":"var(--ast-global-color-4)","background-image":"","background-repeat":"repeat","background-position":"center center","background-size":"auto","background-attachment":"scroll","background-type":"","background-media":"","overlay-type":"","overlay-color":"","overlay-opacity":"","overlay-gradient":""},"tablet":{"background-color":"","background-image":"","background-repeat":"repeat","background-position":"center center","background-size":"auto","background-attachment":"scroll","background-type":"","background-media":"","overlay-type":"","overlay-color":"","overlay-opacity":"","overlay-gradient":""},"mobile":{"background-color":"","background-image":"","background-repeat":"repeat","background-position":"center center","background-size":"auto","background-attachment":"scroll","background-type":"","background-media":"","overlay-type":"","overlay-color":"","overlay-opacity":"","overlay-gradient":""}},"ast-content-background-meta":{"desktop":{"background-color":"var(--ast-global-color-5)","background-image":"","background-repeat":"repeat","background-position":"center center","background-size":"auto","background-attachment":"scroll","background-type":"","background-media":"","overlay-type":"","overlay-color":"","overlay-opacity":"","overlay-gradient":""},"tablet":{"background-color":"var(--ast-global-color-5)","background-image":"","background-repeat":"repeat","background-position":"center center","background-size":"auto","background-attachment":"scroll","background-type":"","background-media":"","overlay-type":"","overlay-color":"","overlay-opacity":"","overlay-gradient":""},"mobile":{"background-color":"var(--ast-global-color-5)","background-image":"","background-repeat":"repeat","background-position":"center center","background-size":"auto","background-attachment":"scroll","background-type":"","background-media":"","overlay-type":"","overlay-color":"","overlay-opacity":"","overlay-gradient":""}},"footnotes":""},"class_list":["post-984","page","type-page","status-publish","has-post-thumbnail","hentry"],"acf":[],"yoast_head":"<!-- This site is optimized with the Yoast SEO Premium plugin v24.0 (Yoast SEO v25.7) - https:\/\/yoast.com\/wordpress\/plugins\/seo\/ -->\n<title>Smoking Areas at Hurghada Airport: Terminals, Lounges &amp; Tips<\/title>\n<meta name=\"description\" content=\"Find all smoking zones at Hurghada Airport, including arrival &amp; departure terminals and Pearl Lounge access with Priority Pass. Updated cabin locations and hours.\" \/>\n<meta name=\"robots\" content=\"index, follow, max-snippet:-1, max-image-preview:large, max-video-preview:-1\" \/>\n<link rel=\"canonical\" href=\"https:\/\/hurghada-airport.com\/sv\/rokningsomraden\/\" \/>\n<meta property=\"og:locale\" content=\"sv_SE\" \/>\n<meta property=\"og:type\" content=\"article\" \/>\n<meta property=\"og:title\" content=\"Smoking Areas\" \/>\n<meta property=\"og:description\" content=\"Find all smoking zones at Hurghada Airport, including arrival &amp; departure terminals and Pearl Lounge access with Priority Pass. Updated cabin locations and hours.\" \/>\n<meta property=\"og:url\" content=\"https:\/\/hurghada-airport.com\/sv\/rokningsomraden\/\" \/>\n<meta property=\"article:publisher\" content=\"https:\/\/www.facebook.com\/hurghadaairport\" \/>\n<meta property=\"article:modified_time\" content=\"2025-08-05T16:16:06+00:00\" \/>\n<meta property=\"og:image\" content=\"https:\/\/hurghada-airport.com\/wp-content\/uploads\/Screenshot_13.png\" \/>\n\t<meta property=\"og:image:width\" content=\"1501\" \/>\n\t<meta property=\"og:image:height\" content=\"976\" \/>\n\t<meta property=\"og:image:type\" content=\"image\/png\" \/>\n<meta name=\"twitter:card\" content=\"summary_large_image\" \/>\n<meta name=\"twitter:label1\" content=\"Ber\u00e4knad l\u00e4stid\" \/>\n\t<meta name=\"twitter:data1\" content=\"3 minuter\" \/>\n<script type=\"application\/ld+json\" class=\"yoast-schema-graph\">{\"@context\":\"https:\/\/schema.org\",\"@graph\":[{\"@type\":\"WebPage\",\"@id\":\"https:\/\/hurghada-airport.com\/smoking-areas\/\",\"url\":\"https:\/\/hurghada-airport.com\/smoking-areas\/\",\"name\":\"Smoking Areas at Hurghada Airport: Terminals, Lounges & Tips\",\"isPartOf\":{\"@id\":\"https:\/\/hurghada-airport.com\/#website\"},\"primaryImageOfPage\":{\"@id\":\"https:\/\/hurghada-airport.com\/smoking-areas\/#primaryimage\"},\"image\":{\"@id\":\"https:\/\/hurghada-airport.com\/smoking-areas\/#primaryimage\"},\"thumbnailUrl\":\"https:\/\/hurghada-airport.com\/wp-content\/uploads\/Screenshot_13.png\",\"datePublished\":\"2025-04-25T01:46:51+00:00\",\"dateModified\":\"2025-08-05T16:16:06+00:00\",\"description\":\"Find all smoking zones at Hurghada Airport, including arrival & departure terminals and Pearl Lounge access with Priority Pass. Updated cabin locations and hours.\",\"breadcrumb\":{\"@id\":\"https:\/\/hurghada-airport.com\/smoking-areas\/#breadcrumb\"},\"inLanguage\":\"sv-SE\",\"potentialAction\":[{\"@type\":\"ReadAction\",\"target\":[\"https:\/\/hurghada-airport.com\/smoking-areas\/\"]}]},{\"@type\":\"ImageObject\",\"inLanguage\":\"sv-SE\",\"@id\":\"https:\/\/hurghada-airport.com\/smoking-areas\/#primaryimage\",\"url\":\"https:\/\/hurghada-airport.com\/wp-content\/uploads\/Screenshot_13.png\",\"contentUrl\":\"https:\/\/hurghada-airport.com\/wp-content\/uploads\/Screenshot_13.png\",\"width\":1501,\"height\":976},{\"@type\":\"BreadcrumbList\",\"@id\":\"https:\/\/hurghada-airport.com\/smoking-areas\/#breadcrumb\",\"itemListElement\":[{\"@type\":\"ListItem\",\"position\":1,\"name\":\"Home\",\"item\":\"https:\/\/hurghada-airport.com\/\"},{\"@type\":\"ListItem\",\"position\":2,\"name\":\"Smoking Areas\"}]},{\"@type\":\"WebSite\",\"@id\":\"https:\/\/hurghada-airport.com\/#website\",\"url\":\"https:\/\/hurghada-airport.com\/\",\"name\":\"Hurghada International Airport\",\"description\":\"\",\"publisher\":{\"@id\":\"https:\/\/hurghada-airport.com\/#organization\"},\"alternateName\":\"HRG\",\"potentialAction\":[{\"@type\":\"SearchAction\",\"target\":{\"@type\":\"EntryPoint\",\"urlTemplate\":\"https:\/\/hurghada-airport.com\/?s={search_term_string}\"},\"query-input\":{\"@type\":\"PropertyValueSpecification\",\"valueRequired\":true,\"valueName\":\"search_term_string\"}}],\"inLanguage\":\"sv-SE\"},{\"@type\":\"Organization\",\"@id\":\"https:\/\/hurghada-airport.com\/#organization\",\"name\":\"Hurghada International Airport\",\"alternateName\":\"HRG\",\"url\":\"https:\/\/hurghada-airport.com\/\",\"logo\":{\"@type\":\"ImageObject\",\"inLanguage\":\"sv-SE\",\"@id\":\"https:\/\/hurghada-airport.com\/#\/schema\/logo\/image\/\",\"url\":\"https:\/\/hurghada-airport.com\/wp-content\/uploads\/hrg-logo.jpg\",\"contentUrl\":\"https:\/\/hurghada-airport.com\/wp-content\/uploads\/hrg-logo.jpg\",\"width\":2000,\"height\":1414,\"caption\":\"Hurghada International Airport\"},\"image\":{\"@id\":\"https:\/\/hurghada-airport.com\/#\/schema\/logo\/image\/\"},\"sameAs\":[\"https:\/\/www.facebook.com\/hurghadaairport\"],\"ownershipFundingInfo\":\"https:\/\/hurghada-airport.com\/about\/\"}]}<\/script>\n<!-- \/ Yoast SEO Premium plugin. -->","yoast_head_json":{"title":"Smoking Areas at Hurghada Airport: Terminals, Lounges & Tips","description":"Find all smoking zones at Hurghada Airport, including arrival & departure terminals and Pearl Lounge access with Priority Pass. Updated cabin locations and hours.","robots":{"index":"index","follow":"follow","max-snippet":"max-snippet:-1","max-image-preview":"max-image-preview:large","max-video-preview":"max-video-preview:-1"},"canonical":"https:\/\/hurghada-airport.com\/sv\/rokningsomraden\/","og_locale":"sv_SE","og_type":"article","og_title":"Smoking Areas","og_description":"Find all smoking zones at Hurghada Airport, including arrival & departure terminals and Pearl Lounge access with Priority Pass. Updated cabin locations and hours.","og_url":"https:\/\/hurghada-airport.com\/sv\/rokningsomraden\/","article_publisher":"https:\/\/www.facebook.com\/hurghadaairport","article_modified_time":"2025-08-05T16:16:06+00:00","og_image":[{"url":"https:\/\/hurghada-airport.com\/wp-content\/uploads\/Screenshot_13.png","width":1501,"height":976,"type":"image\/png"}],"twitter_card":"summary_large_image","twitter_misc":{"Ber\u00e4knad l\u00e4stid":"3 minuter"},"schema":{"@context":"https:\/\/schema.org","@graph":[{"@type":"WebPage","@id":"https:\/\/hurghada-airport.com\/smoking-areas\/","url":"https:\/\/hurghada-airport.com\/smoking-areas\/","name":"Smoking Areas at Hurghada Airport: Terminals, Lounges & Tips","isPartOf":{"@id":"https:\/\/hurghada-airport.com\/#website"},"primaryImageOfPage":{"@id":"https:\/\/hurghada-airport.com\/smoking-areas\/#primaryimage"},"image":{"@id":"https:\/\/hurghada-airport.com\/smoking-areas\/#primaryimage"},"thumbnailUrl":"https:\/\/hurghada-airport.com\/wp-content\/uploads\/Screenshot_13.png","datePublished":"2025-04-25T01:46:51+00:00","dateModified":"2025-08-05T16:16:06+00:00","description":"Find all smoking zones at Hurghada Airport, including arrival & departure terminals and Pearl Lounge access with Priority Pass. Updated cabin locations and hours.","breadcrumb":{"@id":"https:\/\/hurghada-airport.com\/smoking-areas\/#breadcrumb"},"inLanguage":"sv-SE","potentialAction":[{"@type":"ReadAction","target":["https:\/\/hurghada-airport.com\/smoking-areas\/"]}]},{"@type":"ImageObject","inLanguage":"sv-SE","@id":"https:\/\/hurghada-airport.com\/smoking-areas\/#primaryimage","url":"https:\/\/hurghada-airport.com\/wp-content\/uploads\/Screenshot_13.png","contentUrl":"https:\/\/hurghada-airport.com\/wp-content\/uploads\/Screenshot_13.png","width":1501,"height":976},{"@type":"BreadcrumbList","@id":"https:\/\/hurghada-airport.com\/smoking-areas\/#breadcrumb","itemListElement":[{"@type":"ListItem","position":1,"name":"Home","item":"https:\/\/hurghada-airport.com\/"},{"@type":"ListItem","position":2,"name":"Smoking Areas"}]},{"@type":"WebSite","@id":"https:\/\/hurghada-airport.com\/#website","url":"https:\/\/hurghada-airport.com\/","name":"Hurghada International Airport","description":"","publisher":{"@id":"https:\/\/hurghada-airport.com\/#organization"},"alternateName":"HRG","potentialAction":[{"@type":"SearchAction","target":{"@type":"EntryPoint","urlTemplate":"https:\/\/hurghada-airport.com\/?s={search_term_string}"},"query-input":{"@type":"PropertyValueSpecification","valueRequired":true,"valueName":"search_term_string"}}],"inLanguage":"sv-SE"},{"@type":"Organization","@id":"https:\/\/hurghada-airport.com\/#organization","name":"Hurghada International Airport","alternateName":"HRG","url":"https:\/\/hurghada-airport.com\/","logo":{"@type":"ImageObject","inLanguage":"sv-SE","@id":"https:\/\/hurghada-airport.com\/#\/schema\/logo\/image\/","url":"https:\/\/hurghada-airport.com\/wp-content\/uploads\/hrg-logo.jpg","contentUrl":"https:\/\/hurghada-airport.com\/wp-content\/uploads\/hrg-logo.jpg","width":2000,"height":1414,"caption":"Hurghada International Airport"},"image":{"@id":"https:\/\/hurghada-airport.com\/#\/schema\/logo\/image\/"},"sameAs":["https:\/\/www.facebook.com\/hurghadaairport"],"ownershipFundingInfo":"https:\/\/hurghada-airport.com\/about\/"}]}},"_links":{"self":[{"href":"https:\/\/hurghada-airport.com\/sv\/wp-json\/wp\/v2\/pages\/984","targetHints":{"allow":["GET"]}}],"collection":[{"href":"https:\/\/hurghada-airport.com\/sv\/wp-json\/wp\/v2\/pages"}],"about":[{"href":"https:\/\/hurghada-airport.com\/sv\/wp-json\/wp\/v2\/types\/page"}],"author":[{"embeddable":true,"href":"https:\/\/hurghada-airport.com\/sv\/wp-json\/wp\/v2\/users\/1"}],"replies":[{"embeddable":true,"href":"https:\/\/hurghada-airport.com\/sv\/wp-json\/wp\/v2\/comments?post=984"}],"version-history":[{"count":3,"href":"https:\/\/hurghada-airport.com\/sv\/wp-json\/wp\/v2\/pages\/984\/revisions"}],"predecessor-version":[{"id":1285,"href":"https:\/\/hurghada-airport.com\/sv\/wp-json\/wp\/v2\/pages\/984\/revisions\/1285"}],"wp:featuredmedia":[{"embeddable":true,"href":"https:\/\/hurghada-airport.com\/sv\/wp-json\/wp\/v2\/media\/993"}],"wp:attachment":[{"href":"https:\/\/hurghada-airport.com\/sv\/wp-json\/wp\/v2\/media?parent=984"}],"curies":[{"name":"wp","href":"https:\/\/api.w.org\/{rel}","templated":true}]}}