{"id":933,"date":"2025-04-24T18:52:34","date_gmt":"2025-04-24T18:52:34","guid":{"rendered":"https:\/\/hurghada-airport.com\/?page_id=933"},"modified":"2025-08-23T16:21:46","modified_gmt":"2025-08-23T16:21:46","slug":"car-rental","status":"publish","type":"page","link":"https:\/\/hurghada-airport.com\/sv\/biluthyrning\/","title":{"rendered":"Allt du beh\u00f6ver veta om att hyra bil p\u00e5 Hurghada flygplats"},"content":{"rendered":"<p>Det finns m\u00e5nga internationella och lokala f\u00f6retag som erbjuder <a href=\"https:\/\/hurghada-airport.com\/sv\/biluthyrning\/\">biluthyrningstj\u00e4nster<\/a> p\u00e5 <a href=\"https:\/\/hurghada-airport.com\/sv\/\">Hurghada flygplats<\/a>. Bland dessa f\u00f6retag finns v\u00e4lk\u00e4nda varum\u00e4rken som <strong>Avis<\/strong>, <strong>Budget<\/strong>, <strong>Sixt<\/strong>, <strong>Europcar<\/strong>, <strong>F\u00f6retag<\/strong>, <strong>Alamo<\/strong>, <strong>Nationell<\/strong>, <strong>Gr\u00f6n r\u00f6relse<\/strong>, <strong>Autounion<\/strong> och <strong>Keddy av Europcar<\/strong>. <a href=\"https:\/\/hurghada-airport.com\/sv\/biluthyrning\/\">Biluthyrningskontor<\/a> \u00e4r vanligtvis <a href=\"https:\/\/hurghada-airport.com\/sv\/ankomster\/\">finns i ankomsthallen<\/a> av <a href=\"https:\/\/hurghada-airport.com\/sv\/terminal\/\">Terminal 1<\/a> och \u00e4r l\u00e4ttillg\u00e4ngliga efter att passagerarna har h\u00e4mtat sitt bagage.<br \/>\n<script async src=\"https:\/\/tpscr.com\/content?trs=405462&#038;shmarker=621353.car-rental-page&#038;locale=en&#038;default_pick_up_location=HRG&#038;powered_by=false&#038;border_radius=5&#038;plain=false&#038;show_logo=true&#038;color_background=%23f5d361&#038;color_button=%235a9854&#038;promo_id=4578&#038;campaign_id=130\" charset=\"utf-8\"><\/script><\/p>\n<h2>Hurghada flygplats Biluthyrningsf\u00f6retag och kontaktuppgifter<\/h2>\n<p>&nbsp;<\/p>\n<div class=\"rental-table-wrapper\">\n<table class=\"rental-table\" border=\"1\" cellspacing=\"0\" cellpadding=\"8\">\n<thead>\n<tr>\n<th style=\"text-align: left;\">F\u00f6retagets namn<\/th>\n<th style=\"text-align: left;\">Plats p\u00e5 kontoret<\/th>\n<th style=\"text-align: left;\">Telefonnummer<\/th>\n<\/tr>\n<\/thead>\n<tbody>\n<tr>\n<td><a href=\"https:\/\/maps.app.goo.gl\/xWkBF6mC2SCwEqZS6\">Budget<\/a><\/td>\n<td>Terminal 1, ankomsthallen f\u00f6r inrikesflyg<\/td>\n<td>+20 128 099 0817<\/td>\n<\/tr>\n<tr>\n<td><a href=\"https:\/\/maps.app.goo.gl\/QGTbfkPRyq3zHR7P7\">Sixt<\/a><\/td>\n<td>Terminal 1, Internationella ankomsthallen<\/td>\n<td>+20 122 232 7180<\/td>\n<\/tr>\n<tr>\n<td><a href=\"https:\/\/maps.app.goo.gl\/QV2fivtbDetr8XJcA\">Avis<\/a><\/td>\n<td>Terminal 1, ankomsthallen f\u00f6r inrikesflyg<\/td>\n<td>+20 122 232 7180<\/td>\n<\/tr>\n<tr>\n<td><a href=\"https:\/\/maps.app.goo.gl\/M6m1a63rncPoCjnAA\">F\u00f6retag<\/a><\/td>\n<td>Terminal 1, ankomsthallen f\u00f6r inrikesflyg<\/td>\n<td>+20 122 232 7180<\/td>\n<\/tr>\n<tr>\n<td><a href=\"https:\/\/maps.app.goo.gl\/ZsCLGVj5ks1mUT8H6\">Alamo<\/a><\/td>\n<td>Terminal 1, ankomsthallen f\u00f6r inrikesflyg<\/td>\n<td>+20 122 232 7180<\/td>\n<\/tr>\n<tr>\n<td><a href=\"https:\/\/maps.app.goo.gl\/GopQSpwC7uBUsBjM8\">Nationell<\/a><\/td>\n<td>Terminal 1, ankomsthallen f\u00f6r inrikesflyg<\/td>\n<td>+20 122 232 7180<\/td>\n<\/tr>\n<tr>\n<td>Europcar<\/td>\n<td>Terminal 1, ankomsthallen f\u00f6r inrikesflyg<\/td>\n<td>+20 112 470 9429<\/td>\n<\/tr>\n<tr>\n<td>Keddy av Europcar<\/td>\n<td>Terminal 1, ankomsthallen f\u00f6r inrikesflyg<\/td>\n<td>+20 112 470 9429<\/td>\n<\/tr>\n<tr>\n<td>Autounion<\/td>\n<td>Terminal 1, ankomsthallen f\u00f6r inrikesflyg<\/td>\n<td>+20 127 411 1496<\/td>\n<\/tr>\n<tr>\n<td><a href=\"https:\/\/maps.app.goo.gl\/pB9kgDJhUjxWBUgHA\">Gr\u00f6n r\u00f6relse<\/a><\/td>\n<td>Terminal 1, ankomsthallen f\u00f6r inrikesflyg<\/td>\n<td>+20 106 661 1023<\/td>\n<\/tr>\n<\/tbody>\n<\/table>\n<\/div>\n<h3>F\u00f6rs\u00e4kringar och Casco Information<\/h3>\n<p>N\u00e4r <a href=\"https:\/\/hurghada-airport.com\/sv\/biluthyrning\/\">hyra en bil i Egypten<\/a>, Obligatorisk ansvarsf\u00f6rs\u00e4kring f\u00f6r tredje part ing\u00e5r vanligtvis i hyrpriset. Ytterligare f\u00f6rs\u00e4kringar som Collision Damage Waiver (CDW) och Theft Protection (TP) \u00e4r dock valfria. F\u00f6r att f\u00f6rs\u00e4kringsskyddet ska vara giltigt m\u00e5ste en polisrapport erh\u00e5llas och skickas till uthyrningsf\u00f6retaget senast inom 72 timmar i h\u00e4ndelse av en olycka.<\/p>\n<h3>Fordonssegment och parkeringsinformation<\/h3>\n<p>Det finns ett brett utbud av bilsegment tillg\u00e4ngliga f\u00f6r uthyrning p\u00e5 <a href=\"https:\/\/hurghada-airport.com\/sv\/\">Hurghada flygplats<\/a>. De mest popul\u00e4ra biltyperna \u00e4r ekonomibilar, kompaktbilar, SUV:ar och lyxbilar. Sm\u00e5bilar i synnerhet \u00e4r det mest popul\u00e4ra segmentet och st\u00e5r f\u00f6r 55% av den totala uthyrningen.<br \/>\n<script async src=\"https:\/\/tpscr.com\/content?trs=405462&#038;shmarker=621353.car-rental-page&#038;locale=en&#038;default_pick_up_location=HRG&#038;powered_by=false&#038;border_radius=5&#038;plain=false&#038;show_logo=true&#038;color_background=%23f5d361&#038;color_button=%235a9854&#038;promo_id=4578&#038;campaign_id=130\" charset=\"utf-8\"><\/script><\/p>\n<p>Hyrbilar levereras och \u00e5terl\u00e4mnas vanligtvis p\u00e5 s\u00e4rskilda parkeringsplatser n\u00e4ra terminal 1 p\u00e5 flygplatsen. Vissa f\u00f6retag erbjuder en \"meet &amp; greet\"-tj\u00e4nst som m\u00f6ter passagerare i<a href=\"https:\/\/hurghada-airport.com\/sv\/ankomster\/\"> ankomsthall<\/a> och leverans av fordonet. Upph\u00e4mtning av hyrbil \u00e4r plats: <a href=\"https:\/\/maps.app.goo.gl\/H9GQiZBJEZyUxVEn6\">H\u00c4R<\/a><\/p>\n<p><img decoding=\"async\" class=\"size-medium aligncenter\" src=\"https:\/\/hotel-images.b-cdn.net\/hurghada\/car%20rental%20pick%20up.png\" width=\"972\" height=\"639\" \/><\/p>\n<p>H\u00e4r \u00e4r n\u00e5gra tips f\u00f6r att g\u00f6ra det enklare f\u00f6r dig att hyra bil i Hurghada, spara p\u00e5 din budget och undvika \u00f6verraskningar p\u00e5 v\u00e4gen:<\/p>\n<ul>\n<li><strong>G\u00f6r din bokning tidigt<\/strong><br \/>\nEfterfr\u00e5gan p\u00e5 fordon \u00f6kar kraftigt <a href=\"https:\/\/hurghada-airport.com\/sv\/basta-tiden-att-besoka\/\">under sommars\u00e4song eller semester<\/a>. Att slutf\u00f6ra din hyra innan ditt plan landar hj\u00e4lper dig att f\u00e5 de b\u00e4sta priserna och se till att du har den modell du vill ha.<\/li>\n<li><strong>F\u00f6rbered en kreditkortsgaranti<\/strong><br \/>\nUthyrningsf\u00f6retag kr\u00e4ver ofta kreditkortsgarantier f\u00f6r eventuella skador eller f\u00f6rseningsavgifter. Om du anv\u00e4nder ett internationellt erk\u00e4nt kort, till exempel Visa eller Mastercard, s\u00e4kerst\u00e4ller du att dina transaktioner godk\u00e4nns snabbt.<\/li>\n<li><strong>Teckna en fullst\u00e4ndig allriskf\u00f6rs\u00e4kring<\/strong><br \/>\nKraftiga sandstormar p\u00e5 egyptiska v\u00e4gar och i mellanliggande omr\u00e5den kan orsaka ov\u00e4ntade repor eller glassprickor. I h\u00e4ndelse av skada, \u00f6verv\u00e4g alternativet \"full f\u00f6rs\u00e4kring\" f\u00f6r att undvika stora summor ur fickan.<\/li>\n<li><strong>Var uppm\u00e4rksam p\u00e5 br\u00e4nslepolicyn<\/strong><br \/>\nInnan du h\u00e4mtar ut hyrbilen b\u00f6r du kontrollera om tanken \u00e4r full eller underfylld och \u00e5terl\u00e4mna den med samma fulla tank. Om du \u00e4r p\u00e5 v\u00e4g ut ur staden f\u00f6r korta utflykter till Safaga eller Qena, se till att st\u00f6rre bensinstationer \u00e4r \u00f6ppna p\u00e5 v\u00e4gen tillbaka.<\/li>\n<li><strong>Planera valet av upph\u00e4mtningstid<\/strong><br \/>\nHyrestiden faktureras var 24:e timme. Du kan undvika att betala en avgift f\u00f6r en extra dag om du ordnar din <a href=\"https:\/\/hurghada-airport.com\/sv\/avgangar\/\">flygets avg\u00e5ngstid<\/a> f\u00f6r att sammanfalla med tiden f\u00f6r avl\u00e4mning av bilen.<\/li>\n<li><strong>F\u00f6lj trafikreglerna<\/strong><br \/>\nHastighetsbegr\u00e4nsningarna \u00e4r l\u00e5ga i centrala Hurghada och skyltarna \u00e4r ibland avl\u00e4gsna p\u00e5 \u00f6kenv\u00e4garna. Se upp f\u00f6r radarf\u00e4llor; fortk\u00f6rningsb\u00f6terna n\u00e5r f\u00f6rst uthyrningsf\u00f6retaget och sedan dig.<\/li>\n<li><strong>Navigering \u00e4r ett m\u00e5ste<\/strong><br \/>\nUtan GPS kan v\u00e4gbeskrivningar eller v\u00e4gvisare g\u00f6ra att du blir strandsatt, s\u00e4rskilt n\u00e4r du \u00e5ker utanf\u00f6r stan. H\u00e5ll kartapparna i din telefon uppdaterade och anv\u00e4nd om m\u00f6jligt den inbyggda GPS:en i bilen.<\/li>\n<li><strong>Hoppa \u00f6ver rusningstid<\/strong><br \/>\nStrandv\u00e4garna i staden kan vara tr\u00e5nga mellan 09:00-11:00 p\u00e5 morgonen och 16:00-19:00 p\u00e5 kv\u00e4llen. F\u00f6r att undvika trafikstockningar under dessa tider \u00e4r det f\u00f6rdelaktigt att ta inlandsv\u00e4garna ist\u00e4llet f\u00f6r kustv\u00e4gen.<\/li>\n<li><strong>Leta efter alternativ till flygplatskontor<\/strong><br \/>\nHyreskontor vid <a href=\"https:\/\/hurghada-airport.com\/sv\/\">Hurghada flygplats<\/a> \u00e4r bekv\u00e4ma men tar vanligtvis h\u00f6gre priser. Du kan ocks\u00e5 kontrollera lokala biluthyrningskontor i stadens centrum eller <a href=\"https:\/\/hurghada-airport.com\/sv\/flygplatshotell\/\">n\u00e4ra hotellet<\/a> f\u00f6r mer attraktiva erbjudanden.<\/li>\n<li><strong>T\u00e4nk p\u00e5 v\u00e4gf\u00f6rh\u00e5llandena<\/strong><br \/>\n\u00d6kenv\u00e4gen och delvis stabiliserade v\u00e4gar till turistplatser kan vara utmanande f\u00f6r vanliga bilar. \u00d6verv\u00e4g 4\u00d74-alternativet, s\u00e4rskilt f\u00f6r platser som Wadi el-Gemal eller Makadi Bay.<\/li>\n<\/ul>\n<p>Med dessa enkla men effektiva f\u00f6rsiktighets\u00e5tg\u00e4rder kan du <a href=\"https:\/\/hurghada-airport.com\/sv\/barnvanliga-all-inclusive-resorter\/\">utforska sk\u00f6nheten i Hurghada<\/a>, b\u00e5de i och runt staden, p\u00e5 ett s\u00e4kert och bekv\u00e4mt s\u00e4tt.<\/p>\n<p><iframe loading=\"lazy\" src=\"https:\/\/www.google.com\/maps\/d\/embed?mid=1jXEIB0dUOUN4b-kEUSP7RWH1IQm7EXU&amp;hl=en&amp;ehbc=2E312F\" width=\"640\" height=\"480\"><\/iframe><\/p>\n<h3>Biluthyrningsf\u00f6retag som erbjuder Meet and Greet-tj\u00e4nster<\/h3>\n<p>P\u00e5 Hurghada International Airport erbjuder vissa biluthyrningsf\u00f6retag en \"meet &amp; greet\"-tj\u00e4nst, d\u00e4r passagerare v\u00e4lkomnas i ankomsthallen och billeverans underl\u00e4ttas. De viktigaste f\u00f6retagen som erbjuder denna tj\u00e4nst \u00e4r f\u00f6ljande.<\/p>\n<ul>\n<li><strong>Enterprise Rent-A-Car<\/strong>: Deras kontor ligger i Mamsha, Touristic Village, mittemot EgyptAir-kontoret, och deras representanter m\u00f6ter passagerare vid den angivna punkten n\u00e4r de bokats i f\u00f6rv\u00e4g.<\/li>\n<li><strong>Gr\u00f6n r\u00f6relse<\/strong>: P\u00e5 Hurghadas flygplats m\u00f6ter f\u00f6retaget passagerarna med sina representanter vid ankomstporten och levererar fordonet.<\/li>\n<li><strong>Avis<\/strong>: Med kontor i centrala El Gouna erbjuder det en gratis upph\u00e4mtningstj\u00e4nst f\u00f6r f\u00f6rhandsbokningar.<\/li>\n<li><strong>Autounion biluthyrning<\/strong>: P\u00e5 Hurghadas flygplats m\u00f6ter f\u00f6retaget passagerarna med sina representanter i ankomsthallen och levererar fordonet.<\/li>\n<\/ul>\n<p>F\u00f6r att kunna utnyttja denna tj\u00e4nst m\u00e5ste du kontakta ditt f\u00f6retag vid bokningstillf\u00e4llet f\u00f6r att beg\u00e4ra upph\u00e4mtning och dela med dig av dina flyguppgifter.<\/p>","protected":false},"excerpt":{"rendered":"<p>Det finns m\u00e5nga internationella och lokala f\u00f6retag som erbjuder biluthyrningstj\u00e4nster p\u00e5 Hurghada Airport. Dessa f\u00f6retag inkluderar v\u00e4lk\u00e4nda varum\u00e4rken som [...]<\/p>","protected":false},"author":1,"featured_media":1277,"parent":0,"menu_order":0,"comment_status":"closed","ping_status":"closed","template":"","meta":{"_acf_changed":false,"site-sidebar-layout":"default","site-content-layout":"","ast-site-content-layout":"default","site-content-style":"default","site-sidebar-style":"default","ast-global-header-display":"","ast-banner-title-visibility":"","ast-main-header-display":"","ast-hfb-above-header-display":"","ast-hfb-below-header-display":"","ast-hfb-mobile-header-display":"","site-post-title":"","ast-breadcrumbs-content":"","ast-featured-img":"","footer-sml-layout":"","theme-transparent-header-meta":"default","adv-header-id-meta":"","stick-header-meta":"","header-above-stick-meta":"","header-main-stick-meta":"","header-below-stick-meta":"","astra-migrate-meta-layouts":"set","ast-page-background-enabled":"default","ast-page-background-meta":{"desktop":{"background-color":"var(--ast-global-color-4)","background-image":"","background-repeat":"repeat","background-position":"center center","background-size":"auto","background-attachment":"scroll","background-type":"","background-media":"","overlay-type":"","overlay-color":"","overlay-opacity":"","overlay-gradient":""},"tablet":{"background-color":"","background-image":"","background-repeat":"repeat","background-position":"center center","background-size":"auto","background-attachment":"scroll","background-type":"","background-media":"","overlay-type":"","overlay-color":"","overlay-opacity":"","overlay-gradient":""},"mobile":{"background-color":"","background-image":"","background-repeat":"repeat","background-position":"center center","background-size":"auto","background-attachment":"scroll","background-type":"","background-media":"","overlay-type":"","overlay-color":"","overlay-opacity":"","overlay-gradient":""}},"ast-content-background-meta":{"desktop":{"background-color":"var(--ast-global-color-5)","background-image":"","background-repeat":"repeat","background-position":"center center","background-size":"auto","background-attachment":"scroll","background-type":"","background-media":"","overlay-type":"","overlay-color":"","overlay-opacity":"","overlay-gradient":""},"tablet":{"background-color":"var(--ast-global-color-5)","background-image":"","background-repeat":"repeat","background-position":"center center","background-size":"auto","background-attachment":"scroll","background-type":"","background-media":"","overlay-type":"","overlay-color":"","overlay-opacity":"","overlay-gradient":""},"mobile":{"background-color":"var(--ast-global-color-5)","background-image":"","background-repeat":"repeat","background-position":"center center","background-size":"auto","background-attachment":"scroll","background-type":"","background-media":"","overlay-type":"","overlay-color":"","overlay-opacity":"","overlay-gradient":""}},"footnotes":""},"class_list":["post-933","page","type-page","status-publish","has-post-thumbnail","hentry"],"acf":[],"yoast_head":"<!-- This site is optimized with the Yoast SEO Premium plugin v24.0 (Yoast SEO v25.7) - https:\/\/yoast.com\/wordpress\/plugins\/seo\/ -->\n<title>Everything You Need to Know About Rent a Car in Hurghada Airport<\/title>\n<meta name=\"description\" content=\"Find the best Hurghada International Airport car hire deal. Choose from variety of economy vehicles and luxury cars. Reserve your car online.\" \/>\n<meta name=\"robots\" content=\"index, follow, max-snippet:-1, max-image-preview:large, max-video-preview:-1\" \/>\n<link rel=\"canonical\" href=\"https:\/\/hurghada-airport.com\/sv\/biluthyrning\/\" \/>\n<meta property=\"og:locale\" content=\"sv_SE\" \/>\n<meta property=\"og:type\" content=\"article\" \/>\n<meta property=\"og:title\" content=\"Everything You Need to Know About Renting a Car in Hurghada Airport\" \/>\n<meta property=\"og:description\" content=\"Find the best Hurghada International Airport car hire deal. Choose from variety of economy vehicles and luxury cars. Reserve your car online.\" \/>\n<meta property=\"og:url\" content=\"https:\/\/hurghada-airport.com\/sv\/biluthyrning\/\" \/>\n<meta property=\"article:publisher\" content=\"https:\/\/www.facebook.com\/hurghadaairport\" \/>\n<meta property=\"article:modified_time\" content=\"2025-08-23T16:21:46+00:00\" \/>\n<meta property=\"og:image\" content=\"https:\/\/hurghada-airport.com\/wp-content\/uploads\/hrg-car-rental-map.webp\" \/>\n\t<meta property=\"og:image:width\" content=\"1024\" \/>\n\t<meta property=\"og:image:height\" content=\"1024\" \/>\n\t<meta property=\"og:image:type\" content=\"image\/webp\" \/>\n<meta name=\"twitter:card\" content=\"summary_large_image\" \/>\n<meta name=\"twitter:label1\" content=\"Ber\u00e4knad l\u00e4stid\" \/>\n\t<meta name=\"twitter:data1\" content=\"5 minuter\" \/>\n<script type=\"application\/ld+json\" class=\"yoast-schema-graph\">{\"@context\":\"https:\/\/schema.org\",\"@graph\":[{\"@type\":\"WebPage\",\"@id\":\"https:\/\/hurghada-airport.com\/car-rental\/\",\"url\":\"https:\/\/hurghada-airport.com\/car-rental\/\",\"name\":\"Everything You Need to Know About Rent a Car in Hurghada Airport\",\"isPartOf\":{\"@id\":\"https:\/\/hurghada-airport.com\/#website\"},\"primaryImageOfPage\":{\"@id\":\"https:\/\/hurghada-airport.com\/car-rental\/#primaryimage\"},\"image\":{\"@id\":\"https:\/\/hurghada-airport.com\/car-rental\/#primaryimage\"},\"thumbnailUrl\":\"https:\/\/hurghada-airport.com\/wp-content\/uploads\/hrg-car-rental-map.webp\",\"datePublished\":\"2025-04-24T18:52:34+00:00\",\"dateModified\":\"2025-08-23T16:21:46+00:00\",\"description\":\"Find the best Hurghada International Airport car hire deal. Choose from variety of economy vehicles and luxury cars. Reserve your car online.\",\"breadcrumb\":{\"@id\":\"https:\/\/hurghada-airport.com\/car-rental\/#breadcrumb\"},\"inLanguage\":\"sv-SE\",\"potentialAction\":[{\"@type\":\"ReadAction\",\"target\":[\"https:\/\/hurghada-airport.com\/car-rental\/\"]}]},{\"@type\":\"ImageObject\",\"inLanguage\":\"sv-SE\",\"@id\":\"https:\/\/hurghada-airport.com\/car-rental\/#primaryimage\",\"url\":\"https:\/\/hurghada-airport.com\/wp-content\/uploads\/hrg-car-rental-map.webp\",\"contentUrl\":\"https:\/\/hurghada-airport.com\/wp-content\/uploads\/hrg-car-rental-map.webp\",\"width\":1024,\"height\":1024,\"caption\":\"hurghada car rental\"},{\"@type\":\"BreadcrumbList\",\"@id\":\"https:\/\/hurghada-airport.com\/car-rental\/#breadcrumb\",\"itemListElement\":[{\"@type\":\"ListItem\",\"position\":1,\"name\":\"Home\",\"item\":\"https:\/\/hurghada-airport.com\/\"},{\"@type\":\"ListItem\",\"position\":2,\"name\":\"Everything You Need to Know About Renting a Car in Hurghada Airport\"}]},{\"@type\":\"WebSite\",\"@id\":\"https:\/\/hurghada-airport.com\/#website\",\"url\":\"https:\/\/hurghada-airport.com\/\",\"name\":\"Hurghada International Airport\",\"description\":\"\",\"publisher\":{\"@id\":\"https:\/\/hurghada-airport.com\/#organization\"},\"alternateName\":\"HRG\",\"potentialAction\":[{\"@type\":\"SearchAction\",\"target\":{\"@type\":\"EntryPoint\",\"urlTemplate\":\"https:\/\/hurghada-airport.com\/?s={search_term_string}\"},\"query-input\":{\"@type\":\"PropertyValueSpecification\",\"valueRequired\":true,\"valueName\":\"search_term_string\"}}],\"inLanguage\":\"sv-SE\"},{\"@type\":\"Organization\",\"@id\":\"https:\/\/hurghada-airport.com\/#organization\",\"name\":\"Hurghada International Airport\",\"alternateName\":\"HRG\",\"url\":\"https:\/\/hurghada-airport.com\/\",\"logo\":{\"@type\":\"ImageObject\",\"inLanguage\":\"sv-SE\",\"@id\":\"https:\/\/hurghada-airport.com\/#\/schema\/logo\/image\/\",\"url\":\"https:\/\/hurghada-airport.com\/wp-content\/uploads\/hrg-logo.jpg\",\"contentUrl\":\"https:\/\/hurghada-airport.com\/wp-content\/uploads\/hrg-logo.jpg\",\"width\":2000,\"height\":1414,\"caption\":\"Hurghada International Airport\"},\"image\":{\"@id\":\"https:\/\/hurghada-airport.com\/#\/schema\/logo\/image\/\"},\"sameAs\":[\"https:\/\/www.facebook.com\/hurghadaairport\"],\"ownershipFundingInfo\":\"https:\/\/hurghada-airport.com\/about\/\"}]}<\/script>\n<!-- \/ Yoast SEO Premium plugin. -->","yoast_head_json":{"title":"Everything You Need to Know About Rent a Car in Hurghada Airport","description":"Find the best Hurghada International Airport car hire deal. Choose from variety of economy vehicles and luxury cars. Reserve your car online.","robots":{"index":"index","follow":"follow","max-snippet":"max-snippet:-1","max-image-preview":"max-image-preview:large","max-video-preview":"max-video-preview:-1"},"canonical":"https:\/\/hurghada-airport.com\/sv\/biluthyrning\/","og_locale":"sv_SE","og_type":"article","og_title":"Everything You Need to Know About Renting a Car in Hurghada Airport","og_description":"Find the best Hurghada International Airport car hire deal. Choose from variety of economy vehicles and luxury cars. Reserve your car online.","og_url":"https:\/\/hurghada-airport.com\/sv\/biluthyrning\/","article_publisher":"https:\/\/www.facebook.com\/hurghadaairport","article_modified_time":"2025-08-23T16:21:46+00:00","og_image":[{"width":1024,"height":1024,"url":"https:\/\/hurghada-airport.com\/wp-content\/uploads\/hrg-car-rental-map.webp","type":"image\/webp"}],"twitter_card":"summary_large_image","twitter_misc":{"Ber\u00e4knad l\u00e4stid":"5 minuter"},"schema":{"@context":"https:\/\/schema.org","@graph":[{"@type":"WebPage","@id":"https:\/\/hurghada-airport.com\/car-rental\/","url":"https:\/\/hurghada-airport.com\/car-rental\/","name":"Everything You Need to Know About Rent a Car in Hurghada Airport","isPartOf":{"@id":"https:\/\/hurghada-airport.com\/#website"},"primaryImageOfPage":{"@id":"https:\/\/hurghada-airport.com\/car-rental\/#primaryimage"},"image":{"@id":"https:\/\/hurghada-airport.com\/car-rental\/#primaryimage"},"thumbnailUrl":"https:\/\/hurghada-airport.com\/wp-content\/uploads\/hrg-car-rental-map.webp","datePublished":"2025-04-24T18:52:34+00:00","dateModified":"2025-08-23T16:21:46+00:00","description":"Find the best Hurghada International Airport car hire deal. Choose from variety of economy vehicles and luxury cars. Reserve your car online.","breadcrumb":{"@id":"https:\/\/hurghada-airport.com\/car-rental\/#breadcrumb"},"inLanguage":"sv-SE","potentialAction":[{"@type":"ReadAction","target":["https:\/\/hurghada-airport.com\/car-rental\/"]}]},{"@type":"ImageObject","inLanguage":"sv-SE","@id":"https:\/\/hurghada-airport.com\/car-rental\/#primaryimage","url":"https:\/\/hurghada-airport.com\/wp-content\/uploads\/hrg-car-rental-map.webp","contentUrl":"https:\/\/hurghada-airport.com\/wp-content\/uploads\/hrg-car-rental-map.webp","width":1024,"height":1024,"caption":"hurghada car rental"},{"@type":"BreadcrumbList","@id":"https:\/\/hurghada-airport.com\/car-rental\/#breadcrumb","itemListElement":[{"@type":"ListItem","position":1,"name":"Home","item":"https:\/\/hurghada-airport.com\/"},{"@type":"ListItem","position":2,"name":"Everything You Need to Know About Renting a Car in Hurghada Airport"}]},{"@type":"WebSite","@id":"https:\/\/hurghada-airport.com\/#website","url":"https:\/\/hurghada-airport.com\/","name":"Hurghada International Airport","description":"","publisher":{"@id":"https:\/\/hurghada-airport.com\/#organization"},"alternateName":"HRG","potentialAction":[{"@type":"SearchAction","target":{"@type":"EntryPoint","urlTemplate":"https:\/\/hurghada-airport.com\/?s={search_term_string}"},"query-input":{"@type":"PropertyValueSpecification","valueRequired":true,"valueName":"search_term_string"}}],"inLanguage":"sv-SE"},{"@type":"Organization","@id":"https:\/\/hurghada-airport.com\/#organization","name":"Hurghada International Airport","alternateName":"HRG","url":"https:\/\/hurghada-airport.com\/","logo":{"@type":"ImageObject","inLanguage":"sv-SE","@id":"https:\/\/hurghada-airport.com\/#\/schema\/logo\/image\/","url":"https:\/\/hurghada-airport.com\/wp-content\/uploads\/hrg-logo.jpg","contentUrl":"https:\/\/hurghada-airport.com\/wp-content\/uploads\/hrg-logo.jpg","width":2000,"height":1414,"caption":"Hurghada International Airport"},"image":{"@id":"https:\/\/hurghada-airport.com\/#\/schema\/logo\/image\/"},"sameAs":["https:\/\/www.facebook.com\/hurghadaairport"],"ownershipFundingInfo":"https:\/\/hurghada-airport.com\/about\/"}]}},"_links":{"self":[{"href":"https:\/\/hurghada-airport.com\/sv\/wp-json\/wp\/v2\/pages\/933","targetHints":{"allow":["GET"]}}],"collection":[{"href":"https:\/\/hurghada-airport.com\/sv\/wp-json\/wp\/v2\/pages"}],"about":[{"href":"https:\/\/hurghada-airport.com\/sv\/wp-json\/wp\/v2\/types\/page"}],"author":[{"embeddable":true,"href":"https:\/\/hurghada-airport.com\/sv\/wp-json\/wp\/v2\/users\/1"}],"replies":[{"embeddable":true,"href":"https:\/\/hurghada-airport.com\/sv\/wp-json\/wp\/v2\/comments?post=933"}],"version-history":[{"count":2,"href":"https:\/\/hurghada-airport.com\/sv\/wp-json\/wp\/v2\/pages\/933\/revisions"}],"predecessor-version":[{"id":1296,"href":"https:\/\/hurghada-airport.com\/sv\/wp-json\/wp\/v2\/pages\/933\/revisions\/1296"}],"wp:featuredmedia":[{"embeddable":true,"href":"https:\/\/hurghada-airport.com\/sv\/wp-json\/wp\/v2\/media\/1277"}],"wp:attachment":[{"href":"https:\/\/hurghada-airport.com\/sv\/wp-json\/wp\/v2\/media?parent=933"}],"curies":[{"name":"wp","href":"https:\/\/api.w.org\/{rel}","templated":true}]}}