{"id":764,"date":"2024-12-20T21:30:47","date_gmt":"2024-12-20T21:30:47","guid":{"rendered":"https:\/\/hurghada-airport.com\/?page_id=764"},"modified":"2025-05-22T10:01:22","modified_gmt":"2025-05-22T10:01:22","slug":"airlines","status":"publish","type":"page","link":"https:\/\/hurghada-airport.com\/sv\/flygbolag\/","title":{"rendered":"Flygbolag"},"content":{"rendered":"<p><a href=\"https:\/\/hurghada-airport.com\/sv\/\">Hurghada internationella flygplats<\/a> tj\u00e4nar m\u00e5nga <a href=\"https:\/\/hurghada-airport.com\/sv\/flygbolag\/\">internationella och lokala flygbolag<\/a>. EgyptAir, Egyptens nationella flygbolag, \u00e4r ett <a href=\"https:\/\/hurghada-airport.com\/sv\/flygresor\/\">viktigt flygbolag med b\u00e5de inrikes- och utrikesflyg<\/a>. Stora europeiska flygbolag som Lufthansa, Condor och TUI Airways har m\u00e5nga flygningar till Hurghada, s\u00e4rskilt under semesterperioden.<\/p>\n<p>L\u00e5gprisflygbolag som EasyJet och British Airways trafikerar ocks\u00e5 <a href=\"https:\/\/hurghada-airport.com\/sv\/flygresor\/\">flyg till Hurghada<\/a> under den <a href=\"https:\/\/hurghada-airport.com\/sv\/basta-tiden-att-besoka\/\">semestertider<\/a>. Air Cairo \u00e4r ett annat lokalt flygbolag som flyger fr\u00e5n Hurghada till Mellan\u00f6stern och Europa. Dessutom flyger flygbolag som Flynas och Pegasus Airlines till Hurghada fr\u00e5n de omgivande omr\u00e5dena. <a href=\"https:\/\/hurghada-airport.com\/sv\/\">Hurghada internationella flygplats<\/a> erbjuder ett bekv\u00e4mt receptionsomr\u00e5de i <a href=\"https:\/\/hurghada-airport.com\/sv\/arrival\/\"><strong>ankomster<\/strong><\/a> avsnitt f\u00f6r passagerare som anl\u00e4nder fr\u00e5n Europa, Mellan\u00f6stern och Afrika.<\/p>\n<p>Med dessa <a href=\"https:\/\/hurghada-airport.com\/sv\/flygbolag\/\">flygbolag<\/a>, <a href=\"https:\/\/hurghada-airport.com\/sv\/\">Hurghada flygplats<\/a> erbjuder ett brett n\u00e4tverk av flygningar till passagerare fr\u00e5n Europa, Mellan\u00f6stern och Afrika. <a href=\"https:\/\/hurghada-airport.com\/sv\/flygbolag\/\">Hurghada International Airport har m\u00e5nga flygbolagsalternativ<\/a> f\u00f6r b\u00e5de fritids- och aff\u00e4rsresen\u00e4rer.<\/p>\n<style>\n        body {<br \/>            font-family: Arial, sans-serif;<br \/>            background-color: #f4f4f4;<br \/>            color: #333;<br \/>            line-height: 1.6;<br \/>            margin: 0;<br \/>            padding: 20px;<br \/>            display: flex;<br \/>            justify-content: center;<br \/>            align-items: center;<br \/>            min-height: 100vh;<br \/>        }<\/p>\n<p>        .table-container {<br \/>             width: 95%;<br \/>            max-width: 1200px;<br \/>            background-color: #fff;<br \/>            border-radius: 8px;<br \/>            box-shadow: 0 2px 10px rgba(0, 0, 0, 0.1);<br \/>            overflow-x: auto; \/* Enable horizontal scrolling on smaller screens *\/<br \/>        }<\/p>\n<p>        table {<br \/>            width: 100%;<br \/>            border-collapse: collapse;<br \/>            margin: 0;<br \/>             white-space: nowrap; \/* Prevent text wrapping in table cells *\/<br \/>        }<\/p>\n<p>        thead {<br \/>             background-color: #007bff;<br \/>             color: white;<br \/>         }<\/p>\n<p>        th, td {<br \/>            padding: 12px 15px;<br \/>            text-align: left;<br \/>            border-bottom: 1px solid #ddd;<br \/>             word-break: keep-all; \/* prevent long words to break and make horizontal scroll *\/<br \/>         }<\/p>\n<p>        th {<br \/>            font-weight: 600;<br \/>         }<\/p>\n<p>         tbody tr:nth-child(even) {<br \/>             background-color: #f9f9f9;<br \/>         }<\/p>\n<p>         tbody tr:hover {<br \/>             background-color: #f0f0f0;<br \/>         }<\/p>\n<p>        a {<br \/>            color: #007bff;<br \/>             text-decoration: none;<br \/>         }<\/p>\n<p>        a:hover {<br \/>             text-decoration: underline;<br \/>         }<\/p>\n<p>        \/* Responsive Styles *\/<br \/>        @media (max-width: 768px) {<br \/>            body {<br \/>                padding: 10px;<br \/>            }<\/p>\n<p>             .table-container {<br \/>                 width: 100%;<br \/>             }<\/p>\n<p>              th, td {<br \/>                 padding: 8px 10px;<br \/>             }<\/p>\n<p>            table {<br \/>                font-size: 0.9em;<br \/>            }<\/p>\n<p>        }<br \/>         @media (max-width: 480px) {<br \/>              table {<br \/>                  font-size: 0.8em;<br \/>              }<br \/>          }<br \/>    <\/style>\n<div class=\"table-container\">\n<table>\n<thead>\n<tr>\n<th>Flygbolag<\/th>\n<th>Destinationer<\/th>\n<\/tr>\n<\/thead>\n<tbody>\n<tr>\n<td><a href=\"https:\/\/www.ifly.ru\/en\" target=\"_blank\" rel=\"nofollow noopener\">I-Fly<\/a><\/td>\n<td>S\u00e4songscharter: Moskva-Vnukovo<\/td>\n<\/tr>\n<tr>\n<td><a href=\"https:\/\/www.itaspa.com\/en_en\" target=\"_blank\" rel=\"nofollow noopener\">ITA Airways<\/a><\/td>\n<td>S\u00e4songscharter: Rom-Fiumicino, Milano-Malpensa<\/td>\n<\/tr>\n<tr>\n<td><a href=\"https:\/\/www.luxair.lu\/en\" target=\"_blank\" rel=\"nofollow noopener\">Luxair<\/a><\/td>\n<td>Luxemburg<\/td>\n<\/tr>\n<tr>\n<td><a href=\"https:\/\/www.marabu.com\/\" target=\"_blank\" rel=\"nofollow noopener\">Marabu<\/a><\/td>\n<td>K\u00f6ln\/Bonn, M\u00fcnchen; S\u00e4song: Hamburg<\/td>\n<\/tr>\n<tr>\n<td><a href=\"https:\/\/nesmaairlines.com\/en\/\" target=\"_blank\" rel=\"nofollow noopener\">Nesma Flygbolag<\/a><\/td>\n<td>Moskva-Vnukovo<\/td>\n<\/tr>\n<tr>\n<td><a href=\"https:\/\/nileair.com\/\" target=\"_blank\" rel=\"nofollow noopener\">Nile Air<\/a><\/td>\n<td><a href=\"https:\/\/cairo-airport-international.com\/airlines\/\">Kairo<\/a>, Prag, Wien<\/td>\n<\/tr>\n<tr>\n<td><a href=\"https:\/\/nordwindairlines.ru\/en\" target=\"_blank\" rel=\"nofollow noopener\">Nordwind Airlines<\/a><\/td>\n<td>Kazan, Moskva-Sheremetyevo, Sankt Petersburg, Jekaterinburg<\/td>\n<\/tr>\n<tr>\n<td><a href=\"https:\/\/www.norwegian.com\/\" target=\"_blank\" rel=\"nofollow noopener\">Norwegian Air Shuttle<\/a><\/td>\n<td>K\u00f6penhamn, G\u00f6teborg, Helsingfors, Oslo<\/td>\n<\/tr>\n<tr>\n<td><a href=\"https:\/\/www.flypgs.com\/en\" target=\"_blank\" rel=\"nofollow noopener\">Pegasus Flygbolag<\/a><\/td>\n<td>Istanbul-Sabiha G\u00f6k\u00e7en<\/td>\n<\/tr>\n<tr>\n<td><a href=\"https:\/\/pas.com.eg\/en\/\" target=\"_blank\" rel=\"nofollow noopener\">Petroleum Air Services<\/a><\/td>\n<td>S\u00e4songsbetonad charter: <a href=\"https:\/\/cairo-airport-international.com\">Kairo<\/a><\/td>\n<\/tr>\n<tr>\n<td><a href=\"https:\/\/flyredwings.com\/en\/\" target=\"_blank\" rel=\"nofollow noopener\">Red Wings Flygbolag<\/a><\/td>\n<td>Moskva-Domodedovo, Moskva-Sheremetyevo<\/td>\n<\/tr>\n<tr>\n<td><a href=\"https:\/\/www.rossiya-airlines.com\/en\/\" target=\"_blank\" rel=\"nofollow noopener\">Rossiya Airlines<\/a><\/td>\n<td>Kazan, Nizjnij Novgorod, Moskva-Sheremetyevo, Sankt Petersburg, Samara, Sotji, Ufa, Jekaterinburg<\/td>\n<\/tr>\n<tr>\n<td><a href=\"https:\/\/www.flysas.com\/en\/\" target=\"_blank\" rel=\"nofollow noopener\">Scandinavian Airlines<\/a><\/td>\n<td>Oslo, Stockholm-Arlanda<\/td>\n<\/tr>\n<tr>\n<td><a href=\"https:\/\/www.scat.kz\/en\/\" target=\"_blank\" rel=\"nofollow noopener\">SCAT Airlines<\/a><\/td>\n<td>Almaty, Nur-Sultan<\/td>\n<\/tr>\n<tr>\n<td><a href=\"https:\/\/skyup.aero\/en\/\" target=\"_blank\" rel=\"nofollow noopener\">SkyUp<\/a><\/td>\n<td>Bukarest-Henri Coand\u0103, Cluj-Napoca, Gda\u0144sk, Katowice, Pozna\u0144, Riga, Tallinn, Vilnius, Warszawa-Chopin, Wroc\u0142aw, Jerevan<\/td>\n<\/tr>\n<tr>\n<td><a href=\"https:\/\/www.smartlynx.aero\/\" target=\"_blank\" rel=\"nofollow noopener\">Smartlynx Flygbolag<\/a><\/td>\n<td>Leipzig\/Halle, Tallinn<\/td>\n<\/tr>\n<tr>\n<td><a href=\"https:\/\/www.smartwings.com\/en\/\" target=\"_blank\" rel=\"nofollow noopener\">Smartwings<\/a><\/td>\n<td>Prag, Brno, Ostrava, Bratislava, Budapest, Katowice, Warszawa-Chopin<\/td>\n<\/tr>\n<tr>\n<td><a href=\"https:\/\/www.sunclassairlines.com\/en\" target=\"_blank\" rel=\"nofollow noopener\">Sunclass Flygbolag<\/a><\/td>\n<td>K\u00f6penhamn, G\u00f6teborg-Landvetter, Helsingfors, Oslo, Stockholm-Arlanda<\/td>\n<\/tr>\n<tr>\n<td><a href=\"https:\/\/www.sundair.com\/en\/\" target=\"_blank\" rel=\"nofollow noopener\">Sundair<\/a><\/td>\n<td>Berlin, Bremen, Dresden, Kassel<\/td>\n<\/tr>\n<tr>\n<td><a href=\"https:\/\/www.sunday-airlines.com\/en\" target=\"_blank\" rel=\"nofollow noopener\">S\u00f6ndag Flygbolag<\/a><\/td>\n<td>Almaty, Nur-Sultan<\/td>\n<\/tr>\n<tr>\n<td><a href=\"https:\/\/www.swiss.com\/ch\/en\" target=\"_blank\" rel=\"nofollow noopener\">Swiss International Air Lines<\/a><\/td>\n<td>Gen\u00e8ve<\/td>\n<\/tr>\n<tr>\n<td><a href=\"https:\/\/www.tarom.ro\/en\/\" target=\"_blank\" rel=\"nofollow noopener\">TAROM<\/a><\/td>\n<td>Bukarest, Cluj-Napoca, Ia\u0219i, Timi\u0219oara<\/td>\n<\/tr>\n<tr>\n<td><a href=\"https:\/\/www.transavia.com\/en-EU\/\" target=\"_blank\" rel=\"nofollow noopener\">Transavia<\/a><\/td>\n<td>Lyon, Marseille, Nantes, Paris-Orly<\/td>\n<\/tr>\n<tr>\n<td><a href=\"https:\/\/www.tui.co.uk\/\" target=\"_blank\" rel=\"nofollow noopener\">TUI Airways<\/a><\/td>\n<td>Birmingham, Bristol, East Midlands, London-Gatwick, Manchester, Newcastle upon Tyne<\/td>\n<\/tr>\n<tr>\n<td><a href=\"https:\/\/www.tuifly.be\/en\" target=\"_blank\" rel=\"nofollow noopener\">TUI flyger Belgien<\/a><\/td>\n<td>Bryssel, Oostende\/Br\u00fcgge<\/td>\n<\/tr>\n<tr>\n<td><a href=\"https:\/\/www.tuifly.com\/en\/\" target=\"_blank\" rel=\"nofollow noopener\">TUI flyger Tyskland<\/a><\/td>\n<td>D\u00fcsseldorf, Frankfurt, Hannover, M\u00fcnchen, Stuttgart<\/td>\n<\/tr>\n<tr>\n<td><a href=\"https:\/\/www.tuifly.nl\/en\" target=\"_blank\" rel=\"nofollow noopener\">TUI flyger Nederl\u00e4nderna<\/a><\/td>\n<td>Amsterdam, Eindhoven; S\u00e4song: Rotterdam<\/td>\n<\/tr>\n<tr>\n<td><a href=\"https:\/\/www.turkishairlines.com\/en-int\/index.html\" target=\"_blank\" rel=\"nofollow noopener\">Turkish Airlines<\/a><\/td>\n<td>Istanbul<\/td>\n<\/tr>\n<tr>\n<td><a href=\"https:\/\/www.uralairlines.com\/en\/\" target=\"_blank\" rel=\"nofollow noopener\">Ural Airlines<\/a><\/td>\n<td>Kazan, Moskva-Domodedovo, Samara, Sochi, Jekaterinburg<\/td>\n<\/tr>\n<tr>\n<td><a href=\"https:\/\/www.uzairways.com\/en\" target=\"_blank\" rel=\"nofollow noopener\">Uzbekistan Airways<\/a><\/td>\n<td>Tasjkent<\/td>\n<\/tr>\n<tr>\n<td><a href=\"https:\/\/wizzair.com\/en-gb\" target=\"_blank\" rel=\"nofollow noopener\">Wizz Air<\/a><\/td>\n<td>Milano-Malpensa; S\u00e4song: Budapest, Debrecen, London-Gatwick, London-Luton, Rom-Fiumicino, Wien<\/td>\n<\/tr>\n<\/tbody>\n<\/table>\n<\/div>","protected":false},"excerpt":{"rendered":"<p>Hurghada International Airport betj\u00e4nar m\u00e5nga internationella och lokala flygbolag. EgyptAir, Egyptens nationella flygbolag, \u00e4r ett viktigt flygbolag med b\u00e5de inrikes- och [...].<\/p>","protected":false},"author":1,"featured_media":946,"parent":0,"menu_order":0,"comment_status":"closed","ping_status":"closed","template":"","meta":{"_acf_changed":false,"site-sidebar-layout":"default","site-content-layout":"","ast-site-content-layout":"default","site-content-style":"default","site-sidebar-style":"default","ast-global-header-display":"","ast-banner-title-visibility":"","ast-main-header-display":"","ast-hfb-above-header-display":"","ast-hfb-below-header-display":"","ast-hfb-mobile-header-display":"","site-post-title":"","ast-breadcrumbs-content":"","ast-featured-img":"","footer-sml-layout":"","theme-transparent-header-meta":"default","adv-header-id-meta":"","stick-header-meta":"","header-above-stick-meta":"","header-main-stick-meta":"","header-below-stick-meta":"","astra-migrate-meta-layouts":"set","ast-page-background-enabled":"default","ast-page-background-meta":{"desktop":{"background-color":"var(--ast-global-color-4)","background-image":"","background-repeat":"repeat","background-position":"center center","background-size":"auto","background-attachment":"scroll","background-type":"","background-media":"","overlay-type":"","overlay-color":"","overlay-opacity":"","overlay-gradient":""},"tablet":{"background-color":"","background-image":"","background-repeat":"repeat","background-position":"center center","background-size":"auto","background-attachment":"scroll","background-type":"","background-media":"","overlay-type":"","overlay-color":"","overlay-opacity":"","overlay-gradient":""},"mobile":{"background-color":"","background-image":"","background-repeat":"repeat","background-position":"center center","background-size":"auto","background-attachment":"scroll","background-type":"","background-media":"","overlay-type":"","overlay-color":"","overlay-opacity":"","overlay-gradient":""}},"ast-content-background-meta":{"desktop":{"background-color":"var(--ast-global-color-5)","background-image":"","background-repeat":"repeat","background-position":"center center","background-size":"auto","background-attachment":"scroll","background-type":"","background-media":"","overlay-type":"","overlay-color":"","overlay-opacity":"","overlay-gradient":""},"tablet":{"background-color":"var(--ast-global-color-5)","background-image":"","background-repeat":"repeat","background-position":"center center","background-size":"auto","background-attachment":"scroll","background-type":"","background-media":"","overlay-type":"","overlay-color":"","overlay-opacity":"","overlay-gradient":""},"mobile":{"background-color":"var(--ast-global-color-5)","background-image":"","background-repeat":"repeat","background-position":"center center","background-size":"auto","background-attachment":"scroll","background-type":"","background-media":"","overlay-type":"","overlay-color":"","overlay-opacity":"","overlay-gradient":""}},"footnotes":""},"class_list":["post-764","page","type-page","status-publish","has-post-thumbnail","hentry"],"acf":[],"yoast_head":"<!-- This site is optimized with the Yoast SEO Premium plugin v24.0 (Yoast SEO v25.7) - https:\/\/yoast.com\/wordpress\/plugins\/seo\/ -->\n<title>Airlines Operating at Hurghada International Airport<\/title>\n<meta name=\"description\" content=\"All Airlines operating at Hurghada International Airport. Airlines, IATA Codes, Departure Terminals and Useful links.\" \/>\n<meta name=\"robots\" content=\"index, follow, max-snippet:-1, max-image-preview:large, max-video-preview:-1\" \/>\n<link rel=\"canonical\" href=\"https:\/\/hurghada-airport.com\/sv\/flygbolag\/\" \/>\n<meta property=\"og:locale\" content=\"sv_SE\" \/>\n<meta property=\"og:type\" content=\"article\" \/>\n<meta property=\"og:title\" content=\"Airlines\" \/>\n<meta property=\"og:description\" content=\"All Airlines operating at Hurghada International Airport. Airlines, IATA Codes, Departure Terminals and Useful links.\" \/>\n<meta property=\"og:url\" content=\"https:\/\/hurghada-airport.com\/sv\/flygbolag\/\" \/>\n<meta property=\"article:publisher\" content=\"https:\/\/www.facebook.com\/hurghadaairport\" \/>\n<meta property=\"article:modified_time\" content=\"2025-05-22T10:01:22+00:00\" \/>\n<meta property=\"og:image\" content=\"https:\/\/hurghada-airport.com\/wp-content\/uploads\/hurghada-airport-airlines-2.webp\" \/>\n\t<meta property=\"og:image:width\" content=\"1536\" \/>\n\t<meta property=\"og:image:height\" content=\"1024\" \/>\n\t<meta property=\"og:image:type\" content=\"image\/webp\" \/>\n<meta name=\"twitter:card\" content=\"summary_large_image\" \/>\n<meta name=\"twitter:label1\" content=\"Ber\u00e4knad l\u00e4stid\" \/>\n\t<meta name=\"twitter:data1\" content=\"2 minuter\" \/>\n<script type=\"application\/ld+json\" class=\"yoast-schema-graph\">{\"@context\":\"https:\/\/schema.org\",\"@graph\":[{\"@type\":\"WebPage\",\"@id\":\"https:\/\/hurghada-airport.com\/airlines\/\",\"url\":\"https:\/\/hurghada-airport.com\/airlines\/\",\"name\":\"Airlines Operating at Hurghada International Airport\",\"isPartOf\":{\"@id\":\"https:\/\/hurghada-airport.com\/#website\"},\"primaryImageOfPage\":{\"@id\":\"https:\/\/hurghada-airport.com\/airlines\/#primaryimage\"},\"image\":{\"@id\":\"https:\/\/hurghada-airport.com\/airlines\/#primaryimage\"},\"thumbnailUrl\":\"https:\/\/hurghada-airport.com\/wp-content\/uploads\/hurghada-airport-airlines.png\",\"datePublished\":\"2024-12-20T21:30:47+00:00\",\"dateModified\":\"2025-05-22T10:01:22+00:00\",\"description\":\"All Airlines operating at Hurghada International Airport. Airlines, IATA Codes, Departure Terminals and Useful links.\",\"breadcrumb\":{\"@id\":\"https:\/\/hurghada-airport.com\/airlines\/#breadcrumb\"},\"inLanguage\":\"sv-SE\",\"potentialAction\":[{\"@type\":\"ReadAction\",\"target\":[\"https:\/\/hurghada-airport.com\/airlines\/\"]}]},{\"@type\":\"ImageObject\",\"inLanguage\":\"sv-SE\",\"@id\":\"https:\/\/hurghada-airport.com\/airlines\/#primaryimage\",\"url\":\"https:\/\/hurghada-airport.com\/wp-content\/uploads\/hurghada-airport-airlines.png\",\"contentUrl\":\"https:\/\/hurghada-airport.com\/wp-content\/uploads\/hurghada-airport-airlines.png\",\"width\":1536,\"height\":1024},{\"@type\":\"BreadcrumbList\",\"@id\":\"https:\/\/hurghada-airport.com\/airlines\/#breadcrumb\",\"itemListElement\":[{\"@type\":\"ListItem\",\"position\":1,\"name\":\"Home\",\"item\":\"https:\/\/hurghada-airport.com\/\"},{\"@type\":\"ListItem\",\"position\":2,\"name\":\"Airlines\"}]},{\"@type\":\"WebSite\",\"@id\":\"https:\/\/hurghada-airport.com\/#website\",\"url\":\"https:\/\/hurghada-airport.com\/\",\"name\":\"Hurghada International Airport\",\"description\":\"\",\"publisher\":{\"@id\":\"https:\/\/hurghada-airport.com\/#organization\"},\"alternateName\":\"HRG\",\"potentialAction\":[{\"@type\":\"SearchAction\",\"target\":{\"@type\":\"EntryPoint\",\"urlTemplate\":\"https:\/\/hurghada-airport.com\/?s={search_term_string}\"},\"query-input\":{\"@type\":\"PropertyValueSpecification\",\"valueRequired\":true,\"valueName\":\"search_term_string\"}}],\"inLanguage\":\"sv-SE\"},{\"@type\":\"Organization\",\"@id\":\"https:\/\/hurghada-airport.com\/#organization\",\"name\":\"Hurghada International Airport\",\"alternateName\":\"HRG\",\"url\":\"https:\/\/hurghada-airport.com\/\",\"logo\":{\"@type\":\"ImageObject\",\"inLanguage\":\"sv-SE\",\"@id\":\"https:\/\/hurghada-airport.com\/#\/schema\/logo\/image\/\",\"url\":\"https:\/\/hurghada-airport.com\/wp-content\/uploads\/hrg-logo.jpg\",\"contentUrl\":\"https:\/\/hurghada-airport.com\/wp-content\/uploads\/hrg-logo.jpg\",\"width\":2000,\"height\":1414,\"caption\":\"Hurghada International Airport\"},\"image\":{\"@id\":\"https:\/\/hurghada-airport.com\/#\/schema\/logo\/image\/\"},\"sameAs\":[\"https:\/\/www.facebook.com\/hurghadaairport\"],\"ownershipFundingInfo\":\"https:\/\/hurghada-airport.com\/about\/\"}]}<\/script>\n<!-- \/ Yoast SEO Premium plugin. -->","yoast_head_json":{"title":"Airlines Operating at Hurghada International Airport","description":"All Airlines operating at Hurghada International Airport. Airlines, IATA Codes, Departure Terminals and Useful links.","robots":{"index":"index","follow":"follow","max-snippet":"max-snippet:-1","max-image-preview":"max-image-preview:large","max-video-preview":"max-video-preview:-1"},"canonical":"https:\/\/hurghada-airport.com\/sv\/flygbolag\/","og_locale":"sv_SE","og_type":"article","og_title":"Airlines","og_description":"All Airlines operating at Hurghada International Airport. Airlines, IATA Codes, Departure Terminals and Useful links.","og_url":"https:\/\/hurghada-airport.com\/sv\/flygbolag\/","article_publisher":"https:\/\/www.facebook.com\/hurghadaairport","article_modified_time":"2025-05-22T10:01:22+00:00","og_image":[{"width":1536,"height":1024,"url":"https:\/\/hurghada-airport.com\/wp-content\/uploads\/hurghada-airport-airlines-2.webp","type":"image\/webp"}],"twitter_card":"summary_large_image","twitter_misc":{"Ber\u00e4knad l\u00e4stid":"2 minuter"},"schema":{"@context":"https:\/\/schema.org","@graph":[{"@type":"WebPage","@id":"https:\/\/hurghada-airport.com\/airlines\/","url":"https:\/\/hurghada-airport.com\/airlines\/","name":"Airlines Operating at Hurghada International Airport","isPartOf":{"@id":"https:\/\/hurghada-airport.com\/#website"},"primaryImageOfPage":{"@id":"https:\/\/hurghada-airport.com\/airlines\/#primaryimage"},"image":{"@id":"https:\/\/hurghada-airport.com\/airlines\/#primaryimage"},"thumbnailUrl":"https:\/\/hurghada-airport.com\/wp-content\/uploads\/hurghada-airport-airlines.png","datePublished":"2024-12-20T21:30:47+00:00","dateModified":"2025-05-22T10:01:22+00:00","description":"All Airlines operating at Hurghada International Airport. Airlines, IATA Codes, Departure Terminals and Useful links.","breadcrumb":{"@id":"https:\/\/hurghada-airport.com\/airlines\/#breadcrumb"},"inLanguage":"sv-SE","potentialAction":[{"@type":"ReadAction","target":["https:\/\/hurghada-airport.com\/airlines\/"]}]},{"@type":"ImageObject","inLanguage":"sv-SE","@id":"https:\/\/hurghada-airport.com\/airlines\/#primaryimage","url":"https:\/\/hurghada-airport.com\/wp-content\/uploads\/hurghada-airport-airlines.png","contentUrl":"https:\/\/hurghada-airport.com\/wp-content\/uploads\/hurghada-airport-airlines.png","width":1536,"height":1024},{"@type":"BreadcrumbList","@id":"https:\/\/hurghada-airport.com\/airlines\/#breadcrumb","itemListElement":[{"@type":"ListItem","position":1,"name":"Home","item":"https:\/\/hurghada-airport.com\/"},{"@type":"ListItem","position":2,"name":"Airlines"}]},{"@type":"WebSite","@id":"https:\/\/hurghada-airport.com\/#website","url":"https:\/\/hurghada-airport.com\/","name":"Hurghada International Airport","description":"","publisher":{"@id":"https:\/\/hurghada-airport.com\/#organization"},"alternateName":"HRG","potentialAction":[{"@type":"SearchAction","target":{"@type":"EntryPoint","urlTemplate":"https:\/\/hurghada-airport.com\/?s={search_term_string}"},"query-input":{"@type":"PropertyValueSpecification","valueRequired":true,"valueName":"search_term_string"}}],"inLanguage":"sv-SE"},{"@type":"Organization","@id":"https:\/\/hurghada-airport.com\/#organization","name":"Hurghada International Airport","alternateName":"HRG","url":"https:\/\/hurghada-airport.com\/","logo":{"@type":"ImageObject","inLanguage":"sv-SE","@id":"https:\/\/hurghada-airport.com\/#\/schema\/logo\/image\/","url":"https:\/\/hurghada-airport.com\/wp-content\/uploads\/hrg-logo.jpg","contentUrl":"https:\/\/hurghada-airport.com\/wp-content\/uploads\/hrg-logo.jpg","width":2000,"height":1414,"caption":"Hurghada International Airport"},"image":{"@id":"https:\/\/hurghada-airport.com\/#\/schema\/logo\/image\/"},"sameAs":["https:\/\/www.facebook.com\/hurghadaairport"],"ownershipFundingInfo":"https:\/\/hurghada-airport.com\/about\/"}]}},"_links":{"self":[{"href":"https:\/\/hurghada-airport.com\/sv\/wp-json\/wp\/v2\/pages\/764","targetHints":{"allow":["GET"]}}],"collection":[{"href":"https:\/\/hurghada-airport.com\/sv\/wp-json\/wp\/v2\/pages"}],"about":[{"href":"https:\/\/hurghada-airport.com\/sv\/wp-json\/wp\/v2\/types\/page"}],"author":[{"embeddable":true,"href":"https:\/\/hurghada-airport.com\/sv\/wp-json\/wp\/v2\/users\/1"}],"replies":[{"embeddable":true,"href":"https:\/\/hurghada-airport.com\/sv\/wp-json\/wp\/v2\/comments?post=764"}],"version-history":[{"count":0,"href":"https:\/\/hurghada-airport.com\/sv\/wp-json\/wp\/v2\/pages\/764\/revisions"}],"wp:featuredmedia":[{"embeddable":true,"href":"https:\/\/hurghada-airport.com\/sv\/wp-json\/wp\/v2\/media\/946"}],"wp:attachment":[{"href":"https:\/\/hurghada-airport.com\/sv\/wp-json\/wp\/v2\/media?parent=764"}],"curies":[{"name":"wp","href":"https:\/\/api.w.org\/{rel}","templated":true}]}}