{"id":351,"date":"2024-11-18T12:16:14","date_gmt":"2024-11-18T12:16:14","guid":{"rendered":"http:\/\/deneme.local\/?page_id=351"},"modified":"2025-06-12T10:35:53","modified_gmt":"2025-06-12T10:35:53","slug":"arrivals","status":"publish","type":"page","link":"https:\/\/hurghada-airport.com\/sv\/ankomster\/","title":{"rendered":"Hurghada International Airport Ankommande"},"content":{"rendered":"<p><strong>Hurghada flygplats ankommande<\/strong> Ankomstavdelningen har ett stort omr\u00e5de d\u00e4r passagerarna kan g\u00e5 ut bekv\u00e4mt. Flyg som anl\u00e4nder till ankomstsektionen annonseras p\u00e5 sk\u00e4rmarna p\u00e5 flygplatsen. Efter passkontrollen och bagageutl\u00e4mningen kan passagerarna g\u00e5 till v\u00e4ntsalarna utanf\u00f6r <a href=\"https:\/\/hurghada-airport.com\/sv\/\">Hurghada flygplats<\/a>. Passagerare som anl\u00e4nder till <strong>Hurghada internationella flygplats<\/strong> kan v\u00e4lja mellan olika alternativ f\u00f6r marktransport f\u00f6r att n\u00e5 stadens centrum och dess omgivningar. Letar du efter Hurghada-avg\u00e5ngar ist\u00e4llet? <a href=\"https:\/\/hurghada-airport.com\/sv\/avgangar\/\">Klicka h\u00e4r<\/a>.<\/p>\n<style>\r\n  .departures-rental-wrapper {\r\n    margin: 0 auto;\r\n    max-width: 1200px;\r\n  }\r\n  \r\n  @media (min-width: 769px) {\r\n    .departures-rental-wrapper {\r\n      display: flex;\r\n    }\r\n    .departures-area {\r\n      flex: none;\r\n      width: 670px;\r\n    }\r\n    .rental-car-area {\r\n      flex: none;\r\n      width: 530px; \/* 1200 \u2212 670 *\/\r\n    }\r\n  }\r\n \r\n  @media (max-width: 768px) {\r\n    .departures-rental-wrapper {\r\n      display: block;\r\n    }\r\n    .departures-area,\r\n    .rental-car-area {\r\n      width: 100%;\r\n      margin-bottom: 20px;\r\n    }\r\n  }\r\n<\/style>\r\n\r\n<div class=\"departures-rental-wrapper\">\r\n  <!-- Departures widget -->\r\n  <div class=\"departures-area\">\r\n    <div class=\"iframe-wrapper\" style=\"overflow-x:auto; -webkit-overflow-scrolling:touch; width:100%;\">\r\n  <iframe loading=\"lazy\" \r\n    src=\"\/\/tracker.flightview.com\/customersetup\/FlightViewWebFids\/cachedFids\/?vmode=arrivals&amp;Apt=HRG&amp;mainPage=tracker.flightview.com\"\r\n    width=\"670\" height=\"790\" scrolling=\"no\"\r\n    style=\"display:block; min-width:670px; border:0;\">\r\n  <\/iframe>\r\n<\/div>\r\n  <\/div>\r\n\r\n  <!-- Rental car widget -->\r\n  <div class=\"rental-car-area\">\r\n    <div>\r\n      <script\r\n        id=\"dchwidget\"\r\n        src=\"https:\/\/www.discovercars.com\/widget.js?v1\"\r\n        data-dev-env=\"com\"\r\n        data-location=\"egypt\/hurghada-red-sea\/hurghada-international-airport-hrg\"\r\n        data-currency=\"eur\"\r\n        data-utm-source=\"airportguy\"\r\n        data-utm-medium=\"widget\"\r\n        data-aff-code=\"a_aid\"\r\n        data-aff-channel=\"hrg-arrivals\"\r\n        data-autocomplete=\"on\"\r\n        data-style-submit-bg-color=\"#007ac2\"\r\n        data-style-submit-font-color=\"#ffffff\"\r\n        data-style-form-bg-color=\"#fcd34d\"\r\n        data-style-form-font-color=\"#000000\"\r\n        data-style-submit-text=\"Search now\"\r\n        data-style-title-color=\"#000000\"\r\n        data-title-text=\"Save up to 70% on your car rental return - Book now!\"\r\n        async\r\n data-style_rounded_corners=\"on\"\r\n        data-localization_currency_box=\"on\"\r\n        data-layout_benefits=\"on\"\r\n        data-layout_description=\"on\"\r\n        data-layout_description_text=\"Quick 3-minute drop-off with free shuttle to terminal - Never miss a flight again\"\r\n        data-layout_powered_by=\"on\"\r\n        data-layout_title=\"on\"\r\n        data-layout_supplier_logos=\"on\">\r\n      <\/script>\r\n    <\/div>\r\n  <\/div>\r\n<\/div>\r\n\n<h2>Liveuppdateringar f\u00f6r ankomster till Hurghada flygplats<\/h2>\n<p>Taxibilar v\u00e4ntar utanf\u00f6r flygplatsterminalen f\u00f6r att snabbt ta passagerarna till stadens centrum eller resorter. Det finns ocks\u00e5 biluthyrningsalternativ tillg\u00e4ngliga. Passagerarna kan hyra en bil fr\u00e5n kontoren p\u00e5 flygplatsen. Det finns m\u00e5nga <a href=\"https:\/\/hurghada-airport.com\/sv\/flygplatshotell\/\">Hotell<\/a> erbjuder boende runt Hurghadas internationella flygplats.<br \/>\n<a href=\"https:\/\/hurghada-airport.com\/wp-content\/uploads\/Hurghada-Airport-Terminal-2-Map-2.png\" target=\"_blank\" rel=\"noopener\"><br \/>\n<img decoding=\"async\" title=\"hurghada flygplats terminal 2 karta\" src=\"https:\/\/hurghada-airport.com\/wp-content\/uploads\/Hurghada-Airport-Terminal-2-Map-2.png\" alt=\"hurghada flygplats terminal 2 karta\" width=\"500\" height=\"500\" \/><br \/>\n<\/a><\/p>","protected":false},"excerpt":{"rendered":"<p>Hurghada Airports ankomstavdelning har ett stort omr\u00e5de d\u00e4r passagerarna kan stiga av bekv\u00e4mt. Flyg som anl\u00e4nder till ankomstsektionen [...]<\/p>","protected":false},"author":1,"featured_media":1196,"parent":0,"menu_order":0,"comment_status":"closed","ping_status":"closed","template":"","meta":{"_acf_changed":false,"site-sidebar-layout":"default","site-content-layout":"","ast-site-content-layout":"default","site-content-style":"default","site-sidebar-style":"default","ast-global-header-display":"","ast-banner-title-visibility":"","ast-main-header-display":"","ast-hfb-above-header-display":"","ast-hfb-below-header-display":"","ast-hfb-mobile-header-display":"","site-post-title":"","ast-breadcrumbs-content":"","ast-featured-img":"","footer-sml-layout":"","theme-transparent-header-meta":"default","adv-header-id-meta":"","stick-header-meta":"","header-above-stick-meta":"","header-main-stick-meta":"","header-below-stick-meta":"","astra-migrate-meta-layouts":"set","ast-page-background-enabled":"default","ast-page-background-meta":{"desktop":{"background-color":"var(--ast-global-color-4)","background-image":"","background-repeat":"repeat","background-position":"center center","background-size":"auto","background-attachment":"scroll","background-type":"","background-media":"","overlay-type":"","overlay-color":"","overlay-opacity":"","overlay-gradient":""},"tablet":{"background-color":"","background-image":"","background-repeat":"repeat","background-position":"center center","background-size":"auto","background-attachment":"scroll","background-type":"","background-media":"","overlay-type":"","overlay-color":"","overlay-opacity":"","overlay-gradient":""},"mobile":{"background-color":"","background-image":"","background-repeat":"repeat","background-position":"center center","background-size":"auto","background-attachment":"scroll","background-type":"","background-media":"","overlay-type":"","overlay-color":"","overlay-opacity":"","overlay-gradient":""}},"ast-content-background-meta":{"desktop":{"background-color":"var(--ast-global-color-5)","background-image":"","background-repeat":"repeat","background-position":"center center","background-size":"auto","background-attachment":"scroll","background-type":"","background-media":"","overlay-type":"","overlay-color":"","overlay-opacity":"","overlay-gradient":""},"tablet":{"background-color":"var(--ast-global-color-5)","background-image":"","background-repeat":"repeat","background-position":"center center","background-size":"auto","background-attachment":"scroll","background-type":"","background-media":"","overlay-type":"","overlay-color":"","overlay-opacity":"","overlay-gradient":""},"mobile":{"background-color":"var(--ast-global-color-5)","background-image":"","background-repeat":"repeat","background-position":"center center","background-size":"auto","background-attachment":"scroll","background-type":"","background-media":"","overlay-type":"","overlay-color":"","overlay-opacity":"","overlay-gradient":""}},"footnotes":""},"class_list":["post-351","page","type-page","status-publish","has-post-thumbnail","hentry"],"acf":[],"yoast_head":"<!-- This site is optimized with the Yoast SEO Premium plugin v24.0 (Yoast SEO v25.7) - https:\/\/yoast.com\/wordpress\/plugins\/seo\/ -->\n<title>Hurghada Airport Arrivals | Live Flight Status &amp; Updates<\/title>\n<meta name=\"description\" content=\"Arrivals at Hurghada Airport; View real-time flight arrival information, delays and cancelations, and current weather conditions at Hurghada Airport.\" \/>\n<meta name=\"robots\" content=\"index, follow, max-snippet:-1, max-image-preview:large, max-video-preview:-1\" \/>\n<link rel=\"canonical\" href=\"https:\/\/hurghada-airport.com\/sv\/ankomster\/\" \/>\n<meta property=\"og:locale\" content=\"sv_SE\" \/>\n<meta property=\"og:type\" content=\"article\" \/>\n<meta property=\"og:title\" content=\"Hurghada International Airport Arrivals\" \/>\n<meta property=\"og:description\" content=\"Arrivals at Hurghada Airport; View real-time flight arrival information, delays and cancelations, and current weather conditions at Hurghada Airport.\" \/>\n<meta property=\"og:url\" content=\"https:\/\/hurghada-airport.com\/sv\/ankomster\/\" \/>\n<meta property=\"article:publisher\" content=\"https:\/\/www.facebook.com\/hurghadaairport\" \/>\n<meta property=\"article:modified_time\" content=\"2025-06-12T10:35:53+00:00\" \/>\n<meta property=\"og:image\" content=\"https:\/\/hurghada-airport.com\/wp-content\/uploads\/arrivals.jpg\" \/>\n\t<meta property=\"og:image:width\" content=\"320\" \/>\n\t<meta property=\"og:image:height\" content=\"211\" \/>\n\t<meta property=\"og:image:type\" content=\"image\/jpeg\" \/>\n<meta name=\"twitter:card\" content=\"summary_large_image\" \/>\n<meta name=\"twitter:label1\" content=\"Ber\u00e4knad l\u00e4stid\" \/>\n\t<meta name=\"twitter:data1\" content=\"1 minut\" \/>\n<script type=\"application\/ld+json\" class=\"yoast-schema-graph\">{\"@context\":\"https:\/\/schema.org\",\"@graph\":[{\"@type\":\"WebPage\",\"@id\":\"https:\/\/hurghada-airport.com\/arrivals\/\",\"url\":\"https:\/\/hurghada-airport.com\/arrivals\/\",\"name\":\"Hurghada Airport Arrivals | Live Flight Status & Updates\",\"isPartOf\":{\"@id\":\"https:\/\/hurghada-airport.com\/#website\"},\"primaryImageOfPage\":{\"@id\":\"https:\/\/hurghada-airport.com\/arrivals\/#primaryimage\"},\"image\":{\"@id\":\"https:\/\/hurghada-airport.com\/arrivals\/#primaryimage\"},\"thumbnailUrl\":\"https:\/\/i1.wp.com\/hotel-images.b-cdn.net\/hurghada\/200x200\/hrg-arrival%20(1).png?w=200&resize=200,200&ssl=1\",\"datePublished\":\"2024-11-18T12:16:14+00:00\",\"dateModified\":\"2025-06-12T10:35:53+00:00\",\"description\":\"Arrivals at Hurghada Airport; View real-time flight arrival information, delays and cancelations, and current weather conditions at Hurghada Airport.\",\"breadcrumb\":{\"@id\":\"https:\/\/hurghada-airport.com\/arrivals\/#breadcrumb\"},\"inLanguage\":\"sv-SE\",\"potentialAction\":[{\"@type\":\"ReadAction\",\"target\":[\"https:\/\/hurghada-airport.com\/arrivals\/\"]}]},{\"@type\":\"ImageObject\",\"inLanguage\":\"sv-SE\",\"@id\":\"https:\/\/hurghada-airport.com\/arrivals\/#primaryimage\",\"url\":\"https:\/\/i1.wp.com\/hotel-images.b-cdn.net\/hurghada\/200x200\/hrg-arrival%20(1).png?w=200&resize=200,200&ssl=1\",\"contentUrl\":\"https:\/\/i1.wp.com\/hotel-images.b-cdn.net\/hurghada\/200x200\/hrg-arrival%20(1).png?w=200&resize=200,200&ssl=1\",\"width\":\"200\",\"height\":\"200\"},{\"@type\":\"BreadcrumbList\",\"@id\":\"https:\/\/hurghada-airport.com\/arrivals\/#breadcrumb\",\"itemListElement\":[{\"@type\":\"ListItem\",\"position\":1,\"name\":\"Home\",\"item\":\"https:\/\/hurghada-airport.com\/\"},{\"@type\":\"ListItem\",\"position\":2,\"name\":\"Hurghada International Airport Arrivals\"}]},{\"@type\":\"WebSite\",\"@id\":\"https:\/\/hurghada-airport.com\/#website\",\"url\":\"https:\/\/hurghada-airport.com\/\",\"name\":\"Hurghada International Airport\",\"description\":\"\",\"publisher\":{\"@id\":\"https:\/\/hurghada-airport.com\/#organization\"},\"alternateName\":\"HRG\",\"potentialAction\":[{\"@type\":\"SearchAction\",\"target\":{\"@type\":\"EntryPoint\",\"urlTemplate\":\"https:\/\/hurghada-airport.com\/?s={search_term_string}\"},\"query-input\":{\"@type\":\"PropertyValueSpecification\",\"valueRequired\":true,\"valueName\":\"search_term_string\"}}],\"inLanguage\":\"sv-SE\"},{\"@type\":\"Organization\",\"@id\":\"https:\/\/hurghada-airport.com\/#organization\",\"name\":\"Hurghada International Airport\",\"alternateName\":\"HRG\",\"url\":\"https:\/\/hurghada-airport.com\/\",\"logo\":{\"@type\":\"ImageObject\",\"inLanguage\":\"sv-SE\",\"@id\":\"https:\/\/hurghada-airport.com\/#\/schema\/logo\/image\/\",\"url\":\"https:\/\/hurghada-airport.com\/wp-content\/uploads\/hrg-logo.jpg\",\"contentUrl\":\"https:\/\/hurghada-airport.com\/wp-content\/uploads\/hrg-logo.jpg\",\"width\":2000,\"height\":1414,\"caption\":\"Hurghada International Airport\"},\"image\":{\"@id\":\"https:\/\/hurghada-airport.com\/#\/schema\/logo\/image\/\"},\"sameAs\":[\"https:\/\/www.facebook.com\/hurghadaairport\"],\"ownershipFundingInfo\":\"https:\/\/hurghada-airport.com\/about\/\"}]}<\/script>\n<!-- \/ Yoast SEO Premium plugin. -->","yoast_head_json":{"title":"Hurghada Airport Arrivals | Live Flight Status & Updates","description":"Arrivals at Hurghada Airport; View real-time flight arrival information, delays and cancelations, and current weather conditions at Hurghada Airport.","robots":{"index":"index","follow":"follow","max-snippet":"max-snippet:-1","max-image-preview":"max-image-preview:large","max-video-preview":"max-video-preview:-1"},"canonical":"https:\/\/hurghada-airport.com\/sv\/ankomster\/","og_locale":"sv_SE","og_type":"article","og_title":"Hurghada International Airport Arrivals","og_description":"Arrivals at Hurghada Airport; View real-time flight arrival information, delays and cancelations, and current weather conditions at Hurghada Airport.","og_url":"https:\/\/hurghada-airport.com\/sv\/ankomster\/","article_publisher":"https:\/\/www.facebook.com\/hurghadaairport","article_modified_time":"2025-06-12T10:35:53+00:00","og_image":[{"width":320,"height":211,"url":"https:\/\/hurghada-airport.com\/wp-content\/uploads\/arrivals.jpg","type":"image\/jpeg"}],"twitter_card":"summary_large_image","twitter_misc":{"Ber\u00e4knad l\u00e4stid":"1 minut"},"schema":{"@context":"https:\/\/schema.org","@graph":[{"@type":"WebPage","@id":"https:\/\/hurghada-airport.com\/arrivals\/","url":"https:\/\/hurghada-airport.com\/arrivals\/","name":"Hurghada Airport Arrivals | Live Flight Status & Updates","isPartOf":{"@id":"https:\/\/hurghada-airport.com\/#website"},"primaryImageOfPage":{"@id":"https:\/\/hurghada-airport.com\/arrivals\/#primaryimage"},"image":{"@id":"https:\/\/hurghada-airport.com\/arrivals\/#primaryimage"},"thumbnailUrl":"https:\/\/i1.wp.com\/hotel-images.b-cdn.net\/hurghada\/200x200\/hrg-arrival%20(1).png?w=200&resize=200,200&ssl=1","datePublished":"2024-11-18T12:16:14+00:00","dateModified":"2025-06-12T10:35:53+00:00","description":"Arrivals at Hurghada Airport; View real-time flight arrival information, delays and cancelations, and current weather conditions at Hurghada Airport.","breadcrumb":{"@id":"https:\/\/hurghada-airport.com\/arrivals\/#breadcrumb"},"inLanguage":"sv-SE","potentialAction":[{"@type":"ReadAction","target":["https:\/\/hurghada-airport.com\/arrivals\/"]}]},{"@type":"ImageObject","inLanguage":"sv-SE","@id":"https:\/\/hurghada-airport.com\/arrivals\/#primaryimage","url":"https:\/\/i1.wp.com\/hotel-images.b-cdn.net\/hurghada\/200x200\/hrg-arrival%20(1).png?w=200&resize=200,200&ssl=1","contentUrl":"https:\/\/i1.wp.com\/hotel-images.b-cdn.net\/hurghada\/200x200\/hrg-arrival%20(1).png?w=200&resize=200,200&ssl=1","width":"200","height":"200"},{"@type":"BreadcrumbList","@id":"https:\/\/hurghada-airport.com\/arrivals\/#breadcrumb","itemListElement":[{"@type":"ListItem","position":1,"name":"Home","item":"https:\/\/hurghada-airport.com\/"},{"@type":"ListItem","position":2,"name":"Hurghada International Airport Arrivals"}]},{"@type":"WebSite","@id":"https:\/\/hurghada-airport.com\/#website","url":"https:\/\/hurghada-airport.com\/","name":"Hurghada International Airport","description":"","publisher":{"@id":"https:\/\/hurghada-airport.com\/#organization"},"alternateName":"HRG","potentialAction":[{"@type":"SearchAction","target":{"@type":"EntryPoint","urlTemplate":"https:\/\/hurghada-airport.com\/?s={search_term_string}"},"query-input":{"@type":"PropertyValueSpecification","valueRequired":true,"valueName":"search_term_string"}}],"inLanguage":"sv-SE"},{"@type":"Organization","@id":"https:\/\/hurghada-airport.com\/#organization","name":"Hurghada International Airport","alternateName":"HRG","url":"https:\/\/hurghada-airport.com\/","logo":{"@type":"ImageObject","inLanguage":"sv-SE","@id":"https:\/\/hurghada-airport.com\/#\/schema\/logo\/image\/","url":"https:\/\/hurghada-airport.com\/wp-content\/uploads\/hrg-logo.jpg","contentUrl":"https:\/\/hurghada-airport.com\/wp-content\/uploads\/hrg-logo.jpg","width":2000,"height":1414,"caption":"Hurghada International Airport"},"image":{"@id":"https:\/\/hurghada-airport.com\/#\/schema\/logo\/image\/"},"sameAs":["https:\/\/www.facebook.com\/hurghadaairport"],"ownershipFundingInfo":"https:\/\/hurghada-airport.com\/about\/"}]}},"_links":{"self":[{"href":"https:\/\/hurghada-airport.com\/sv\/wp-json\/wp\/v2\/pages\/351","targetHints":{"allow":["GET"]}}],"collection":[{"href":"https:\/\/hurghada-airport.com\/sv\/wp-json\/wp\/v2\/pages"}],"about":[{"href":"https:\/\/hurghada-airport.com\/sv\/wp-json\/wp\/v2\/types\/page"}],"author":[{"embeddable":true,"href":"https:\/\/hurghada-airport.com\/sv\/wp-json\/wp\/v2\/users\/1"}],"replies":[{"embeddable":true,"href":"https:\/\/hurghada-airport.com\/sv\/wp-json\/wp\/v2\/comments?post=351"}],"version-history":[{"count":1,"href":"https:\/\/hurghada-airport.com\/sv\/wp-json\/wp\/v2\/pages\/351\/revisions"}],"predecessor-version":[{"id":1279,"href":"https:\/\/hurghada-airport.com\/sv\/wp-json\/wp\/v2\/pages\/351\/revisions\/1279"}],"wp:featuredmedia":[{"embeddable":true,"href":"https:\/\/hurghada-airport.com\/sv\/wp-json\/wp\/v2\/media\/1196"}],"wp:attachment":[{"href":"https:\/\/hurghada-airport.com\/sv\/wp-json\/wp\/v2\/media?parent=351"}],"curies":[{"name":"wp","href":"https:\/\/api.w.org\/{rel}","templated":true}]}}