{"id":996,"date":"2025-04-25T02:59:02","date_gmt":"2025-04-25T02:59:02","guid":{"rendered":"https:\/\/hurghada-airport.com\/?page_id=996"},"modified":"2025-05-22T09:49:33","modified_gmt":"2025-05-22T09:49:33","slug":"parking","status":"publish","type":"page","link":"https:\/\/hurghada-airport.com\/fr\/stationnement\/","title":{"rendered":"Guide des parkings de l'a\u00e9roport d'Hurghada"},"content":{"rendered":"<p>L'une des pr\u00e9occupations les plus courantes des touristes qui se rendent \u00e0 l'\u00e9tranger est la suivante <a href=\"https:\/\/hurghada-airport.com\/fr\/\">A\u00e9roport international d'Hurghada<\/a> est en effet les options et les frais de stationnement.<\/p>\n<p>Si vous pr\u00e9voyez un voyage dans cette destination de vacances populaire en \u00c9gypte, ne vous inqui\u00e9tez pas pour le stationnement. J'ai pr\u00e9par\u00e9 un guide complet pour vous.<\/p>\n<h2>Types et caract\u00e9ristiques des parkings<\/h2>\n<p>Il existe essentiellement trois options de stationnement \u00e0 l'a\u00e9roport d'Hurghada : Short-Stay, Long-Stay et Valet\/VIP, chacune avec ses propres avantages.<\/p>\n<p><strong>Stationnement de courte dur\u00e9e<\/strong> est situ\u00e9 juste en face des terminaux 1 et 2 et \u00e0 seulement 1 ou 2 minutes \u00e0 pied du terminal. Il est id\u00e9al pour d\u00e9poser ou r\u00e9cup\u00e9rer des passagers. Vous devez payer 50 EGP pour les 12 premi\u00e8res heures et un total de 100 EGP pour les 12-24 heures. Cette zone est surveill\u00e9e 24 heures sur 24 par des cam\u00e9ras CCTV et vous pouvez payer en esp\u00e8ces ou par carte de cr\u00e9dit \u00e0 la barri\u00e8re de sortie.<\/p>\n<p><strong>Le stationnement de longue dur\u00e9e est<\/strong> situ\u00e9 \u00e0 220-300 m\u00e8tres du terminal principal. Vous pouvez y acc\u00e9der en suivant le trottoir pi\u00e9tonnier ou en utilisant les minibus navettes gratuits. Le tarif journalier est de 100 EGP. Bien qu'il n'y ait pas de r\u00e9duction hebdomadaire officielle, vous pouvez b\u00e9n\u00e9ficier d'une r\u00e9duction de 10-15% pour les s\u00e9jours de plus de 7 jours si vous payez le pr\u00e9pos\u00e9 \u00e0 l'avance.<\/p>\n<p><strong>Parking Valet\/VIP<\/strong> est une excellente option pour ceux qui recherchent le confort. Inclus dans le forfait \"Meet-and-Assist Fast Track\" de l'EAC, votre voiture est prise en charge \u00e0 la porte du terminal et remorqu\u00e9e jusqu'au parking de longue dur\u00e9e. Le prix de l'aller simple varie entre 200 et 250 EGP et vous pouvez payer par carte de cr\u00e9dit au comptoir VIP.<\/p>\n<p><iframe loading=\"lazy\" style=\"border: 0;\" src=\"https:\/\/www.google.com\/maps\/embed?pb=!1m16!1m12!1m3!1d2314.719264813553!2d33.80915801317951!3d27.1806743590397!2m3!1f0!2f0!3f0!3m2!1i1024!2i768!4f13.1!2m1!1sparking!5e0!3m2!1str!2str!4v1745550198384!5m2!1str!2str\" width=\"600\" height=\"450\" allowfullscreen=\"allowfullscreen\"><\/iframe><\/p>\n<h3>Capacit\u00e9 et s\u00e9curit\u00e9<\/h3>\n<p>D'apr\u00e8s mon exp\u00e9rience personnelle et des sources officielles, la capacit\u00e9 totale de l'a\u00e9roport est d'environ 1 500 v\u00e9hicules. Il existe \u00e9galement des zones sp\u00e9ciales pour les bus et les minibus. Les parkings sont s\u00e9curis\u00e9s 24 heures sur 24 et 7 jours sur 7 par des cam\u00e9ras et des patrouilles arm\u00e9es de la police de l'a\u00e9roport.<\/p>\n<p>Pour les utilisateurs de v\u00e9hicules \u00e9lectriques, il y a 6 stations de recharge avec des entr\u00e9es de 22 kW Type-2, en particulier dans la section des parkings de longue dur\u00e9e. Des kiosques d'emballage et des stations de chariots \u00e0 bagages sont \u00e9galement disponibles pour la s\u00e9curit\u00e9 des bagages.<\/p>\n<p><img decoding=\"async\" class=\"aligncenter size-medium\" src=\"https:\/\/hurghada-airport.com\/wp-content\/uploads\/Hurghada-International-Airport-HRG-2000-x-2000-piksel.png\" alt=\"carte de l&#039;a\u00e9roport d&#039;hurghada\" width=\"2000\" height=\"2000\" \/><\/p>\n<h2>Tableau actuel des tarifs de stationnement (2025)<\/h2>\n<p>Les tarifs de stationnement valables \u00e0 partir d'avril 2025 sont les suivants :<\/p>\n<ul>\n<li>0-12 heures : 50 EGP (environ 1 USD)<\/li>\n<li>12-24 heures : 100 EGP (environ 2 USD)<\/li>\n<li>Chaque jour suppl\u00e9mentaire : 100 EGP (environ 2 USD)<\/li>\n<li>Stationnement de 7 jours : 700 EGP (environ 14 USD)<\/li>\n<li>Service de voiturier (aller simple) : 200-250 EGP (environ 4-5 USD)<\/li>\n<\/ul>\n<p>Lorsque je suis all\u00e9e \u00e0 <a href=\"https:\/\/hurghada-airport.com\/fr\/meilleure-periode-pour-visiter\/\">Hurghada pendant mes derni\u00e8res vacances d'\u00e9t\u00e9<\/a>J'ai utilis\u00e9 le parking de longue dur\u00e9e et j'ai pu b\u00e9n\u00e9ficier d'une r\u00e9duction de 10% en payant le pr\u00e9pos\u00e9 \u00e0 l'avance pour 10 jours de stationnement. J'aimerais souligner que les frais de stationnement dans les a\u00e9roports \u00e9gyptiens sont progressivement mis \u00e0 jour en 2023-2024, et qu'il peut donc y avoir des r\u00e9visions tarifaires au cours de l'ann\u00e9e. Vous trouverez ci-dessous un <a href=\"https:\/\/hurghada-airport.com\/fr\/stationnement\/\">calculateur de frais de parking pour l'a\u00e9roport d'hurghada<\/a> que nous vous recommandons vivement d'utiliser.<br \/>\n<iframe loading=\"lazy\" style=\"border: none;\" src=\"https:\/\/hotel-images.b-cdn.net\/hurghada\/parking\/hurghada-parking-cost-calculator.html\" width=\"100%\" height=\"800px\" frameborder=\"0\" scrolling=\"yes\"><br \/>\n<\/iframe><\/p>\n<h2>Conseils<\/h2>\n<p>J'aimerais partager avec vous quelques conseils importants sur le stationnement \u00e0 l'a\u00e9roport d'Hurghada :<\/p>\n<p>Il n'y a pas de couloir \"Kiss &amp; Fly\" gratuit. <a href=\"https:\/\/hurghada-airport.com\/fr\/terminal\/\">devant le terminal<\/a> pour ceux qui veulent s'arr\u00eater et d\u00e9poser des passagers. M\u00eame pour les d\u00e9poses de courte dur\u00e9e, vous devez franchir la barri\u00e8re et payer un minimum de 50 EGP.<\/p>\n<p>Si vous devez stationner longtemps, vous pouvez obtenir une r\u00e9duction allant jusqu'\u00e0 10% en proposant aux agents de payer en liquide \u00e0 l'avance. Il s'agit d'une tactique couramment utilis\u00e9e par les automobilistes locaux.<\/p>\n<p>Vous pouvez combiner le service de voiturier avec des forfaits VIP. Ce forfait, qui comprend l'acc\u00e8s au salon, le contr\u00f4le rapide des passeports et le service de voiturier, est particuli\u00e8rement avantageux pour les voyages de 3 personnes ou plus.<\/p>\n<p>Pendant la haute saison, entre juin et septembre, 90% des 1 500 voitures sont pleines \u00e0 midi. Je recommande d'arriver 30 minutes \u00e0 l'avance ou d'utiliser le service de voiturier pour garantir une place.<\/p>","protected":false},"excerpt":{"rendered":"<p>L'une des pr\u00e9occupations les plus courantes des touristes voyageant \u00e0 l'a\u00e9roport international d'Hurghada concerne les options et les frais de stationnement. [...]<\/p>","protected":false},"author":1,"featured_media":998,"parent":0,"menu_order":0,"comment_status":"closed","ping_status":"closed","template":"","meta":{"_acf_changed":false,"site-sidebar-layout":"default","site-content-layout":"","ast-site-content-layout":"default","site-content-style":"default","site-sidebar-style":"default","ast-global-header-display":"","ast-banner-title-visibility":"","ast-main-header-display":"","ast-hfb-above-header-display":"","ast-hfb-below-header-display":"","ast-hfb-mobile-header-display":"","site-post-title":"","ast-breadcrumbs-content":"","ast-featured-img":"","footer-sml-layout":"","theme-transparent-header-meta":"default","adv-header-id-meta":"","stick-header-meta":"","header-above-stick-meta":"","header-main-stick-meta":"","header-below-stick-meta":"","astra-migrate-meta-layouts":"set","ast-page-background-enabled":"default","ast-page-background-meta":{"desktop":{"background-color":"var(--ast-global-color-4)","background-image":"","background-repeat":"repeat","background-position":"center center","background-size":"auto","background-attachment":"scroll","background-type":"","background-media":"","overlay-type":"","overlay-color":"","overlay-opacity":"","overlay-gradient":""},"tablet":{"background-color":"","background-image":"","background-repeat":"repeat","background-position":"center center","background-size":"auto","background-attachment":"scroll","background-type":"","background-media":"","overlay-type":"","overlay-color":"","overlay-opacity":"","overlay-gradient":""},"mobile":{"background-color":"","background-image":"","background-repeat":"repeat","background-position":"center center","background-size":"auto","background-attachment":"scroll","background-type":"","background-media":"","overlay-type":"","overlay-color":"","overlay-opacity":"","overlay-gradient":""}},"ast-content-background-meta":{"desktop":{"background-color":"var(--ast-global-color-5)","background-image":"","background-repeat":"repeat","background-position":"center center","background-size":"auto","background-attachment":"scroll","background-type":"","background-media":"","overlay-type":"","overlay-color":"","overlay-opacity":"","overlay-gradient":""},"tablet":{"background-color":"var(--ast-global-color-5)","background-image":"","background-repeat":"repeat","background-position":"center center","background-size":"auto","background-attachment":"scroll","background-type":"","background-media":"","overlay-type":"","overlay-color":"","overlay-opacity":"","overlay-gradient":""},"mobile":{"background-color":"var(--ast-global-color-5)","background-image":"","background-repeat":"repeat","background-position":"center center","background-size":"auto","background-attachment":"scroll","background-type":"","background-media":"","overlay-type":"","overlay-color":"","overlay-opacity":"","overlay-gradient":""}},"footnotes":""},"class_list":["post-996","page","type-page","status-publish","has-post-thumbnail","hentry"],"acf":[],"yoast_head":"<!-- This site is optimized with the Yoast SEO Premium plugin v24.0 (Yoast SEO v25.7) - https:\/\/yoast.com\/wordpress\/plugins\/seo\/ -->\n<title>Hurghada Airport Parking Guide 2025<\/title>\n<meta name=\"description\" content=\"Explore Hurghada Airport&#039;s parking options: short-stay, long-term, VIP valet, EV charging, and 2025 rates.\" \/>\n<meta name=\"robots\" content=\"index, follow, max-snippet:-1, max-image-preview:large, max-video-preview:-1\" \/>\n<link rel=\"canonical\" href=\"https:\/\/hurghada-airport.com\/fr\/stationnement\/\" \/>\n<meta property=\"og:locale\" content=\"fr_FR\" \/>\n<meta property=\"og:type\" content=\"article\" \/>\n<meta property=\"og:title\" content=\"Hurghada Airport Parking Guide\" \/>\n<meta property=\"og:description\" content=\"Explore Hurghada Airport&#039;s parking options: short-stay, long-term, VIP valet, EV charging, and 2025 rates.\" \/>\n<meta property=\"og:url\" content=\"https:\/\/hurghada-airport.com\/fr\/stationnement\/\" \/>\n<meta property=\"article:publisher\" content=\"https:\/\/www.facebook.com\/hurghadaairport\" \/>\n<meta property=\"article:modified_time\" content=\"2025-05-22T09:49:33+00:00\" \/>\n<meta property=\"og:image\" content=\"https:\/\/hurghada-airport.com\/wp-content\/uploads\/hurghada-airport-parking.jpg\" \/>\n\t<meta property=\"og:image:width\" content=\"680\" \/>\n\t<meta property=\"og:image:height\" content=\"510\" \/>\n\t<meta property=\"og:image:type\" content=\"image\/jpeg\" \/>\n<meta name=\"twitter:card\" content=\"summary_large_image\" \/>\n<meta name=\"twitter:label1\" content=\"Dur\u00e9e de lecture estim\u00e9e\" \/>\n\t<meta name=\"twitter:data1\" content=\"4 minutes\" \/>\n<script type=\"application\/ld+json\" class=\"yoast-schema-graph\">{\"@context\":\"https:\/\/schema.org\",\"@graph\":[{\"@type\":\"WebPage\",\"@id\":\"https:\/\/hurghada-airport.com\/parking\/\",\"url\":\"https:\/\/hurghada-airport.com\/parking\/\",\"name\":\"Hurghada Airport Parking Guide 2025\",\"isPartOf\":{\"@id\":\"https:\/\/hurghada-airport.com\/#website\"},\"primaryImageOfPage\":{\"@id\":\"https:\/\/hurghada-airport.com\/parking\/#primaryimage\"},\"image\":{\"@id\":\"https:\/\/hurghada-airport.com\/parking\/#primaryimage\"},\"thumbnailUrl\":\"https:\/\/hurghada-airport.com\/wp-content\/uploads\/hurghada-airport-parking.jpg\",\"datePublished\":\"2025-04-25T02:59:02+00:00\",\"dateModified\":\"2025-05-22T09:49:33+00:00\",\"description\":\"Explore Hurghada Airport's parking options: short-stay, long-term, VIP valet, EV charging, and 2025 rates.\",\"breadcrumb\":{\"@id\":\"https:\/\/hurghada-airport.com\/parking\/#breadcrumb\"},\"inLanguage\":\"fr-FR\",\"potentialAction\":[{\"@type\":\"ReadAction\",\"target\":[\"https:\/\/hurghada-airport.com\/parking\/\"]}]},{\"@type\":\"ImageObject\",\"inLanguage\":\"fr-FR\",\"@id\":\"https:\/\/hurghada-airport.com\/parking\/#primaryimage\",\"url\":\"https:\/\/hurghada-airport.com\/wp-content\/uploads\/hurghada-airport-parking.jpg\",\"contentUrl\":\"https:\/\/hurghada-airport.com\/wp-content\/uploads\/hurghada-airport-parking.jpg\",\"width\":680,\"height\":510},{\"@type\":\"BreadcrumbList\",\"@id\":\"https:\/\/hurghada-airport.com\/parking\/#breadcrumb\",\"itemListElement\":[{\"@type\":\"ListItem\",\"position\":1,\"name\":\"Home\",\"item\":\"https:\/\/hurghada-airport.com\/\"},{\"@type\":\"ListItem\",\"position\":2,\"name\":\"Hurghada Airport Parking Guide\"}]},{\"@type\":\"WebSite\",\"@id\":\"https:\/\/hurghada-airport.com\/#website\",\"url\":\"https:\/\/hurghada-airport.com\/\",\"name\":\"Hurghada International Airport\",\"description\":\"\",\"publisher\":{\"@id\":\"https:\/\/hurghada-airport.com\/#organization\"},\"alternateName\":\"HRG\",\"potentialAction\":[{\"@type\":\"SearchAction\",\"target\":{\"@type\":\"EntryPoint\",\"urlTemplate\":\"https:\/\/hurghada-airport.com\/?s={search_term_string}\"},\"query-input\":{\"@type\":\"PropertyValueSpecification\",\"valueRequired\":true,\"valueName\":\"search_term_string\"}}],\"inLanguage\":\"fr-FR\"},{\"@type\":\"Organization\",\"@id\":\"https:\/\/hurghada-airport.com\/#organization\",\"name\":\"Hurghada International Airport\",\"alternateName\":\"HRG\",\"url\":\"https:\/\/hurghada-airport.com\/\",\"logo\":{\"@type\":\"ImageObject\",\"inLanguage\":\"fr-FR\",\"@id\":\"https:\/\/hurghada-airport.com\/#\/schema\/logo\/image\/\",\"url\":\"https:\/\/hurghada-airport.com\/wp-content\/uploads\/hrg-logo.jpg\",\"contentUrl\":\"https:\/\/hurghada-airport.com\/wp-content\/uploads\/hrg-logo.jpg\",\"width\":2000,\"height\":1414,\"caption\":\"Hurghada International Airport\"},\"image\":{\"@id\":\"https:\/\/hurghada-airport.com\/#\/schema\/logo\/image\/\"},\"sameAs\":[\"https:\/\/www.facebook.com\/hurghadaairport\"],\"ownershipFundingInfo\":\"https:\/\/hurghada-airport.com\/about\/\"}]}<\/script>\n<!-- \/ Yoast SEO Premium plugin. -->","yoast_head_json":{"title":"Hurghada Airport Parking Guide 2025","description":"Explore Hurghada Airport's parking options: short-stay, long-term, VIP valet, EV charging, and 2025 rates.","robots":{"index":"index","follow":"follow","max-snippet":"max-snippet:-1","max-image-preview":"max-image-preview:large","max-video-preview":"max-video-preview:-1"},"canonical":"https:\/\/hurghada-airport.com\/fr\/stationnement\/","og_locale":"fr_FR","og_type":"article","og_title":"Hurghada Airport Parking Guide","og_description":"Explore Hurghada Airport's parking options: short-stay, long-term, VIP valet, EV charging, and 2025 rates.","og_url":"https:\/\/hurghada-airport.com\/fr\/stationnement\/","article_publisher":"https:\/\/www.facebook.com\/hurghadaairport","article_modified_time":"2025-05-22T09:49:33+00:00","og_image":[{"width":680,"height":510,"url":"https:\/\/hurghada-airport.com\/wp-content\/uploads\/hurghada-airport-parking.jpg","type":"image\/jpeg"}],"twitter_card":"summary_large_image","twitter_misc":{"Dur\u00e9e de lecture estim\u00e9e":"4 minutes"},"schema":{"@context":"https:\/\/schema.org","@graph":[{"@type":"WebPage","@id":"https:\/\/hurghada-airport.com\/parking\/","url":"https:\/\/hurghada-airport.com\/parking\/","name":"Hurghada Airport Parking Guide 2025","isPartOf":{"@id":"https:\/\/hurghada-airport.com\/#website"},"primaryImageOfPage":{"@id":"https:\/\/hurghada-airport.com\/parking\/#primaryimage"},"image":{"@id":"https:\/\/hurghada-airport.com\/parking\/#primaryimage"},"thumbnailUrl":"https:\/\/hurghada-airport.com\/wp-content\/uploads\/hurghada-airport-parking.jpg","datePublished":"2025-04-25T02:59:02+00:00","dateModified":"2025-05-22T09:49:33+00:00","description":"Explore Hurghada Airport's parking options: short-stay, long-term, VIP valet, EV charging, and 2025 rates.","breadcrumb":{"@id":"https:\/\/hurghada-airport.com\/parking\/#breadcrumb"},"inLanguage":"fr-FR","potentialAction":[{"@type":"ReadAction","target":["https:\/\/hurghada-airport.com\/parking\/"]}]},{"@type":"ImageObject","inLanguage":"fr-FR","@id":"https:\/\/hurghada-airport.com\/parking\/#primaryimage","url":"https:\/\/hurghada-airport.com\/wp-content\/uploads\/hurghada-airport-parking.jpg","contentUrl":"https:\/\/hurghada-airport.com\/wp-content\/uploads\/hurghada-airport-parking.jpg","width":680,"height":510},{"@type":"BreadcrumbList","@id":"https:\/\/hurghada-airport.com\/parking\/#breadcrumb","itemListElement":[{"@type":"ListItem","position":1,"name":"Home","item":"https:\/\/hurghada-airport.com\/"},{"@type":"ListItem","position":2,"name":"Hurghada Airport Parking Guide"}]},{"@type":"WebSite","@id":"https:\/\/hurghada-airport.com\/#website","url":"https:\/\/hurghada-airport.com\/","name":"Hurghada International Airport","description":"","publisher":{"@id":"https:\/\/hurghada-airport.com\/#organization"},"alternateName":"HRG","potentialAction":[{"@type":"SearchAction","target":{"@type":"EntryPoint","urlTemplate":"https:\/\/hurghada-airport.com\/?s={search_term_string}"},"query-input":{"@type":"PropertyValueSpecification","valueRequired":true,"valueName":"search_term_string"}}],"inLanguage":"fr-FR"},{"@type":"Organization","@id":"https:\/\/hurghada-airport.com\/#organization","name":"Hurghada International Airport","alternateName":"HRG","url":"https:\/\/hurghada-airport.com\/","logo":{"@type":"ImageObject","inLanguage":"fr-FR","@id":"https:\/\/hurghada-airport.com\/#\/schema\/logo\/image\/","url":"https:\/\/hurghada-airport.com\/wp-content\/uploads\/hrg-logo.jpg","contentUrl":"https:\/\/hurghada-airport.com\/wp-content\/uploads\/hrg-logo.jpg","width":2000,"height":1414,"caption":"Hurghada International Airport"},"image":{"@id":"https:\/\/hurghada-airport.com\/#\/schema\/logo\/image\/"},"sameAs":["https:\/\/www.facebook.com\/hurghadaairport"],"ownershipFundingInfo":"https:\/\/hurghada-airport.com\/about\/"}]}},"_links":{"self":[{"href":"https:\/\/hurghada-airport.com\/fr\/wp-json\/wp\/v2\/pages\/996","targetHints":{"allow":["GET"]}}],"collection":[{"href":"https:\/\/hurghada-airport.com\/fr\/wp-json\/wp\/v2\/pages"}],"about":[{"href":"https:\/\/hurghada-airport.com\/fr\/wp-json\/wp\/v2\/types\/page"}],"author":[{"embeddable":true,"href":"https:\/\/hurghada-airport.com\/fr\/wp-json\/wp\/v2\/users\/1"}],"replies":[{"embeddable":true,"href":"https:\/\/hurghada-airport.com\/fr\/wp-json\/wp\/v2\/comments?post=996"}],"version-history":[{"count":0,"href":"https:\/\/hurghada-airport.com\/fr\/wp-json\/wp\/v2\/pages\/996\/revisions"}],"wp:featuredmedia":[{"embeddable":true,"href":"https:\/\/hurghada-airport.com\/fr\/wp-json\/wp\/v2\/media\/998"}],"wp:attachment":[{"href":"https:\/\/hurghada-airport.com\/fr\/wp-json\/wp\/v2\/media?parent=996"}],"curies":[{"name":"wp","href":"https:\/\/api.w.org\/{rel}","templated":true}]}}