{"id":933,"date":"2025-04-24T18:52:34","date_gmt":"2025-04-24T18:52:34","guid":{"rendered":"https:\/\/hurghada-airport.com\/?page_id=933"},"modified":"2025-08-23T16:21:46","modified_gmt":"2025-08-23T16:21:46","slug":"car-rental","status":"publish","type":"page","link":"https:\/\/hurghada-airport.com\/fr\/location-de-voiture\/","title":{"rendered":"Tout ce qu'il faut savoir sur la location d'une voiture \u00e0 l'a\u00e9roport d'Hurghada"},"content":{"rendered":"<p>De nombreuses entreprises internationales et locales proposent <a href=\"https:\/\/hurghada-airport.com\/fr\/location-de-voiture\/\">services de location de voitures<\/a> \u00e0 <a href=\"https:\/\/hurghada-airport.com\/fr\/\">A\u00e9roport d'Hurghada<\/a>. Ces entreprises comprennent des marques connues telles que <strong>Avis<\/strong>, <strong>Budget<\/strong>, <strong>Sixt<\/strong>, <strong>Europcar<\/strong>, <strong>Entreprise<\/strong>, <strong>Alamo<\/strong>, <strong>Nationales<\/strong>, <strong>Mouvement vert<\/strong>, <strong>Autounion<\/strong> et <strong>Keddy par Europcar<\/strong>. <a href=\"https:\/\/hurghada-airport.com\/fr\/location-de-voiture\/\">Bureaux de location de voitures<\/a> sont g\u00e9n\u00e9ralement <a href=\"https:\/\/hurghada-airport.com\/fr\/arrivees\/\">situ\u00e9 dans le hall d'arriv\u00e9e<\/a> de <a href=\"https:\/\/hurghada-airport.com\/fr\/terminal\/\">Terminal 1<\/a> et sont facilement accessibles une fois que les passagers ont r\u00e9cup\u00e9r\u00e9 leurs bagages.<br \/>\n<script async src=\"https:\/\/tpscr.com\/content?trs=405462&#038;shmarker=621353.car-rental-page&#038;locale=en&#038;default_pick_up_location=HRG&#038;powered_by=false&#038;border_radius=5&#038;plain=false&#038;show_logo=true&#038;color_background=%23f5d361&#038;color_button=%235a9854&#038;promo_id=4578&#038;campaign_id=130\" charset=\"utf-8\"><\/script><\/p>\n<h2>Soci\u00e9t\u00e9s de location de voitures \u00e0 l'a\u00e9roport d'Hurghada et leurs coordonn\u00e9es<\/h2>\n<p>&nbsp;<\/p>\n<div class=\"rental-table-wrapper\">\n<table class=\"rental-table\" border=\"1\" cellspacing=\"0\" cellpadding=\"8\">\n<thead>\n<tr>\n<th style=\"text-align: left;\">Nom de l'entreprise<\/th>\n<th style=\"text-align: left;\">Localisation du bureau<\/th>\n<th style=\"text-align: left;\">Num\u00e9ro de t\u00e9l\u00e9phone<\/th>\n<\/tr>\n<\/thead>\n<tbody>\n<tr>\n<td><a href=\"https:\/\/maps.app.goo.gl\/xWkBF6mC2SCwEqZS6\">Budget<\/a><\/td>\n<td>Terminal 1, hall des arriv\u00e9es domestiques<\/td>\n<td>+20 128 099 0817<\/td>\n<\/tr>\n<tr>\n<td><a href=\"https:\/\/maps.app.goo.gl\/QGTbfkPRyq3zHR7P7\">Sixt<\/a><\/td>\n<td>Terminal 1, hall des arriv\u00e9es internationales<\/td>\n<td>+20 122 232 7180<\/td>\n<\/tr>\n<tr>\n<td><a href=\"https:\/\/maps.app.goo.gl\/QV2fivtbDetr8XJcA\">Avis<\/a><\/td>\n<td>Terminal 1, hall des arriv\u00e9es domestiques<\/td>\n<td>+20 122 232 7180<\/td>\n<\/tr>\n<tr>\n<td><a href=\"https:\/\/maps.app.goo.gl\/M6m1a63rncPoCjnAA\">Entreprise<\/a><\/td>\n<td>Terminal 1, hall des arriv\u00e9es domestiques<\/td>\n<td>+20 122 232 7180<\/td>\n<\/tr>\n<tr>\n<td><a href=\"https:\/\/maps.app.goo.gl\/ZsCLGVj5ks1mUT8H6\">Alamo<\/a><\/td>\n<td>Terminal 1, hall des arriv\u00e9es domestiques<\/td>\n<td>+20 122 232 7180<\/td>\n<\/tr>\n<tr>\n<td><a href=\"https:\/\/maps.app.goo.gl\/GopQSpwC7uBUsBjM8\">Nationales<\/a><\/td>\n<td>Terminal 1, hall des arriv\u00e9es domestiques<\/td>\n<td>+20 122 232 7180<\/td>\n<\/tr>\n<tr>\n<td>Europcar<\/td>\n<td>Terminal 1, hall des arriv\u00e9es domestiques<\/td>\n<td>+20 112 470 9429<\/td>\n<\/tr>\n<tr>\n<td>Keddy par Europcar<\/td>\n<td>Terminal 1, hall des arriv\u00e9es domestiques<\/td>\n<td>+20 112 470 9429<\/td>\n<\/tr>\n<tr>\n<td>Autounion<\/td>\n<td>Terminal 1, hall des arriv\u00e9es domestiques<\/td>\n<td>+20 127 411 1496<\/td>\n<\/tr>\n<tr>\n<td><a href=\"https:\/\/maps.app.goo.gl\/pB9kgDJhUjxWBUgHA\">Mouvement vert<\/a><\/td>\n<td>Terminal 1, hall des arriv\u00e9es domestiques<\/td>\n<td>+20 106 661 1023<\/td>\n<\/tr>\n<\/tbody>\n<\/table>\n<\/div>\n<h3>Assurance et informations sur Casco<\/h3>\n<p>Quand <a href=\"https:\/\/hurghada-airport.com\/fr\/location-de-voiture\/\">louer une voiture en \u00c9gypte<\/a>L'assurance responsabilit\u00e9 civile obligatoire est g\u00e9n\u00e9ralement incluse dans le prix de la location. Toutefois, des assurances suppl\u00e9mentaires telles que l'assurance collision sans franchise (CDW) et l'assurance contre le vol (TP) sont facultatives. Pour que la couverture d'assurance soit valable, un rapport de police doit \u00eatre obtenu et soumis au loueur dans les 72 heures au plus tard en cas d'accident.<\/p>\n<h3>Segments de v\u00e9hicules et informations sur le stationnement<\/h3>\n<p>Une large gamme de segments de voitures est disponible \u00e0 la location \u00e0 l'adresse suivante <a href=\"https:\/\/hurghada-airport.com\/fr\/\">A\u00e9roport d'Hurghada<\/a>. Les types de voitures les plus populaires sont les voitures \u00e9conomiques, compactes, les SUV et les v\u00e9hicules de luxe. Les petites voitures en particulier sont le segment le plus populaire, repr\u00e9sentant 55% du total des locations.<br \/>\n<script async src=\"https:\/\/tpscr.com\/content?trs=405462&#038;shmarker=621353.car-rental-page&#038;locale=en&#038;default_pick_up_location=HRG&#038;powered_by=false&#038;border_radius=5&#038;plain=false&#038;show_logo=true&#038;color_background=%23f5d361&#038;color_button=%235a9854&#038;promo_id=4578&#038;campaign_id=130\" charset=\"utf-8\"><\/script><\/p>\n<p>Les voitures de location sont g\u00e9n\u00e9ralement livr\u00e9es et rendues dans des aires de stationnement r\u00e9serv\u00e9es \u00e0 cet effet, pr\u00e8s du terminal 1 de l'a\u00e9roport. Certaines compagnies proposent un service d'accueil, qui consiste \u00e0 rencontrer les passagers \u00e0 l'a\u00e9roport.<a href=\"https:\/\/hurghada-airport.com\/fr\/arrivees\/\"> hall d'arriv\u00e9e<\/a> et la livraison du v\u00e9hicule. La prise en charge de la location de voiture se fait sur place : <a href=\"https:\/\/maps.app.goo.gl\/H9GQiZBJEZyUxVEn6\">ICI<\/a><\/p>\n<p><img decoding=\"async\" class=\"size-medium aligncenter\" src=\"https:\/\/hotel-images.b-cdn.net\/hurghada\/car%20rental%20pick%20up.png\" width=\"972\" height=\"639\" \/><\/p>\n<p>Voici quelques conseils pour faciliter la location d'une voiture \u00e0 Hurghada, \u00e9conomiser votre budget et \u00e9viter les surprises sur la route :<\/p>\n<ul>\n<li><strong>R\u00e9servez t\u00f4t<\/strong><br \/>\nLa demande de v\u00e9hicules augmente fortement <a href=\"https:\/\/hurghada-airport.com\/fr\/meilleure-periode-pour-visiter\/\">pendant la saison estivale ou les vacances<\/a>. En effectuant votre location avant l'atterrissage de votre avion, vous obtiendrez les meilleurs prix et serez s\u00fbr d'avoir le mod\u00e8le que vous souhaitez.<\/li>\n<li><strong>Pr\u00e9parer une garantie de carte de cr\u00e9dit<\/strong><br \/>\nLes soci\u00e9t\u00e9s de location exigent souvent des garanties par carte de cr\u00e9dit pour couvrir d'\u00e9ventuels dommages ou frais de retard. L'utilisation d'une carte reconnue internationalement, telle que Visa ou Mastercard, garantit que vos transactions seront approuv\u00e9es rapidement.<\/li>\n<li><strong>Souscrire une assurance tous risques<\/strong><br \/>\nLes fortes temp\u00eates de sable sur les routes \u00e9gyptiennes et dans les zones interm\u00e9diaires peuvent provoquer des rayures ou des fissures inattendues sur les vitres. En cas de dommages, envisagez l'option \"assurance compl\u00e8te\" afin d'\u00e9viter d'avoir \u00e0 d\u00e9bourser des sommes importantes.<\/li>\n<li><strong>Attention \u00e0 la politique des carburants<\/strong><br \/>\nAvant de prendre la voiture de location, v\u00e9rifiez si le r\u00e9servoir est plein ou insuffisant et rendez-la avec le m\u00eame r\u00e9servoir plein. Si vous quittez la ville pour de courtes escapades \u00e0 Safaga ou \u00e0 Qena, assurez-vous que les principales stations-service sont ouvertes sur le chemin du retour.<\/li>\n<li><strong>Pr\u00e9voir le choix de l'heure de prise en charge<\/strong><br \/>\nLa dur\u00e9e de la location est factur\u00e9e toutes les 24 heures. Vous pouvez \u00e9viter de payer une journ\u00e9e suppl\u00e9mentaire si vous organisez votre location. <a href=\"https:\/\/hurghada-airport.com\/fr\/departs\/\">heure de d\u00e9part du vol<\/a> pour co\u00efncider avec l'heure de d\u00e9pose de la voiture.<\/li>\n<li><strong>Respecter le code de la route<\/strong><br \/>\nLes limitations de vitesse sont faibles dans le centre d'Hurghada et les panneaux sont parfois \u00e9loign\u00e9s sur les routes d\u00e9sertiques. Attention aux pi\u00e8ges \u00e0 radar ; la contravention pour exc\u00e8s de vitesse parviendra d'abord \u00e0 la soci\u00e9t\u00e9 de location, puis \u00e0 vous.<\/li>\n<li><strong>La navigation est indispensable<\/strong><br \/>\nSans GPS, les indications ou les panneaux de signalisation peuvent vous laisser en rade, en particulier lorsque vous sortez de la ville. Gardez les applications cartographiques de votre t\u00e9l\u00e9phone \u00e0 jour et, si possible, utilisez le GPS int\u00e9gr\u00e9 de votre voiture.<\/li>\n<li><strong>Sauter l'heure de pointe<\/strong><br \/>\nLes routes de la plage \u00e0 l'int\u00e9rieur de la ville peuvent \u00eatre encombr\u00e9es entre 09h00-11h00 le matin et 16h00-19h00 le soir. Pour \u00e9viter les embouteillages pendant ces p\u00e9riodes, il est pr\u00e9f\u00e9rable d'emprunter les routes de l'int\u00e9rieur plut\u00f4t que celles du littoral.<\/li>\n<li><strong>Chercher des alternatives aux bureaux de l'a\u00e9roport<\/strong><br \/>\nBureaux de location \u00e0 <a href=\"https:\/\/hurghada-airport.com\/fr\/\">A\u00e9roport d'Hurghada<\/a> sont confortables mais co\u00fbtent g\u00e9n\u00e9ralement plus cher. Vous pouvez \u00e9galement consulter les agences locales de location de voitures dans le centre ville ou \u00e0 l'a\u00e9roport. <a href=\"https:\/\/hurghada-airport.com\/fr\/hotels-de-laeroport\/\">pr\u00e8s de l'h\u00f4tel<\/a> pour des offres plus attractives.<\/li>\n<li><strong>Tenir compte de l'\u00e9tat des routes<\/strong><br \/>\nLa route du d\u00e9sert et les routes partiellement stabilis\u00e9es menant aux sites touristiques peuvent \u00eatre difficiles pour les voitures ordinaires. Envisagez l'option 4\u00d74, en particulier pour des sites comme le Wadi el-Gemal ou la baie de Makadi.<\/li>\n<\/ul>\n<p>Gr\u00e2ce \u00e0 ces pr\u00e9cautions simples mais efficaces, vous pouvez <a href=\"https:\/\/hurghada-airport.com\/fr\/centres-de-villegiature-tout-compris-adaptes-aux-enfants\/\">explorer la beaut\u00e9 d'Hurghada<\/a>dans et autour de la ville, en toute s\u00e9curit\u00e9 et dans le confort.<\/p>\n<p><iframe loading=\"lazy\" src=\"https:\/\/www.google.com\/maps\/d\/embed?mid=1jXEIB0dUOUN4b-kEUSP7RWH1IQm7EXU&amp;hl=en&amp;ehbc=2E312F\" width=\"640\" height=\"480\"><\/iframe><\/p>\n<h3>Compagnies de location de voitures offrant des services d'accueil<\/h3>\n<p>A l'a\u00e9roport international d'Hurghada, certaines soci\u00e9t\u00e9s de location de voitures proposent un service \"meet &amp; greet\", dans le cadre duquel les passagers sont accueillis dans le hall des arriv\u00e9es et la livraison de la voiture est facilit\u00e9e. Les principales soci\u00e9t\u00e9s proposant ce service sont les suivantes.<\/p>\n<ul>\n<li><strong>Enterprise Rent-A-Car<\/strong>: Avec des bureaux situ\u00e9s \u00e0 Mamsha, Touristic Village, en face du bureau d'EgyptAir, leurs repr\u00e9sentants accueillent les passagers \u00e0 l'endroit d\u00e9sign\u00e9 lorsqu'ils ont r\u00e9serv\u00e9 \u00e0 l'avance.<\/li>\n<li><strong>Mouvement vert<\/strong>: A l'a\u00e9roport d'Hurghada, il accueille les passagers avec ses repr\u00e9sentants \u00e0 la porte d'arriv\u00e9e et livre le v\u00e9hicule.<\/li>\n<li><strong>Avis<\/strong>: Avec des bureaux dans le centre-ville d'El Gouna, il offre un service de ramassage gratuit pour les r\u00e9servations \u00e0 l'avance.<\/li>\n<li><strong>Location de voitures \u00e0 Autounion<\/strong>: A l'a\u00e9roport d'Hurghada, elle accueille les passagers avec ses repr\u00e9sentants dans le hall d'arriv\u00e9e et livre le v\u00e9hicule.<\/li>\n<\/ul>\n<p>Pour b\u00e9n\u00e9ficier de ce service, vous devez contacter votre compagnie au moment de la r\u00e9servation pour demander un service de prise en charge et communiquer les d\u00e9tails de votre vol.<\/p>","protected":false},"excerpt":{"rendered":"<p>De nombreuses entreprises internationales et locales proposent des services de location de voitures \u00e0 l'a\u00e9roport d'Hurghada. Ces soci\u00e9t\u00e9s comprennent des marques connues telles que [...]<\/p>","protected":false},"author":1,"featured_media":1277,"parent":0,"menu_order":0,"comment_status":"closed","ping_status":"closed","template":"","meta":{"_acf_changed":false,"site-sidebar-layout":"default","site-content-layout":"","ast-site-content-layout":"default","site-content-style":"default","site-sidebar-style":"default","ast-global-header-display":"","ast-banner-title-visibility":"","ast-main-header-display":"","ast-hfb-above-header-display":"","ast-hfb-below-header-display":"","ast-hfb-mobile-header-display":"","site-post-title":"","ast-breadcrumbs-content":"","ast-featured-img":"","footer-sml-layout":"","theme-transparent-header-meta":"default","adv-header-id-meta":"","stick-header-meta":"","header-above-stick-meta":"","header-main-stick-meta":"","header-below-stick-meta":"","astra-migrate-meta-layouts":"set","ast-page-background-enabled":"default","ast-page-background-meta":{"desktop":{"background-color":"var(--ast-global-color-4)","background-image":"","background-repeat":"repeat","background-position":"center center","background-size":"auto","background-attachment":"scroll","background-type":"","background-media":"","overlay-type":"","overlay-color":"","overlay-opacity":"","overlay-gradient":""},"tablet":{"background-color":"","background-image":"","background-repeat":"repeat","background-position":"center center","background-size":"auto","background-attachment":"scroll","background-type":"","background-media":"","overlay-type":"","overlay-color":"","overlay-opacity":"","overlay-gradient":""},"mobile":{"background-color":"","background-image":"","background-repeat":"repeat","background-position":"center center","background-size":"auto","background-attachment":"scroll","background-type":"","background-media":"","overlay-type":"","overlay-color":"","overlay-opacity":"","overlay-gradient":""}},"ast-content-background-meta":{"desktop":{"background-color":"var(--ast-global-color-5)","background-image":"","background-repeat":"repeat","background-position":"center center","background-size":"auto","background-attachment":"scroll","background-type":"","background-media":"","overlay-type":"","overlay-color":"","overlay-opacity":"","overlay-gradient":""},"tablet":{"background-color":"var(--ast-global-color-5)","background-image":"","background-repeat":"repeat","background-position":"center center","background-size":"auto","background-attachment":"scroll","background-type":"","background-media":"","overlay-type":"","overlay-color":"","overlay-opacity":"","overlay-gradient":""},"mobile":{"background-color":"var(--ast-global-color-5)","background-image":"","background-repeat":"repeat","background-position":"center center","background-size":"auto","background-attachment":"scroll","background-type":"","background-media":"","overlay-type":"","overlay-color":"","overlay-opacity":"","overlay-gradient":""}},"footnotes":""},"class_list":["post-933","page","type-page","status-publish","has-post-thumbnail","hentry"],"acf":[],"yoast_head":"<!-- This site is optimized with the Yoast SEO Premium plugin v24.0 (Yoast SEO v25.7) - https:\/\/yoast.com\/wordpress\/plugins\/seo\/ -->\n<title>Everything You Need to Know About Rent a Car in Hurghada Airport<\/title>\n<meta name=\"description\" content=\"Find the best Hurghada International Airport car hire deal. Choose from variety of economy vehicles and luxury cars. Reserve your car online.\" \/>\n<meta name=\"robots\" content=\"index, follow, max-snippet:-1, max-image-preview:large, max-video-preview:-1\" \/>\n<link rel=\"canonical\" href=\"https:\/\/hurghada-airport.com\/fr\/location-de-voiture\/\" \/>\n<meta property=\"og:locale\" content=\"fr_FR\" \/>\n<meta property=\"og:type\" content=\"article\" \/>\n<meta property=\"og:title\" content=\"Everything You Need to Know About Renting a Car in Hurghada Airport\" \/>\n<meta property=\"og:description\" content=\"Find the best Hurghada International Airport car hire deal. Choose from variety of economy vehicles and luxury cars. Reserve your car online.\" \/>\n<meta property=\"og:url\" content=\"https:\/\/hurghada-airport.com\/fr\/location-de-voiture\/\" \/>\n<meta property=\"article:publisher\" content=\"https:\/\/www.facebook.com\/hurghadaairport\" \/>\n<meta property=\"article:modified_time\" content=\"2025-08-23T16:21:46+00:00\" \/>\n<meta property=\"og:image\" content=\"https:\/\/hurghada-airport.com\/wp-content\/uploads\/hrg-car-rental-map.webp\" \/>\n\t<meta property=\"og:image:width\" content=\"1024\" \/>\n\t<meta property=\"og:image:height\" content=\"1024\" \/>\n\t<meta property=\"og:image:type\" content=\"image\/webp\" \/>\n<meta name=\"twitter:card\" content=\"summary_large_image\" \/>\n<meta name=\"twitter:label1\" content=\"Dur\u00e9e de lecture estim\u00e9e\" \/>\n\t<meta name=\"twitter:data1\" content=\"5 minutes\" \/>\n<script type=\"application\/ld+json\" class=\"yoast-schema-graph\">{\"@context\":\"https:\/\/schema.org\",\"@graph\":[{\"@type\":\"WebPage\",\"@id\":\"https:\/\/hurghada-airport.com\/car-rental\/\",\"url\":\"https:\/\/hurghada-airport.com\/car-rental\/\",\"name\":\"Everything You Need to Know About Rent a Car in Hurghada Airport\",\"isPartOf\":{\"@id\":\"https:\/\/hurghada-airport.com\/#website\"},\"primaryImageOfPage\":{\"@id\":\"https:\/\/hurghada-airport.com\/car-rental\/#primaryimage\"},\"image\":{\"@id\":\"https:\/\/hurghada-airport.com\/car-rental\/#primaryimage\"},\"thumbnailUrl\":\"https:\/\/hurghada-airport.com\/wp-content\/uploads\/hrg-car-rental-map.webp\",\"datePublished\":\"2025-04-24T18:52:34+00:00\",\"dateModified\":\"2025-08-23T16:21:46+00:00\",\"description\":\"Find the best Hurghada International Airport car hire deal. Choose from variety of economy vehicles and luxury cars. Reserve your car online.\",\"breadcrumb\":{\"@id\":\"https:\/\/hurghada-airport.com\/car-rental\/#breadcrumb\"},\"inLanguage\":\"fr-FR\",\"potentialAction\":[{\"@type\":\"ReadAction\",\"target\":[\"https:\/\/hurghada-airport.com\/car-rental\/\"]}]},{\"@type\":\"ImageObject\",\"inLanguage\":\"fr-FR\",\"@id\":\"https:\/\/hurghada-airport.com\/car-rental\/#primaryimage\",\"url\":\"https:\/\/hurghada-airport.com\/wp-content\/uploads\/hrg-car-rental-map.webp\",\"contentUrl\":\"https:\/\/hurghada-airport.com\/wp-content\/uploads\/hrg-car-rental-map.webp\",\"width\":1024,\"height\":1024,\"caption\":\"hurghada car rental\"},{\"@type\":\"BreadcrumbList\",\"@id\":\"https:\/\/hurghada-airport.com\/car-rental\/#breadcrumb\",\"itemListElement\":[{\"@type\":\"ListItem\",\"position\":1,\"name\":\"Home\",\"item\":\"https:\/\/hurghada-airport.com\/\"},{\"@type\":\"ListItem\",\"position\":2,\"name\":\"Everything You Need to Know About Renting a Car in Hurghada Airport\"}]},{\"@type\":\"WebSite\",\"@id\":\"https:\/\/hurghada-airport.com\/#website\",\"url\":\"https:\/\/hurghada-airport.com\/\",\"name\":\"Hurghada International Airport\",\"description\":\"\",\"publisher\":{\"@id\":\"https:\/\/hurghada-airport.com\/#organization\"},\"alternateName\":\"HRG\",\"potentialAction\":[{\"@type\":\"SearchAction\",\"target\":{\"@type\":\"EntryPoint\",\"urlTemplate\":\"https:\/\/hurghada-airport.com\/?s={search_term_string}\"},\"query-input\":{\"@type\":\"PropertyValueSpecification\",\"valueRequired\":true,\"valueName\":\"search_term_string\"}}],\"inLanguage\":\"fr-FR\"},{\"@type\":\"Organization\",\"@id\":\"https:\/\/hurghada-airport.com\/#organization\",\"name\":\"Hurghada International Airport\",\"alternateName\":\"HRG\",\"url\":\"https:\/\/hurghada-airport.com\/\",\"logo\":{\"@type\":\"ImageObject\",\"inLanguage\":\"fr-FR\",\"@id\":\"https:\/\/hurghada-airport.com\/#\/schema\/logo\/image\/\",\"url\":\"https:\/\/hurghada-airport.com\/wp-content\/uploads\/hrg-logo.jpg\",\"contentUrl\":\"https:\/\/hurghada-airport.com\/wp-content\/uploads\/hrg-logo.jpg\",\"width\":2000,\"height\":1414,\"caption\":\"Hurghada International Airport\"},\"image\":{\"@id\":\"https:\/\/hurghada-airport.com\/#\/schema\/logo\/image\/\"},\"sameAs\":[\"https:\/\/www.facebook.com\/hurghadaairport\"],\"ownershipFundingInfo\":\"https:\/\/hurghada-airport.com\/about\/\"}]}<\/script>\n<!-- \/ Yoast SEO Premium plugin. -->","yoast_head_json":{"title":"Everything You Need to Know About Rent a Car in Hurghada Airport","description":"Find the best Hurghada International Airport car hire deal. Choose from variety of economy vehicles and luxury cars. Reserve your car online.","robots":{"index":"index","follow":"follow","max-snippet":"max-snippet:-1","max-image-preview":"max-image-preview:large","max-video-preview":"max-video-preview:-1"},"canonical":"https:\/\/hurghada-airport.com\/fr\/location-de-voiture\/","og_locale":"fr_FR","og_type":"article","og_title":"Everything You Need to Know About Renting a Car in Hurghada Airport","og_description":"Find the best Hurghada International Airport car hire deal. Choose from variety of economy vehicles and luxury cars. Reserve your car online.","og_url":"https:\/\/hurghada-airport.com\/fr\/location-de-voiture\/","article_publisher":"https:\/\/www.facebook.com\/hurghadaairport","article_modified_time":"2025-08-23T16:21:46+00:00","og_image":[{"width":1024,"height":1024,"url":"https:\/\/hurghada-airport.com\/wp-content\/uploads\/hrg-car-rental-map.webp","type":"image\/webp"}],"twitter_card":"summary_large_image","twitter_misc":{"Dur\u00e9e de lecture estim\u00e9e":"5 minutes"},"schema":{"@context":"https:\/\/schema.org","@graph":[{"@type":"WebPage","@id":"https:\/\/hurghada-airport.com\/car-rental\/","url":"https:\/\/hurghada-airport.com\/car-rental\/","name":"Everything You Need to Know About Rent a Car in Hurghada Airport","isPartOf":{"@id":"https:\/\/hurghada-airport.com\/#website"},"primaryImageOfPage":{"@id":"https:\/\/hurghada-airport.com\/car-rental\/#primaryimage"},"image":{"@id":"https:\/\/hurghada-airport.com\/car-rental\/#primaryimage"},"thumbnailUrl":"https:\/\/hurghada-airport.com\/wp-content\/uploads\/hrg-car-rental-map.webp","datePublished":"2025-04-24T18:52:34+00:00","dateModified":"2025-08-23T16:21:46+00:00","description":"Find the best Hurghada International Airport car hire deal. Choose from variety of economy vehicles and luxury cars. Reserve your car online.","breadcrumb":{"@id":"https:\/\/hurghada-airport.com\/car-rental\/#breadcrumb"},"inLanguage":"fr-FR","potentialAction":[{"@type":"ReadAction","target":["https:\/\/hurghada-airport.com\/car-rental\/"]}]},{"@type":"ImageObject","inLanguage":"fr-FR","@id":"https:\/\/hurghada-airport.com\/car-rental\/#primaryimage","url":"https:\/\/hurghada-airport.com\/wp-content\/uploads\/hrg-car-rental-map.webp","contentUrl":"https:\/\/hurghada-airport.com\/wp-content\/uploads\/hrg-car-rental-map.webp","width":1024,"height":1024,"caption":"hurghada car rental"},{"@type":"BreadcrumbList","@id":"https:\/\/hurghada-airport.com\/car-rental\/#breadcrumb","itemListElement":[{"@type":"ListItem","position":1,"name":"Home","item":"https:\/\/hurghada-airport.com\/"},{"@type":"ListItem","position":2,"name":"Everything You Need to Know About Renting a Car in Hurghada Airport"}]},{"@type":"WebSite","@id":"https:\/\/hurghada-airport.com\/#website","url":"https:\/\/hurghada-airport.com\/","name":"Hurghada International Airport","description":"","publisher":{"@id":"https:\/\/hurghada-airport.com\/#organization"},"alternateName":"HRG","potentialAction":[{"@type":"SearchAction","target":{"@type":"EntryPoint","urlTemplate":"https:\/\/hurghada-airport.com\/?s={search_term_string}"},"query-input":{"@type":"PropertyValueSpecification","valueRequired":true,"valueName":"search_term_string"}}],"inLanguage":"fr-FR"},{"@type":"Organization","@id":"https:\/\/hurghada-airport.com\/#organization","name":"Hurghada International Airport","alternateName":"HRG","url":"https:\/\/hurghada-airport.com\/","logo":{"@type":"ImageObject","inLanguage":"fr-FR","@id":"https:\/\/hurghada-airport.com\/#\/schema\/logo\/image\/","url":"https:\/\/hurghada-airport.com\/wp-content\/uploads\/hrg-logo.jpg","contentUrl":"https:\/\/hurghada-airport.com\/wp-content\/uploads\/hrg-logo.jpg","width":2000,"height":1414,"caption":"Hurghada International Airport"},"image":{"@id":"https:\/\/hurghada-airport.com\/#\/schema\/logo\/image\/"},"sameAs":["https:\/\/www.facebook.com\/hurghadaairport"],"ownershipFundingInfo":"https:\/\/hurghada-airport.com\/about\/"}]}},"_links":{"self":[{"href":"https:\/\/hurghada-airport.com\/fr\/wp-json\/wp\/v2\/pages\/933","targetHints":{"allow":["GET"]}}],"collection":[{"href":"https:\/\/hurghada-airport.com\/fr\/wp-json\/wp\/v2\/pages"}],"about":[{"href":"https:\/\/hurghada-airport.com\/fr\/wp-json\/wp\/v2\/types\/page"}],"author":[{"embeddable":true,"href":"https:\/\/hurghada-airport.com\/fr\/wp-json\/wp\/v2\/users\/1"}],"replies":[{"embeddable":true,"href":"https:\/\/hurghada-airport.com\/fr\/wp-json\/wp\/v2\/comments?post=933"}],"version-history":[{"count":2,"href":"https:\/\/hurghada-airport.com\/fr\/wp-json\/wp\/v2\/pages\/933\/revisions"}],"predecessor-version":[{"id":1296,"href":"https:\/\/hurghada-airport.com\/fr\/wp-json\/wp\/v2\/pages\/933\/revisions\/1296"}],"wp:featuredmedia":[{"embeddable":true,"href":"https:\/\/hurghada-airport.com\/fr\/wp-json\/wp\/v2\/media\/1277"}],"wp:attachment":[{"href":"https:\/\/hurghada-airport.com\/fr\/wp-json\/wp\/v2\/media?parent=933"}],"curies":[{"name":"wp","href":"https:\/\/api.w.org\/{rel}","templated":true}]}}