{"id":996,"date":"2025-04-25T02:59:02","date_gmt":"2025-04-25T02:59:02","guid":{"rendered":"https:\/\/hurghada-airport.com\/?page_id=996"},"modified":"2025-05-22T09:49:33","modified_gmt":"2025-05-22T09:49:33","slug":"parking","status":"publish","type":"page","link":"https:\/\/hurghada-airport.com\/fi\/pysakointi\/","title":{"rendered":"Hurghadan lentoaseman pys\u00e4k\u00f6intiopas"},"content":{"rendered":"<p>Yksi matkailijoiden yleisimmist\u00e4 huolenaiheista matkalla kohteeseen - <a href=\"https:\/\/hurghada-airport.com\/fi\/\">Hurghadan kansainv\u00e4linen lentoasema<\/a> on todellakin pys\u00e4k\u00f6intivaihtoehdot ja -maksut.<\/p>\n<p>Jos suunnittelet matkaa t\u00e4h\u00e4n suosittuun lomakohteeseen Egyptiss\u00e4, \u00e4l\u00e4 ole huolissasi pys\u00e4k\u00f6innist\u00e4. Olen laatinut sinulle kattavan oppaan.<\/p>\n<h2>Pys\u00e4k\u00f6intityypit ja -ominaisuudet<\/h2>\n<p>Hurghadan lentoasemalla on periaatteessa kolme eri pys\u00e4k\u00f6intivaihtoehtoa: Kullakin niist\u00e4 on omat etunsa.<\/p>\n<p><strong>Lyhytaikainen pys\u00e4k\u00f6inti<\/strong> sijaitsee suoraan terminaaleja 1 ja 2 vastap\u00e4\u00e4t\u00e4 ja vain 1-2 minuutin k\u00e4velymatkan p\u00e4\u00e4ss\u00e4 terminaalista. Se sopii erinomaisesti matkustajien j\u00e4tt\u00e4miseen tai noutamiseen. Ensimm\u00e4iset 12 tuntia maksetaan 50 EGP ja 12-24 tuntia yhteens\u00e4 100 EGP. T\u00e4t\u00e4 aluetta valvotaan 24 tuntia vuorokaudessa valvontakameroilla, ja voit maksaa k\u00e4teisell\u00e4 tai luottokortilla ulosk\u00e4yntipisteell\u00e4.<\/p>\n<p><strong>Pitk\u00e4aikainen pys\u00e4k\u00f6inti on<\/strong> sijaitsee 220-300 metrin p\u00e4\u00e4ss\u00e4 p\u00e4\u00e4terminaalista. P\u00e4\u00e4set sinne jalkak\u00e4yt\u00e4v\u00e4\u00e4 pitkin tai k\u00e4ytt\u00e4m\u00e4ll\u00e4 ilmaisia minibussikuljetuksia. Vuorokausimaksu on 100 EGP. Vaikka virallista viikkoalennusta ei olekaan, voit saada 10-15%:n alennuksen yli 7 p\u00e4iv\u00e4n oleskelusta, jos maksat hoitajalle etuk\u00e4teen.<\/p>\n<p><strong>Valet\/VIP-pys\u00e4k\u00f6inti<\/strong> on loistava vaihtoehto mukavuutta etsiville. EAC:n \"Meet-and-Assist Fast Track\" -pakettiin kuuluu, ett\u00e4 autosi noudetaan terminaalin portilta ja hinataan pitk\u00e4aikaispys\u00e4k\u00f6intialueelle. Yhdensuuntainen hinta on 200-250 EGP, ja voit maksaa sen luottokortilla VIP-tiskill\u00e4.<\/p>\n<p><iframe loading=\"lazy\" style=\"border: 0;\" src=\"https:\/\/www.google.com\/maps\/embed?pb=!1m16!1m12!1m3!1d2314.719264813553!2d33.80915801317951!3d27.1806743590397!2m3!1f0!2f0!3f0!3m2!1i1024!2i768!4f13.1!2m1!1sparking!5e0!3m2!1str!2str!4v1745550198384!5m2!1str!2str\" width=\"600\" height=\"450\" allowfullscreen=\"allowfullscreen\"><\/iframe><\/p>\n<h3>Kapasiteetti ja turvallisuus<\/h3>\n<p>Henkil\u00f6kohtaisen kokemukseni ja virallisten l\u00e4hteiden mukaan lentoaseman kokonaisajoneuvokapasiteetti on noin 1 500 ajoneuvoa. My\u00f6s linja-autoille ja minibusseille on omat alueensa. Pys\u00e4k\u00f6intialueet on turvattu ymp\u00e4ri vuorokauden kameroilla ja aseistetuilla lentoaseman poliisipartioilla.<\/p>\n<p>S\u00e4hk\u00f6autojen k\u00e4ytt\u00e4ji\u00e4 varten on 6 latausasemaa, joissa on 22 kW:n Type-2-sy\u00f6tt\u00f6, erityisesti pitk\u00e4aikaispys\u00e4k\u00f6intialueella. Matkatavaroiden turvaamista varten on saatavilla my\u00f6s k\u00e4\u00e4rint\u00e4kioskeja ja matkatavaravaunuasemia.<\/p>\n<p><img decoding=\"async\" class=\"aligncenter size-medium\" src=\"https:\/\/hurghada-airport.com\/wp-content\/uploads\/Hurghada-International-Airport-HRG-2000-x-2000-piksel.png\" alt=\"hurghadan lentokentt\u00e4 kartta\" width=\"2000\" height=\"2000\" \/><\/p>\n<h2>Nykyinen pys\u00e4k\u00f6intimaksutaulukko (2025)<\/h2>\n<p>Huhtikuusta 2025 alkaen voimassa olevat pys\u00e4k\u00f6intimaksut ovat seuraavat:<\/p>\n<ul>\n<li>0-12 tuntia: EGP 50 (noin 1 USD)<\/li>\n<li>12-24 tuntia: EGP 100 (noin 2 USD)<\/li>\n<li>Jokainen lis\u00e4p\u00e4iv\u00e4: EGP (noin 2 USD)<\/li>\n<li>7 p\u00e4iv\u00e4n pys\u00e4k\u00f6inti: EGP 700 (noin 14 USD)<\/li>\n<li>Valet-palvelu (yhteen suuntaan): EGP 200-250 (noin 4-5 USD).<\/li>\n<\/ul>\n<p>Kun menin <a href=\"https:\/\/hurghada-airport.com\/fi\/paras-aika-vierailla\/\">Hurghada viimeisen kes\u00e4lomani aikana<\/a>, k\u00e4ytin pitk\u00e4aikaista pys\u00e4k\u00f6intialuetta ja sain 10%-alennuksen maksamalla vartijalle etuk\u00e4teen 10 p\u00e4iv\u00e4n pys\u00e4k\u00f6innist\u00e4. Haluaisin huomauttaa, ett\u00e4 lentoasemien pys\u00e4k\u00f6intimaksut eri puolilla Egypti\u00e4 p\u00e4ivitet\u00e4\u00e4n asteittain vuosina 2023-2024, joten vuoden aikana voi tulla tariffitarkistuksia. Alla on <a href=\"https:\/\/hurghada-airport.com\/fi\/pysakointi\/\">hurghadan lentokent\u00e4n pys\u00e4k\u00f6intimaksujen laskentaty\u00f6kalu<\/a> jota suosittelemme k\u00e4ytt\u00e4m\u00e4\u00e4n.<br \/>\n<iframe loading=\"lazy\" style=\"border: none;\" src=\"https:\/\/hotel-images.b-cdn.net\/hurghada\/parking\/hurghada-parking-cost-calculator.html\" width=\"100%\" height=\"800px\" frameborder=\"0\" scrolling=\"yes\"><br \/>\n<\/iframe><\/p>\n<h2>Vinkkej\u00e4<\/h2>\n<p>Haluaisin jakaa muutamia t\u00e4rkeit\u00e4 vinkkej\u00e4 pys\u00e4k\u00f6innist\u00e4 Hurghadan lentoasemalla:<\/p>\n<p>Ilmaista \"Kiss &amp; Fly\" -kaistaa ei ole. <a href=\"https:\/\/hurghada-airport.com\/fi\/terminaali\/\">terminaalin edess\u00e4<\/a> niille, jotka haluavat pys\u00e4hty\u00e4 ja j\u00e4tt\u00e4\u00e4 matkustajia. Jopa lyhytaikaisista kyydist\u00e4 on p\u00e4\u00e4st\u00e4v\u00e4 esteen l\u00e4pi ja maksettava v\u00e4hint\u00e4\u00e4n 50 EGP.<\/p>\n<p>Jos aiot pys\u00e4k\u00f6id\u00e4 pitk\u00e4\u00e4n, voit saada jopa 10%:n alennuksen tarjoamalla k\u00e4teismaksua etuk\u00e4teen pys\u00e4k\u00f6inninvalvojille. T\u00e4m\u00e4 on yleinen paikallisten kuljettajien k\u00e4ytt\u00e4m\u00e4 taktiikka.<\/p>\n<p>Voit yhdist\u00e4\u00e4 pys\u00e4k\u00f6intipalvelun VIP-paketteihin. Paketti, joka sis\u00e4lt\u00e4\u00e4 p\u00e4\u00e4syn loungeen, nopean passintarkastuksen ja pys\u00e4k\u00f6intipalvelun, on erityisen edullinen v\u00e4hint\u00e4\u00e4n kolmen hengen matkoille.<\/p>\n<p>Kes\u00e4kuun ja syyskuun v\u00e4lisen\u00e4 huippusesonkina 1 500 vaunun kapasiteetista 90% t\u00e4yttyy puoliltap\u00e4ivin. Suosittelen saapumaan 30 minuuttia aikaisemmin tai k\u00e4ytt\u00e4m\u00e4\u00e4n pys\u00e4k\u00f6intipalvelua paikan takaamiseksi.<\/p>","protected":false},"excerpt":{"rendered":"<p>Yksi Hurghadan kansainv\u00e4liselle lentoasemalle matkustavien matkailijoiden yleisimmist\u00e4 huolenaiheista ovat pys\u00e4k\u00f6intivaihtoehdot ja -maksut. [...]<\/p>","protected":false},"author":1,"featured_media":998,"parent":0,"menu_order":0,"comment_status":"closed","ping_status":"closed","template":"","meta":{"_acf_changed":false,"site-sidebar-layout":"default","site-content-layout":"","ast-site-content-layout":"default","site-content-style":"default","site-sidebar-style":"default","ast-global-header-display":"","ast-banner-title-visibility":"","ast-main-header-display":"","ast-hfb-above-header-display":"","ast-hfb-below-header-display":"","ast-hfb-mobile-header-display":"","site-post-title":"","ast-breadcrumbs-content":"","ast-featured-img":"","footer-sml-layout":"","theme-transparent-header-meta":"default","adv-header-id-meta":"","stick-header-meta":"","header-above-stick-meta":"","header-main-stick-meta":"","header-below-stick-meta":"","astra-migrate-meta-layouts":"set","ast-page-background-enabled":"default","ast-page-background-meta":{"desktop":{"background-color":"var(--ast-global-color-4)","background-image":"","background-repeat":"repeat","background-position":"center center","background-size":"auto","background-attachment":"scroll","background-type":"","background-media":"","overlay-type":"","overlay-color":"","overlay-opacity":"","overlay-gradient":""},"tablet":{"background-color":"","background-image":"","background-repeat":"repeat","background-position":"center center","background-size":"auto","background-attachment":"scroll","background-type":"","background-media":"","overlay-type":"","overlay-color":"","overlay-opacity":"","overlay-gradient":""},"mobile":{"background-color":"","background-image":"","background-repeat":"repeat","background-position":"center center","background-size":"auto","background-attachment":"scroll","background-type":"","background-media":"","overlay-type":"","overlay-color":"","overlay-opacity":"","overlay-gradient":""}},"ast-content-background-meta":{"desktop":{"background-color":"var(--ast-global-color-5)","background-image":"","background-repeat":"repeat","background-position":"center center","background-size":"auto","background-attachment":"scroll","background-type":"","background-media":"","overlay-type":"","overlay-color":"","overlay-opacity":"","overlay-gradient":""},"tablet":{"background-color":"var(--ast-global-color-5)","background-image":"","background-repeat":"repeat","background-position":"center center","background-size":"auto","background-attachment":"scroll","background-type":"","background-media":"","overlay-type":"","overlay-color":"","overlay-opacity":"","overlay-gradient":""},"mobile":{"background-color":"var(--ast-global-color-5)","background-image":"","background-repeat":"repeat","background-position":"center center","background-size":"auto","background-attachment":"scroll","background-type":"","background-media":"","overlay-type":"","overlay-color":"","overlay-opacity":"","overlay-gradient":""}},"footnotes":""},"class_list":["post-996","page","type-page","status-publish","has-post-thumbnail","hentry"],"acf":[],"yoast_head":"<!-- This site is optimized with the Yoast SEO Premium plugin v24.0 (Yoast SEO v25.7) - https:\/\/yoast.com\/wordpress\/plugins\/seo\/ -->\n<title>Hurghada Airport Parking Guide 2025<\/title>\n<meta name=\"description\" content=\"Explore Hurghada Airport&#039;s parking options: short-stay, long-term, VIP valet, EV charging, and 2025 rates.\" \/>\n<meta name=\"robots\" content=\"index, follow, max-snippet:-1, max-image-preview:large, max-video-preview:-1\" \/>\n<link rel=\"canonical\" href=\"https:\/\/hurghada-airport.com\/fi\/pysakointi\/\" \/>\n<meta property=\"og:locale\" content=\"fi_FI\" \/>\n<meta property=\"og:type\" content=\"article\" \/>\n<meta property=\"og:title\" content=\"Hurghada Airport Parking Guide\" \/>\n<meta property=\"og:description\" content=\"Explore Hurghada Airport&#039;s parking options: short-stay, long-term, VIP valet, EV charging, and 2025 rates.\" \/>\n<meta property=\"og:url\" content=\"https:\/\/hurghada-airport.com\/fi\/pysakointi\/\" \/>\n<meta property=\"article:publisher\" content=\"https:\/\/www.facebook.com\/hurghadaairport\" \/>\n<meta property=\"article:modified_time\" content=\"2025-05-22T09:49:33+00:00\" \/>\n<meta property=\"og:image\" content=\"https:\/\/hurghada-airport.com\/wp-content\/uploads\/hurghada-airport-parking.jpg\" \/>\n\t<meta property=\"og:image:width\" content=\"680\" \/>\n\t<meta property=\"og:image:height\" content=\"510\" \/>\n\t<meta property=\"og:image:type\" content=\"image\/jpeg\" \/>\n<meta name=\"twitter:card\" content=\"summary_large_image\" \/>\n<meta name=\"twitter:label1\" content=\"Arvioitu lukuaika\" \/>\n\t<meta name=\"twitter:data1\" content=\"4 minuuttia\" \/>\n<script type=\"application\/ld+json\" class=\"yoast-schema-graph\">{\"@context\":\"https:\/\/schema.org\",\"@graph\":[{\"@type\":\"WebPage\",\"@id\":\"https:\/\/hurghada-airport.com\/parking\/\",\"url\":\"https:\/\/hurghada-airport.com\/parking\/\",\"name\":\"Hurghada Airport Parking Guide 2025\",\"isPartOf\":{\"@id\":\"https:\/\/hurghada-airport.com\/#website\"},\"primaryImageOfPage\":{\"@id\":\"https:\/\/hurghada-airport.com\/parking\/#primaryimage\"},\"image\":{\"@id\":\"https:\/\/hurghada-airport.com\/parking\/#primaryimage\"},\"thumbnailUrl\":\"https:\/\/hurghada-airport.com\/wp-content\/uploads\/hurghada-airport-parking.jpg\",\"datePublished\":\"2025-04-25T02:59:02+00:00\",\"dateModified\":\"2025-05-22T09:49:33+00:00\",\"description\":\"Explore Hurghada Airport's parking options: short-stay, long-term, VIP valet, EV charging, and 2025 rates.\",\"breadcrumb\":{\"@id\":\"https:\/\/hurghada-airport.com\/parking\/#breadcrumb\"},\"inLanguage\":\"fi\",\"potentialAction\":[{\"@type\":\"ReadAction\",\"target\":[\"https:\/\/hurghada-airport.com\/parking\/\"]}]},{\"@type\":\"ImageObject\",\"inLanguage\":\"fi\",\"@id\":\"https:\/\/hurghada-airport.com\/parking\/#primaryimage\",\"url\":\"https:\/\/hurghada-airport.com\/wp-content\/uploads\/hurghada-airport-parking.jpg\",\"contentUrl\":\"https:\/\/hurghada-airport.com\/wp-content\/uploads\/hurghada-airport-parking.jpg\",\"width\":680,\"height\":510},{\"@type\":\"BreadcrumbList\",\"@id\":\"https:\/\/hurghada-airport.com\/parking\/#breadcrumb\",\"itemListElement\":[{\"@type\":\"ListItem\",\"position\":1,\"name\":\"Home\",\"item\":\"https:\/\/hurghada-airport.com\/\"},{\"@type\":\"ListItem\",\"position\":2,\"name\":\"Hurghada Airport Parking Guide\"}]},{\"@type\":\"WebSite\",\"@id\":\"https:\/\/hurghada-airport.com\/#website\",\"url\":\"https:\/\/hurghada-airport.com\/\",\"name\":\"Hurghada International Airport\",\"description\":\"\",\"publisher\":{\"@id\":\"https:\/\/hurghada-airport.com\/#organization\"},\"alternateName\":\"HRG\",\"potentialAction\":[{\"@type\":\"SearchAction\",\"target\":{\"@type\":\"EntryPoint\",\"urlTemplate\":\"https:\/\/hurghada-airport.com\/?s={search_term_string}\"},\"query-input\":{\"@type\":\"PropertyValueSpecification\",\"valueRequired\":true,\"valueName\":\"search_term_string\"}}],\"inLanguage\":\"fi\"},{\"@type\":\"Organization\",\"@id\":\"https:\/\/hurghada-airport.com\/#organization\",\"name\":\"Hurghada International Airport\",\"alternateName\":\"HRG\",\"url\":\"https:\/\/hurghada-airport.com\/\",\"logo\":{\"@type\":\"ImageObject\",\"inLanguage\":\"fi\",\"@id\":\"https:\/\/hurghada-airport.com\/#\/schema\/logo\/image\/\",\"url\":\"https:\/\/hurghada-airport.com\/wp-content\/uploads\/hrg-logo.jpg\",\"contentUrl\":\"https:\/\/hurghada-airport.com\/wp-content\/uploads\/hrg-logo.jpg\",\"width\":2000,\"height\":1414,\"caption\":\"Hurghada International Airport\"},\"image\":{\"@id\":\"https:\/\/hurghada-airport.com\/#\/schema\/logo\/image\/\"},\"sameAs\":[\"https:\/\/www.facebook.com\/hurghadaairport\"],\"ownershipFundingInfo\":\"https:\/\/hurghada-airport.com\/about\/\"}]}<\/script>\n<!-- \/ Yoast SEO Premium plugin. -->","yoast_head_json":{"title":"Hurghada Airport Parking Guide 2025","description":"Explore Hurghada Airport's parking options: short-stay, long-term, VIP valet, EV charging, and 2025 rates.","robots":{"index":"index","follow":"follow","max-snippet":"max-snippet:-1","max-image-preview":"max-image-preview:large","max-video-preview":"max-video-preview:-1"},"canonical":"https:\/\/hurghada-airport.com\/fi\/pysakointi\/","og_locale":"fi_FI","og_type":"article","og_title":"Hurghada Airport Parking Guide","og_description":"Explore Hurghada Airport's parking options: short-stay, long-term, VIP valet, EV charging, and 2025 rates.","og_url":"https:\/\/hurghada-airport.com\/fi\/pysakointi\/","article_publisher":"https:\/\/www.facebook.com\/hurghadaairport","article_modified_time":"2025-05-22T09:49:33+00:00","og_image":[{"width":680,"height":510,"url":"https:\/\/hurghada-airport.com\/wp-content\/uploads\/hurghada-airport-parking.jpg","type":"image\/jpeg"}],"twitter_card":"summary_large_image","twitter_misc":{"Arvioitu lukuaika":"4 minuuttia"},"schema":{"@context":"https:\/\/schema.org","@graph":[{"@type":"WebPage","@id":"https:\/\/hurghada-airport.com\/parking\/","url":"https:\/\/hurghada-airport.com\/parking\/","name":"Hurghada Airport Parking Guide 2025","isPartOf":{"@id":"https:\/\/hurghada-airport.com\/#website"},"primaryImageOfPage":{"@id":"https:\/\/hurghada-airport.com\/parking\/#primaryimage"},"image":{"@id":"https:\/\/hurghada-airport.com\/parking\/#primaryimage"},"thumbnailUrl":"https:\/\/hurghada-airport.com\/wp-content\/uploads\/hurghada-airport-parking.jpg","datePublished":"2025-04-25T02:59:02+00:00","dateModified":"2025-05-22T09:49:33+00:00","description":"Explore Hurghada Airport's parking options: short-stay, long-term, VIP valet, EV charging, and 2025 rates.","breadcrumb":{"@id":"https:\/\/hurghada-airport.com\/parking\/#breadcrumb"},"inLanguage":"fi","potentialAction":[{"@type":"ReadAction","target":["https:\/\/hurghada-airport.com\/parking\/"]}]},{"@type":"ImageObject","inLanguage":"fi","@id":"https:\/\/hurghada-airport.com\/parking\/#primaryimage","url":"https:\/\/hurghada-airport.com\/wp-content\/uploads\/hurghada-airport-parking.jpg","contentUrl":"https:\/\/hurghada-airport.com\/wp-content\/uploads\/hurghada-airport-parking.jpg","width":680,"height":510},{"@type":"BreadcrumbList","@id":"https:\/\/hurghada-airport.com\/parking\/#breadcrumb","itemListElement":[{"@type":"ListItem","position":1,"name":"Home","item":"https:\/\/hurghada-airport.com\/"},{"@type":"ListItem","position":2,"name":"Hurghada Airport Parking Guide"}]},{"@type":"WebSite","@id":"https:\/\/hurghada-airport.com\/#website","url":"https:\/\/hurghada-airport.com\/","name":"Hurghada International Airport","description":"","publisher":{"@id":"https:\/\/hurghada-airport.com\/#organization"},"alternateName":"HRG","potentialAction":[{"@type":"SearchAction","target":{"@type":"EntryPoint","urlTemplate":"https:\/\/hurghada-airport.com\/?s={search_term_string}"},"query-input":{"@type":"PropertyValueSpecification","valueRequired":true,"valueName":"search_term_string"}}],"inLanguage":"fi"},{"@type":"Organization","@id":"https:\/\/hurghada-airport.com\/#organization","name":"Hurghada International Airport","alternateName":"HRG","url":"https:\/\/hurghada-airport.com\/","logo":{"@type":"ImageObject","inLanguage":"fi","@id":"https:\/\/hurghada-airport.com\/#\/schema\/logo\/image\/","url":"https:\/\/hurghada-airport.com\/wp-content\/uploads\/hrg-logo.jpg","contentUrl":"https:\/\/hurghada-airport.com\/wp-content\/uploads\/hrg-logo.jpg","width":2000,"height":1414,"caption":"Hurghada International Airport"},"image":{"@id":"https:\/\/hurghada-airport.com\/#\/schema\/logo\/image\/"},"sameAs":["https:\/\/www.facebook.com\/hurghadaairport"],"ownershipFundingInfo":"https:\/\/hurghada-airport.com\/about\/"}]}},"_links":{"self":[{"href":"https:\/\/hurghada-airport.com\/fi\/wp-json\/wp\/v2\/pages\/996","targetHints":{"allow":["GET"]}}],"collection":[{"href":"https:\/\/hurghada-airport.com\/fi\/wp-json\/wp\/v2\/pages"}],"about":[{"href":"https:\/\/hurghada-airport.com\/fi\/wp-json\/wp\/v2\/types\/page"}],"author":[{"embeddable":true,"href":"https:\/\/hurghada-airport.com\/fi\/wp-json\/wp\/v2\/users\/1"}],"replies":[{"embeddable":true,"href":"https:\/\/hurghada-airport.com\/fi\/wp-json\/wp\/v2\/comments?post=996"}],"version-history":[{"count":0,"href":"https:\/\/hurghada-airport.com\/fi\/wp-json\/wp\/v2\/pages\/996\/revisions"}],"wp:featuredmedia":[{"embeddable":true,"href":"https:\/\/hurghada-airport.com\/fi\/wp-json\/wp\/v2\/media\/998"}],"wp:attachment":[{"href":"https:\/\/hurghada-airport.com\/fi\/wp-json\/wp\/v2\/media?parent=996"}],"curies":[{"name":"wp","href":"https:\/\/api.w.org\/{rel}","templated":true}]}}