{"id":929,"date":"2025-04-24T18:05:46","date_gmt":"2025-04-24T18:05:46","guid":{"rendered":"https:\/\/hurghada-airport.com\/?page_id=929"},"modified":"2025-04-24T18:05:46","modified_gmt":"2025-04-24T18:05:46","slug":"history-of-hurghada","status":"publish","type":"page","link":"https:\/\/hurghada-airport.com\/fi\/hurghadan-historia\/","title":{"rendered":"Hurghadan historia"},"content":{"rendered":"<p>Yksi asia, joka tekee minuun suurimman vaikutuksen jokaisessa uudessa paikassa, on sen tarina, miten se on muotoutunut ajan my\u00f6t\u00e4. Siksi Hurghadalla on erityinen paikka syd\u00e4mess\u00e4ni. Kun vierailin siell\u00e4 ensimm\u00e4ist\u00e4 kertaa, minua tervehtiv\u00e4t valtavat lomakeskukset, vilkkaat venesatamat ja kimaltavat kaupat. Mutta kun pintaa alkaa raaputtaa uteliaisuudella, voi l\u00f6yt\u00e4\u00e4 j\u00e4lki\u00e4 nykyaikaisen loiston takana olevista vaatimattomista alkuajoista.<\/p>\n<p><img decoding=\"async\" class=\"size-medium aligncenter\" src=\"https:\/\/hotel-images.b-cdn.net\/hurghada\/The%20History%20of%20Hurghada\/1.webp\" width=\"1024\" height=\"683\" \/><\/p>\n<h2><strong>Miksi tutustua t\u00e4h\u00e4n Hurghadan erityiseen historiaan?<\/strong><\/h2>\n<p>Useimmat ihmiset tulevat Hurghadaan vain ottamaan aurinkoa, sukeltamaan tai lomailemaan. Ja rehellisesti sanottuna se on loistava paikka siihen. Mutta t\u00e4m\u00e4n modernin julkisivun takana oleva tarina on mielest\u00e4ni se, mik\u00e4 tekee siit\u00e4 paljon mielenkiintoisemman. Sen ymm\u00e4rt\u00e4minen, miten t\u00e4m\u00e4 kerran karu rannikko on muuttunut niin paljon muutamassa vuosikymmeness\u00e4, on el\u00e4v\u00e4 esimerkki siit\u00e4, miten globalisaatio, matkailu ja kehitys voivat keksi\u00e4 maiseman uudelleen.<\/p>\n<p><img decoding=\"async\" class=\"size-medium aligncenter\" src=\"https:\/\/hotel-images.b-cdn.net\/hurghada\/The%20History%20of%20Hurghada\/2.webp\" width=\"1024\" height=\"683\" \/><\/p>\n<h2><strong>Hurghada hiljaisena kalastajakyl\u00e4n\u00e4<\/strong><\/h2>\n<p>Hurghadan tarina on kaukana sen nykyisest\u00e4 loistavasta imagosta, vaan se on pikemminkin l\u00e4ht\u00f6isin vaatimattomista l\u00e4ht\u00f6kohdista. 1900-luvun alussa se oli l\u00e4hinn\u00e4 pieni, eristyksiss\u00e4 oleva Punaisenmeren rannikolla sijaitseva asutus, jossa asui kourallinen kalastajia ja beduineja. Siell\u00e4 ei ollut paljon muuta n\u00e4ht\u00e4v\u00e4\u00e4 kuin se, mit\u00e4 meri tarjosi. Nykyaikaista infrastruktuuria ei ollut, vesil\u00e4hteit\u00e4 oli vaikea l\u00f6yt\u00e4\u00e4, tiet olivat ep\u00e4vakaita ja viestint\u00e4yhteydet olivat rajalliset. El\u00e4m\u00e4n rytmi perustui meren vuoroveteen ja kalastusalusten paluuseen. Se oli l\u00e4hes piilossa muulta maailmalta, hiljainen, p\u00f6lyinen nurkka, jossa vain meren sininen ja aavikon keltainen kohtasivat. Niille, jotka asuivat siell\u00e4, el\u00e4m\u00e4 oli yksinkertaista mutta haastavaa, l\u00e4hell\u00e4 luontoa. Eik\u00f6 olekin vaikea kuvitella noita vanhoja aikoja nyky\u00e4\u00e4n?<\/p>\n<p><img decoding=\"async\" class=\"size-medium aligncenter\" src=\"https:\/\/hotel-images.b-cdn.net\/hurghada\/The%20History%20of%20Hurghada\/3.webp\" width=\"1024\" height=\"683\" \/><\/p>\n<h3><strong>\u00d6ljy ja strateginen merkitys<\/strong><\/h3>\n<p>Hurghadan onni alkoi muuttua 1900-luvun puoliv\u00e4liss\u00e4. \u00d6ljyvarantojen l\u00f6ytyminen alueelta antoi yht\u00e4kki\u00e4 t\u00e4lle hiljaiselle kolkalle strategisen ja taloudellisen merkityksen. T\u00e4\u00e4ll\u00e4 alettiin tehd\u00e4 ensimm\u00e4isi\u00e4 investointeja \u00f6ljynetsinn\u00e4n ja -porauksen infrastruktuuriin. Vaatimatonta satamaa laajennettiin, joitakin perusrakennuksia rakennettiin ja yhteys ulkomaailmaan luotiin v\u00e4hitellen. T\u00e4n\u00e4 aikana t\u00e4nne saapui l\u00e4hinn\u00e4 \u00f6ljyty\u00f6ntekij\u00f6it\u00e4 ja heid\u00e4n palvelijoitaan. Se oli viel\u00e4 kaukana matkailukohteesta, mutta se ei ollut en\u00e4\u00e4 pelkk\u00e4 kalastajien paikka. Alueen mahdollisuudet alkoivat hitaasti realisoitua, koska se oli luonnonvarojensa ja Punaisenmeren rannikolla sijaitsevan sijaintinsa ansiosta.<\/p>\n<p><img decoding=\"async\" class=\"size-medium aligncenter\" src=\"https:\/\/hotel-images.b-cdn.net\/hurghada\/The%20History%20of%20Hurghada\/5.webp\" width=\"1024\" height=\"683\" \/><\/p>\n<h3><strong>Punaisen meren potentiaalin tutkiminen<\/strong><\/h3>\n<p>Todellinen suuri muutos tapahtui sukellusmatkailun my\u00f6t\u00e4. 1980- ja 1990-luvut olivat Hurghadan k\u00e4\u00e4nnekohta. Tutkijat ja sukelluksen harrastajat alkoivat l\u00f6yt\u00e4\u00e4 Punaisenmeren uskomattoman vedenalaisen maailman v\u00e4rikk\u00e4ine koralliriuttoineen, eksoottisine kaloineen ja hylkyineen. Ensimm\u00e4iset seikkailunhaluiset sukeltajat Euroopasta l\u00f6ysiv\u00e4t Hurghadan koskemattomat vedet ja koskemattoman luonnon. N\u00e4m\u00e4 ensimm\u00e4iset k\u00e4vij\u00e4t asuivat yksinkertaisissa majataloissa, sekoittuivat paikallisten joukkoon ja keskittyiv\u00e4t p\u00e4\u00e4asiassa meren alle. Juuri t\u00e4m\u00e4 pieni, uraauurtava sukeltajayhteis\u00f6 loi perustan Hurghadan nykyiselle matkailuidentiteetille. Kaiken j\u00e4rjen mukaan sukelluskeskuksia oli noina vuosina v\u00e4h\u00e4n, ja kaikki oli paljon boutique-tyyppist\u00e4, paljon intiimimp\u00e4\u00e4.<\/p>\n<h2><strong>Lomakeskusten nousu<\/strong><\/h2>\n<p>Sukellusmatkailun menestys on osoittanut Hurghadan mahdollisuudet maailmanlaajuisessa matkailussa. 1990- ja 2000-luvuilla rakennettiin ja investoitiin valtavasti. Kansainv\u00e4liset hotelliketjut ja sijoittajat ker\u00e4\u00e4ntyiv\u00e4t pitkille hiekkarannoille ja kristallinkirkkaille vesille. Pienet majatalot korvattiin suurilla all-inclusive-keskuksilla.<\/p>\n<p>Infrastruktuuri kehittyi nopeasti; uusia teit\u00e4 rakennettiin, vesi- ja s\u00e4hk\u00f6verkkoja laajennettiin ja nykyaikaisia viestint\u00e4j\u00e4rjestelmi\u00e4 asennettiin. Lentokentt\u00e4\u00e4 laajennettiin, ja kansainv\u00e4liset lennot alkoivat laskeutua suoraan Hurghadaan. Aikoinaan eristyksiss\u00e4 olleesta rannikosta tuli yht\u00e4kki\u00e4 yksi maailman nopeimmin kasvavista matkailukohteista.<\/p>\n<p><img decoding=\"async\" class=\"size-medium aligncenter\" src=\"https:\/\/hotel-images.b-cdn.net\/hurghada\/The%20History%20of%20Hurghada\/6.webp\" width=\"1024\" height=\"683\" \/><\/p>\n<h3><strong>Ymp\u00e4rist\u00f6 ja kulttuurin muutos<\/strong><\/h3>\n<p>T\u00e4ll\u00e4 nopealla ja hallitsemattomalla kehityksell\u00e4 on tietysti ollut hintansa. Valtavien hotellikompleksien rakentaminen ja matkailijoiden m\u00e4\u00e4r\u00e4n kasvu ovat aiheuttaneet paineita Punaisenmeren herk\u00e4lle ekosysteemille. Koralliriuttojen suojelun, j\u00e4tehuollon ja vesivarojen kest\u00e4vyyden kaltaiset kysymykset ovat ajan my\u00f6t\u00e4 tulleet entist\u00e4 t\u00e4rke\u00e4mmiksi. My\u00f6s paikallisten ihmisten el\u00e4m\u00e4ntapa ja kulttuuri ovat k\u00e4rsineet. Perinteiset ammatit ovat v\u00e4istyneet matkailuun liittyvien ty\u00f6paikkojen tielt\u00e4, v\u00e4est\u00f6rakenne on muuttunut ja sosiaalinen dynamiikka on muuttunut.<\/p>\n<p>Hurghadan huiman muodonmuutoksen seuraaminen (tietysti ajan my\u00f6t\u00e4) on osoittanut minulle j\u00e4lleen kerran, miten nopeasti paikka voi muuttua. Kalastajakyl\u00e4st\u00e4 yhdeksi maailmanlaajuisen matkailun j\u00e4ttil\u00e4isist\u00e4 on osoitus sek\u00e4 ihmisten sinnikkyydest\u00e4 ett\u00e4 maailmanlaajuisista talousvoimista. T\u00e4m\u00e4n tarinan tunteminen tuo kokemukseesi siell\u00e4 aivan uutta syvyytt\u00e4. Turvallista matkaa!<\/p>","protected":false},"excerpt":{"rendered":"<p>Yksi asia, joka tekee minuun suurimman vaikutuksen jokaisessa uudessa paikassa, on sen tarina, miten se on muotoutunut [...]<\/p>","protected":false},"author":1,"featured_media":931,"parent":0,"menu_order":0,"comment_status":"closed","ping_status":"closed","template":"","meta":{"_acf_changed":false,"site-sidebar-layout":"default","site-content-layout":"","ast-site-content-layout":"default","site-content-style":"default","site-sidebar-style":"default","ast-global-header-display":"","ast-banner-title-visibility":"","ast-main-header-display":"","ast-hfb-above-header-display":"","ast-hfb-below-header-display":"","ast-hfb-mobile-header-display":"","site-post-title":"","ast-breadcrumbs-content":"","ast-featured-img":"","footer-sml-layout":"","theme-transparent-header-meta":"default","adv-header-id-meta":"","stick-header-meta":"","header-above-stick-meta":"","header-main-stick-meta":"","header-below-stick-meta":"","astra-migrate-meta-layouts":"set","ast-page-background-enabled":"default","ast-page-background-meta":{"desktop":{"background-color":"var(--ast-global-color-4)","background-image":"","background-repeat":"repeat","background-position":"center center","background-size":"auto","background-attachment":"scroll","background-type":"","background-media":"","overlay-type":"","overlay-color":"","overlay-opacity":"","overlay-gradient":""},"tablet":{"background-color":"","background-image":"","background-repeat":"repeat","background-position":"center center","background-size":"auto","background-attachment":"scroll","background-type":"","background-media":"","overlay-type":"","overlay-color":"","overlay-opacity":"","overlay-gradient":""},"mobile":{"background-color":"","background-image":"","background-repeat":"repeat","background-position":"center center","background-size":"auto","background-attachment":"scroll","background-type":"","background-media":"","overlay-type":"","overlay-color":"","overlay-opacity":"","overlay-gradient":""}},"ast-content-background-meta":{"desktop":{"background-color":"var(--ast-global-color-5)","background-image":"","background-repeat":"repeat","background-position":"center center","background-size":"auto","background-attachment":"scroll","background-type":"","background-media":"","overlay-type":"","overlay-color":"","overlay-opacity":"","overlay-gradient":""},"tablet":{"background-color":"var(--ast-global-color-5)","background-image":"","background-repeat":"repeat","background-position":"center center","background-size":"auto","background-attachment":"scroll","background-type":"","background-media":"","overlay-type":"","overlay-color":"","overlay-opacity":"","overlay-gradient":""},"mobile":{"background-color":"var(--ast-global-color-5)","background-image":"","background-repeat":"repeat","background-position":"center center","background-size":"auto","background-attachment":"scroll","background-type":"","background-media":"","overlay-type":"","overlay-color":"","overlay-opacity":"","overlay-gradient":""}},"footnotes":""},"class_list":["post-929","page","type-page","status-publish","has-post-thumbnail","hentry"],"acf":[],"yoast_head":"<!-- This site is optimized with the Yoast SEO Premium plugin v24.0 (Yoast SEO v25.7) - https:\/\/yoast.com\/wordpress\/plugins\/seo\/ -->\n<title>The History of Hurghada: From Fishing Village to Tourist Hub<\/title>\n<meta name=\"description\" content=\"Discover the fascinating history of Hurghada, Egypt as it grew from a quiet Red Sea fishing village into a booming global resort destination shaped by oil and tourism\" \/>\n<meta name=\"robots\" content=\"index, follow, max-snippet:-1, max-image-preview:large, max-video-preview:-1\" \/>\n<link rel=\"canonical\" href=\"https:\/\/hurghada-airport.com\/fi\/hurghadan-historia\/\" \/>\n<meta property=\"og:locale\" content=\"fi_FI\" \/>\n<meta property=\"og:type\" content=\"article\" \/>\n<meta property=\"og:title\" content=\"The History of Hurghada\" \/>\n<meta property=\"og:description\" content=\"Discover the fascinating history of Hurghada, Egypt as it grew from a quiet Red Sea fishing village into a booming global resort destination shaped by oil and tourism\" \/>\n<meta property=\"og:url\" content=\"https:\/\/hurghada-airport.com\/fi\/hurghadan-historia\/\" \/>\n<meta property=\"article:publisher\" content=\"https:\/\/www.facebook.com\/hurghadaairport\" \/>\n<meta property=\"og:image\" content=\"https:\/\/hurghada-airport.com\/wp-content\/uploads\/7.webp\" \/>\n\t<meta property=\"og:image:width\" content=\"1024\" \/>\n\t<meta property=\"og:image:height\" content=\"683\" \/>\n\t<meta property=\"og:image:type\" content=\"image\/webp\" \/>\n<meta name=\"twitter:card\" content=\"summary_large_image\" \/>\n<meta name=\"twitter:label1\" content=\"Arvioitu lukuaika\" \/>\n\t<meta name=\"twitter:data1\" content=\"5 minuuttia\" \/>\n<script type=\"application\/ld+json\" class=\"yoast-schema-graph\">{\"@context\":\"https:\/\/schema.org\",\"@graph\":[{\"@type\":\"WebPage\",\"@id\":\"https:\/\/hurghada-airport.com\/history-of-hurghada\/\",\"url\":\"https:\/\/hurghada-airport.com\/history-of-hurghada\/\",\"name\":\"The History of Hurghada: From Fishing Village to Tourist Hub\",\"isPartOf\":{\"@id\":\"https:\/\/hurghada-airport.com\/#website\"},\"primaryImageOfPage\":{\"@id\":\"https:\/\/hurghada-airport.com\/history-of-hurghada\/#primaryimage\"},\"image\":{\"@id\":\"https:\/\/hurghada-airport.com\/history-of-hurghada\/#primaryimage\"},\"thumbnailUrl\":\"https:\/\/hurghada-airport.com\/wp-content\/uploads\/7.webp\",\"datePublished\":\"2025-04-24T18:05:46+00:00\",\"description\":\"Discover the fascinating history of Hurghada, Egypt as it grew from a quiet Red Sea fishing village into a booming global resort destination shaped by oil and tourism\",\"breadcrumb\":{\"@id\":\"https:\/\/hurghada-airport.com\/history-of-hurghada\/#breadcrumb\"},\"inLanguage\":\"fi\",\"potentialAction\":[{\"@type\":\"ReadAction\",\"target\":[\"https:\/\/hurghada-airport.com\/history-of-hurghada\/\"]}]},{\"@type\":\"ImageObject\",\"inLanguage\":\"fi\",\"@id\":\"https:\/\/hurghada-airport.com\/history-of-hurghada\/#primaryimage\",\"url\":\"https:\/\/hurghada-airport.com\/wp-content\/uploads\/7.webp\",\"contentUrl\":\"https:\/\/hurghada-airport.com\/wp-content\/uploads\/7.webp\",\"width\":1024,\"height\":683},{\"@type\":\"BreadcrumbList\",\"@id\":\"https:\/\/hurghada-airport.com\/history-of-hurghada\/#breadcrumb\",\"itemListElement\":[{\"@type\":\"ListItem\",\"position\":1,\"name\":\"Home\",\"item\":\"https:\/\/hurghada-airport.com\/\"},{\"@type\":\"ListItem\",\"position\":2,\"name\":\"The History of Hurghada\"}]},{\"@type\":\"WebSite\",\"@id\":\"https:\/\/hurghada-airport.com\/#website\",\"url\":\"https:\/\/hurghada-airport.com\/\",\"name\":\"Hurghada International Airport\",\"description\":\"\",\"publisher\":{\"@id\":\"https:\/\/hurghada-airport.com\/#organization\"},\"alternateName\":\"HRG\",\"potentialAction\":[{\"@type\":\"SearchAction\",\"target\":{\"@type\":\"EntryPoint\",\"urlTemplate\":\"https:\/\/hurghada-airport.com\/?s={search_term_string}\"},\"query-input\":{\"@type\":\"PropertyValueSpecification\",\"valueRequired\":true,\"valueName\":\"search_term_string\"}}],\"inLanguage\":\"fi\"},{\"@type\":\"Organization\",\"@id\":\"https:\/\/hurghada-airport.com\/#organization\",\"name\":\"Hurghada International Airport\",\"alternateName\":\"HRG\",\"url\":\"https:\/\/hurghada-airport.com\/\",\"logo\":{\"@type\":\"ImageObject\",\"inLanguage\":\"fi\",\"@id\":\"https:\/\/hurghada-airport.com\/#\/schema\/logo\/image\/\",\"url\":\"https:\/\/hurghada-airport.com\/wp-content\/uploads\/hrg-logo.jpg\",\"contentUrl\":\"https:\/\/hurghada-airport.com\/wp-content\/uploads\/hrg-logo.jpg\",\"width\":2000,\"height\":1414,\"caption\":\"Hurghada International Airport\"},\"image\":{\"@id\":\"https:\/\/hurghada-airport.com\/#\/schema\/logo\/image\/\"},\"sameAs\":[\"https:\/\/www.facebook.com\/hurghadaairport\"],\"ownershipFundingInfo\":\"https:\/\/hurghada-airport.com\/about\/\"}]}<\/script>\n<!-- \/ Yoast SEO Premium plugin. -->","yoast_head_json":{"title":"The History of Hurghada: From Fishing Village to Tourist Hub","description":"Discover the fascinating history of Hurghada, Egypt as it grew from a quiet Red Sea fishing village into a booming global resort destination shaped by oil and tourism","robots":{"index":"index","follow":"follow","max-snippet":"max-snippet:-1","max-image-preview":"max-image-preview:large","max-video-preview":"max-video-preview:-1"},"canonical":"https:\/\/hurghada-airport.com\/fi\/hurghadan-historia\/","og_locale":"fi_FI","og_type":"article","og_title":"The History of Hurghada","og_description":"Discover the fascinating history of Hurghada, Egypt as it grew from a quiet Red Sea fishing village into a booming global resort destination shaped by oil and tourism","og_url":"https:\/\/hurghada-airport.com\/fi\/hurghadan-historia\/","article_publisher":"https:\/\/www.facebook.com\/hurghadaairport","og_image":[{"width":1024,"height":683,"url":"https:\/\/hurghada-airport.com\/wp-content\/uploads\/7.webp","type":"image\/webp"}],"twitter_card":"summary_large_image","twitter_misc":{"Arvioitu lukuaika":"5 minuuttia"},"schema":{"@context":"https:\/\/schema.org","@graph":[{"@type":"WebPage","@id":"https:\/\/hurghada-airport.com\/history-of-hurghada\/","url":"https:\/\/hurghada-airport.com\/history-of-hurghada\/","name":"The History of Hurghada: From Fishing Village to Tourist Hub","isPartOf":{"@id":"https:\/\/hurghada-airport.com\/#website"},"primaryImageOfPage":{"@id":"https:\/\/hurghada-airport.com\/history-of-hurghada\/#primaryimage"},"image":{"@id":"https:\/\/hurghada-airport.com\/history-of-hurghada\/#primaryimage"},"thumbnailUrl":"https:\/\/hurghada-airport.com\/wp-content\/uploads\/7.webp","datePublished":"2025-04-24T18:05:46+00:00","description":"Discover the fascinating history of Hurghada, Egypt as it grew from a quiet Red Sea fishing village into a booming global resort destination shaped by oil and tourism","breadcrumb":{"@id":"https:\/\/hurghada-airport.com\/history-of-hurghada\/#breadcrumb"},"inLanguage":"fi","potentialAction":[{"@type":"ReadAction","target":["https:\/\/hurghada-airport.com\/history-of-hurghada\/"]}]},{"@type":"ImageObject","inLanguage":"fi","@id":"https:\/\/hurghada-airport.com\/history-of-hurghada\/#primaryimage","url":"https:\/\/hurghada-airport.com\/wp-content\/uploads\/7.webp","contentUrl":"https:\/\/hurghada-airport.com\/wp-content\/uploads\/7.webp","width":1024,"height":683},{"@type":"BreadcrumbList","@id":"https:\/\/hurghada-airport.com\/history-of-hurghada\/#breadcrumb","itemListElement":[{"@type":"ListItem","position":1,"name":"Home","item":"https:\/\/hurghada-airport.com\/"},{"@type":"ListItem","position":2,"name":"The History of Hurghada"}]},{"@type":"WebSite","@id":"https:\/\/hurghada-airport.com\/#website","url":"https:\/\/hurghada-airport.com\/","name":"Hurghada International Airport","description":"","publisher":{"@id":"https:\/\/hurghada-airport.com\/#organization"},"alternateName":"HRG","potentialAction":[{"@type":"SearchAction","target":{"@type":"EntryPoint","urlTemplate":"https:\/\/hurghada-airport.com\/?s={search_term_string}"},"query-input":{"@type":"PropertyValueSpecification","valueRequired":true,"valueName":"search_term_string"}}],"inLanguage":"fi"},{"@type":"Organization","@id":"https:\/\/hurghada-airport.com\/#organization","name":"Hurghada International Airport","alternateName":"HRG","url":"https:\/\/hurghada-airport.com\/","logo":{"@type":"ImageObject","inLanguage":"fi","@id":"https:\/\/hurghada-airport.com\/#\/schema\/logo\/image\/","url":"https:\/\/hurghada-airport.com\/wp-content\/uploads\/hrg-logo.jpg","contentUrl":"https:\/\/hurghada-airport.com\/wp-content\/uploads\/hrg-logo.jpg","width":2000,"height":1414,"caption":"Hurghada International Airport"},"image":{"@id":"https:\/\/hurghada-airport.com\/#\/schema\/logo\/image\/"},"sameAs":["https:\/\/www.facebook.com\/hurghadaairport"],"ownershipFundingInfo":"https:\/\/hurghada-airport.com\/about\/"}]}},"_links":{"self":[{"href":"https:\/\/hurghada-airport.com\/fi\/wp-json\/wp\/v2\/pages\/929","targetHints":{"allow":["GET"]}}],"collection":[{"href":"https:\/\/hurghada-airport.com\/fi\/wp-json\/wp\/v2\/pages"}],"about":[{"href":"https:\/\/hurghada-airport.com\/fi\/wp-json\/wp\/v2\/types\/page"}],"author":[{"embeddable":true,"href":"https:\/\/hurghada-airport.com\/fi\/wp-json\/wp\/v2\/users\/1"}],"replies":[{"embeddable":true,"href":"https:\/\/hurghada-airport.com\/fi\/wp-json\/wp\/v2\/comments?post=929"}],"version-history":[{"count":0,"href":"https:\/\/hurghada-airport.com\/fi\/wp-json\/wp\/v2\/pages\/929\/revisions"}],"wp:featuredmedia":[{"embeddable":true,"href":"https:\/\/hurghada-airport.com\/fi\/wp-json\/wp\/v2\/media\/931"}],"wp:attachment":[{"href":"https:\/\/hurghada-airport.com\/fi\/wp-json\/wp\/v2\/media?parent=929"}],"curies":[{"name":"wp","href":"https:\/\/api.w.org\/{rel}","templated":true}]}}