{"id":1038,"date":"2025-04-26T02:16:19","date_gmt":"2025-04-26T02:16:19","guid":{"rendered":"https:\/\/hurghada-airport.com\/?page_id=1038"},"modified":"2025-05-14T13:20:27","modified_gmt":"2025-05-14T13:20:27","slug":"eat-and-drink","status":"publish","type":"page","link":"https:\/\/hurghada-airport.com\/fi\/syoda-ja-juoda\/","title":{"rendered":"Sy\u00f6 &amp; juo"},"content":{"rendered":"<h2>Hurghadan lentoaseman ravintolat ja kahvilat<\/h2>\n<p>Suunniteltu parantamaan matkustajakokemusta, <a href=\"https:\/\/hurghada-airport.com\/fi\/\">Hurghadan lentoasema<\/a>ruoka- ja juomavalikoima tarjoaa laajan valikoiman kansainv\u00e4lisist\u00e4 pikaruokaketjuista, jotka sijaitsevat terminaalin eri osissa, kolmannen sukupolven kahviloihin ja paikallisen keitti\u00f6n arvostettuihin edustajiin.<\/p>\n<p>T\u00e4m\u00e4 sis\u00e4lt\u00f6 on yrityksen viitel\u00e4hde matkustajille, jotka etsiv\u00e4t ajanhallintaa ja mukavuutta lentoa edelt\u00e4v\u00e4ss\u00e4 tai kauttakulkuprosessissa, ker\u00e4\u00e4m\u00e4ll\u00e4 saman katon alle yritykset, jotka on arvioitu valikkojen runsauden, palvelun nopeuden ja sijainnin etujen kannalta.<\/p>\n<p><strong>Burger King<\/strong><br \/>\nSe on avoinna ymp\u00e4ri vuorokauden, ja siell\u00e4 on tarjolla Whopper- ja rapeita perunaklassikoita sek\u00e4 kosketusn\u00e4yt\u00f6llisi\u00e4 kioskeja, jotka lyhent\u00e4v\u00e4t odotusaikoja. Olemme kiitollisia Burger Kingille siit\u00e4, ett\u00e4 se tarjoaa n\u00e4lk\u00e4isille matkustajille luotettavan vaihtoehdon my\u00f6s keskell\u00e4 y\u00f6t\u00e4.<br \/>\n<img decoding=\"async\" src=\"https:\/\/hotel-images.b-cdn.net\/hurghada\/eat\/burgerking.webp\" alt=\"\" \/><\/p>\n<p><strong>Caff\u00e8 Ritazza<\/strong><br \/>\nSe tekee lyhyist\u00e4 tauoista arvokkaita intensiivisen espresson makunsa ansiosta. Kausikohtaiset lattet ja voiset croissantit k\u00e4dess\u00e4si muutamassa minuutissa kosketuksettoman maksun avulla.<br \/>\n<img decoding=\"async\" src=\"https:\/\/hotel-images.b-cdn.net\/hurghada\/eat\/cafe-ritazza.webp\" alt=\"\" \/><\/p>\n<p><strong>Kahvilaboratorio<\/strong><br \/>\nT\u00e4m\u00e4 kahvinkeittoon ja kylm\u00e4\u00e4n keitt\u00e4miseen keskittyv\u00e4 nurkkaus tarjoaa kahvin yst\u00e4ville laboratorion kaltaisen ilmapiirin. Mobiilisovelluksen kautta tehty tilaus on valmis heti, kun astut sis\u00e4\u00e4n. T\u00e4m\u00e4 s\u00e4\u00e4st\u00e4\u00e4 huomattavasti aikaa.<br \/>\n<img decoding=\"async\" src=\"https:\/\/hotel-images.b-cdn.net\/hurghada\/eat\/caffe-lab.webp\" alt=\"\" \/><\/p>\n<p><strong>Yl\u00e4kuori<\/strong><br \/>\nTuoreen leiv\u00e4n tuoksu on aistittavissa k\u00e4yt\u00e4v\u00e4ll\u00e4. Paahtopaisti-tuorejuustovoileiv\u00e4t ovat aina kuumia. T\u00e4m\u00e4 on ihanteellinen pys\u00e4hdyspaikka niille, jotka haluavat nopean mutta t\u00e4ytt\u00e4v\u00e4n v\u00e4lipalan.<br \/>\n<img decoding=\"async\" src=\"https:\/\/hotel-images.b-cdn.net\/hurghada\/eat\/upper-crust.webp\" alt=\"\" \/><\/p>\n<p><strong>KFC<\/strong><br \/>\nVuonna 2024 avattu sivukonttori antaa lentoasemalle energiaa mausteisilla kana-\u00e4mp\u00e4reill\u00e4\u00e4n ja kastikekastikkeella tarjoilluilla lisukkeilla. Itsepalveluasemat pit\u00e4v\u00e4t virtauksen k\u00e4ynniss\u00e4 ruuhka-aikoina.<br \/>\n<img decoding=\"async\" src=\"https:\/\/hotel-images.b-cdn.net\/hurghada\/eat\/kfc.webp\" alt=\"\" \/><\/p>\n<p><strong>Costa Coffee<\/strong><br \/>\nSe tarjoaa asiakkailleen brittil\u00e4ist\u00e4 kahvikulttuuria, jossa on tarjolla flat white -kahvia ja chai latte -vaihtoehtoja. Kanta-asiakasohjelma on aina eduksi kaltaisilleni kanta-asiakkaille.<br \/>\n<img decoding=\"async\" src=\"https:\/\/hotel-images.b-cdn.net\/hurghada\/eat\/costa-coffe.webp\" alt=\"\" \/><\/p>\n<p><strong>Levito Pizza &amp; Pasta<\/strong><br \/>\nOhutkuoriset pizzat tarjoillaan viipaleina tai t\u00e4ysikokoisina, ja voit seurata, kuinka tuoreet pastat valmistetaan p\u00e4ivitt\u00e4in avokeitti\u00f6ss\u00e4. Tarjolla on my\u00f6s vaihtoehtoisia taikinavaihtoehtoja gluteeniyliherkkyydest\u00e4 k\u00e4rsiville.<br \/>\n<img decoding=\"async\" src=\"https:\/\/hotel-images.b-cdn.net\/hurghada\/eat\/Levito%20Pizza%20%26%20Pasta.webp\" alt=\"\" \/><\/p>\n<p><strong>Hyv\u00e4 vanha englantilainen pubi<\/strong><br \/>\nLaaja olutvalikoima, suorat urheilul\u00e4hetykset ja fish &amp; chips -annokset pit\u00e4v\u00e4t klassisen pubikulttuurin elossa. Iltaisin tungos tekee my\u00f6h\u00e4styneist\u00e4 lennoista hauskoja.<br \/>\n<img decoding=\"async\" src=\"https:\/\/hotel-images.b-cdn.net\/hurghada\/eat\/Good%20Old%20English%20Pub.webp\" alt=\"\" \/><\/p>\n<p><strong>Kafficho Kahvi<\/strong><br \/>\nYhden alkuper\u00e4n pavuista keitetyt kahvit tarjoillaan lasin edess\u00e4, josta on n\u00e4kym\u00e4t kiitotielle. Erilaisia yrttimaitojuomia on suuri etu.<br \/>\n<img decoding=\"async\" src=\"https:\/\/hotel-images.b-cdn.net\/hurghada\/eat\/Kafficho%20Coffee.webp\" alt=\"\" \/><\/p>\n<p><strong>Negroni Pizza<\/strong><br \/>\nT\u00e4m\u00e4 kauttakulkualueella sijaitseva paikka tarjoaa ohutkuorisia pizzoja ja nopeaa palvelua.<\/p>\n<p><img decoding=\"async\" class=\"alignnone size-medium\" src=\"https:\/\/hotel-images.b-cdn.net\/hurghada\/eat\/Negroni%20Pizza.webp\" width=\"1024\" height=\"683\" \/><\/p>\n<p><strong>Segafredo<\/strong><br \/>\nT\u00e4m\u00e4 ymp\u00e4ri vuorokauden auki oleva italialainen kahvila auttaa sinua rentoutumaan vahvan espresson ja tuoreiden leivonnaisten avulla. Punamusta muotoilu sopii <a href=\"https:\/\/hurghada-airport.com\/fi\/terminaali\/\">terminaali<\/a> konseptin t\u00e4ydellisesti.<br \/>\n<img decoding=\"async\" src=\"https:\/\/hotel-images.b-cdn.net\/hurghada\/eat\/Segafredo.webp\" alt=\"\" \/><\/p>","protected":false},"excerpt":{"rendered":"<p>Hurghadan lentoaseman ravintolat ja kahvilat Hurghadan lentoaseman ruoka- ja juomavalikoima on suunniteltu parantamaan matkustajakokemusta, ja se tarjoaa [...]<\/p>","protected":false},"author":1,"featured_media":1202,"parent":0,"menu_order":0,"comment_status":"closed","ping_status":"closed","template":"","meta":{"_acf_changed":false,"site-sidebar-layout":"default","site-content-layout":"","ast-site-content-layout":"default","site-content-style":"default","site-sidebar-style":"default","ast-global-header-display":"","ast-banner-title-visibility":"","ast-main-header-display":"","ast-hfb-above-header-display":"","ast-hfb-below-header-display":"","ast-hfb-mobile-header-display":"","site-post-title":"","ast-breadcrumbs-content":"","ast-featured-img":"","footer-sml-layout":"","theme-transparent-header-meta":"default","adv-header-id-meta":"","stick-header-meta":"","header-above-stick-meta":"","header-main-stick-meta":"","header-below-stick-meta":"","astra-migrate-meta-layouts":"set","ast-page-background-enabled":"default","ast-page-background-meta":{"desktop":{"background-color":"var(--ast-global-color-4)","background-image":"","background-repeat":"repeat","background-position":"center center","background-size":"auto","background-attachment":"scroll","background-type":"","background-media":"","overlay-type":"","overlay-color":"","overlay-opacity":"","overlay-gradient":""},"tablet":{"background-color":"","background-image":"","background-repeat":"repeat","background-position":"center center","background-size":"auto","background-attachment":"scroll","background-type":"","background-media":"","overlay-type":"","overlay-color":"","overlay-opacity":"","overlay-gradient":""},"mobile":{"background-color":"","background-image":"","background-repeat":"repeat","background-position":"center center","background-size":"auto","background-attachment":"scroll","background-type":"","background-media":"","overlay-type":"","overlay-color":"","overlay-opacity":"","overlay-gradient":""}},"ast-content-background-meta":{"desktop":{"background-color":"var(--ast-global-color-5)","background-image":"","background-repeat":"repeat","background-position":"center center","background-size":"auto","background-attachment":"scroll","background-type":"","background-media":"","overlay-type":"","overlay-color":"","overlay-opacity":"","overlay-gradient":""},"tablet":{"background-color":"var(--ast-global-color-5)","background-image":"","background-repeat":"repeat","background-position":"center center","background-size":"auto","background-attachment":"scroll","background-type":"","background-media":"","overlay-type":"","overlay-color":"","overlay-opacity":"","overlay-gradient":""},"mobile":{"background-color":"var(--ast-global-color-5)","background-image":"","background-repeat":"repeat","background-position":"center center","background-size":"auto","background-attachment":"scroll","background-type":"","background-media":"","overlay-type":"","overlay-color":"","overlay-opacity":"","overlay-gradient":""}},"footnotes":""},"class_list":["post-1038","page","type-page","status-publish","has-post-thumbnail","hentry"],"acf":[],"yoast_head":"<!-- This site is optimized with the Yoast SEO Premium plugin v24.0 (Yoast SEO v25.7) - https:\/\/yoast.com\/wordpress\/plugins\/seo\/ -->\n<title>Where to Eat at Hurghada Airport: Best Cafes &amp; Restaurants 2025<\/title>\n<meta name=\"description\" content=\"Discover Hurghada Airport&#039;s top food spots for 2025, from fast food to gourmet coffee. See menus, locations, service tips, and 24\/7 options in one guide.\" \/>\n<meta name=\"robots\" content=\"index, follow, max-snippet:-1, max-image-preview:large, max-video-preview:-1\" \/>\n<link rel=\"canonical\" href=\"https:\/\/hurghada-airport.com\/fi\/syoda-ja-juoda\/\" \/>\n<meta property=\"og:locale\" content=\"fi_FI\" \/>\n<meta property=\"og:type\" content=\"article\" \/>\n<meta property=\"og:title\" content=\"Eat &amp; Drink\" \/>\n<meta property=\"og:description\" content=\"Discover Hurghada Airport&#039;s top food spots for 2025, from fast food to gourmet coffee. See menus, locations, service tips, and 24\/7 options in one guide.\" \/>\n<meta property=\"og:url\" content=\"https:\/\/hurghada-airport.com\/fi\/syoda-ja-juoda\/\" \/>\n<meta property=\"article:publisher\" content=\"https:\/\/www.facebook.com\/hurghadaairport\" \/>\n<meta property=\"article:modified_time\" content=\"2025-05-14T13:20:27+00:00\" \/>\n<meta property=\"og:image\" content=\"https:\/\/hurghada-airport.com\/wp-content\/uploads\/food_outlet_collage-1.png\" \/>\n\t<meta property=\"og:image:width\" content=\"1800\" \/>\n\t<meta property=\"og:image:height\" content=\"800\" \/>\n\t<meta property=\"og:image:type\" content=\"image\/png\" \/>\n<meta name=\"twitter:card\" content=\"summary_large_image\" \/>\n<meta name=\"twitter:label1\" content=\"Arvioitu lukuaika\" \/>\n\t<meta name=\"twitter:data1\" content=\"5 minuuttia\" \/>\n<script type=\"application\/ld+json\" class=\"yoast-schema-graph\">{\"@context\":\"https:\/\/schema.org\",\"@graph\":[{\"@type\":\"WebPage\",\"@id\":\"https:\/\/hurghada-airport.com\/eat-and-drink\/\",\"url\":\"https:\/\/hurghada-airport.com\/eat-and-drink\/\",\"name\":\"Where to Eat at Hurghada Airport: Best Cafes & Restaurants 2025\",\"isPartOf\":{\"@id\":\"https:\/\/hurghada-airport.com\/#website\"},\"primaryImageOfPage\":{\"@id\":\"https:\/\/hurghada-airport.com\/eat-and-drink\/#primaryimage\"},\"image\":{\"@id\":\"https:\/\/hurghada-airport.com\/eat-and-drink\/#primaryimage\"},\"thumbnailUrl\":\"https:\/\/i3.wp.com\/hotel-images.b-cdn.net\/hurghada\/200x200\/eat-drink%20(1)%20(1).png?w=200&resize=200,200&ssl=1\",\"datePublished\":\"2025-04-26T02:16:19+00:00\",\"dateModified\":\"2025-05-14T13:20:27+00:00\",\"description\":\"Discover Hurghada Airport's top food spots for 2025, from fast food to gourmet coffee. See menus, locations, service tips, and 24\/7 options in one guide.\",\"breadcrumb\":{\"@id\":\"https:\/\/hurghada-airport.com\/eat-and-drink\/#breadcrumb\"},\"inLanguage\":\"fi\",\"potentialAction\":[{\"@type\":\"ReadAction\",\"target\":[\"https:\/\/hurghada-airport.com\/eat-and-drink\/\"]}]},{\"@type\":\"ImageObject\",\"inLanguage\":\"fi\",\"@id\":\"https:\/\/hurghada-airport.com\/eat-and-drink\/#primaryimage\",\"url\":\"https:\/\/i3.wp.com\/hotel-images.b-cdn.net\/hurghada\/200x200\/eat-drink%20(1)%20(1).png?w=200&resize=200,200&ssl=1\",\"contentUrl\":\"https:\/\/i3.wp.com\/hotel-images.b-cdn.net\/hurghada\/200x200\/eat-drink%20(1)%20(1).png?w=200&resize=200,200&ssl=1\",\"width\":\"200\",\"height\":\"200\"},{\"@type\":\"BreadcrumbList\",\"@id\":\"https:\/\/hurghada-airport.com\/eat-and-drink\/#breadcrumb\",\"itemListElement\":[{\"@type\":\"ListItem\",\"position\":1,\"name\":\"Home\",\"item\":\"https:\/\/hurghada-airport.com\/\"},{\"@type\":\"ListItem\",\"position\":2,\"name\":\"Eat &#038; Drink\"}]},{\"@type\":\"WebSite\",\"@id\":\"https:\/\/hurghada-airport.com\/#website\",\"url\":\"https:\/\/hurghada-airport.com\/\",\"name\":\"Hurghada International Airport\",\"description\":\"\",\"publisher\":{\"@id\":\"https:\/\/hurghada-airport.com\/#organization\"},\"alternateName\":\"HRG\",\"potentialAction\":[{\"@type\":\"SearchAction\",\"target\":{\"@type\":\"EntryPoint\",\"urlTemplate\":\"https:\/\/hurghada-airport.com\/?s={search_term_string}\"},\"query-input\":{\"@type\":\"PropertyValueSpecification\",\"valueRequired\":true,\"valueName\":\"search_term_string\"}}],\"inLanguage\":\"fi\"},{\"@type\":\"Organization\",\"@id\":\"https:\/\/hurghada-airport.com\/#organization\",\"name\":\"Hurghada International Airport\",\"alternateName\":\"HRG\",\"url\":\"https:\/\/hurghada-airport.com\/\",\"logo\":{\"@type\":\"ImageObject\",\"inLanguage\":\"fi\",\"@id\":\"https:\/\/hurghada-airport.com\/#\/schema\/logo\/image\/\",\"url\":\"https:\/\/hurghada-airport.com\/wp-content\/uploads\/hrg-logo.jpg\",\"contentUrl\":\"https:\/\/hurghada-airport.com\/wp-content\/uploads\/hrg-logo.jpg\",\"width\":2000,\"height\":1414,\"caption\":\"Hurghada International Airport\"},\"image\":{\"@id\":\"https:\/\/hurghada-airport.com\/#\/schema\/logo\/image\/\"},\"sameAs\":[\"https:\/\/www.facebook.com\/hurghadaairport\"],\"ownershipFundingInfo\":\"https:\/\/hurghada-airport.com\/about\/\"}]}<\/script>\n<!-- \/ Yoast SEO Premium plugin. -->","yoast_head_json":{"title":"Where to Eat at Hurghada Airport: Best Cafes & Restaurants 2025","description":"Discover Hurghada Airport's top food spots for 2025, from fast food to gourmet coffee. See menus, locations, service tips, and 24\/7 options in one guide.","robots":{"index":"index","follow":"follow","max-snippet":"max-snippet:-1","max-image-preview":"max-image-preview:large","max-video-preview":"max-video-preview:-1"},"canonical":"https:\/\/hurghada-airport.com\/fi\/syoda-ja-juoda\/","og_locale":"fi_FI","og_type":"article","og_title":"Eat & Drink","og_description":"Discover Hurghada Airport's top food spots for 2025, from fast food to gourmet coffee. See menus, locations, service tips, and 24\/7 options in one guide.","og_url":"https:\/\/hurghada-airport.com\/fi\/syoda-ja-juoda\/","article_publisher":"https:\/\/www.facebook.com\/hurghadaairport","article_modified_time":"2025-05-14T13:20:27+00:00","og_image":[{"width":1800,"height":800,"url":"https:\/\/hurghada-airport.com\/wp-content\/uploads\/food_outlet_collage-1.png","type":"image\/png"}],"twitter_card":"summary_large_image","twitter_misc":{"Arvioitu lukuaika":"5 minuuttia"},"schema":{"@context":"https:\/\/schema.org","@graph":[{"@type":"WebPage","@id":"https:\/\/hurghada-airport.com\/eat-and-drink\/","url":"https:\/\/hurghada-airport.com\/eat-and-drink\/","name":"Where to Eat at Hurghada Airport: Best Cafes & Restaurants 2025","isPartOf":{"@id":"https:\/\/hurghada-airport.com\/#website"},"primaryImageOfPage":{"@id":"https:\/\/hurghada-airport.com\/eat-and-drink\/#primaryimage"},"image":{"@id":"https:\/\/hurghada-airport.com\/eat-and-drink\/#primaryimage"},"thumbnailUrl":"https:\/\/i3.wp.com\/hotel-images.b-cdn.net\/hurghada\/200x200\/eat-drink%20(1)%20(1).png?w=200&resize=200,200&ssl=1","datePublished":"2025-04-26T02:16:19+00:00","dateModified":"2025-05-14T13:20:27+00:00","description":"Discover Hurghada Airport's top food spots for 2025, from fast food to gourmet coffee. See menus, locations, service tips, and 24\/7 options in one guide.","breadcrumb":{"@id":"https:\/\/hurghada-airport.com\/eat-and-drink\/#breadcrumb"},"inLanguage":"fi","potentialAction":[{"@type":"ReadAction","target":["https:\/\/hurghada-airport.com\/eat-and-drink\/"]}]},{"@type":"ImageObject","inLanguage":"fi","@id":"https:\/\/hurghada-airport.com\/eat-and-drink\/#primaryimage","url":"https:\/\/i3.wp.com\/hotel-images.b-cdn.net\/hurghada\/200x200\/eat-drink%20(1)%20(1).png?w=200&resize=200,200&ssl=1","contentUrl":"https:\/\/i3.wp.com\/hotel-images.b-cdn.net\/hurghada\/200x200\/eat-drink%20(1)%20(1).png?w=200&resize=200,200&ssl=1","width":"200","height":"200"},{"@type":"BreadcrumbList","@id":"https:\/\/hurghada-airport.com\/eat-and-drink\/#breadcrumb","itemListElement":[{"@type":"ListItem","position":1,"name":"Home","item":"https:\/\/hurghada-airport.com\/"},{"@type":"ListItem","position":2,"name":"Eat &#038; Drink"}]},{"@type":"WebSite","@id":"https:\/\/hurghada-airport.com\/#website","url":"https:\/\/hurghada-airport.com\/","name":"Hurghada International Airport","description":"","publisher":{"@id":"https:\/\/hurghada-airport.com\/#organization"},"alternateName":"HRG","potentialAction":[{"@type":"SearchAction","target":{"@type":"EntryPoint","urlTemplate":"https:\/\/hurghada-airport.com\/?s={search_term_string}"},"query-input":{"@type":"PropertyValueSpecification","valueRequired":true,"valueName":"search_term_string"}}],"inLanguage":"fi"},{"@type":"Organization","@id":"https:\/\/hurghada-airport.com\/#organization","name":"Hurghada International Airport","alternateName":"HRG","url":"https:\/\/hurghada-airport.com\/","logo":{"@type":"ImageObject","inLanguage":"fi","@id":"https:\/\/hurghada-airport.com\/#\/schema\/logo\/image\/","url":"https:\/\/hurghada-airport.com\/wp-content\/uploads\/hrg-logo.jpg","contentUrl":"https:\/\/hurghada-airport.com\/wp-content\/uploads\/hrg-logo.jpg","width":2000,"height":1414,"caption":"Hurghada International Airport"},"image":{"@id":"https:\/\/hurghada-airport.com\/#\/schema\/logo\/image\/"},"sameAs":["https:\/\/www.facebook.com\/hurghadaairport"],"ownershipFundingInfo":"https:\/\/hurghada-airport.com\/about\/"}]}},"_links":{"self":[{"href":"https:\/\/hurghada-airport.com\/fi\/wp-json\/wp\/v2\/pages\/1038","targetHints":{"allow":["GET"]}}],"collection":[{"href":"https:\/\/hurghada-airport.com\/fi\/wp-json\/wp\/v2\/pages"}],"about":[{"href":"https:\/\/hurghada-airport.com\/fi\/wp-json\/wp\/v2\/types\/page"}],"author":[{"embeddable":true,"href":"https:\/\/hurghada-airport.com\/fi\/wp-json\/wp\/v2\/users\/1"}],"replies":[{"embeddable":true,"href":"https:\/\/hurghada-airport.com\/fi\/wp-json\/wp\/v2\/comments?post=1038"}],"version-history":[{"count":0,"href":"https:\/\/hurghada-airport.com\/fi\/wp-json\/wp\/v2\/pages\/1038\/revisions"}],"wp:featuredmedia":[{"embeddable":true,"href":"https:\/\/hurghada-airport.com\/fi\/wp-json\/wp\/v2\/media\/1202"}],"wp:attachment":[{"href":"https:\/\/hurghada-airport.com\/fi\/wp-json\/wp\/v2\/media?parent=1038"}],"curies":[{"name":"wp","href":"https:\/\/api.w.org\/{rel}","templated":true}]}}