{"id":996,"date":"2025-04-25T02:59:02","date_gmt":"2025-04-25T02:59:02","guid":{"rendered":"https:\/\/hurghada-airport.com\/?page_id=996"},"modified":"2025-05-22T09:49:33","modified_gmt":"2025-05-22T09:49:33","slug":"parking","status":"publish","type":"page","link":"https:\/\/hurghada-airport.com\/de\/parkplatz\/","title":{"rendered":"Hurghada Flughafen Parken Leitfaden"},"content":{"rendered":"<p>Eine der h\u00e4ufigsten Sorgen von Touristen, die nach <a href=\"https:\/\/hurghada-airport.com\/de\/\">Internationaler Flughafen Hurghada<\/a> sind in der Tat die Parkm\u00f6glichkeiten und -geb\u00fchren.<\/p>\n<p>Wenn Sie eine Reise zu diesem beliebten Urlaubsziel in \u00c4gypten planen, brauchen Sie sich keine Sorgen um Parkpl\u00e4tze zu machen. Ich habe einen umfassenden Leitfaden f\u00fcr Sie vorbereitet.<\/p>\n<h2>Parkarten und Merkmale<\/h2>\n<p>Es gibt grunds\u00e4tzlich drei verschiedene Parkm\u00f6glichkeiten am Flughafen Hurghada: Kurzzeitparkpl\u00e4tze, Langzeitparkpl\u00e4tze und Valet\/VIP-Parkpl\u00e4tze, die jeweils ihre eigenen Vorteile haben.<\/p>\n<p><strong>Kurzzeitparken<\/strong> befindet sich direkt gegen\u00fcber den Terminals 1 und 2 und ist nur 1-2 Minuten zu Fu\u00df vom Terminal entfernt. Er ist ideal, um Passagiere abzusetzen oder abzuholen. Sie m\u00fcssen EGP 50 f\u00fcr die ersten 12 Stunden und insgesamt EGP 100 f\u00fcr 12-24 Stunden bezahlen. Dieser Bereich wird rund um die Uhr mit CCTV-Kameras \u00fcberwacht und Sie k\u00f6nnen an der Ausgangsschranke bar oder mit Kreditkarte bezahlen.<\/p>\n<p><strong>Langfristiges Parken ist<\/strong> liegt 220-300 Meter vom Hauptterminal entfernt. Sie erreichen ihn, indem Sie dem Fu\u00dfg\u00e4ngerweg folgen oder die kostenlosen Shuttle-Minibusse benutzen. Der Tagestarif betr\u00e4gt hier 100 EGP. Obwohl es keinen offiziellen Wochenrabatt gibt, k\u00f6nnen Sie bei einem Aufenthalt von mehr als 7 Tagen einen Rabatt von 10-15% erhalten, wenn Sie im Voraus beim Angestellten bezahlen.<\/p>\n<p><strong>Valet\/VIP-Parken<\/strong> ist eine gro\u00dfartige Option f\u00fcr diejenigen, die auf Komfort Wert legen. Im Rahmen des \"Meet-and-Assist Fast Track\"-Pakets von EAC wird Ihr Auto am Gate des Terminals abgeholt und zum Langzeitparkplatz geschleppt. Der Preis f\u00fcr die einfache Fahrt liegt zwischen 200 und 250 EGP und kann am VIP-Schalter mit Kreditkarte bezahlt werden.<\/p>\n<p><iframe loading=\"lazy\" style=\"border: 0;\" src=\"https:\/\/www.google.com\/maps\/embed?pb=!1m16!1m12!1m3!1d2314.719264813553!2d33.80915801317951!3d27.1806743590397!2m3!1f0!2f0!3f0!3m2!1i1024!2i768!4f13.1!2m1!1sparking!5e0!3m2!1str!2str!4v1745550198384!5m2!1str!2str\" width=\"600\" height=\"450\" allowfullscreen=\"allowfullscreen\"><\/iframe><\/p>\n<h3>Kapazit\u00e4t und Sicherheit<\/h3>\n<p>Meiner pers\u00f6nlichen Erfahrung und offiziellen Quellen zufolge betr\u00e4gt die gesamte Fahrzeugkapazit\u00e4t des Flughafens etwa 1.500 Fahrzeuge. Au\u00dferdem gibt es spezielle Bereiche f\u00fcr Busse und Kleinbusse. Die Parkpl\u00e4tze sind rund um die Uhr durch Kameras und bewaffnete Flughafenpolizisten gesichert.<\/p>\n<p>F\u00fcr Nutzer von Elektrofahrzeugen gibt es 6 Ladestationen mit 22 kW Typ-2-Eingang, insbesondere im Bereich der Langzeitparkpl\u00e4tze. F\u00fcr die Sicherheit des Gep\u00e4cks stehen au\u00dferdem Wrap-Kioske und Gep\u00e4ckwagenstationen zur Verf\u00fcgung.<\/p>\n<p><img decoding=\"async\" class=\"aligncenter size-medium\" src=\"https:\/\/hurghada-airport.com\/wp-content\/uploads\/Hurghada-International-Airport-HRG-2000-x-2000-piksel.png\" alt=\"hurghada flughafen karte\" width=\"2000\" height=\"2000\" \/><\/p>\n<h2>Aktuelle Parktariftabelle (2025)<\/h2>\n<p>Die ab April 2025 g\u00fcltigen Parkgeb\u00fchren sind wie folgt:<\/p>\n<ul>\n<li>0-12 Stunden: EGP 50 (ca. USD 1)<\/li>\n<li>12-24 Stunden: EGP 100 (ca. USD 2)<\/li>\n<li>Jeder weitere Tag: 100 EGP (etwa 2 USD)<\/li>\n<li>7 Tage parken: EGP 700 (etwa USD 14)<\/li>\n<li>Valet-Service (einfache Fahrt): EGP 200-250 (ca. USD 4-5)<\/li>\n<\/ul>\n<p>Als ich zu <a href=\"https:\/\/hurghada-airport.com\/de\/beste-zeit-fur-einen-besuch\/\">Hurghada w\u00e4hrend meines letzten Sommerurlaubs<\/a>Ich habe den Langzeitparkplatz genutzt und konnte einen Rabatt von 10% erhalten, indem ich den Parkw\u00e4chter im Voraus f\u00fcr 10 Tage bezahlte. Ich m\u00f6chte darauf hinweisen, dass die Flughafenparkgeb\u00fchren in ganz \u00c4gypten im Zeitraum 2023-2024 schrittweise angepasst werden, so dass es im Laufe des Jahres zu Tarif\u00e4nderungen kommen kann. Unten haben wir eine <a href=\"https:\/\/hurghada-airport.com\/de\/parkplatz\/\">Parkgeb\u00fchren-Rechner f\u00fcr den Flughafen Hurghada<\/a> deren Verwendung wir Ihnen dringend empfehlen.<br \/>\n<iframe loading=\"lazy\" style=\"border: none;\" src=\"https:\/\/hotel-images.b-cdn.net\/hurghada\/parking\/hurghada-parking-cost-calculator.html\" width=\"100%\" height=\"800px\" frameborder=\"0\" scrolling=\"yes\"><br \/>\n<\/iframe><\/p>\n<h2>Tipps<\/h2>\n<p>Ich m\u00f6chte Ihnen ein paar wichtige Tipps zum Parken am Flughafen Hurghada geben:<\/p>\n<p>Es gibt keine kostenlose \"Kiss &amp; Fly\"-Spur <a href=\"https:\/\/hurghada-airport.com\/de\/terminal\/\">vor dem Terminal<\/a> f\u00fcr diejenigen, die Fahrg\u00e4ste anhalten und absetzen wollen. Selbst f\u00fcr kurzfristige Absetzvorg\u00e4nge m\u00fcssen Sie durch die Schranke fahren und mindestens 50 EGP bezahlen.<\/p>\n<p>Wenn Sie lange parken wollen, k\u00f6nnen Sie einen Rabatt von bis zu 10% erhalten, wenn Sie den Parkw\u00e4chtern anbieten, im Voraus bar zu bezahlen. Dies ist eine g\u00e4ngige Taktik der \u00f6rtlichen Autofahrer.<\/p>\n<p>Sie k\u00f6nnen den Valet-Service mit VIP-Paketen kombinieren. Das Paket, das den Zugang zur Lounge, eine schnelle Passkontrolle und den Valet-Service beinhaltet, ist besonders vorteilhaft f\u00fcr Reisen mit 3 oder mehr Personen.<\/p>\n<p>In der Hochsaison zwischen Juni und September sind 90% der 1.500 Pl\u00e4tze bereits mittags voll besetzt. Ich empfehle, 30 Minuten fr\u00fcher zu kommen oder den Parkservice zu nutzen, um sich einen Platz zu sichern.<\/p>","protected":false},"excerpt":{"rendered":"<p>Eine der h\u00e4ufigsten Sorgen von Touristen, die zum internationalen Flughafen Hurghada reisen, sind die Parkm\u00f6glichkeiten und -geb\u00fchren. [...]<\/p>","protected":false},"author":1,"featured_media":998,"parent":0,"menu_order":0,"comment_status":"closed","ping_status":"closed","template":"","meta":{"_acf_changed":false,"site-sidebar-layout":"default","site-content-layout":"","ast-site-content-layout":"default","site-content-style":"default","site-sidebar-style":"default","ast-global-header-display":"","ast-banner-title-visibility":"","ast-main-header-display":"","ast-hfb-above-header-display":"","ast-hfb-below-header-display":"","ast-hfb-mobile-header-display":"","site-post-title":"","ast-breadcrumbs-content":"","ast-featured-img":"","footer-sml-layout":"","theme-transparent-header-meta":"default","adv-header-id-meta":"","stick-header-meta":"","header-above-stick-meta":"","header-main-stick-meta":"","header-below-stick-meta":"","astra-migrate-meta-layouts":"set","ast-page-background-enabled":"default","ast-page-background-meta":{"desktop":{"background-color":"var(--ast-global-color-4)","background-image":"","background-repeat":"repeat","background-position":"center center","background-size":"auto","background-attachment":"scroll","background-type":"","background-media":"","overlay-type":"","overlay-color":"","overlay-opacity":"","overlay-gradient":""},"tablet":{"background-color":"","background-image":"","background-repeat":"repeat","background-position":"center center","background-size":"auto","background-attachment":"scroll","background-type":"","background-media":"","overlay-type":"","overlay-color":"","overlay-opacity":"","overlay-gradient":""},"mobile":{"background-color":"","background-image":"","background-repeat":"repeat","background-position":"center center","background-size":"auto","background-attachment":"scroll","background-type":"","background-media":"","overlay-type":"","overlay-color":"","overlay-opacity":"","overlay-gradient":""}},"ast-content-background-meta":{"desktop":{"background-color":"var(--ast-global-color-5)","background-image":"","background-repeat":"repeat","background-position":"center center","background-size":"auto","background-attachment":"scroll","background-type":"","background-media":"","overlay-type":"","overlay-color":"","overlay-opacity":"","overlay-gradient":""},"tablet":{"background-color":"var(--ast-global-color-5)","background-image":"","background-repeat":"repeat","background-position":"center center","background-size":"auto","background-attachment":"scroll","background-type":"","background-media":"","overlay-type":"","overlay-color":"","overlay-opacity":"","overlay-gradient":""},"mobile":{"background-color":"var(--ast-global-color-5)","background-image":"","background-repeat":"repeat","background-position":"center center","background-size":"auto","background-attachment":"scroll","background-type":"","background-media":"","overlay-type":"","overlay-color":"","overlay-opacity":"","overlay-gradient":""}},"footnotes":""},"class_list":["post-996","page","type-page","status-publish","has-post-thumbnail","hentry"],"acf":[],"yoast_head":"<!-- This site is optimized with the Yoast SEO Premium plugin v24.0 (Yoast SEO v25.7) - https:\/\/yoast.com\/wordpress\/plugins\/seo\/ -->\n<title>Hurghada Airport Parking Guide 2025<\/title>\n<meta name=\"description\" content=\"Explore Hurghada Airport&#039;s parking options: short-stay, long-term, VIP valet, EV charging, and 2025 rates.\" \/>\n<meta name=\"robots\" content=\"index, follow, max-snippet:-1, max-image-preview:large, max-video-preview:-1\" \/>\n<link rel=\"canonical\" href=\"https:\/\/hurghada-airport.com\/de\/parkplatz\/\" \/>\n<meta property=\"og:locale\" content=\"de_DE\" \/>\n<meta property=\"og:type\" content=\"article\" \/>\n<meta property=\"og:title\" content=\"Hurghada Airport Parking Guide\" \/>\n<meta property=\"og:description\" content=\"Explore Hurghada Airport&#039;s parking options: short-stay, long-term, VIP valet, EV charging, and 2025 rates.\" \/>\n<meta property=\"og:url\" content=\"https:\/\/hurghada-airport.com\/de\/parkplatz\/\" \/>\n<meta property=\"article:publisher\" content=\"https:\/\/www.facebook.com\/hurghadaairport\" \/>\n<meta property=\"article:modified_time\" content=\"2025-05-22T09:49:33+00:00\" \/>\n<meta property=\"og:image\" content=\"https:\/\/hurghada-airport.com\/wp-content\/uploads\/hurghada-airport-parking.jpg\" \/>\n\t<meta property=\"og:image:width\" content=\"680\" \/>\n\t<meta property=\"og:image:height\" content=\"510\" \/>\n\t<meta property=\"og:image:type\" content=\"image\/jpeg\" \/>\n<meta name=\"twitter:card\" content=\"summary_large_image\" \/>\n<meta name=\"twitter:label1\" content=\"Gesch\u00e4tzte Lesezeit\" \/>\n\t<meta name=\"twitter:data1\" content=\"4\u00a0Minuten\" \/>\n<script type=\"application\/ld+json\" class=\"yoast-schema-graph\">{\"@context\":\"https:\/\/schema.org\",\"@graph\":[{\"@type\":\"WebPage\",\"@id\":\"https:\/\/hurghada-airport.com\/parking\/\",\"url\":\"https:\/\/hurghada-airport.com\/parking\/\",\"name\":\"Hurghada Airport Parking Guide 2025\",\"isPartOf\":{\"@id\":\"https:\/\/hurghada-airport.com\/#website\"},\"primaryImageOfPage\":{\"@id\":\"https:\/\/hurghada-airport.com\/parking\/#primaryimage\"},\"image\":{\"@id\":\"https:\/\/hurghada-airport.com\/parking\/#primaryimage\"},\"thumbnailUrl\":\"https:\/\/hurghada-airport.com\/wp-content\/uploads\/hurghada-airport-parking.jpg\",\"datePublished\":\"2025-04-25T02:59:02+00:00\",\"dateModified\":\"2025-05-22T09:49:33+00:00\",\"description\":\"Explore Hurghada Airport's parking options: short-stay, long-term, VIP valet, EV charging, and 2025 rates.\",\"breadcrumb\":{\"@id\":\"https:\/\/hurghada-airport.com\/parking\/#breadcrumb\"},\"inLanguage\":\"de\",\"potentialAction\":[{\"@type\":\"ReadAction\",\"target\":[\"https:\/\/hurghada-airport.com\/parking\/\"]}]},{\"@type\":\"ImageObject\",\"inLanguage\":\"de\",\"@id\":\"https:\/\/hurghada-airport.com\/parking\/#primaryimage\",\"url\":\"https:\/\/hurghada-airport.com\/wp-content\/uploads\/hurghada-airport-parking.jpg\",\"contentUrl\":\"https:\/\/hurghada-airport.com\/wp-content\/uploads\/hurghada-airport-parking.jpg\",\"width\":680,\"height\":510},{\"@type\":\"BreadcrumbList\",\"@id\":\"https:\/\/hurghada-airport.com\/parking\/#breadcrumb\",\"itemListElement\":[{\"@type\":\"ListItem\",\"position\":1,\"name\":\"Home\",\"item\":\"https:\/\/hurghada-airport.com\/\"},{\"@type\":\"ListItem\",\"position\":2,\"name\":\"Hurghada Airport Parking Guide\"}]},{\"@type\":\"WebSite\",\"@id\":\"https:\/\/hurghada-airport.com\/#website\",\"url\":\"https:\/\/hurghada-airport.com\/\",\"name\":\"Hurghada International Airport\",\"description\":\"\",\"publisher\":{\"@id\":\"https:\/\/hurghada-airport.com\/#organization\"},\"alternateName\":\"HRG\",\"potentialAction\":[{\"@type\":\"SearchAction\",\"target\":{\"@type\":\"EntryPoint\",\"urlTemplate\":\"https:\/\/hurghada-airport.com\/?s={search_term_string}\"},\"query-input\":{\"@type\":\"PropertyValueSpecification\",\"valueRequired\":true,\"valueName\":\"search_term_string\"}}],\"inLanguage\":\"de\"},{\"@type\":\"Organization\",\"@id\":\"https:\/\/hurghada-airport.com\/#organization\",\"name\":\"Hurghada International Airport\",\"alternateName\":\"HRG\",\"url\":\"https:\/\/hurghada-airport.com\/\",\"logo\":{\"@type\":\"ImageObject\",\"inLanguage\":\"de\",\"@id\":\"https:\/\/hurghada-airport.com\/#\/schema\/logo\/image\/\",\"url\":\"https:\/\/hurghada-airport.com\/wp-content\/uploads\/hrg-logo.jpg\",\"contentUrl\":\"https:\/\/hurghada-airport.com\/wp-content\/uploads\/hrg-logo.jpg\",\"width\":2000,\"height\":1414,\"caption\":\"Hurghada International Airport\"},\"image\":{\"@id\":\"https:\/\/hurghada-airport.com\/#\/schema\/logo\/image\/\"},\"sameAs\":[\"https:\/\/www.facebook.com\/hurghadaairport\"],\"ownershipFundingInfo\":\"https:\/\/hurghada-airport.com\/about\/\"}]}<\/script>\n<!-- \/ Yoast SEO Premium plugin. -->","yoast_head_json":{"title":"Hurghada Airport Parking Guide 2025","description":"Explore Hurghada Airport's parking options: short-stay, long-term, VIP valet, EV charging, and 2025 rates.","robots":{"index":"index","follow":"follow","max-snippet":"max-snippet:-1","max-image-preview":"max-image-preview:large","max-video-preview":"max-video-preview:-1"},"canonical":"https:\/\/hurghada-airport.com\/de\/parkplatz\/","og_locale":"de_DE","og_type":"article","og_title":"Hurghada Airport Parking Guide","og_description":"Explore Hurghada Airport's parking options: short-stay, long-term, VIP valet, EV charging, and 2025 rates.","og_url":"https:\/\/hurghada-airport.com\/de\/parkplatz\/","article_publisher":"https:\/\/www.facebook.com\/hurghadaairport","article_modified_time":"2025-05-22T09:49:33+00:00","og_image":[{"width":680,"height":510,"url":"https:\/\/hurghada-airport.com\/wp-content\/uploads\/hurghada-airport-parking.jpg","type":"image\/jpeg"}],"twitter_card":"summary_large_image","twitter_misc":{"Gesch\u00e4tzte Lesezeit":"4\u00a0Minuten"},"schema":{"@context":"https:\/\/schema.org","@graph":[{"@type":"WebPage","@id":"https:\/\/hurghada-airport.com\/parking\/","url":"https:\/\/hurghada-airport.com\/parking\/","name":"Hurghada Airport Parking Guide 2025","isPartOf":{"@id":"https:\/\/hurghada-airport.com\/#website"},"primaryImageOfPage":{"@id":"https:\/\/hurghada-airport.com\/parking\/#primaryimage"},"image":{"@id":"https:\/\/hurghada-airport.com\/parking\/#primaryimage"},"thumbnailUrl":"https:\/\/hurghada-airport.com\/wp-content\/uploads\/hurghada-airport-parking.jpg","datePublished":"2025-04-25T02:59:02+00:00","dateModified":"2025-05-22T09:49:33+00:00","description":"Explore Hurghada Airport's parking options: short-stay, long-term, VIP valet, EV charging, and 2025 rates.","breadcrumb":{"@id":"https:\/\/hurghada-airport.com\/parking\/#breadcrumb"},"inLanguage":"de","potentialAction":[{"@type":"ReadAction","target":["https:\/\/hurghada-airport.com\/parking\/"]}]},{"@type":"ImageObject","inLanguage":"de","@id":"https:\/\/hurghada-airport.com\/parking\/#primaryimage","url":"https:\/\/hurghada-airport.com\/wp-content\/uploads\/hurghada-airport-parking.jpg","contentUrl":"https:\/\/hurghada-airport.com\/wp-content\/uploads\/hurghada-airport-parking.jpg","width":680,"height":510},{"@type":"BreadcrumbList","@id":"https:\/\/hurghada-airport.com\/parking\/#breadcrumb","itemListElement":[{"@type":"ListItem","position":1,"name":"Home","item":"https:\/\/hurghada-airport.com\/"},{"@type":"ListItem","position":2,"name":"Hurghada Airport Parking Guide"}]},{"@type":"WebSite","@id":"https:\/\/hurghada-airport.com\/#website","url":"https:\/\/hurghada-airport.com\/","name":"Hurghada International Airport","description":"","publisher":{"@id":"https:\/\/hurghada-airport.com\/#organization"},"alternateName":"HRG","potentialAction":[{"@type":"SearchAction","target":{"@type":"EntryPoint","urlTemplate":"https:\/\/hurghada-airport.com\/?s={search_term_string}"},"query-input":{"@type":"PropertyValueSpecification","valueRequired":true,"valueName":"search_term_string"}}],"inLanguage":"de"},{"@type":"Organization","@id":"https:\/\/hurghada-airport.com\/#organization","name":"Hurghada International Airport","alternateName":"HRG","url":"https:\/\/hurghada-airport.com\/","logo":{"@type":"ImageObject","inLanguage":"de","@id":"https:\/\/hurghada-airport.com\/#\/schema\/logo\/image\/","url":"https:\/\/hurghada-airport.com\/wp-content\/uploads\/hrg-logo.jpg","contentUrl":"https:\/\/hurghada-airport.com\/wp-content\/uploads\/hrg-logo.jpg","width":2000,"height":1414,"caption":"Hurghada International Airport"},"image":{"@id":"https:\/\/hurghada-airport.com\/#\/schema\/logo\/image\/"},"sameAs":["https:\/\/www.facebook.com\/hurghadaairport"],"ownershipFundingInfo":"https:\/\/hurghada-airport.com\/about\/"}]}},"_links":{"self":[{"href":"https:\/\/hurghada-airport.com\/de\/wp-json\/wp\/v2\/pages\/996","targetHints":{"allow":["GET"]}}],"collection":[{"href":"https:\/\/hurghada-airport.com\/de\/wp-json\/wp\/v2\/pages"}],"about":[{"href":"https:\/\/hurghada-airport.com\/de\/wp-json\/wp\/v2\/types\/page"}],"author":[{"embeddable":true,"href":"https:\/\/hurghada-airport.com\/de\/wp-json\/wp\/v2\/users\/1"}],"replies":[{"embeddable":true,"href":"https:\/\/hurghada-airport.com\/de\/wp-json\/wp\/v2\/comments?post=996"}],"version-history":[{"count":0,"href":"https:\/\/hurghada-airport.com\/de\/wp-json\/wp\/v2\/pages\/996\/revisions"}],"wp:featuredmedia":[{"embeddable":true,"href":"https:\/\/hurghada-airport.com\/de\/wp-json\/wp\/v2\/media\/998"}],"wp:attachment":[{"href":"https:\/\/hurghada-airport.com\/de\/wp-json\/wp\/v2\/media?parent=996"}],"curies":[{"name":"wp","href":"https:\/\/api.w.org\/{rel}","templated":true}]}}