{"id":933,"date":"2025-04-24T18:52:34","date_gmt":"2025-04-24T18:52:34","guid":{"rendered":"https:\/\/hurghada-airport.com\/?page_id=933"},"modified":"2025-08-23T16:21:46","modified_gmt":"2025-08-23T16:21:46","slug":"car-rental","status":"publish","type":"page","link":"https:\/\/hurghada-airport.com\/de\/autovermietung\/","title":{"rendered":"Alles, was Sie \u00fcber das Mieten eines Autos am Flughafen Hurghada wissen m\u00fcssen"},"content":{"rendered":"<p>Es gibt viele internationale und lokale Unternehmen, die <a href=\"https:\/\/hurghada-airport.com\/de\/autovermietung\/\">Autovermietungsdienste<\/a> unter <a href=\"https:\/\/hurghada-airport.com\/de\/\">Hurghada Flughafen<\/a>. Zu diesen Unternehmen geh\u00f6ren bekannte Marken wie <strong>Avis<\/strong>, <strong>Haushalt<\/strong>, <strong>Sixt<\/strong>, <strong>Europcar<\/strong>, <strong>Unternehmen<\/strong>, <strong>Alamo<\/strong>, <strong>National<\/strong>, <strong>Gr\u00fcne Bewegung<\/strong>, <strong>Autounion<\/strong> und <strong>Keddy von Europcar<\/strong>. <a href=\"https:\/\/hurghada-airport.com\/de\/autovermietung\/\">Autovermietungsb\u00fcros<\/a> sind in der Regel <a href=\"https:\/\/hurghada-airport.com\/de\/ankunfte\/\">in der Ankunftshalle<\/a> von <a href=\"https:\/\/hurghada-airport.com\/de\/terminal\/\">Terminal 1<\/a> und sind leicht zug\u00e4nglich, nachdem die Passagiere ihr Gep\u00e4ck abgeholt haben.<br \/>\n<script async src=\"https:\/\/tpscr.com\/content?trs=405462&#038;shmarker=621353.car-rental-page&#038;locale=en&#038;default_pick_up_location=HRG&#038;powered_by=false&#038;border_radius=5&#038;plain=false&#038;show_logo=true&#038;color_background=%23f5d361&#038;color_button=%235a9854&#038;promo_id=4578&#038;campaign_id=130\" charset=\"utf-8\"><\/script><\/p>\n<h2>Hurghada Flughafen Autovermietung Unternehmen und Kontakt Details<\/h2>\n<p>&nbsp;<\/p>\n<div class=\"rental-table-wrapper\">\n<table class=\"rental-table\" border=\"1\" cellspacing=\"0\" cellpadding=\"8\">\n<thead>\n<tr>\n<th style=\"text-align: left;\">Name des Unternehmens<\/th>\n<th style=\"text-align: left;\">B\u00fcrostandort<\/th>\n<th style=\"text-align: left;\">Rufnummer<\/th>\n<\/tr>\n<\/thead>\n<tbody>\n<tr>\n<td><a href=\"https:\/\/maps.app.goo.gl\/xWkBF6mC2SCwEqZS6\">Haushalt<\/a><\/td>\n<td>Terminal 1, Halle f\u00fcr Ank\u00fcnfte im Inland<\/td>\n<td>+20 128 099 0817<\/td>\n<\/tr>\n<tr>\n<td><a href=\"https:\/\/maps.app.goo.gl\/QGTbfkPRyq3zHR7P7\">Sixt<\/a><\/td>\n<td>Terminal 1, Internationale Ankunftshalle<\/td>\n<td>+20 122 232 7180<\/td>\n<\/tr>\n<tr>\n<td><a href=\"https:\/\/maps.app.goo.gl\/QV2fivtbDetr8XJcA\">Avis<\/a><\/td>\n<td>Terminal 1, Halle f\u00fcr Ank\u00fcnfte im Inland<\/td>\n<td>+20 122 232 7180<\/td>\n<\/tr>\n<tr>\n<td><a href=\"https:\/\/maps.app.goo.gl\/M6m1a63rncPoCjnAA\">Unternehmen<\/a><\/td>\n<td>Terminal 1, Halle f\u00fcr Ank\u00fcnfte im Inland<\/td>\n<td>+20 122 232 7180<\/td>\n<\/tr>\n<tr>\n<td><a href=\"https:\/\/maps.app.goo.gl\/ZsCLGVj5ks1mUT8H6\">Alamo<\/a><\/td>\n<td>Terminal 1, Halle f\u00fcr Ank\u00fcnfte im Inland<\/td>\n<td>+20 122 232 7180<\/td>\n<\/tr>\n<tr>\n<td><a href=\"https:\/\/maps.app.goo.gl\/GopQSpwC7uBUsBjM8\">National<\/a><\/td>\n<td>Terminal 1, Halle f\u00fcr Ank\u00fcnfte im Inland<\/td>\n<td>+20 122 232 7180<\/td>\n<\/tr>\n<tr>\n<td>Europcar<\/td>\n<td>Terminal 1, Halle f\u00fcr Ank\u00fcnfte im Inland<\/td>\n<td>+20 112 470 9429<\/td>\n<\/tr>\n<tr>\n<td>Keddy von Europcar<\/td>\n<td>Terminal 1, Halle f\u00fcr Ank\u00fcnfte im Inland<\/td>\n<td>+20 112 470 9429<\/td>\n<\/tr>\n<tr>\n<td>Autounion<\/td>\n<td>Terminal 1, Halle f\u00fcr Ank\u00fcnfte im Inland<\/td>\n<td>+20 127 411 1496<\/td>\n<\/tr>\n<tr>\n<td><a href=\"https:\/\/maps.app.goo.gl\/pB9kgDJhUjxWBUgHA\">Gr\u00fcne Bewegung<\/a><\/td>\n<td>Terminal 1, Halle f\u00fcr Ank\u00fcnfte im Inland<\/td>\n<td>+20 106 661 1023<\/td>\n<\/tr>\n<\/tbody>\n<\/table>\n<\/div>\n<h3>Versicherung und Casco Informationen<\/h3>\n<p>Wenn <a href=\"https:\/\/hurghada-airport.com\/de\/autovermietung\/\">Autovermietung in \u00c4gypten<\/a>Die obligatorische Haftpflichtversicherung ist normalerweise im Mietpreis enthalten. Zusatzversicherungen wie Collision Damage Waiver (CDW) und Theft Protection (TP) sind jedoch optional. Damit die Versicherung g\u00fcltig ist, muss im Falle eines Unfalls sp\u00e4testens innerhalb von 72 Stunden ein Polizeibericht erstellt und dem Vermieter vorgelegt werden.<\/p>\n<h3>Fahrzeugsegmente und Parkinformationen<\/h3>\n<p>Es gibt eine breite Palette von Autosegmenten zu mieten bei <a href=\"https:\/\/hurghada-airport.com\/de\/\">Hurghada Flughafen<\/a>. Zu den beliebtesten Fahrzeugtypen geh\u00f6ren Kleinwagen, Kompaktwagen, SUV und Luxusfahrzeuge. Vor allem Kleinwagen sind mit 55% der gesamten Anmietungen das beliebteste Segment.<br \/>\n<script async src=\"https:\/\/tpscr.com\/content?trs=405462&#038;shmarker=621353.car-rental-page&#038;locale=en&#038;default_pick_up_location=HRG&#038;powered_by=false&#038;border_radius=5&#038;plain=false&#038;show_logo=true&#038;color_background=%23f5d361&#038;color_button=%235a9854&#038;promo_id=4578&#038;campaign_id=130\" charset=\"utf-8\"><\/script><\/p>\n<p>Die Mietwagen werden in der Regel auf speziellen Parkpl\u00e4tzen in der N\u00e4he von Terminal 1 des Flughafens abgegeben und zur\u00fcckgegeben. Einige Unternehmen bieten einen \"Meet &amp; Greet\"-Service an, bei dem die Passagiere in der<a href=\"https:\/\/hurghada-airport.com\/de\/ankunfte\/\"> Ankunftshalle<\/a> und \u00dcbergabe des Fahrzeugs. Autovermietung abholen sind Standort: <a href=\"https:\/\/maps.app.goo.gl\/H9GQiZBJEZyUxVEn6\">HIER<\/a><\/p>\n<p><img decoding=\"async\" class=\"size-medium aligncenter\" src=\"https:\/\/hotel-images.b-cdn.net\/hurghada\/car%20rental%20pick%20up.png\" width=\"972\" height=\"639\" \/><\/p>\n<p>Hier sind einige Tipps, die Ihnen die Anmietung eines Autos in Hurghada erleichtern, Ihr Budget schonen und \u00dcberraschungen auf der Stra\u00dfe vermeiden:<\/p>\n<ul>\n<li><strong>Reservieren Sie fr\u00fchzeitig<\/strong><br \/>\nDie Nachfrage nach Fahrzeugen steigt stark an <a href=\"https:\/\/hurghada-airport.com\/de\/beste-zeit-fur-einen-besuch\/\">w\u00e4hrend der Sommersaison oder in den Ferien<\/a>. Wenn Sie Ihre Anmietung vor der Landung Ihres Flugzeugs abschlie\u00dfen, erhalten Sie die besten Preise und stellen sicher, dass Sie das gew\u00fcnschte Modell bekommen.<\/li>\n<li><strong>Eine Kreditkartengarantie vorbereiten<\/strong><br \/>\nVermieter verlangen oft Kreditkartengarantien f\u00fcr m\u00f6gliche Sch\u00e4den oder Versp\u00e4tungsgeb\u00fchren. Die Verwendung einer international anerkannten Karte wie Visa oder Mastercard gew\u00e4hrleistet, dass Ihre Transaktionen schnell genehmigt werden.<\/li>\n<li><strong>Abschluss einer Vollkaskoversicherung<\/strong><br \/>\nSchwere Sandst\u00fcrme auf \u00e4gyptischen Stra\u00dfen und in Zwischengebieten k\u00f6nnen unerwartete Kratzer oder Risse im Glas verursachen. Ziehen Sie im Schadensfall die Option \"Vollkasko\" in Betracht, um hohe Summen aus Ihrer Tasche zu vermeiden.<\/li>\n<li><strong>Achten Sie auf die Kraftstoffpolitik<\/strong><br \/>\nBevor Sie den Mietwagen abholen, sollten Sie pr\u00fcfen, ob der Tank voll oder zu wenig getankt ist, und ihn mit demselben Tank zur\u00fcckgeben. Wenn Sie die Stadt f\u00fcr Kurztrips nach Safaga oder Qena verlassen, sollten Sie sich vergewissern, dass auf dem R\u00fcckweg gr\u00f6\u00dfere Tankstellen ge\u00f6ffnet sind.<\/li>\n<li><strong>Planen Sie die Wahl der Abholzeit<\/strong><br \/>\nDie Dauer der Anmietung wird alle 24 Stunden abgerechnet. Sie k\u00f6nnen die Zahlung einer Geb\u00fchr f\u00fcr einen zus\u00e4tzlichen Tag vermeiden, wenn Sie Ihre <a href=\"https:\/\/hurghada-airport.com\/de\/abfluge\/\">Abflugzeit<\/a> zur gleichen Zeit wie die Autoabgabe.<\/li>\n<li><strong>Verkehrsregeln beachten<\/strong><br \/>\nIm Zentrum von Hurghada sind die Geschwindigkeitsbegrenzungen niedrig, und auf den W\u00fcstenstra\u00dfen sind die Schilder manchmal weit entfernt. Achten Sie auf Radarfallen; der Strafzettel kommt erst bei der Autovermietung an und dann bei Ihnen.<\/li>\n<li><strong>Navigation ist ein Muss<\/strong><br \/>\nOhne GPS k\u00f6nnen Wegbeschreibungen oder Hinweisschilder dazu f\u00fchren, dass Sie nicht weiterkommen, vor allem, wenn Sie die Stadt verlassen. Halten Sie die Karten-Apps auf Ihrem Telefon auf dem neuesten Stand und verwenden Sie, wenn m\u00f6glich, das integrierte GPS im Auto.<\/li>\n<li><strong>Rushhour \u00fcberspringen<\/strong><br \/>\nDie Strandstra\u00dfen innerhalb der Stadt k\u00f6nnen zwischen 09:00-11:00 Uhr morgens und 16:00-19:00 Uhr abends \u00fcberf\u00fcllt sein. Um Staus w\u00e4hrend dieser Zeiten zu vermeiden, ist es vorteilhaft, die Stra\u00dfen im Landesinneren und nicht entlang der K\u00fcste zu nehmen.<\/li>\n<li><strong>Suche nach Alternativen zu Flughafenb\u00fcros<\/strong><br \/>\nMietb\u00fcros unter <a href=\"https:\/\/hurghada-airport.com\/de\/\">Hurghada Flughafen<\/a> sind bequem, aber in der Regel teurer. Sie k\u00f6nnen auch bei lokalen Autovermietungen im Stadtzentrum oder <a href=\"https:\/\/hurghada-airport.com\/de\/flughafenhotels\/\">in der N\u00e4he des Hotels<\/a> f\u00fcr weitere attraktive Angebote.<\/li>\n<li><strong>Stra\u00dfenbedingungen ber\u00fccksichtigen<\/strong><br \/>\nDie W\u00fcstenstra\u00dfe und die teilweise stabilisierten Stra\u00dfen zu den Touristenorten k\u00f6nnen f\u00fcr normale Autos eine Herausforderung darstellen. Ziehen Sie die 4\u00d74-Option in Betracht, insbesondere f\u00fcr Orte wie Wadi el-Gemal oder Makadi Bay.<\/li>\n<\/ul>\n<p>Mit diesen einfachen, aber wirksamen Vorkehrungen k\u00f6nnen Sie <a href=\"https:\/\/hurghada-airport.com\/de\/kinderfreundliche-all-inclusive-anlagen\/\">Entdecken Sie die Sch\u00f6nheit von Hurghada<\/a>sowohl in der Stadt als auch in der Umgebung sicher und bequem.<\/p>\n<p><iframe loading=\"lazy\" src=\"https:\/\/www.google.com\/maps\/d\/embed?mid=1jXEIB0dUOUN4b-kEUSP7RWH1IQm7EXU&amp;hl=en&amp;ehbc=2E312F\" width=\"640\" height=\"480\"><\/iframe><\/p>\n<h3>Autovermietungen, die Abhol- und Abholdienste anbieten<\/h3>\n<p>Am Internationalen Flughafen Hurghada bieten einige Autovermietungen einen \"Meet &amp; Greet\"-Service an, bei dem die Passagiere in der Ankunftshalle empfangen werden und die Fahrzeug\u00fcbergabe erfolgt. Die wichtigsten Unternehmen, die diesen Service anbieten, sind die folgenden.<\/p>\n<ul>\n<li><strong>Enterprise Rent-A-Car<\/strong>: Ihre B\u00fcros befinden sich in Mamsha, Touristic Village, gegen\u00fcber dem EgyptAir-B\u00fcro. Ihre Vertreter holen die Passagiere an dem angegebenen Ort ab, wenn sie im Voraus gebucht haben.<\/li>\n<li><strong>Gr\u00fcne Bewegung<\/strong>: Am Flughafen Hurghada empf\u00e4ngt er die Passagiere mit seinen Vertretern am Ankunftsgate und \u00fcbergibt das Fahrzeug.<\/li>\n<li><strong>Avis<\/strong>: Das B\u00fcro befindet sich im Zentrum von El Gouna und bietet einen kostenlosen Abholservice f\u00fcr Vorbestellungen.<\/li>\n<li><strong>Autounion Autovermietung<\/strong>: Am Flughafen Hurghada empf\u00e4ngt er die Passagiere mit seinen Vertretern in der Ankunftshalle und \u00fcbergibt das Fahrzeug.<\/li>\n<\/ul>\n<p>Um diesen Service in Anspruch nehmen zu k\u00f6nnen, m\u00fcssen Sie sich zum Zeitpunkt der Buchung an Ihr Unternehmen wenden, um einen Abholservice anzufordern und Ihre Flugdaten mitzuteilen.<\/p>","protected":false},"excerpt":{"rendered":"<p>Es gibt viele internationale und lokale Unternehmen, die am Flughafen Hurghada Autovermietungsdienste anbieten. Zu diesen Unternehmen geh\u00f6ren bekannte Marken wie [...]<\/p>","protected":false},"author":1,"featured_media":1277,"parent":0,"menu_order":0,"comment_status":"closed","ping_status":"closed","template":"","meta":{"_acf_changed":false,"site-sidebar-layout":"default","site-content-layout":"","ast-site-content-layout":"default","site-content-style":"default","site-sidebar-style":"default","ast-global-header-display":"","ast-banner-title-visibility":"","ast-main-header-display":"","ast-hfb-above-header-display":"","ast-hfb-below-header-display":"","ast-hfb-mobile-header-display":"","site-post-title":"","ast-breadcrumbs-content":"","ast-featured-img":"","footer-sml-layout":"","theme-transparent-header-meta":"default","adv-header-id-meta":"","stick-header-meta":"","header-above-stick-meta":"","header-main-stick-meta":"","header-below-stick-meta":"","astra-migrate-meta-layouts":"set","ast-page-background-enabled":"default","ast-page-background-meta":{"desktop":{"background-color":"var(--ast-global-color-4)","background-image":"","background-repeat":"repeat","background-position":"center center","background-size":"auto","background-attachment":"scroll","background-type":"","background-media":"","overlay-type":"","overlay-color":"","overlay-opacity":"","overlay-gradient":""},"tablet":{"background-color":"","background-image":"","background-repeat":"repeat","background-position":"center center","background-size":"auto","background-attachment":"scroll","background-type":"","background-media":"","overlay-type":"","overlay-color":"","overlay-opacity":"","overlay-gradient":""},"mobile":{"background-color":"","background-image":"","background-repeat":"repeat","background-position":"center center","background-size":"auto","background-attachment":"scroll","background-type":"","background-media":"","overlay-type":"","overlay-color":"","overlay-opacity":"","overlay-gradient":""}},"ast-content-background-meta":{"desktop":{"background-color":"var(--ast-global-color-5)","background-image":"","background-repeat":"repeat","background-position":"center center","background-size":"auto","background-attachment":"scroll","background-type":"","background-media":"","overlay-type":"","overlay-color":"","overlay-opacity":"","overlay-gradient":""},"tablet":{"background-color":"var(--ast-global-color-5)","background-image":"","background-repeat":"repeat","background-position":"center center","background-size":"auto","background-attachment":"scroll","background-type":"","background-media":"","overlay-type":"","overlay-color":"","overlay-opacity":"","overlay-gradient":""},"mobile":{"background-color":"var(--ast-global-color-5)","background-image":"","background-repeat":"repeat","background-position":"center center","background-size":"auto","background-attachment":"scroll","background-type":"","background-media":"","overlay-type":"","overlay-color":"","overlay-opacity":"","overlay-gradient":""}},"footnotes":""},"class_list":["post-933","page","type-page","status-publish","has-post-thumbnail","hentry"],"acf":[],"yoast_head":"<!-- This site is optimized with the Yoast SEO Premium plugin v24.0 (Yoast SEO v25.7) - https:\/\/yoast.com\/wordpress\/plugins\/seo\/ -->\n<title>Everything You Need to Know About Rent a Car in Hurghada Airport<\/title>\n<meta name=\"description\" content=\"Find the best Hurghada International Airport car hire deal. Choose from variety of economy vehicles and luxury cars. Reserve your car online.\" \/>\n<meta name=\"robots\" content=\"index, follow, max-snippet:-1, max-image-preview:large, max-video-preview:-1\" \/>\n<link rel=\"canonical\" href=\"https:\/\/hurghada-airport.com\/de\/autovermietung\/\" \/>\n<meta property=\"og:locale\" content=\"de_DE\" \/>\n<meta property=\"og:type\" content=\"article\" \/>\n<meta property=\"og:title\" content=\"Everything You Need to Know About Renting a Car in Hurghada Airport\" \/>\n<meta property=\"og:description\" content=\"Find the best Hurghada International Airport car hire deal. Choose from variety of economy vehicles and luxury cars. Reserve your car online.\" \/>\n<meta property=\"og:url\" content=\"https:\/\/hurghada-airport.com\/de\/autovermietung\/\" \/>\n<meta property=\"article:publisher\" content=\"https:\/\/www.facebook.com\/hurghadaairport\" \/>\n<meta property=\"article:modified_time\" content=\"2025-08-23T16:21:46+00:00\" \/>\n<meta property=\"og:image\" content=\"https:\/\/hurghada-airport.com\/wp-content\/uploads\/hrg-car-rental-map.webp\" \/>\n\t<meta property=\"og:image:width\" content=\"1024\" \/>\n\t<meta property=\"og:image:height\" content=\"1024\" \/>\n\t<meta property=\"og:image:type\" content=\"image\/webp\" \/>\n<meta name=\"twitter:card\" content=\"summary_large_image\" \/>\n<meta name=\"twitter:label1\" content=\"Gesch\u00e4tzte Lesezeit\" \/>\n\t<meta name=\"twitter:data1\" content=\"5\u00a0Minuten\" \/>\n<script type=\"application\/ld+json\" class=\"yoast-schema-graph\">{\"@context\":\"https:\/\/schema.org\",\"@graph\":[{\"@type\":\"WebPage\",\"@id\":\"https:\/\/hurghada-airport.com\/car-rental\/\",\"url\":\"https:\/\/hurghada-airport.com\/car-rental\/\",\"name\":\"Everything You Need to Know About Rent a Car in Hurghada Airport\",\"isPartOf\":{\"@id\":\"https:\/\/hurghada-airport.com\/#website\"},\"primaryImageOfPage\":{\"@id\":\"https:\/\/hurghada-airport.com\/car-rental\/#primaryimage\"},\"image\":{\"@id\":\"https:\/\/hurghada-airport.com\/car-rental\/#primaryimage\"},\"thumbnailUrl\":\"https:\/\/hurghada-airport.com\/wp-content\/uploads\/hrg-car-rental-map.webp\",\"datePublished\":\"2025-04-24T18:52:34+00:00\",\"dateModified\":\"2025-08-23T16:21:46+00:00\",\"description\":\"Find the best Hurghada International Airport car hire deal. Choose from variety of economy vehicles and luxury cars. Reserve your car online.\",\"breadcrumb\":{\"@id\":\"https:\/\/hurghada-airport.com\/car-rental\/#breadcrumb\"},\"inLanguage\":\"de\",\"potentialAction\":[{\"@type\":\"ReadAction\",\"target\":[\"https:\/\/hurghada-airport.com\/car-rental\/\"]}]},{\"@type\":\"ImageObject\",\"inLanguage\":\"de\",\"@id\":\"https:\/\/hurghada-airport.com\/car-rental\/#primaryimage\",\"url\":\"https:\/\/hurghada-airport.com\/wp-content\/uploads\/hrg-car-rental-map.webp\",\"contentUrl\":\"https:\/\/hurghada-airport.com\/wp-content\/uploads\/hrg-car-rental-map.webp\",\"width\":1024,\"height\":1024,\"caption\":\"hurghada car rental\"},{\"@type\":\"BreadcrumbList\",\"@id\":\"https:\/\/hurghada-airport.com\/car-rental\/#breadcrumb\",\"itemListElement\":[{\"@type\":\"ListItem\",\"position\":1,\"name\":\"Home\",\"item\":\"https:\/\/hurghada-airport.com\/\"},{\"@type\":\"ListItem\",\"position\":2,\"name\":\"Everything You Need to Know About Renting a Car in Hurghada Airport\"}]},{\"@type\":\"WebSite\",\"@id\":\"https:\/\/hurghada-airport.com\/#website\",\"url\":\"https:\/\/hurghada-airport.com\/\",\"name\":\"Hurghada International Airport\",\"description\":\"\",\"publisher\":{\"@id\":\"https:\/\/hurghada-airport.com\/#organization\"},\"alternateName\":\"HRG\",\"potentialAction\":[{\"@type\":\"SearchAction\",\"target\":{\"@type\":\"EntryPoint\",\"urlTemplate\":\"https:\/\/hurghada-airport.com\/?s={search_term_string}\"},\"query-input\":{\"@type\":\"PropertyValueSpecification\",\"valueRequired\":true,\"valueName\":\"search_term_string\"}}],\"inLanguage\":\"de\"},{\"@type\":\"Organization\",\"@id\":\"https:\/\/hurghada-airport.com\/#organization\",\"name\":\"Hurghada International Airport\",\"alternateName\":\"HRG\",\"url\":\"https:\/\/hurghada-airport.com\/\",\"logo\":{\"@type\":\"ImageObject\",\"inLanguage\":\"de\",\"@id\":\"https:\/\/hurghada-airport.com\/#\/schema\/logo\/image\/\",\"url\":\"https:\/\/hurghada-airport.com\/wp-content\/uploads\/hrg-logo.jpg\",\"contentUrl\":\"https:\/\/hurghada-airport.com\/wp-content\/uploads\/hrg-logo.jpg\",\"width\":2000,\"height\":1414,\"caption\":\"Hurghada International Airport\"},\"image\":{\"@id\":\"https:\/\/hurghada-airport.com\/#\/schema\/logo\/image\/\"},\"sameAs\":[\"https:\/\/www.facebook.com\/hurghadaairport\"],\"ownershipFundingInfo\":\"https:\/\/hurghada-airport.com\/about\/\"}]}<\/script>\n<!-- \/ Yoast SEO Premium plugin. -->","yoast_head_json":{"title":"Everything You Need to Know About Rent a Car in Hurghada Airport","description":"Find the best Hurghada International Airport car hire deal. Choose from variety of economy vehicles and luxury cars. Reserve your car online.","robots":{"index":"index","follow":"follow","max-snippet":"max-snippet:-1","max-image-preview":"max-image-preview:large","max-video-preview":"max-video-preview:-1"},"canonical":"https:\/\/hurghada-airport.com\/de\/autovermietung\/","og_locale":"de_DE","og_type":"article","og_title":"Everything You Need to Know About Renting a Car in Hurghada Airport","og_description":"Find the best Hurghada International Airport car hire deal. Choose from variety of economy vehicles and luxury cars. Reserve your car online.","og_url":"https:\/\/hurghada-airport.com\/de\/autovermietung\/","article_publisher":"https:\/\/www.facebook.com\/hurghadaairport","article_modified_time":"2025-08-23T16:21:46+00:00","og_image":[{"width":1024,"height":1024,"url":"https:\/\/hurghada-airport.com\/wp-content\/uploads\/hrg-car-rental-map.webp","type":"image\/webp"}],"twitter_card":"summary_large_image","twitter_misc":{"Gesch\u00e4tzte Lesezeit":"5\u00a0Minuten"},"schema":{"@context":"https:\/\/schema.org","@graph":[{"@type":"WebPage","@id":"https:\/\/hurghada-airport.com\/car-rental\/","url":"https:\/\/hurghada-airport.com\/car-rental\/","name":"Everything You Need to Know About Rent a Car in Hurghada Airport","isPartOf":{"@id":"https:\/\/hurghada-airport.com\/#website"},"primaryImageOfPage":{"@id":"https:\/\/hurghada-airport.com\/car-rental\/#primaryimage"},"image":{"@id":"https:\/\/hurghada-airport.com\/car-rental\/#primaryimage"},"thumbnailUrl":"https:\/\/hurghada-airport.com\/wp-content\/uploads\/hrg-car-rental-map.webp","datePublished":"2025-04-24T18:52:34+00:00","dateModified":"2025-08-23T16:21:46+00:00","description":"Find the best Hurghada International Airport car hire deal. Choose from variety of economy vehicles and luxury cars. Reserve your car online.","breadcrumb":{"@id":"https:\/\/hurghada-airport.com\/car-rental\/#breadcrumb"},"inLanguage":"de","potentialAction":[{"@type":"ReadAction","target":["https:\/\/hurghada-airport.com\/car-rental\/"]}]},{"@type":"ImageObject","inLanguage":"de","@id":"https:\/\/hurghada-airport.com\/car-rental\/#primaryimage","url":"https:\/\/hurghada-airport.com\/wp-content\/uploads\/hrg-car-rental-map.webp","contentUrl":"https:\/\/hurghada-airport.com\/wp-content\/uploads\/hrg-car-rental-map.webp","width":1024,"height":1024,"caption":"hurghada car rental"},{"@type":"BreadcrumbList","@id":"https:\/\/hurghada-airport.com\/car-rental\/#breadcrumb","itemListElement":[{"@type":"ListItem","position":1,"name":"Home","item":"https:\/\/hurghada-airport.com\/"},{"@type":"ListItem","position":2,"name":"Everything You Need to Know About Renting a Car in Hurghada Airport"}]},{"@type":"WebSite","@id":"https:\/\/hurghada-airport.com\/#website","url":"https:\/\/hurghada-airport.com\/","name":"Hurghada International Airport","description":"","publisher":{"@id":"https:\/\/hurghada-airport.com\/#organization"},"alternateName":"HRG","potentialAction":[{"@type":"SearchAction","target":{"@type":"EntryPoint","urlTemplate":"https:\/\/hurghada-airport.com\/?s={search_term_string}"},"query-input":{"@type":"PropertyValueSpecification","valueRequired":true,"valueName":"search_term_string"}}],"inLanguage":"de"},{"@type":"Organization","@id":"https:\/\/hurghada-airport.com\/#organization","name":"Hurghada International Airport","alternateName":"HRG","url":"https:\/\/hurghada-airport.com\/","logo":{"@type":"ImageObject","inLanguage":"de","@id":"https:\/\/hurghada-airport.com\/#\/schema\/logo\/image\/","url":"https:\/\/hurghada-airport.com\/wp-content\/uploads\/hrg-logo.jpg","contentUrl":"https:\/\/hurghada-airport.com\/wp-content\/uploads\/hrg-logo.jpg","width":2000,"height":1414,"caption":"Hurghada International Airport"},"image":{"@id":"https:\/\/hurghada-airport.com\/#\/schema\/logo\/image\/"},"sameAs":["https:\/\/www.facebook.com\/hurghadaairport"],"ownershipFundingInfo":"https:\/\/hurghada-airport.com\/about\/"}]}},"_links":{"self":[{"href":"https:\/\/hurghada-airport.com\/de\/wp-json\/wp\/v2\/pages\/933","targetHints":{"allow":["GET"]}}],"collection":[{"href":"https:\/\/hurghada-airport.com\/de\/wp-json\/wp\/v2\/pages"}],"about":[{"href":"https:\/\/hurghada-airport.com\/de\/wp-json\/wp\/v2\/types\/page"}],"author":[{"embeddable":true,"href":"https:\/\/hurghada-airport.com\/de\/wp-json\/wp\/v2\/users\/1"}],"replies":[{"embeddable":true,"href":"https:\/\/hurghada-airport.com\/de\/wp-json\/wp\/v2\/comments?post=933"}],"version-history":[{"count":2,"href":"https:\/\/hurghada-airport.com\/de\/wp-json\/wp\/v2\/pages\/933\/revisions"}],"predecessor-version":[{"id":1296,"href":"https:\/\/hurghada-airport.com\/de\/wp-json\/wp\/v2\/pages\/933\/revisions\/1296"}],"wp:featuredmedia":[{"embeddable":true,"href":"https:\/\/hurghada-airport.com\/de\/wp-json\/wp\/v2\/media\/1277"}],"wp:attachment":[{"href":"https:\/\/hurghada-airport.com\/de\/wp-json\/wp\/v2\/media?parent=933"}],"curies":[{"name":"wp","href":"https:\/\/api.w.org\/{rel}","templated":true}]}}