{"id":924,"date":"2025-04-24T17:30:27","date_gmt":"2025-04-24T17:30:27","guid":{"rendered":"https:\/\/hurghada-airport.com\/?page_id=924"},"modified":"2025-05-14T13:16:51","modified_gmt":"2025-05-14T13:16:51","slug":"best-time-to-visit","status":"publish","type":"page","link":"https:\/\/hurghada-airport.com\/de\/beste-zeit-fur-einen-besuch\/","title":{"rendered":"Beste Zeit f\u00fcr einen Besuch in Hurghada im Jahr 2025"},"content":{"rendered":"<p><img decoding=\"async\" class=\"alignnone size-full wp-image-927\" src=\"https:\/\/hotel-images.b-cdn.net\/hurghada\/best-time-to-visit%20(1)%20(2).png\" alt=\"\" width=\"1536\" height=\"1024\" \/>Wenn Sie nach Hurghada reisen, ist nicht nur das Wetter entscheidend. Der Andrang, die Preise, die Unterwassersicht, die Windverh\u00e4ltnisse und sogar der Komfort der W\u00fcstenausfl\u00fcge h\u00e4ngen vom Timing ab. Jede Zeit hat ihren eigenen Rhythmus und ihr eigenes Gef\u00fchl. Manchmal ist das Rote Meer spiegelglatt, manchmal bietet es tolle Wellen f\u00fcr Windsurfer. Manchmal kann man kaum einen Fu\u00df auf den Strand setzen, w\u00e4hrend man ein anderes Mal kilometerlangen Sand fast f\u00fcr sich allein hat.<\/p>\n<p>Wenn Sie also Ihre Reise nach Hurghada planen, sollten Sie unbedingt einen Blick auf den Kalender werfen, wissen, was die jeweilige Jahreszeit zu bieten hat, und Ihre Erwartungen entsprechend anpassen. Ich war zum ersten Mal mitten im Sommer dort, und um ehrlich zu sein, hat mich die Hitze \u00fcberrumpelt. Bei sp\u00e4teren Besuchen habe ich verschiedene Jahreszeiten ausprobiert und jedes Mal eine andere Seite von Hurghada gesehen.<\/p>\n<p><img decoding=\"async\" class=\"size-medium aligncenter\" src=\"https:\/\/hotel-images.b-cdn.net\/hurghada\/best-time-to-visit\/2.webp\" width=\"1024\" height=\"683\" \/><\/p>\n<p><strong>Goldenes Zeitalter<\/strong> <strong>Herbst (September - November)<\/strong><\/p>\n<p>Wenn Sie mich fragen w\u00fcrden: \"Wenn Sie eine Jahreszeit f\u00fcr Hurghada w\u00e4hlen m\u00fcssten, welche w\u00e4re das?\", w\u00fcrde ich ohne zu \u00fcberlegen Herbst sagen. Vor allem von Ende September bis Mitte November ist Hurghada f\u00fcr mich die sch\u00f6nste Zeit. Die br\u00fctende Hitze des Sommers verschwindet allm\u00e4hlich und die Luft wird angenehm warm. Tags\u00fcber sind die Temperaturen ideal zum Sonnenbaden, Sightseeing und Genie\u00dfen des Meeres.<\/p>\n<p>Die Temperatur des Meerwassers ist perfekt. Das Rote Meer, das sich den ganzen Sommer \u00fcber erw\u00e4rmt, ist in diesen Monaten wie ein Jacuzzi. Weder zu hei\u00df noch zu k\u00fchl - das ist mein Favorit. Die Sicht unter Wasser zum Tauchen und Schnorcheln ist in der Regel gro\u00dfartig, und die Wassertemperatur erlaubt einen stundenlangen Aufenthalt. Der Wind ist in der Regel ruhig oder es weht eine leichte Brise, was ideale Bedingungen f\u00fcr Bootsausfl\u00fcge und Aktivit\u00e4ten auf dem Meer schafft.<\/p>\n<p><img decoding=\"async\" class=\"size-medium aligncenter\" src=\"https:\/\/hotel-images.b-cdn.net\/hurghada\/best-time-to-visit\/3.webp\" width=\"1024\" height=\"683\" \/><\/p>\n<p>Auch die Touristendichte in der Stadt ist in dieser Zeit recht ausgeglichen. Der Hauptzustrom von Touristen ist etwas geringer, da die Sommerferien in Europa zu Ende gehen, aber das Wetter ist immer noch perfekt, so dass die Gegend lebendig bleibt. Die Preise k\u00f6nnen g\u00fcnstiger sein als in den Hochsommermonaten, sind aber nicht so hoch wie in den beliebtesten Ferienzeiten im Winter. Ich war einmal im Oktober dort, und das Wetter war so perfekt, dass es mir vorkam, als h\u00e4tte man die ganze Stadt extra f\u00fcr mich hergerichtet. Tags\u00fcber am Strand liegen und ein Buch lesen, nachmittags tauchen und die bunten Fische beobachten und abends in einem d\u00fcnnen Outfit am Strand spazieren gehen... Das ist f\u00fcr mich die sch\u00f6nste Zeit in Hurghada.<\/p>\n<p>Im November k\u00f6nnen die N\u00e4chte etwas k\u00fchler werden, so dass es ratsam ist, eine d\u00fcnne Strickjacke einzupacken, aber im Allgemeinen sind die Tage immer noch warm und sonnig. Auch der Wind kann in diesem Monat manchmal zunehmen. Wenn Sie Wassersportler sind, ist das vielleicht nicht nach Ihrem Geschmack. Dennoch ist dies wohl eine der besten Zeiten, um das meiste, was Hurghada zu bieten hat, bequem zu erleben.<\/p>\n<p><img decoding=\"async\" class=\"size-medium aligncenter\" src=\"https:\/\/hotel-images.b-cdn.net\/hurghada\/best-time-to-visit\/4.webp\" width=\"1024\" height=\"683\" \/><\/p>\n<p><strong>Warme Wintersonne:<\/strong> <strong>Winter (Dezember - Februar)<\/strong><\/p>\n<p>Wenn Sie den eisigen Temperaturen in Europa entfliehen und etwas Sonne tanken m\u00f6chten, ist der Winter in Hurghada eine gro\u00dfartige Gelegenheit dazu. Nehmen Sie es mir nicht \u00fcbel, wenn ich \"Winter\" sage, denn der Winter hier ist nicht so, wie wir es gewohnt sind. Die Tagestemperaturen bewegen sich in der Regel zwischen 20 und 25 \u00b0C, was f\u00fcr Sonnenb\u00e4der und Aktivit\u00e4ten im Freien recht angenehm ist. Ja, es ist nicht so hei\u00df wie im Sommer oder Herbst, aber man kann trotzdem schwitzen, wenn man in der Sonne sitzt!<\/p>\n<p>Die Temperatur des Meerwassers f\u00e4llt in den Wintermonaten leicht auf etwa 22-24\u00b0C ab. Das kann f\u00fcr Warmwasserliebhaber etwas k\u00fchl sein, und Sie sollten einen d\u00fcnnen Neoprenanzug in Erw\u00e4gung ziehen, vor allem wenn Sie l\u00e4ngere Zeit schnorcheln oder tauchen wollen. Es ist aber immer noch m\u00f6glich, ins Meer zu gehen, und f\u00fcr viele ist es sehr erfrischend. Eines der charakteristischen Merkmale des Winters ist der Wind. Besonders im Januar und Februar kann der Wind etwas zunehmen. W\u00e4hrend dies Hurghada f\u00fcr Wind- und Kitesurfer attraktiv macht, kann es f\u00fcr diejenigen, die nur einen ruhigen Strandurlaub suchen, manchmal unangenehm sein.<\/p>\n<p><img decoding=\"async\" class=\"size-medium aligncenter\" src=\"https:\/\/hotel-images.b-cdn.net\/hurghada\/best-time-to-visit\/5.webp\" width=\"1024\" height=\"683\" \/><\/p>\n<p>Die Nachttemperaturen sinken im Winter erheblich. Sie k\u00f6nnen abends auf etwa 10-15 \u00b0C fallen, manchmal sogar noch k\u00e4lter. Wenn Sie abends ausgehen, sollten Sie daher immer etwas Warmes mitnehmen. Lange Hosen, ein Sweatshirt oder eine d\u00fcnne Jacke sind unerl\u00e4sslich.<br \/>\n<img decoding=\"async\" class=\"size-medium aligncenter\" src=\"https:\/\/hotel-images.b-cdn.net\/hurghada\/best-time-to-visit\/beach-hurghada.webp\" width=\"1024\" height=\"683\" \/><\/p>\n<p>&nbsp;<\/p>\n<p><strong>Belebter Fr\u00fchling<\/strong> <strong>Fr\u00fchling (M\u00e4rz - Mai)<\/strong><\/p>\n<p>Der Fr\u00fchling ist eine lebendige und farbenfrohe Zeit, wenn Hurghada aus dem Winterschlaf erwacht und sich erw\u00e4rmt. W\u00e4hrend es im M\u00e4rz noch etwas k\u00fchl und windig sein kann, steigen die Temperaturen im April und Mai rasch an, und das ideale Vorsommer-Strandwetter macht sich langsam bemerkbar. Die Tagestemperaturen beginnen bei 25\u00b0C und k\u00f6nnen bis Ende Mai 30-35\u00b0C erreichen.<\/p>\n<p>Auch die Temperatur des Meerwassers steigt im Fr\u00fchjahr allm\u00e4hlich an und erreicht Ende April und Anfang Mai wieder sehr angenehme Werte. Die Winterwinde halten im M\u00e4rz noch an, nehmen aber im April und Mai im Allgemeinen ab. Diese Zeit eignet sich hervorragend f\u00fcr Aktivit\u00e4ten zu Wasser und zu Lande, da die Temperaturen noch nicht den H\u00f6hepunkt des Sommers erreicht haben. Ausfl\u00fcge in die W\u00fcste sind immer noch m\u00f6glich, aber es macht mehr Sinn, sich f\u00fcr die fr\u00fchen Morgenstunden oder die sp\u00e4ten Abende zu entscheiden, da sich das Wetter gegen Mai deutlich erw\u00e4rmt.<\/p>\n<p><img decoding=\"async\" class=\"size-medium aligncenter\" src=\"https:\/\/hotel-images.b-cdn.net\/hurghada\/best-time-to-visit\/beach3.webp\" width=\"1024\" height=\"683\" \/><\/p>\n<p>Ich sollte jedoch erw\u00e4hnen, dass vor allem gegen Ende Mai die Temperaturen rapide ansteigen und die gro\u00dfe Hitze des Sommers ank\u00fcndigen. Wenn Sie hitzeempfindlich sind oder keine \u00dcberf\u00fcllung m\u00f6gen, ist es vielleicht besser, M\u00e4rz oder Anfang April statt Ende Mai zu w\u00e4hlen. Insgesamt ist der Fr\u00fchling jedoch eine gute Option f\u00fcr einen angenehmen Hurghada-Urlaub, auch wenn er nicht so ideal ist wie der Herbst, vor allem in Bezug auf das Wetter.<\/p>\n<p><img decoding=\"async\" class=\"size-medium aligncenter\" src=\"https:\/\/hotel-images.b-cdn.net\/hurghada\/best-time-to-visit\/entrance.webp\" width=\"1024\" height=\"683\" \/><\/p>\n<p><strong>H\u00f6hepunkt der Hitze<\/strong> <strong>Sommer (Juni - August)<\/strong><\/p>\n<p>Und hier kommen wir zur hei\u00dfesten und brennendsten Zeit in Hurghada: Der Sommer. Wenn Sie eine hohe Toleranz f\u00fcr extreme Hitze haben und Ihnen die trockene Hitze mit geringer Luftfeuchtigkeit nichts ausmacht, ist der Sommer eine Option. Aber ich will ehrlich sein: F\u00fcr mich kann die Sommerhitze in Hurghada manchmal eine Herausforderung sein. Die Tagestemperaturen bewegen sich regelm\u00e4\u00dfig im Bereich von 35-40\u00b0C, manchmal sogar \u00fcber 45\u00b0C. Es ist fast unm\u00f6glich, sich in der Sonne aufzuhalten, vor allem zur Mittagszeit.<\/p>\n<p>Die Temperatur des Meerwassers hingegen kann fast suppig sein und \u00fcber 30\u00b0C erreichen. Das kann dazu f\u00fchren, dass man sich im Wasser aufw\u00e4rmt, anstatt sich im Meer abzuk\u00fchlen! Auch wenn es sich immer noch f\u00fcr Wasseraktivit\u00e4ten eignet, k\u00f6nnen Bootsausfl\u00fcge oder Tauchpausen aufgrund der Hitze anstrengender sein. Der Wind ist im Sommer meist recht ruhig, so dass die Wasseroberfl\u00e4che glatt ist.<\/p>\n<p><img decoding=\"async\" class=\"size-medium aligncenter\" src=\"https:\/\/hotel-images.b-cdn.net\/hurghada\/best-time-to-visit\/kitesurf.webp\" width=\"1024\" height=\"683\" \/><\/p>\n<p><strong>Welcher Monat ist f\u00fcr wen?<\/strong> <strong>Eintauchen in die Details<\/strong><\/p>\n<p>Wir haben einen jahreszeitlichen \u00dcberblick gegeben, aber Sie sollten sich vielleicht etwas genauer mit den einzelnen Monaten befassen. Schlie\u00dflich kann es sogar einen Unterschied zwischen Anfang M\u00e4rz und Ende M\u00e4rz geben.<\/p>\n<ul>\n<li><strong>September-Oktober:<\/strong> Mein klarer Favorit. Perfektes Wetter, tolles Meerwasser, nicht zu viele Menschenmassen. Tauchen, Schnorcheln, Strand, Bootsausfl\u00fcge - ideal f\u00fcr all das.<\/li>\n<li><strong>November:<\/strong> Immer noch sehr gut. Tags\u00fcber herbstlich, abends wird es langsam k\u00fchler. Wind kann leicht zunehmen. Menschenmassen nehmen ab.<\/li>\n<li><strong>Dezember:<\/strong> Der Beginn des Winters. Sonnige und milde Tage, k\u00fchle Abende. Ruhig, au\u00dfer an Weihnachten und Neujahr. Ideal f\u00fcr die W\u00fcste. Das Meer wird ein wenig k\u00fchler.<\/li>\n<li><strong>Januar-Februar:<\/strong> Mitte des Winters. Die k\u00fchlsten Monate (20-23\u00b0C tags\u00fcber). Kann windig sein. Die Abende sind kalt. Die Menschenmengen sind minimal (au\u00dfer an Feiertagen). Kann preisg\u00fcnstig sein. Ideal f\u00fcr W\u00fcstentouren. Meer k\u00fchl, Neoprenanzug empfohlen.<\/li>\n<li><strong>M\u00e4rz:<\/strong> \u00dcbergangszeit. Immer noch windig und abends kann es k\u00fchl werden. Die Tage beginnen sich zu erw\u00e4rmen. Das Meer erw\u00e4rmt sich allm\u00e4hlich. Vor dem Sommer k\u00f6nnen gute Preise gefunden werden.<\/li>\n<li><strong>April:<\/strong> Wir n\u00e4hern uns der Perfektion. Das Wetter wird w\u00e4rmer, der Wind nimmt ab. Das Meerwasser erreicht einen sehr guten Stand. Die Menschenmengen nehmen zu (Ostern).<\/li>\n<\/ul>\n<p><img decoding=\"async\" class=\"size-medium aligncenter\" src=\"https:\/\/hotel-images.b-cdn.net\/hurghada\/best-time-to-visit\/sunset.webp\" width=\"1024\" height=\"683\" \/><\/p>\n<ul>\n<li><strong>Mai<\/strong> Die Vorstufe zum Sommer. Sehr warme und sonnige Tage. Die Temperatur des Meerwassers ist hoch. Menschenmassen werden sp\u00fcrbar. Idealer Morgen\/Abend f\u00fcr Ausfl\u00fcge in die W\u00fcste.<\/li>\n<li><strong>Juni-August:<\/strong> Der H\u00f6hepunkt der Hitze. Extrem hei\u00df, sehr sonnig. Das Meerwasser ist sehr warm. Das Gedr\u00e4nge ist am gr\u00f6\u00dften, die Preise sind am h\u00f6chsten. Wenn Sie die Hitze m\u00f6gen oder wenn der Sommer Ihre einzige Option ist, bleiben Sie im Schatten und trinken Sie viel Wasser.<\/li>\n<\/ul>\n<p>Kurz gesagt, ich kann mir keine bessere Zeit als den Oktober vorstellen, um alles, was Hurghada zu bieten hat, auf die bequemste und angenehmste Weise zu erleben. Dies ist f\u00fcr mich die \"goldene Zeit\" in Hurghada.<\/p>","protected":false},"excerpt":{"rendered":"<p>In Hurghada kommt es nicht nur auf das Wetter an. Menschenmassen, Preise, Unterwassersicht, Windverh\u00e4ltnisse und [...]<\/p>","protected":false},"author":1,"featured_media":1197,"parent":0,"menu_order":0,"comment_status":"closed","ping_status":"closed","template":"","meta":{"_acf_changed":false,"site-sidebar-layout":"default","site-content-layout":"","ast-site-content-layout":"default","site-content-style":"default","site-sidebar-style":"default","ast-global-header-display":"","ast-banner-title-visibility":"","ast-main-header-display":"","ast-hfb-above-header-display":"","ast-hfb-below-header-display":"","ast-hfb-mobile-header-display":"","site-post-title":"","ast-breadcrumbs-content":"","ast-featured-img":"","footer-sml-layout":"","theme-transparent-header-meta":"default","adv-header-id-meta":"","stick-header-meta":"","header-above-stick-meta":"","header-main-stick-meta":"","header-below-stick-meta":"","astra-migrate-meta-layouts":"set","ast-page-background-enabled":"default","ast-page-background-meta":{"desktop":{"background-color":"var(--ast-global-color-4)","background-image":"","background-repeat":"repeat","background-position":"center center","background-size":"auto","background-attachment":"scroll","background-type":"","background-media":"","overlay-type":"","overlay-color":"","overlay-opacity":"","overlay-gradient":""},"tablet":{"background-color":"","background-image":"","background-repeat":"repeat","background-position":"center center","background-size":"auto","background-attachment":"scroll","background-type":"","background-media":"","overlay-type":"","overlay-color":"","overlay-opacity":"","overlay-gradient":""},"mobile":{"background-color":"","background-image":"","background-repeat":"repeat","background-position":"center center","background-size":"auto","background-attachment":"scroll","background-type":"","background-media":"","overlay-type":"","overlay-color":"","overlay-opacity":"","overlay-gradient":""}},"ast-content-background-meta":{"desktop":{"background-color":"var(--ast-global-color-5)","background-image":"","background-repeat":"repeat","background-position":"center center","background-size":"auto","background-attachment":"scroll","background-type":"","background-media":"","overlay-type":"","overlay-color":"","overlay-opacity":"","overlay-gradient":""},"tablet":{"background-color":"var(--ast-global-color-5)","background-image":"","background-repeat":"repeat","background-position":"center center","background-size":"auto","background-attachment":"scroll","background-type":"","background-media":"","overlay-type":"","overlay-color":"","overlay-opacity":"","overlay-gradient":""},"mobile":{"background-color":"var(--ast-global-color-5)","background-image":"","background-repeat":"repeat","background-position":"center center","background-size":"auto","background-attachment":"scroll","background-type":"","background-media":"","overlay-type":"","overlay-color":"","overlay-opacity":"","overlay-gradient":""}},"footnotes":""},"class_list":["post-924","page","type-page","status-publish","has-post-thumbnail","hentry"],"acf":[],"yoast_head":"<!-- This site is optimized with the Yoast SEO Premium plugin v24.0 (Yoast SEO v25.7) - https:\/\/yoast.com\/wordpress\/plugins\/seo\/ -->\n<title>Best Time to Visit Hurghada in 2025 by Weather and Activities<\/title>\n<meta name=\"description\" content=\"Discover the best times to visit Hurghada with tips on weather, crowds, diving, and desert trips for each season and month. Plan your ideal Red Sea escape.\" \/>\n<meta name=\"robots\" content=\"index, follow, max-snippet:-1, max-image-preview:large, max-video-preview:-1\" \/>\n<link rel=\"canonical\" href=\"https:\/\/hurghada-airport.com\/de\/beste-zeit-fur-einen-besuch\/\" \/>\n<meta property=\"og:locale\" content=\"de_DE\" \/>\n<meta property=\"og:type\" content=\"article\" \/>\n<meta property=\"og:title\" content=\"Best Time to Visit Hurghada in 2025\" \/>\n<meta property=\"og:description\" content=\"Discover the best times to visit Hurghada with tips on weather, crowds, diving, and desert trips for each season and month. Plan your ideal Red Sea escape.\" \/>\n<meta property=\"og:url\" content=\"https:\/\/hurghada-airport.com\/de\/beste-zeit-fur-einen-besuch\/\" \/>\n<meta property=\"article:publisher\" content=\"https:\/\/www.facebook.com\/hurghadaairport\" \/>\n<meta property=\"article:modified_time\" content=\"2025-05-14T13:16:51+00:00\" \/>\n<meta property=\"og:image\" content=\"https:\/\/hotel-images.b-cdn.net\/hurghada\/200x200\/best-time-to-visit%20(1)%20(1).png\" \/><meta property=\"og:image\" content=\"https:\/\/hotel-images.b-cdn.net\/hurghada\/200x200\/best-time-to-visit%20(1)%20(1).png\" \/>\n\t<meta property=\"og:image:width\" content=\"200\" \/>\n\t<meta property=\"og:image:height\" content=\"200\" \/>\n\t<meta property=\"og:image:type\" content=\"image\/jpeg\" \/>\n<meta name=\"twitter:card\" content=\"summary_large_image\" \/>\n<meta name=\"twitter:image\" content=\"https:\/\/hotel-images.b-cdn.net\/hurghada\/200x200\/best-time-to-visit%20(1)%20(1).png\" \/>\n<meta name=\"twitter:label1\" content=\"Gesch\u00e4tzte Lesezeit\" \/>\n\t<meta name=\"twitter:data1\" content=\"9\u00a0Minuten\" \/>\n<script type=\"application\/ld+json\" class=\"yoast-schema-graph\">{\"@context\":\"https:\/\/schema.org\",\"@graph\":[{\"@type\":\"WebPage\",\"@id\":\"https:\/\/hurghada-airport.com\/best-time-to-visit\/\",\"url\":\"https:\/\/hurghada-airport.com\/best-time-to-visit\/\",\"name\":\"Best Time to Visit Hurghada in 2025 by Weather and Activities\",\"isPartOf\":{\"@id\":\"https:\/\/hurghada-airport.com\/#website\"},\"primaryImageOfPage\":{\"@id\":\"https:\/\/hurghada-airport.com\/best-time-to-visit\/#primaryimage\"},\"image\":{\"@id\":\"https:\/\/hurghada-airport.com\/best-time-to-visit\/#primaryimage\"},\"thumbnailUrl\":\"https:\/\/i3.wp.com\/hotel-images.b-cdn.net\/hurghada\/200x200\/best-time-to-visit%20(1)%20(1).png?w=200&resize=200,200&ssl=1\",\"datePublished\":\"2025-04-24T17:30:27+00:00\",\"dateModified\":\"2025-05-14T13:16:51+00:00\",\"description\":\"Discover the best times to visit Hurghada with tips on weather, crowds, diving, and desert trips for each season and month. Plan your ideal Red Sea escape.\",\"breadcrumb\":{\"@id\":\"https:\/\/hurghada-airport.com\/best-time-to-visit\/#breadcrumb\"},\"inLanguage\":\"de\",\"potentialAction\":[{\"@type\":\"ReadAction\",\"target\":[\"https:\/\/hurghada-airport.com\/best-time-to-visit\/\"]}]},{\"@type\":\"ImageObject\",\"inLanguage\":\"de\",\"@id\":\"https:\/\/hurghada-airport.com\/best-time-to-visit\/#primaryimage\",\"url\":\"https:\/\/i3.wp.com\/hotel-images.b-cdn.net\/hurghada\/200x200\/best-time-to-visit%20(1)%20(1).png?w=200&resize=200,200&ssl=1\",\"contentUrl\":\"https:\/\/i3.wp.com\/hotel-images.b-cdn.net\/hurghada\/200x200\/best-time-to-visit%20(1)%20(1).png?w=200&resize=200,200&ssl=1\",\"width\":\"200\",\"height\":\"200\"},{\"@type\":\"BreadcrumbList\",\"@id\":\"https:\/\/hurghada-airport.com\/best-time-to-visit\/#breadcrumb\",\"itemListElement\":[{\"@type\":\"ListItem\",\"position\":1,\"name\":\"Home\",\"item\":\"https:\/\/hurghada-airport.com\/\"},{\"@type\":\"ListItem\",\"position\":2,\"name\":\"Best Time to Visit Hurghada in 2025\"}]},{\"@type\":\"WebSite\",\"@id\":\"https:\/\/hurghada-airport.com\/#website\",\"url\":\"https:\/\/hurghada-airport.com\/\",\"name\":\"Hurghada International Airport\",\"description\":\"\",\"publisher\":{\"@id\":\"https:\/\/hurghada-airport.com\/#organization\"},\"alternateName\":\"HRG\",\"potentialAction\":[{\"@type\":\"SearchAction\",\"target\":{\"@type\":\"EntryPoint\",\"urlTemplate\":\"https:\/\/hurghada-airport.com\/?s={search_term_string}\"},\"query-input\":{\"@type\":\"PropertyValueSpecification\",\"valueRequired\":true,\"valueName\":\"search_term_string\"}}],\"inLanguage\":\"de\"},{\"@type\":\"Organization\",\"@id\":\"https:\/\/hurghada-airport.com\/#organization\",\"name\":\"Hurghada International Airport\",\"alternateName\":\"HRG\",\"url\":\"https:\/\/hurghada-airport.com\/\",\"logo\":{\"@type\":\"ImageObject\",\"inLanguage\":\"de\",\"@id\":\"https:\/\/hurghada-airport.com\/#\/schema\/logo\/image\/\",\"url\":\"https:\/\/hurghada-airport.com\/wp-content\/uploads\/hrg-logo.jpg\",\"contentUrl\":\"https:\/\/hurghada-airport.com\/wp-content\/uploads\/hrg-logo.jpg\",\"width\":2000,\"height\":1414,\"caption\":\"Hurghada International Airport\"},\"image\":{\"@id\":\"https:\/\/hurghada-airport.com\/#\/schema\/logo\/image\/\"},\"sameAs\":[\"https:\/\/www.facebook.com\/hurghadaairport\"],\"ownershipFundingInfo\":\"https:\/\/hurghada-airport.com\/about\/\"}]}<\/script>\n<!-- \/ Yoast SEO Premium plugin. -->","yoast_head_json":{"title":"Best Time to Visit Hurghada in 2025 by Weather and Activities","description":"Discover the best times to visit Hurghada with tips on weather, crowds, diving, and desert trips for each season and month. Plan your ideal Red Sea escape.","robots":{"index":"index","follow":"follow","max-snippet":"max-snippet:-1","max-image-preview":"max-image-preview:large","max-video-preview":"max-video-preview:-1"},"canonical":"https:\/\/hurghada-airport.com\/de\/beste-zeit-fur-einen-besuch\/","og_locale":"de_DE","og_type":"article","og_title":"Best Time to Visit Hurghada in 2025","og_description":"Discover the best times to visit Hurghada with tips on weather, crowds, diving, and desert trips for each season and month. Plan your ideal Red Sea escape.","og_url":"https:\/\/hurghada-airport.com\/de\/beste-zeit-fur-einen-besuch\/","article_publisher":"https:\/\/www.facebook.com\/hurghadaairport","article_modified_time":"2025-05-14T13:16:51+00:00","og_image":[{"url":"https:\/\/hotel-images.b-cdn.net\/hurghada\/200x200\/best-time-to-visit%20(1)%20(1).png","type":"","width":"","height":""},{"width":200,"height":200,"url":"https:\/\/hotel-images.b-cdn.net\/hurghada\/200x200\/best-time-to-visit%20(1)%20(1).png","type":"image\/jpeg"}],"twitter_card":"summary_large_image","twitter_image":"https:\/\/hotel-images.b-cdn.net\/hurghada\/200x200\/best-time-to-visit%20(1)%20(1).png","twitter_misc":{"Gesch\u00e4tzte Lesezeit":"9\u00a0Minuten"},"schema":{"@context":"https:\/\/schema.org","@graph":[{"@type":"WebPage","@id":"https:\/\/hurghada-airport.com\/best-time-to-visit\/","url":"https:\/\/hurghada-airport.com\/best-time-to-visit\/","name":"Best Time to Visit Hurghada in 2025 by Weather and Activities","isPartOf":{"@id":"https:\/\/hurghada-airport.com\/#website"},"primaryImageOfPage":{"@id":"https:\/\/hurghada-airport.com\/best-time-to-visit\/#primaryimage"},"image":{"@id":"https:\/\/hurghada-airport.com\/best-time-to-visit\/#primaryimage"},"thumbnailUrl":"https:\/\/i3.wp.com\/hotel-images.b-cdn.net\/hurghada\/200x200\/best-time-to-visit%20(1)%20(1).png?w=200&resize=200,200&ssl=1","datePublished":"2025-04-24T17:30:27+00:00","dateModified":"2025-05-14T13:16:51+00:00","description":"Discover the best times to visit Hurghada with tips on weather, crowds, diving, and desert trips for each season and month. Plan your ideal Red Sea escape.","breadcrumb":{"@id":"https:\/\/hurghada-airport.com\/best-time-to-visit\/#breadcrumb"},"inLanguage":"de","potentialAction":[{"@type":"ReadAction","target":["https:\/\/hurghada-airport.com\/best-time-to-visit\/"]}]},{"@type":"ImageObject","inLanguage":"de","@id":"https:\/\/hurghada-airport.com\/best-time-to-visit\/#primaryimage","url":"https:\/\/i3.wp.com\/hotel-images.b-cdn.net\/hurghada\/200x200\/best-time-to-visit%20(1)%20(1).png?w=200&resize=200,200&ssl=1","contentUrl":"https:\/\/i3.wp.com\/hotel-images.b-cdn.net\/hurghada\/200x200\/best-time-to-visit%20(1)%20(1).png?w=200&resize=200,200&ssl=1","width":"200","height":"200"},{"@type":"BreadcrumbList","@id":"https:\/\/hurghada-airport.com\/best-time-to-visit\/#breadcrumb","itemListElement":[{"@type":"ListItem","position":1,"name":"Home","item":"https:\/\/hurghada-airport.com\/"},{"@type":"ListItem","position":2,"name":"Best Time to Visit Hurghada in 2025"}]},{"@type":"WebSite","@id":"https:\/\/hurghada-airport.com\/#website","url":"https:\/\/hurghada-airport.com\/","name":"Hurghada International Airport","description":"","publisher":{"@id":"https:\/\/hurghada-airport.com\/#organization"},"alternateName":"HRG","potentialAction":[{"@type":"SearchAction","target":{"@type":"EntryPoint","urlTemplate":"https:\/\/hurghada-airport.com\/?s={search_term_string}"},"query-input":{"@type":"PropertyValueSpecification","valueRequired":true,"valueName":"search_term_string"}}],"inLanguage":"de"},{"@type":"Organization","@id":"https:\/\/hurghada-airport.com\/#organization","name":"Hurghada International Airport","alternateName":"HRG","url":"https:\/\/hurghada-airport.com\/","logo":{"@type":"ImageObject","inLanguage":"de","@id":"https:\/\/hurghada-airport.com\/#\/schema\/logo\/image\/","url":"https:\/\/hurghada-airport.com\/wp-content\/uploads\/hrg-logo.jpg","contentUrl":"https:\/\/hurghada-airport.com\/wp-content\/uploads\/hrg-logo.jpg","width":2000,"height":1414,"caption":"Hurghada International Airport"},"image":{"@id":"https:\/\/hurghada-airport.com\/#\/schema\/logo\/image\/"},"sameAs":["https:\/\/www.facebook.com\/hurghadaairport"],"ownershipFundingInfo":"https:\/\/hurghada-airport.com\/about\/"}]}},"_links":{"self":[{"href":"https:\/\/hurghada-airport.com\/de\/wp-json\/wp\/v2\/pages\/924","targetHints":{"allow":["GET"]}}],"collection":[{"href":"https:\/\/hurghada-airport.com\/de\/wp-json\/wp\/v2\/pages"}],"about":[{"href":"https:\/\/hurghada-airport.com\/de\/wp-json\/wp\/v2\/types\/page"}],"author":[{"embeddable":true,"href":"https:\/\/hurghada-airport.com\/de\/wp-json\/wp\/v2\/users\/1"}],"replies":[{"embeddable":true,"href":"https:\/\/hurghada-airport.com\/de\/wp-json\/wp\/v2\/comments?post=924"}],"version-history":[{"count":0,"href":"https:\/\/hurghada-airport.com\/de\/wp-json\/wp\/v2\/pages\/924\/revisions"}],"wp:featuredmedia":[{"embeddable":true,"href":"https:\/\/hurghada-airport.com\/de\/wp-json\/wp\/v2\/media\/1197"}],"wp:attachment":[{"href":"https:\/\/hurghada-airport.com\/de\/wp-json\/wp\/v2\/media?parent=924"}],"curies":[{"name":"wp","href":"https:\/\/api.w.org\/{rel}","templated":true}]}}