{"id":363,"date":"2024-11-18T12:32:18","date_gmt":"2024-11-18T12:32:18","guid":{"rendered":"http:\/\/deneme.local\/?page_id=363"},"modified":"2025-06-12T10:36:20","modified_gmt":"2025-06-12T10:36:20","slug":"departures","status":"publish","type":"page","link":"https:\/\/hurghada-airport.com\/de\/abfluge\/","title":{"rendered":"Hurghada International Flughafen Abfl\u00fcge"},"content":{"rendered":"<p>Im Abflugbereich des internationalen Flughafens Hurghada gibt es eine Reihe von Dienstleistungen, die den Passagieren einen komfortablen Start erm\u00f6glichen. Die abfliegenden Passagiere werden zun\u00e4chst in die Bereiche geleitet, in denen die Abfertigung z\u00fcgig abgewickelt wird. Unter <a href=\"https:\/\/hurghada-airport.com\/de\/\">Internationaler Flughafen Hurghada<\/a>Die Gep\u00e4ckausgabe und die Passkontrolle sind gut organisiert. Nach der Sicherheitskontrolle k\u00f6nnen sich die Passagiere in den ger\u00e4umigen Wartebereichen ausruhen. Die Passagiere k\u00f6nnen auch in den Duty-free-Shops einkaufen. Suchen Sie stattdessen nach Hurghada Arrivals? <a href=\"https:\/\/hurghada-airport.com\/de\/ankunfte\/\">Klicken Sie hier<\/a>.<\/p>\n<style>\r\n  .departures-rental-wrapper {\r\n    margin: 0 auto;\r\n    max-width: 1200px;\r\n  }\r\n  \r\n  @media (min-width: 769px) {\r\n    .departures-rental-wrapper {\r\n      display: flex;\r\n    }\r\n    .departures-area {\r\n      flex: none;\r\n      width: 670px;\r\n    }\r\n    .rental-car-area {\r\n      flex: none;\r\n      width: 530px; \/* 1200 \u2212 670 *\/\r\n    }\r\n  }\r\n \r\n  @media (max-width: 768px) {\r\n    .departures-rental-wrapper {\r\n      display: block;\r\n    }\r\n    .departures-area,\r\n    .rental-car-area {\r\n      width: 100%;\r\n      margin-bottom: 20px;\r\n    }\r\n  }\r\n<\/style>\r\n\r\n<div class=\"departures-rental-wrapper\">\r\n  <!-- Departures widget -->\r\n  <div class=\"departures-area\">\r\n    <div class=\"iframe-wrapper\" style=\"overflow-x:auto; -webkit-overflow-scrolling:touch; width:100%;\">\r\n  <iframe loading=\"lazy\" \r\n    src=\"\/\/tracker.flightview.com\/customersetup\/FlightViewWebFids\/cachedFids\/?vmode=departures&amp;Apt=HRG&amp;mainPage=tracker.flightview.com\"\r\n    width=\"670\" height=\"790\" scrolling=\"no\"\r\n    style=\"display:block; min-width:670px; border:0;\">\r\n  <\/iframe>\r\n<\/div>\r\n  <\/div>\r\n\r\n  <!-- Rental car widget -->\r\n  <div class=\"rental-car-area\">\r\n    <div>\r\n      <script\r\n        id=\"dchwidget\"\r\n        src=\"https:\/\/www.discovercars.com\/widget.js?v1\"\r\n        data-dev-env=\"com\"\r\n        data-location=\"egypt\/hurghada-red-sea\/hurghada-international-airport-hrg\"\r\n        data-currency=\"eur\"\r\n        data-utm-source=\"airportguy\"\r\n        data-utm-medium=\"widget\"\r\n        data-aff-code=\"a_aid\"\r\n        data-aff-channel=\"hrg-arrivals\"\r\n        data-autocomplete=\"on\"\r\n        data-style-submit-bg-color=\"#007ac2\"\r\n        data-style-submit-font-color=\"#ffffff\"\r\n        data-style-form-bg-color=\"#fcd34d\"\r\n        data-style-form-font-color=\"#000000\"\r\n        data-style-submit-text=\"Search now\"\r\n        data-style-title-color=\"#000000\"\r\n        data-title-text=\"Save up to 70% on your car rental return - Book now!\"\r\n        async\r\n data-style_rounded_corners=\"on\"\r\n        data-localization_currency_box=\"on\"\r\n        data-layout_benefits=\"on\"\r\n        data-layout_description=\"on\"\r\n        data-layout_description_text=\"Quick 3-minute drop-off with free shuttle to terminal - Never miss a flight again\"\r\n        data-layout_powered_by=\"on\"\r\n        data-layout_title=\"on\"\r\n        data-layout_supplier_logos=\"on\">\r\n      <\/script>\r\n    <\/div>\r\n  <\/div>\r\n<\/div>\r\n\n<h2>Live-Updates f\u00fcr Abfl\u00fcge vom Flughafen Hurghada<\/h2>\n<p><a href=\"https:\/\/hurghada-airport.com\/wp-content\/uploads\/hurghada-airport-terminal-1-map-2000x2000-1.png\" target=\"_blank\" rel=\"noopener\"><br \/>\n<img decoding=\"async\" title=\"hurghada flughafen terminal 1 karte\" src=\"https:\/\/hurghada-airport.com\/wp-content\/uploads\/hurghada-airport-terminal-1-map-2000x2000-1.png\" alt=\"hurghada flughafen terminal 1 karte\" width=\"500\" height=\"500\" \/><br \/>\n<\/a><\/p>\n<p>Restaurants und Caf\u00e9s am Flughafen bieten eine Vielzahl von Speisem\u00f6glichkeiten. F\u00fcr den Internetzugang steht auch ein kostenloser Wi-Fi-Service zur Verf\u00fcgung. Flugg\u00e4ste k\u00f6nnen die Fluginformationen auf Bildschirmen in der N\u00e4he ihrer Fl\u00fcge verfolgen. VIP-Lounges bieten auch einen gem\u00fctlichen Wartebereich f\u00fcr Passagiere, die zus\u00e4tzlichen Komfort suchen.<\/p>","protected":false},"excerpt":{"rendered":"<p>Im Abflugbereich des internationalen Flughafens Hurghada gibt es eine Reihe von Dienstleistungen, die sicherstellen, dass die Flugg\u00e4ste ihre Fl\u00fcge [...]<\/p>","protected":false},"author":1,"featured_media":1200,"parent":0,"menu_order":0,"comment_status":"closed","ping_status":"closed","template":"","meta":{"_acf_changed":false,"site-sidebar-layout":"default","site-content-layout":"","ast-site-content-layout":"default","site-content-style":"default","site-sidebar-style":"default","ast-global-header-display":"","ast-banner-title-visibility":"","ast-main-header-display":"","ast-hfb-above-header-display":"","ast-hfb-below-header-display":"","ast-hfb-mobile-header-display":"","site-post-title":"","ast-breadcrumbs-content":"","ast-featured-img":"","footer-sml-layout":"","theme-transparent-header-meta":"default","adv-header-id-meta":"","stick-header-meta":"","header-above-stick-meta":"","header-main-stick-meta":"","header-below-stick-meta":"","astra-migrate-meta-layouts":"set","ast-page-background-enabled":"default","ast-page-background-meta":{"desktop":{"background-color":"var(--ast-global-color-4)","background-image":"","background-repeat":"repeat","background-position":"center center","background-size":"auto","background-attachment":"scroll","background-type":"","background-media":"","overlay-type":"","overlay-color":"","overlay-opacity":"","overlay-gradient":""},"tablet":{"background-color":"","background-image":"","background-repeat":"repeat","background-position":"center center","background-size":"auto","background-attachment":"scroll","background-type":"","background-media":"","overlay-type":"","overlay-color":"","overlay-opacity":"","overlay-gradient":""},"mobile":{"background-color":"","background-image":"","background-repeat":"repeat","background-position":"center center","background-size":"auto","background-attachment":"scroll","background-type":"","background-media":"","overlay-type":"","overlay-color":"","overlay-opacity":"","overlay-gradient":""}},"ast-content-background-meta":{"desktop":{"background-color":"var(--ast-global-color-5)","background-image":"","background-repeat":"repeat","background-position":"center center","background-size":"auto","background-attachment":"scroll","background-type":"","background-media":"","overlay-type":"","overlay-color":"","overlay-opacity":"","overlay-gradient":""},"tablet":{"background-color":"var(--ast-global-color-5)","background-image":"","background-repeat":"repeat","background-position":"center center","background-size":"auto","background-attachment":"scroll","background-type":"","background-media":"","overlay-type":"","overlay-color":"","overlay-opacity":"","overlay-gradient":""},"mobile":{"background-color":"var(--ast-global-color-5)","background-image":"","background-repeat":"repeat","background-position":"center center","background-size":"auto","background-attachment":"scroll","background-type":"","background-media":"","overlay-type":"","overlay-color":"","overlay-opacity":"","overlay-gradient":""}},"footnotes":""},"class_list":["post-363","page","type-page","status-publish","has-post-thumbnail","hentry"],"acf":[],"yoast_head":"<!-- This site is optimized with the Yoast SEO Premium plugin v24.0 (Yoast SEO v25.7) - https:\/\/yoast.com\/wordpress\/plugins\/seo\/ -->\n<title>Hurghada International Airport Departures<\/title>\n<meta name=\"description\" content=\"Departures from Hurghada Airport; View real-time flight departure information, delays and cancelations, and current weather conditions at Hurghada airport.\" \/>\n<meta name=\"robots\" content=\"index, follow, max-snippet:-1, max-image-preview:large, max-video-preview:-1\" \/>\n<link rel=\"canonical\" href=\"https:\/\/hurghada-airport.com\/de\/abfluge\/\" \/>\n<meta property=\"og:locale\" content=\"de_DE\" \/>\n<meta property=\"og:type\" content=\"article\" \/>\n<meta property=\"og:title\" content=\"Hurghada International Airport Departures\" \/>\n<meta property=\"og:description\" content=\"Departures from Hurghada Airport; View real-time flight departure information, delays and cancelations, and current weather conditions at Hurghada airport.\" \/>\n<meta property=\"og:url\" content=\"https:\/\/hurghada-airport.com\/de\/abfluge\/\" \/>\n<meta property=\"article:publisher\" content=\"https:\/\/www.facebook.com\/hurghadaairport\" \/>\n<meta property=\"article:modified_time\" content=\"2025-06-12T10:36:20+00:00\" \/>\n<meta property=\"og:image\" content=\"https:\/\/hurghada-airport.com\/wp-content\/uploads\/departures.jpg\" \/>\n\t<meta property=\"og:image:width\" content=\"320\" \/>\n\t<meta property=\"og:image:height\" content=\"211\" \/>\n\t<meta property=\"og:image:type\" content=\"image\/jpeg\" \/>\n<meta name=\"twitter:card\" content=\"summary_large_image\" \/>\n<meta name=\"twitter:label1\" content=\"Gesch\u00e4tzte Lesezeit\" \/>\n\t<meta name=\"twitter:data1\" content=\"2\u00a0Minuten\" \/>\n<script type=\"application\/ld+json\" class=\"yoast-schema-graph\">{\"@context\":\"https:\/\/schema.org\",\"@graph\":[{\"@type\":\"WebPage\",\"@id\":\"https:\/\/hurghada-airport.com\/departures\/\",\"url\":\"https:\/\/hurghada-airport.com\/departures\/\",\"name\":\"Hurghada International Airport Departures\",\"isPartOf\":{\"@id\":\"https:\/\/hurghada-airport.com\/#website\"},\"primaryImageOfPage\":{\"@id\":\"https:\/\/hurghada-airport.com\/departures\/#primaryimage\"},\"image\":{\"@id\":\"https:\/\/hurghada-airport.com\/departures\/#primaryimage\"},\"thumbnailUrl\":\"https:\/\/i1.wp.com\/hotel-images.b-cdn.net\/hurghada\/200x200\/hrg-departure%20(1).png?w=200&resize=200,200&ssl=1\",\"datePublished\":\"2024-11-18T12:32:18+00:00\",\"dateModified\":\"2025-06-12T10:36:20+00:00\",\"description\":\"Departures from Hurghada Airport; View real-time flight departure information, delays and cancelations, and current weather conditions at Hurghada airport.\",\"breadcrumb\":{\"@id\":\"https:\/\/hurghada-airport.com\/departures\/#breadcrumb\"},\"inLanguage\":\"de\",\"potentialAction\":[{\"@type\":\"ReadAction\",\"target\":[\"https:\/\/hurghada-airport.com\/departures\/\"]}]},{\"@type\":\"ImageObject\",\"inLanguage\":\"de\",\"@id\":\"https:\/\/hurghada-airport.com\/departures\/#primaryimage\",\"url\":\"https:\/\/i1.wp.com\/hotel-images.b-cdn.net\/hurghada\/200x200\/hrg-departure%20(1).png?w=200&resize=200,200&ssl=1\",\"contentUrl\":\"https:\/\/i1.wp.com\/hotel-images.b-cdn.net\/hurghada\/200x200\/hrg-departure%20(1).png?w=200&resize=200,200&ssl=1\",\"width\":\"200\",\"height\":\"200\"},{\"@type\":\"BreadcrumbList\",\"@id\":\"https:\/\/hurghada-airport.com\/departures\/#breadcrumb\",\"itemListElement\":[{\"@type\":\"ListItem\",\"position\":1,\"name\":\"Home\",\"item\":\"https:\/\/hurghada-airport.com\/\"},{\"@type\":\"ListItem\",\"position\":2,\"name\":\"Hurghada International Airport Departures\"}]},{\"@type\":\"WebSite\",\"@id\":\"https:\/\/hurghada-airport.com\/#website\",\"url\":\"https:\/\/hurghada-airport.com\/\",\"name\":\"Hurghada International Airport\",\"description\":\"\",\"publisher\":{\"@id\":\"https:\/\/hurghada-airport.com\/#organization\"},\"alternateName\":\"HRG\",\"potentialAction\":[{\"@type\":\"SearchAction\",\"target\":{\"@type\":\"EntryPoint\",\"urlTemplate\":\"https:\/\/hurghada-airport.com\/?s={search_term_string}\"},\"query-input\":{\"@type\":\"PropertyValueSpecification\",\"valueRequired\":true,\"valueName\":\"search_term_string\"}}],\"inLanguage\":\"de\"},{\"@type\":\"Organization\",\"@id\":\"https:\/\/hurghada-airport.com\/#organization\",\"name\":\"Hurghada International Airport\",\"alternateName\":\"HRG\",\"url\":\"https:\/\/hurghada-airport.com\/\",\"logo\":{\"@type\":\"ImageObject\",\"inLanguage\":\"de\",\"@id\":\"https:\/\/hurghada-airport.com\/#\/schema\/logo\/image\/\",\"url\":\"https:\/\/hurghada-airport.com\/wp-content\/uploads\/hrg-logo.jpg\",\"contentUrl\":\"https:\/\/hurghada-airport.com\/wp-content\/uploads\/hrg-logo.jpg\",\"width\":2000,\"height\":1414,\"caption\":\"Hurghada International Airport\"},\"image\":{\"@id\":\"https:\/\/hurghada-airport.com\/#\/schema\/logo\/image\/\"},\"sameAs\":[\"https:\/\/www.facebook.com\/hurghadaairport\"],\"ownershipFundingInfo\":\"https:\/\/hurghada-airport.com\/about\/\"}]}<\/script>\n<!-- \/ Yoast SEO Premium plugin. -->","yoast_head_json":{"title":"Hurghada International Airport Departures","description":"Departures from Hurghada Airport; View real-time flight departure information, delays and cancelations, and current weather conditions at Hurghada airport.","robots":{"index":"index","follow":"follow","max-snippet":"max-snippet:-1","max-image-preview":"max-image-preview:large","max-video-preview":"max-video-preview:-1"},"canonical":"https:\/\/hurghada-airport.com\/de\/abfluge\/","og_locale":"de_DE","og_type":"article","og_title":"Hurghada International Airport Departures","og_description":"Departures from Hurghada Airport; View real-time flight departure information, delays and cancelations, and current weather conditions at Hurghada airport.","og_url":"https:\/\/hurghada-airport.com\/de\/abfluge\/","article_publisher":"https:\/\/www.facebook.com\/hurghadaairport","article_modified_time":"2025-06-12T10:36:20+00:00","og_image":[{"width":320,"height":211,"url":"https:\/\/hurghada-airport.com\/wp-content\/uploads\/departures.jpg","type":"image\/jpeg"}],"twitter_card":"summary_large_image","twitter_misc":{"Gesch\u00e4tzte Lesezeit":"2\u00a0Minuten"},"schema":{"@context":"https:\/\/schema.org","@graph":[{"@type":"WebPage","@id":"https:\/\/hurghada-airport.com\/departures\/","url":"https:\/\/hurghada-airport.com\/departures\/","name":"Hurghada International Airport Departures","isPartOf":{"@id":"https:\/\/hurghada-airport.com\/#website"},"primaryImageOfPage":{"@id":"https:\/\/hurghada-airport.com\/departures\/#primaryimage"},"image":{"@id":"https:\/\/hurghada-airport.com\/departures\/#primaryimage"},"thumbnailUrl":"https:\/\/i1.wp.com\/hotel-images.b-cdn.net\/hurghada\/200x200\/hrg-departure%20(1).png?w=200&resize=200,200&ssl=1","datePublished":"2024-11-18T12:32:18+00:00","dateModified":"2025-06-12T10:36:20+00:00","description":"Departures from Hurghada Airport; View real-time flight departure information, delays and cancelations, and current weather conditions at Hurghada airport.","breadcrumb":{"@id":"https:\/\/hurghada-airport.com\/departures\/#breadcrumb"},"inLanguage":"de","potentialAction":[{"@type":"ReadAction","target":["https:\/\/hurghada-airport.com\/departures\/"]}]},{"@type":"ImageObject","inLanguage":"de","@id":"https:\/\/hurghada-airport.com\/departures\/#primaryimage","url":"https:\/\/i1.wp.com\/hotel-images.b-cdn.net\/hurghada\/200x200\/hrg-departure%20(1).png?w=200&resize=200,200&ssl=1","contentUrl":"https:\/\/i1.wp.com\/hotel-images.b-cdn.net\/hurghada\/200x200\/hrg-departure%20(1).png?w=200&resize=200,200&ssl=1","width":"200","height":"200"},{"@type":"BreadcrumbList","@id":"https:\/\/hurghada-airport.com\/departures\/#breadcrumb","itemListElement":[{"@type":"ListItem","position":1,"name":"Home","item":"https:\/\/hurghada-airport.com\/"},{"@type":"ListItem","position":2,"name":"Hurghada International Airport Departures"}]},{"@type":"WebSite","@id":"https:\/\/hurghada-airport.com\/#website","url":"https:\/\/hurghada-airport.com\/","name":"Hurghada International Airport","description":"","publisher":{"@id":"https:\/\/hurghada-airport.com\/#organization"},"alternateName":"HRG","potentialAction":[{"@type":"SearchAction","target":{"@type":"EntryPoint","urlTemplate":"https:\/\/hurghada-airport.com\/?s={search_term_string}"},"query-input":{"@type":"PropertyValueSpecification","valueRequired":true,"valueName":"search_term_string"}}],"inLanguage":"de"},{"@type":"Organization","@id":"https:\/\/hurghada-airport.com\/#organization","name":"Hurghada International Airport","alternateName":"HRG","url":"https:\/\/hurghada-airport.com\/","logo":{"@type":"ImageObject","inLanguage":"de","@id":"https:\/\/hurghada-airport.com\/#\/schema\/logo\/image\/","url":"https:\/\/hurghada-airport.com\/wp-content\/uploads\/hrg-logo.jpg","contentUrl":"https:\/\/hurghada-airport.com\/wp-content\/uploads\/hrg-logo.jpg","width":2000,"height":1414,"caption":"Hurghada International Airport"},"image":{"@id":"https:\/\/hurghada-airport.com\/#\/schema\/logo\/image\/"},"sameAs":["https:\/\/www.facebook.com\/hurghadaairport"],"ownershipFundingInfo":"https:\/\/hurghada-airport.com\/about\/"}]}},"_links":{"self":[{"href":"https:\/\/hurghada-airport.com\/de\/wp-json\/wp\/v2\/pages\/363","targetHints":{"allow":["GET"]}}],"collection":[{"href":"https:\/\/hurghada-airport.com\/de\/wp-json\/wp\/v2\/pages"}],"about":[{"href":"https:\/\/hurghada-airport.com\/de\/wp-json\/wp\/v2\/types\/page"}],"author":[{"embeddable":true,"href":"https:\/\/hurghada-airport.com\/de\/wp-json\/wp\/v2\/users\/1"}],"replies":[{"embeddable":true,"href":"https:\/\/hurghada-airport.com\/de\/wp-json\/wp\/v2\/comments?post=363"}],"version-history":[{"count":1,"href":"https:\/\/hurghada-airport.com\/de\/wp-json\/wp\/v2\/pages\/363\/revisions"}],"predecessor-version":[{"id":1280,"href":"https:\/\/hurghada-airport.com\/de\/wp-json\/wp\/v2\/pages\/363\/revisions\/1280"}],"wp:featuredmedia":[{"embeddable":true,"href":"https:\/\/hurghada-airport.com\/de\/wp-json\/wp\/v2\/media\/1200"}],"wp:attachment":[{"href":"https:\/\/hurghada-airport.com\/de\/wp-json\/wp\/v2\/media?parent=363"}],"curies":[{"name":"wp","href":"https:\/\/api.w.org\/{rel}","templated":true}]}}