{"id":1045,"date":"2025-04-26T03:00:36","date_gmt":"2025-04-26T03:00:36","guid":{"rendered":"https:\/\/hurghada-airport.com\/?page_id=1045"},"modified":"2025-05-14T13:28:44","modified_gmt":"2025-05-14T13:28:44","slug":"tax-refund","status":"publish","type":"page","link":"https:\/\/hurghada-airport.com\/de\/steuererstattung\/","title":{"rendered":"So beantragen Sie eine Steuerr\u00fcckerstattung am Flughafen Hurghada"},"content":{"rendered":"<p>Ausl\u00e4ndische Besucher k\u00f6nnen die gezahlte Mehrwertsteuer 14% f\u00fcr Eink\u00e4ufe im Gesamtwert von mindestens 1 500 EGP auf ihren elektronischen Rechnungen zur\u00fcckfordern, sofern ihr Aufenthalt nicht l\u00e4nger als drei Monate dauert. Die Bedingungen f\u00fcr die R\u00fcckerstattung sind: Ihre Passnummer muss vollst\u00e4ndig auf der elektronischen Rechnung angegeben sein, die zum Zeitpunkt des Kaufs ausgestellt wurde; die gekauften Waren m\u00fcssen unbenutzt und originalverpackt sein und bei der Ausreise mitgef\u00fchrt werden. Sobald Ihr Antrag genehmigt ist, wird die R\u00fcckerstattung in eine Fremdw\u00e4hrung Ihrer Wahl umgerechnet und auf Ihre Kredit- oder Debitkarte \u00fcberwiesen.<\/p>\n<p>Der erste Schritt im R\u00fcckerstattungsprozess besteht darin, beim Einkauf im Gesch\u00e4ft Verk\u00e4ufer zu w\u00e4hlen, die das Etikett \"MwSt.-R\u00fcckerstattung\" tragen, und sich zu vergewissern, dass die elektronische Sendung, die Sie vom Verk\u00e4ufer erhalten, das Datum, den Betrag und Ihre Reisepassnummer korrekt ausweist. Nachdem Sie die Richtigkeit des elektronischen Lieferscheins \u00fcberpr\u00fcft haben, sollten Sie die Produkte unbenutzt und in der Originalverpackung aufbewahren; Sie sollten ber\u00fccksichtigen, dass nicht berechnete, unverpackte oder ge\u00f6ffnete Produkte nicht zur R\u00fcckgabe angenommen werden.<\/p>\n<p><a href=\"https:\/\/hurghada-airport.com\/de\/fluge\/\">Am Tag Ihres Fluges<\/a>m\u00fcssen Sie sich an das B\u00fcro f\u00fcr Mehrwertsteuererstattung wenden unter <a href=\"https:\/\/hurghada-airport.com\/de\/\">Internationaler Flughafen Hurghada<\/a> <a href=\"https:\/\/hurghada-airport.com\/de\/terminal\/\">Terminal 1<\/a> Abflughalle mindestens zwei Stunden vor der Abflugzeit. Hier legen Sie den Beh\u00f6rden Ihren Pass, die elektronischen Versandscheine und die Waren vor, die der Zollkontrolle unterzogen werden sollen; sobald die Einhaltung der Vorschriften best\u00e4tigt ist, wird Ihr Formular mit einem Zollstempel versehen und das Erstattungsverfahren eingeleitet. Sobald Sie das genehmigte Formular und Ihre Passdaten einreichen und Ihre Bankkarte vorlegen, auf die die R\u00fcckerstattung erfolgen soll, wird das B\u00fcropersonal die \u00dcberweisung des Betrags auf die Karte vornehmen. Das R\u00fcckerstattungsformular und andere Dokumente erhalten Sie im Bereich \"Tax Refund Forms\" auf der ETA-Website, und Sie k\u00f6nnen den Status Ihres E-Versandscheins \u00fcber die mobile Anwendung \"Tax Refund\" der ETA sofort verfolgen, um Ihre Transaktion zu beschleunigen.<\/p>\n<p>Bei allen Fragen zur Steuerr\u00fcckerstattung k\u00f6nnen Sie das 24\/7-Callcenter der \u00e4gyptischen Steuerverwaltung unter der Nummer 16395 anrufen und erhalten Unterst\u00fctzung auf Englisch oder Franz\u00f6sisch<\/p>\n<p>Alle aktuellen Verfahren, Musterformulare und Schritt-f\u00fcr-Schritt-Anleitungen finden Sie unter <a href=\"https:\/\/eta.gov.eg\/en\/tax-refund\">https:\/\/eta.gov.eg\/en\/tax-refund<\/a>. Wenn Sie diese Schritte sorgf\u00e4ltig planen, k\u00f6nnen Sie Ihre Steuerr\u00fcckerstattung problemlos erhalten, wenn Sie Hurghada verlassen.<\/p>","protected":false},"excerpt":{"rendered":"<p>Ausl\u00e4ndische Besucher k\u00f6nnen die 14% Mehrwertsteuer zur\u00fcckfordern, die f\u00fcr Eink\u00e4ufe im Gesamtwert von mindestens [...]<\/p>","protected":false},"author":1,"featured_media":1205,"parent":0,"menu_order":0,"comment_status":"closed","ping_status":"closed","template":"","meta":{"_acf_changed":false,"site-sidebar-layout":"default","site-content-layout":"","ast-site-content-layout":"default","site-content-style":"default","site-sidebar-style":"default","ast-global-header-display":"","ast-banner-title-visibility":"","ast-main-header-display":"","ast-hfb-above-header-display":"","ast-hfb-below-header-display":"","ast-hfb-mobile-header-display":"","site-post-title":"","ast-breadcrumbs-content":"","ast-featured-img":"","footer-sml-layout":"","theme-transparent-header-meta":"default","adv-header-id-meta":"","stick-header-meta":"","header-above-stick-meta":"","header-main-stick-meta":"","header-below-stick-meta":"","astra-migrate-meta-layouts":"set","ast-page-background-enabled":"default","ast-page-background-meta":{"desktop":{"background-color":"var(--ast-global-color-4)","background-image":"","background-repeat":"repeat","background-position":"center center","background-size":"auto","background-attachment":"scroll","background-type":"","background-media":"","overlay-type":"","overlay-color":"","overlay-opacity":"","overlay-gradient":""},"tablet":{"background-color":"","background-image":"","background-repeat":"repeat","background-position":"center center","background-size":"auto","background-attachment":"scroll","background-type":"","background-media":"","overlay-type":"","overlay-color":"","overlay-opacity":"","overlay-gradient":""},"mobile":{"background-color":"","background-image":"","background-repeat":"repeat","background-position":"center center","background-size":"auto","background-attachment":"scroll","background-type":"","background-media":"","overlay-type":"","overlay-color":"","overlay-opacity":"","overlay-gradient":""}},"ast-content-background-meta":{"desktop":{"background-color":"var(--ast-global-color-5)","background-image":"","background-repeat":"repeat","background-position":"center center","background-size":"auto","background-attachment":"scroll","background-type":"","background-media":"","overlay-type":"","overlay-color":"","overlay-opacity":"","overlay-gradient":""},"tablet":{"background-color":"var(--ast-global-color-5)","background-image":"","background-repeat":"repeat","background-position":"center center","background-size":"auto","background-attachment":"scroll","background-type":"","background-media":"","overlay-type":"","overlay-color":"","overlay-opacity":"","overlay-gradient":""},"mobile":{"background-color":"var(--ast-global-color-5)","background-image":"","background-repeat":"repeat","background-position":"center center","background-size":"auto","background-attachment":"scroll","background-type":"","background-media":"","overlay-type":"","overlay-color":"","overlay-opacity":"","overlay-gradient":""}},"footnotes":""},"class_list":["post-1045","page","type-page","status-publish","has-post-thumbnail","hentry"],"acf":[],"yoast_head":"<!-- This site is optimized with the Yoast SEO Premium plugin v24.0 (Yoast SEO v25.7) - https:\/\/yoast.com\/wordpress\/plugins\/seo\/ -->\n<title>How to Claim a VAT Refund at Hurghada Airport in 2025<\/title>\n<meta name=\"description\" content=\"Learn how to get your 14% VAT refund at Hurghada Airport. Follow simple steps, required documents, and tips for travelers leaving Egypt in 2025\" \/>\n<meta name=\"robots\" content=\"index, follow, max-snippet:-1, max-image-preview:large, max-video-preview:-1\" \/>\n<link rel=\"canonical\" href=\"https:\/\/hurghada-airport.com\/de\/steuererstattung\/\" \/>\n<meta property=\"og:locale\" content=\"de_DE\" \/>\n<meta property=\"og:type\" content=\"article\" \/>\n<meta property=\"og:title\" content=\"How to Claim a Tax Refund at Hurghada Airport\" \/>\n<meta property=\"og:description\" content=\"Learn how to get your 14% VAT refund at Hurghada Airport. Follow simple steps, required documents, and tips for travelers leaving Egypt in 2025\" \/>\n<meta property=\"og:url\" content=\"https:\/\/hurghada-airport.com\/de\/steuererstattung\/\" \/>\n<meta property=\"article:publisher\" content=\"https:\/\/www.facebook.com\/hurghadaairport\" \/>\n<meta property=\"article:modified_time\" content=\"2025-05-14T13:28:44+00:00\" \/>\n<meta property=\"og:image\" content=\"https:\/\/hurghada-airport.com\/wp-content\/uploads\/6f4168135f71cce595f7857faccc5293.jpg\" \/>\n\t<meta property=\"og:image:width\" content=\"1200\" \/>\n\t<meta property=\"og:image:height\" content=\"1200\" \/>\n\t<meta property=\"og:image:type\" content=\"image\/jpeg\" \/>\n<meta name=\"twitter:card\" content=\"summary_large_image\" \/>\n<meta name=\"twitter:label1\" content=\"Gesch\u00e4tzte Lesezeit\" \/>\n\t<meta name=\"twitter:data1\" content=\"2\u00a0Minuten\" \/>\n<script type=\"application\/ld+json\" class=\"yoast-schema-graph\">{\"@context\":\"https:\/\/schema.org\",\"@graph\":[{\"@type\":\"WebPage\",\"@id\":\"https:\/\/hurghada-airport.com\/tax-refund\/\",\"url\":\"https:\/\/hurghada-airport.com\/tax-refund\/\",\"name\":\"How to Claim a VAT Refund at Hurghada Airport in 2025\",\"isPartOf\":{\"@id\":\"https:\/\/hurghada-airport.com\/#website\"},\"primaryImageOfPage\":{\"@id\":\"https:\/\/hurghada-airport.com\/tax-refund\/#primaryimage\"},\"image\":{\"@id\":\"https:\/\/hurghada-airport.com\/tax-refund\/#primaryimage\"},\"thumbnailUrl\":\"https:\/\/i3.wp.com\/hotel-images.b-cdn.net\/hurghada\/200x200\/hrg-tax-refund%20(1)%20(1).jpg?w=200&resize=200,200&ssl=1\",\"datePublished\":\"2025-04-26T03:00:36+00:00\",\"dateModified\":\"2025-05-14T13:28:44+00:00\",\"description\":\"Learn how to get your 14% VAT refund at Hurghada Airport. Follow simple steps, required documents, and tips for travelers leaving Egypt in 2025\",\"breadcrumb\":{\"@id\":\"https:\/\/hurghada-airport.com\/tax-refund\/#breadcrumb\"},\"inLanguage\":\"de\",\"potentialAction\":[{\"@type\":\"ReadAction\",\"target\":[\"https:\/\/hurghada-airport.com\/tax-refund\/\"]}]},{\"@type\":\"ImageObject\",\"inLanguage\":\"de\",\"@id\":\"https:\/\/hurghada-airport.com\/tax-refund\/#primaryimage\",\"url\":\"https:\/\/i3.wp.com\/hotel-images.b-cdn.net\/hurghada\/200x200\/hrg-tax-refund%20(1)%20(1).jpg?w=200&resize=200,200&ssl=1\",\"contentUrl\":\"https:\/\/i3.wp.com\/hotel-images.b-cdn.net\/hurghada\/200x200\/hrg-tax-refund%20(1)%20(1).jpg?w=200&resize=200,200&ssl=1\",\"width\":\"200\",\"height\":\"200\"},{\"@type\":\"BreadcrumbList\",\"@id\":\"https:\/\/hurghada-airport.com\/tax-refund\/#breadcrumb\",\"itemListElement\":[{\"@type\":\"ListItem\",\"position\":1,\"name\":\"Home\",\"item\":\"https:\/\/hurghada-airport.com\/\"},{\"@type\":\"ListItem\",\"position\":2,\"name\":\"How to Claim a Tax Refund at Hurghada Airport\"}]},{\"@type\":\"WebSite\",\"@id\":\"https:\/\/hurghada-airport.com\/#website\",\"url\":\"https:\/\/hurghada-airport.com\/\",\"name\":\"Hurghada International Airport\",\"description\":\"\",\"publisher\":{\"@id\":\"https:\/\/hurghada-airport.com\/#organization\"},\"alternateName\":\"HRG\",\"potentialAction\":[{\"@type\":\"SearchAction\",\"target\":{\"@type\":\"EntryPoint\",\"urlTemplate\":\"https:\/\/hurghada-airport.com\/?s={search_term_string}\"},\"query-input\":{\"@type\":\"PropertyValueSpecification\",\"valueRequired\":true,\"valueName\":\"search_term_string\"}}],\"inLanguage\":\"de\"},{\"@type\":\"Organization\",\"@id\":\"https:\/\/hurghada-airport.com\/#organization\",\"name\":\"Hurghada International Airport\",\"alternateName\":\"HRG\",\"url\":\"https:\/\/hurghada-airport.com\/\",\"logo\":{\"@type\":\"ImageObject\",\"inLanguage\":\"de\",\"@id\":\"https:\/\/hurghada-airport.com\/#\/schema\/logo\/image\/\",\"url\":\"https:\/\/hurghada-airport.com\/wp-content\/uploads\/hrg-logo.jpg\",\"contentUrl\":\"https:\/\/hurghada-airport.com\/wp-content\/uploads\/hrg-logo.jpg\",\"width\":2000,\"height\":1414,\"caption\":\"Hurghada International Airport\"},\"image\":{\"@id\":\"https:\/\/hurghada-airport.com\/#\/schema\/logo\/image\/\"},\"sameAs\":[\"https:\/\/www.facebook.com\/hurghadaairport\"],\"ownershipFundingInfo\":\"https:\/\/hurghada-airport.com\/about\/\"}]}<\/script>\n<!-- \/ Yoast SEO Premium plugin. -->","yoast_head_json":{"title":"How to Claim a VAT Refund at Hurghada Airport in 2025","description":"Learn how to get your 14% VAT refund at Hurghada Airport. Follow simple steps, required documents, and tips for travelers leaving Egypt in 2025","robots":{"index":"index","follow":"follow","max-snippet":"max-snippet:-1","max-image-preview":"max-image-preview:large","max-video-preview":"max-video-preview:-1"},"canonical":"https:\/\/hurghada-airport.com\/de\/steuererstattung\/","og_locale":"de_DE","og_type":"article","og_title":"How to Claim a Tax Refund at Hurghada Airport","og_description":"Learn how to get your 14% VAT refund at Hurghada Airport. Follow simple steps, required documents, and tips for travelers leaving Egypt in 2025","og_url":"https:\/\/hurghada-airport.com\/de\/steuererstattung\/","article_publisher":"https:\/\/www.facebook.com\/hurghadaairport","article_modified_time":"2025-05-14T13:28:44+00:00","og_image":[{"width":1200,"height":1200,"url":"https:\/\/hurghada-airport.com\/wp-content\/uploads\/6f4168135f71cce595f7857faccc5293.jpg","type":"image\/jpeg"}],"twitter_card":"summary_large_image","twitter_misc":{"Gesch\u00e4tzte Lesezeit":"2\u00a0Minuten"},"schema":{"@context":"https:\/\/schema.org","@graph":[{"@type":"WebPage","@id":"https:\/\/hurghada-airport.com\/tax-refund\/","url":"https:\/\/hurghada-airport.com\/tax-refund\/","name":"How to Claim a VAT Refund at Hurghada Airport in 2025","isPartOf":{"@id":"https:\/\/hurghada-airport.com\/#website"},"primaryImageOfPage":{"@id":"https:\/\/hurghada-airport.com\/tax-refund\/#primaryimage"},"image":{"@id":"https:\/\/hurghada-airport.com\/tax-refund\/#primaryimage"},"thumbnailUrl":"https:\/\/i3.wp.com\/hotel-images.b-cdn.net\/hurghada\/200x200\/hrg-tax-refund%20(1)%20(1).jpg?w=200&resize=200,200&ssl=1","datePublished":"2025-04-26T03:00:36+00:00","dateModified":"2025-05-14T13:28:44+00:00","description":"Learn how to get your 14% VAT refund at Hurghada Airport. Follow simple steps, required documents, and tips for travelers leaving Egypt in 2025","breadcrumb":{"@id":"https:\/\/hurghada-airport.com\/tax-refund\/#breadcrumb"},"inLanguage":"de","potentialAction":[{"@type":"ReadAction","target":["https:\/\/hurghada-airport.com\/tax-refund\/"]}]},{"@type":"ImageObject","inLanguage":"de","@id":"https:\/\/hurghada-airport.com\/tax-refund\/#primaryimage","url":"https:\/\/i3.wp.com\/hotel-images.b-cdn.net\/hurghada\/200x200\/hrg-tax-refund%20(1)%20(1).jpg?w=200&resize=200,200&ssl=1","contentUrl":"https:\/\/i3.wp.com\/hotel-images.b-cdn.net\/hurghada\/200x200\/hrg-tax-refund%20(1)%20(1).jpg?w=200&resize=200,200&ssl=1","width":"200","height":"200"},{"@type":"BreadcrumbList","@id":"https:\/\/hurghada-airport.com\/tax-refund\/#breadcrumb","itemListElement":[{"@type":"ListItem","position":1,"name":"Home","item":"https:\/\/hurghada-airport.com\/"},{"@type":"ListItem","position":2,"name":"How to Claim a Tax Refund at Hurghada Airport"}]},{"@type":"WebSite","@id":"https:\/\/hurghada-airport.com\/#website","url":"https:\/\/hurghada-airport.com\/","name":"Hurghada International Airport","description":"","publisher":{"@id":"https:\/\/hurghada-airport.com\/#organization"},"alternateName":"HRG","potentialAction":[{"@type":"SearchAction","target":{"@type":"EntryPoint","urlTemplate":"https:\/\/hurghada-airport.com\/?s={search_term_string}"},"query-input":{"@type":"PropertyValueSpecification","valueRequired":true,"valueName":"search_term_string"}}],"inLanguage":"de"},{"@type":"Organization","@id":"https:\/\/hurghada-airport.com\/#organization","name":"Hurghada International Airport","alternateName":"HRG","url":"https:\/\/hurghada-airport.com\/","logo":{"@type":"ImageObject","inLanguage":"de","@id":"https:\/\/hurghada-airport.com\/#\/schema\/logo\/image\/","url":"https:\/\/hurghada-airport.com\/wp-content\/uploads\/hrg-logo.jpg","contentUrl":"https:\/\/hurghada-airport.com\/wp-content\/uploads\/hrg-logo.jpg","width":2000,"height":1414,"caption":"Hurghada International Airport"},"image":{"@id":"https:\/\/hurghada-airport.com\/#\/schema\/logo\/image\/"},"sameAs":["https:\/\/www.facebook.com\/hurghadaairport"],"ownershipFundingInfo":"https:\/\/hurghada-airport.com\/about\/"}]}},"_links":{"self":[{"href":"https:\/\/hurghada-airport.com\/de\/wp-json\/wp\/v2\/pages\/1045","targetHints":{"allow":["GET"]}}],"collection":[{"href":"https:\/\/hurghada-airport.com\/de\/wp-json\/wp\/v2\/pages"}],"about":[{"href":"https:\/\/hurghada-airport.com\/de\/wp-json\/wp\/v2\/types\/page"}],"author":[{"embeddable":true,"href":"https:\/\/hurghada-airport.com\/de\/wp-json\/wp\/v2\/users\/1"}],"replies":[{"embeddable":true,"href":"https:\/\/hurghada-airport.com\/de\/wp-json\/wp\/v2\/comments?post=1045"}],"version-history":[{"count":0,"href":"https:\/\/hurghada-airport.com\/de\/wp-json\/wp\/v2\/pages\/1045\/revisions"}],"wp:featuredmedia":[{"embeddable":true,"href":"https:\/\/hurghada-airport.com\/de\/wp-json\/wp\/v2\/media\/1205"}],"wp:attachment":[{"href":"https:\/\/hurghada-airport.com\/de\/wp-json\/wp\/v2\/media?parent=1045"}],"curies":[{"name":"wp","href":"https:\/\/api.w.org\/{rel}","templated":true}]}}