{"id":1038,"date":"2025-04-26T02:16:19","date_gmt":"2025-04-26T02:16:19","guid":{"rendered":"https:\/\/hurghada-airport.com\/?page_id=1038"},"modified":"2025-05-14T13:20:27","modified_gmt":"2025-05-14T13:20:27","slug":"eat-and-drink","status":"publish","type":"page","link":"https:\/\/hurghada-airport.com\/de\/essen-und-trinken\/","title":{"rendered":"Essen &amp; Trinken"},"content":{"rendered":"<h2>Hurghada Flughafen Restaurants &amp; Caf\u00e9s<\/h2>\n<p>Entwickelt, um das Erlebnis der Fahrg\u00e4ste zu verbessern, <a href=\"https:\/\/hurghada-airport.com\/de\/\">Hurghada Flughafen<\/a>Das Angebot an Speisen und Getr\u00e4nken reicht von internationalen Fast-Food-Ketten, die an verschiedenen Stellen des Terminals angesiedelt sind, bis hin zu Caf\u00e9s der dritten Generation und renommierten Vertretern der lokalen K\u00fcche.<\/p>\n<p>Dieser Inhalt ist eine Referenzquelle f\u00fcr Flugg\u00e4ste, die Zeitmanagement und Komfort bei der Vorbereitung auf den Flug oder beim Transit suchen, indem er Unternehmen, die in Bezug auf Men\u00fcvielfalt, Servicegeschwindigkeit und Standortvorteile bewertet wurden, unter einem Dach zusammenfasst.<\/p>\n<p><strong>Burger King<\/strong><br \/>\nEr ist rund um die Uhr ge\u00f6ffnet und bietet die Klassiker Whopper und knusprige Kartoffeln sowie Touchscreen-Kioske, um die Wartezeit zu verk\u00fcrzen. Wir sind Burger King dankbar, dass sie auch mitten in der Nacht eine verl\u00e4ssliche Option f\u00fcr hungrige Fahrg\u00e4ste bieten.<br \/>\n<img decoding=\"async\" src=\"https:\/\/hotel-images.b-cdn.net\/hurghada\/eat\/burgerking.webp\" alt=\"\" \/><\/p>\n<p><strong>Caff\u00e8 Ritazza<\/strong><br \/>\nMit seinem intensiven Espressogeschmack macht er kurze Pausen wertvoll. Saisonale Lattes und buttrige Croissants in Minutenschnelle in der Hand mit kontaktloser Bezahlung.<br \/>\n<img decoding=\"async\" src=\"https:\/\/hotel-images.b-cdn.net\/hurghada\/eat\/cafe-ritazza.webp\" alt=\"\" \/><\/p>\n<p><strong>Kaffee-Labor<\/strong><br \/>\nDiese Ecke, die sich auf Pour-over und Cold Brew konzentriert, bietet Kaffeeliebhabern eine labor\u00e4hnliche Atmosph\u00e4re. Die \u00fcber die mobile App aufgegebene Bestellung ist in dem Moment fertig, in dem man das Lokal betritt. Das spart eine Menge Zeit.<br \/>\n<img decoding=\"async\" src=\"https:\/\/hotel-images.b-cdn.net\/hurghada\/eat\/caffe-lab.webp\" alt=\"\" \/><\/p>\n<p><strong>Obere Kruste<\/strong><br \/>\nDer Geruch von frisch gebackenem Brot zieht durch den Korridor. Die Roastbeef- und Frischk\u00e4se-Sandwiches sind immer hei\u00df. Ein idealer Zwischenstopp f\u00fcr alle, die einen schnellen, aber s\u00e4ttigenden Snack suchen.<br \/>\n<img decoding=\"async\" src=\"https:\/\/hotel-images.b-cdn.net\/hurghada\/eat\/upper-crust.webp\" alt=\"\" \/><\/p>\n<p><strong>KFC<\/strong><br \/>\nDie 2024 er\u00f6ffnete Filiale belebt den Flughafen mit ihren w\u00fcrzigen H\u00e4hncheneimern und Beilagen mit Bratenso\u00dfe. Selbstbedienungsstationen sorgen f\u00fcr einen reibungslosen Ablauf, auch w\u00e4hrend der Sto\u00dfzeiten.<br \/>\n<img decoding=\"async\" src=\"https:\/\/hotel-images.b-cdn.net\/hurghada\/eat\/kfc.webp\" alt=\"\" \/><\/p>\n<p><strong>Costa Kaffee<\/strong><br \/>\nEs bietet seinen Kunden britische Kaffeekultur mit Flat White Coffee und Chai Latte Optionen. Das Treueprogramm ist f\u00fcr Vielreisende wie mich immer ein Vorteil.<br \/>\n<img decoding=\"async\" src=\"https:\/\/hotel-images.b-cdn.net\/hurghada\/eat\/costa-coffe.webp\" alt=\"\" \/><\/p>\n<p><strong>Levito Pizza &amp; Nudeln<\/strong><br \/>\nPizzen mit d\u00fcnner Kruste werden scheibenweise oder in voller Gr\u00f6\u00dfe serviert, und Sie k\u00f6nnen zusehen, wie in der offenen K\u00fcche t\u00e4glich frische Pasta zubereitet wird. Es gibt auch alternative Teige f\u00fcr diejenigen, die eine Glutenunvertr\u00e4glichkeit haben.<br \/>\n<img decoding=\"async\" src=\"https:\/\/hotel-images.b-cdn.net\/hurghada\/eat\/Levito%20Pizza%20%26%20Pasta.webp\" alt=\"\" \/><\/p>\n<p><strong>Guter alter englischer Pub<\/strong><br \/>\nDie umfangreiche Bierkarte, Live-Sport\u00fcbertragungen und Fish &amp; Chips-Platten halten die klassische Pub-Kultur lebendig. Abendliche Menschenmassen machen versp\u00e4tete Fl\u00fcge zum Vergn\u00fcgen.<br \/>\n<img decoding=\"async\" src=\"https:\/\/hotel-images.b-cdn.net\/hurghada\/eat\/Good%20Old%20English%20Pub.webp\" alt=\"\" \/><\/p>\n<p><strong>Kafficho Kaffee<\/strong><br \/>\nDie Kaffees, die aus Bohnen einzigen Ursprungs gebr\u00fcht werden, werden vor dem Glas mit Blick auf die Landebahn serviert. Es ist ein gro\u00dfer Vorteil, dass es eine Vielzahl von Kr\u00e4utermilchgetr\u00e4nken gibt.<br \/>\n<img decoding=\"async\" src=\"https:\/\/hotel-images.b-cdn.net\/hurghada\/eat\/Kafficho%20Coffee.webp\" alt=\"\" \/><\/p>\n<p><strong>Negroni-Pizza<\/strong><br \/>\nIm Transitbereich gelegen, bietet dieses Lokal d\u00fcnne Krustenpizzen mit schnellem Service.<\/p>\n<p><img decoding=\"async\" class=\"alignnone size-medium\" src=\"https:\/\/hotel-images.b-cdn.net\/hurghada\/eat\/Negroni%20Pizza.webp\" width=\"1024\" height=\"683\" \/><\/p>\n<p><strong>Segafredo<\/strong><br \/>\nDieses italienische Caf\u00e9 ist rund um die Uhr ge\u00f6ffnet und l\u00e4dt mit starkem Espresso und frischem Geb\u00e4ck zum Entspannen ein. Das rot-schwarze Design passt zum <a href=\"https:\/\/hurghada-airport.com\/de\/terminal\/\">Terminal<\/a> Konzept perfekt.<br \/>\n<img decoding=\"async\" src=\"https:\/\/hotel-images.b-cdn.net\/hurghada\/eat\/Segafredo.webp\" alt=\"\" \/><\/p>","protected":false},"excerpt":{"rendered":"<p>Restaurants &amp; Caf\u00e9s am Flughafen Hurghada Das Gastronomieangebot des Flughafens Hurghada bietet eine gro\u00dfe Auswahl an [...]<\/p>","protected":false},"author":1,"featured_media":1202,"parent":0,"menu_order":0,"comment_status":"closed","ping_status":"closed","template":"","meta":{"_acf_changed":false,"site-sidebar-layout":"default","site-content-layout":"","ast-site-content-layout":"default","site-content-style":"default","site-sidebar-style":"default","ast-global-header-display":"","ast-banner-title-visibility":"","ast-main-header-display":"","ast-hfb-above-header-display":"","ast-hfb-below-header-display":"","ast-hfb-mobile-header-display":"","site-post-title":"","ast-breadcrumbs-content":"","ast-featured-img":"","footer-sml-layout":"","theme-transparent-header-meta":"default","adv-header-id-meta":"","stick-header-meta":"","header-above-stick-meta":"","header-main-stick-meta":"","header-below-stick-meta":"","astra-migrate-meta-layouts":"set","ast-page-background-enabled":"default","ast-page-background-meta":{"desktop":{"background-color":"var(--ast-global-color-4)","background-image":"","background-repeat":"repeat","background-position":"center center","background-size":"auto","background-attachment":"scroll","background-type":"","background-media":"","overlay-type":"","overlay-color":"","overlay-opacity":"","overlay-gradient":""},"tablet":{"background-color":"","background-image":"","background-repeat":"repeat","background-position":"center center","background-size":"auto","background-attachment":"scroll","background-type":"","background-media":"","overlay-type":"","overlay-color":"","overlay-opacity":"","overlay-gradient":""},"mobile":{"background-color":"","background-image":"","background-repeat":"repeat","background-position":"center center","background-size":"auto","background-attachment":"scroll","background-type":"","background-media":"","overlay-type":"","overlay-color":"","overlay-opacity":"","overlay-gradient":""}},"ast-content-background-meta":{"desktop":{"background-color":"var(--ast-global-color-5)","background-image":"","background-repeat":"repeat","background-position":"center center","background-size":"auto","background-attachment":"scroll","background-type":"","background-media":"","overlay-type":"","overlay-color":"","overlay-opacity":"","overlay-gradient":""},"tablet":{"background-color":"var(--ast-global-color-5)","background-image":"","background-repeat":"repeat","background-position":"center center","background-size":"auto","background-attachment":"scroll","background-type":"","background-media":"","overlay-type":"","overlay-color":"","overlay-opacity":"","overlay-gradient":""},"mobile":{"background-color":"var(--ast-global-color-5)","background-image":"","background-repeat":"repeat","background-position":"center center","background-size":"auto","background-attachment":"scroll","background-type":"","background-media":"","overlay-type":"","overlay-color":"","overlay-opacity":"","overlay-gradient":""}},"footnotes":""},"class_list":["post-1038","page","type-page","status-publish","has-post-thumbnail","hentry"],"acf":[],"yoast_head":"<!-- This site is optimized with the Yoast SEO Premium plugin v24.0 (Yoast SEO v25.7) - https:\/\/yoast.com\/wordpress\/plugins\/seo\/ -->\n<title>Where to Eat at Hurghada Airport: Best Cafes &amp; Restaurants 2025<\/title>\n<meta name=\"description\" content=\"Discover Hurghada Airport&#039;s top food spots for 2025, from fast food to gourmet coffee. See menus, locations, service tips, and 24\/7 options in one guide.\" \/>\n<meta name=\"robots\" content=\"index, follow, max-snippet:-1, max-image-preview:large, max-video-preview:-1\" \/>\n<link rel=\"canonical\" href=\"https:\/\/hurghada-airport.com\/de\/essen-und-trinken\/\" \/>\n<meta property=\"og:locale\" content=\"de_DE\" \/>\n<meta property=\"og:type\" content=\"article\" \/>\n<meta property=\"og:title\" content=\"Eat &amp; Drink\" \/>\n<meta property=\"og:description\" content=\"Discover Hurghada Airport&#039;s top food spots for 2025, from fast food to gourmet coffee. See menus, locations, service tips, and 24\/7 options in one guide.\" \/>\n<meta property=\"og:url\" content=\"https:\/\/hurghada-airport.com\/de\/essen-und-trinken\/\" \/>\n<meta property=\"article:publisher\" content=\"https:\/\/www.facebook.com\/hurghadaairport\" \/>\n<meta property=\"article:modified_time\" content=\"2025-05-14T13:20:27+00:00\" \/>\n<meta property=\"og:image\" content=\"https:\/\/hurghada-airport.com\/wp-content\/uploads\/food_outlet_collage-1.png\" \/>\n\t<meta property=\"og:image:width\" content=\"1800\" \/>\n\t<meta property=\"og:image:height\" content=\"800\" \/>\n\t<meta property=\"og:image:type\" content=\"image\/png\" \/>\n<meta name=\"twitter:card\" content=\"summary_large_image\" \/>\n<meta name=\"twitter:label1\" content=\"Gesch\u00e4tzte Lesezeit\" \/>\n\t<meta name=\"twitter:data1\" content=\"5\u00a0Minuten\" \/>\n<script type=\"application\/ld+json\" class=\"yoast-schema-graph\">{\"@context\":\"https:\/\/schema.org\",\"@graph\":[{\"@type\":\"WebPage\",\"@id\":\"https:\/\/hurghada-airport.com\/eat-and-drink\/\",\"url\":\"https:\/\/hurghada-airport.com\/eat-and-drink\/\",\"name\":\"Where to Eat at Hurghada Airport: Best Cafes & Restaurants 2025\",\"isPartOf\":{\"@id\":\"https:\/\/hurghada-airport.com\/#website\"},\"primaryImageOfPage\":{\"@id\":\"https:\/\/hurghada-airport.com\/eat-and-drink\/#primaryimage\"},\"image\":{\"@id\":\"https:\/\/hurghada-airport.com\/eat-and-drink\/#primaryimage\"},\"thumbnailUrl\":\"https:\/\/i3.wp.com\/hotel-images.b-cdn.net\/hurghada\/200x200\/eat-drink%20(1)%20(1).png?w=200&resize=200,200&ssl=1\",\"datePublished\":\"2025-04-26T02:16:19+00:00\",\"dateModified\":\"2025-05-14T13:20:27+00:00\",\"description\":\"Discover Hurghada Airport's top food spots for 2025, from fast food to gourmet coffee. See menus, locations, service tips, and 24\/7 options in one guide.\",\"breadcrumb\":{\"@id\":\"https:\/\/hurghada-airport.com\/eat-and-drink\/#breadcrumb\"},\"inLanguage\":\"de\",\"potentialAction\":[{\"@type\":\"ReadAction\",\"target\":[\"https:\/\/hurghada-airport.com\/eat-and-drink\/\"]}]},{\"@type\":\"ImageObject\",\"inLanguage\":\"de\",\"@id\":\"https:\/\/hurghada-airport.com\/eat-and-drink\/#primaryimage\",\"url\":\"https:\/\/i3.wp.com\/hotel-images.b-cdn.net\/hurghada\/200x200\/eat-drink%20(1)%20(1).png?w=200&resize=200,200&ssl=1\",\"contentUrl\":\"https:\/\/i3.wp.com\/hotel-images.b-cdn.net\/hurghada\/200x200\/eat-drink%20(1)%20(1).png?w=200&resize=200,200&ssl=1\",\"width\":\"200\",\"height\":\"200\"},{\"@type\":\"BreadcrumbList\",\"@id\":\"https:\/\/hurghada-airport.com\/eat-and-drink\/#breadcrumb\",\"itemListElement\":[{\"@type\":\"ListItem\",\"position\":1,\"name\":\"Home\",\"item\":\"https:\/\/hurghada-airport.com\/\"},{\"@type\":\"ListItem\",\"position\":2,\"name\":\"Eat &#038; Drink\"}]},{\"@type\":\"WebSite\",\"@id\":\"https:\/\/hurghada-airport.com\/#website\",\"url\":\"https:\/\/hurghada-airport.com\/\",\"name\":\"Hurghada International Airport\",\"description\":\"\",\"publisher\":{\"@id\":\"https:\/\/hurghada-airport.com\/#organization\"},\"alternateName\":\"HRG\",\"potentialAction\":[{\"@type\":\"SearchAction\",\"target\":{\"@type\":\"EntryPoint\",\"urlTemplate\":\"https:\/\/hurghada-airport.com\/?s={search_term_string}\"},\"query-input\":{\"@type\":\"PropertyValueSpecification\",\"valueRequired\":true,\"valueName\":\"search_term_string\"}}],\"inLanguage\":\"de\"},{\"@type\":\"Organization\",\"@id\":\"https:\/\/hurghada-airport.com\/#organization\",\"name\":\"Hurghada International Airport\",\"alternateName\":\"HRG\",\"url\":\"https:\/\/hurghada-airport.com\/\",\"logo\":{\"@type\":\"ImageObject\",\"inLanguage\":\"de\",\"@id\":\"https:\/\/hurghada-airport.com\/#\/schema\/logo\/image\/\",\"url\":\"https:\/\/hurghada-airport.com\/wp-content\/uploads\/hrg-logo.jpg\",\"contentUrl\":\"https:\/\/hurghada-airport.com\/wp-content\/uploads\/hrg-logo.jpg\",\"width\":2000,\"height\":1414,\"caption\":\"Hurghada International Airport\"},\"image\":{\"@id\":\"https:\/\/hurghada-airport.com\/#\/schema\/logo\/image\/\"},\"sameAs\":[\"https:\/\/www.facebook.com\/hurghadaairport\"],\"ownershipFundingInfo\":\"https:\/\/hurghada-airport.com\/about\/\"}]}<\/script>\n<!-- \/ Yoast SEO Premium plugin. -->","yoast_head_json":{"title":"Where to Eat at Hurghada Airport: Best Cafes & Restaurants 2025","description":"Discover Hurghada Airport's top food spots for 2025, from fast food to gourmet coffee. See menus, locations, service tips, and 24\/7 options in one guide.","robots":{"index":"index","follow":"follow","max-snippet":"max-snippet:-1","max-image-preview":"max-image-preview:large","max-video-preview":"max-video-preview:-1"},"canonical":"https:\/\/hurghada-airport.com\/de\/essen-und-trinken\/","og_locale":"de_DE","og_type":"article","og_title":"Eat & Drink","og_description":"Discover Hurghada Airport's top food spots for 2025, from fast food to gourmet coffee. See menus, locations, service tips, and 24\/7 options in one guide.","og_url":"https:\/\/hurghada-airport.com\/de\/essen-und-trinken\/","article_publisher":"https:\/\/www.facebook.com\/hurghadaairport","article_modified_time":"2025-05-14T13:20:27+00:00","og_image":[{"width":1800,"height":800,"url":"https:\/\/hurghada-airport.com\/wp-content\/uploads\/food_outlet_collage-1.png","type":"image\/png"}],"twitter_card":"summary_large_image","twitter_misc":{"Gesch\u00e4tzte Lesezeit":"5\u00a0Minuten"},"schema":{"@context":"https:\/\/schema.org","@graph":[{"@type":"WebPage","@id":"https:\/\/hurghada-airport.com\/eat-and-drink\/","url":"https:\/\/hurghada-airport.com\/eat-and-drink\/","name":"Where to Eat at Hurghada Airport: Best Cafes & Restaurants 2025","isPartOf":{"@id":"https:\/\/hurghada-airport.com\/#website"},"primaryImageOfPage":{"@id":"https:\/\/hurghada-airport.com\/eat-and-drink\/#primaryimage"},"image":{"@id":"https:\/\/hurghada-airport.com\/eat-and-drink\/#primaryimage"},"thumbnailUrl":"https:\/\/i3.wp.com\/hotel-images.b-cdn.net\/hurghada\/200x200\/eat-drink%20(1)%20(1).png?w=200&resize=200,200&ssl=1","datePublished":"2025-04-26T02:16:19+00:00","dateModified":"2025-05-14T13:20:27+00:00","description":"Discover Hurghada Airport's top food spots for 2025, from fast food to gourmet coffee. See menus, locations, service tips, and 24\/7 options in one guide.","breadcrumb":{"@id":"https:\/\/hurghada-airport.com\/eat-and-drink\/#breadcrumb"},"inLanguage":"de","potentialAction":[{"@type":"ReadAction","target":["https:\/\/hurghada-airport.com\/eat-and-drink\/"]}]},{"@type":"ImageObject","inLanguage":"de","@id":"https:\/\/hurghada-airport.com\/eat-and-drink\/#primaryimage","url":"https:\/\/i3.wp.com\/hotel-images.b-cdn.net\/hurghada\/200x200\/eat-drink%20(1)%20(1).png?w=200&resize=200,200&ssl=1","contentUrl":"https:\/\/i3.wp.com\/hotel-images.b-cdn.net\/hurghada\/200x200\/eat-drink%20(1)%20(1).png?w=200&resize=200,200&ssl=1","width":"200","height":"200"},{"@type":"BreadcrumbList","@id":"https:\/\/hurghada-airport.com\/eat-and-drink\/#breadcrumb","itemListElement":[{"@type":"ListItem","position":1,"name":"Home","item":"https:\/\/hurghada-airport.com\/"},{"@type":"ListItem","position":2,"name":"Eat &#038; Drink"}]},{"@type":"WebSite","@id":"https:\/\/hurghada-airport.com\/#website","url":"https:\/\/hurghada-airport.com\/","name":"Hurghada International Airport","description":"","publisher":{"@id":"https:\/\/hurghada-airport.com\/#organization"},"alternateName":"HRG","potentialAction":[{"@type":"SearchAction","target":{"@type":"EntryPoint","urlTemplate":"https:\/\/hurghada-airport.com\/?s={search_term_string}"},"query-input":{"@type":"PropertyValueSpecification","valueRequired":true,"valueName":"search_term_string"}}],"inLanguage":"de"},{"@type":"Organization","@id":"https:\/\/hurghada-airport.com\/#organization","name":"Hurghada International Airport","alternateName":"HRG","url":"https:\/\/hurghada-airport.com\/","logo":{"@type":"ImageObject","inLanguage":"de","@id":"https:\/\/hurghada-airport.com\/#\/schema\/logo\/image\/","url":"https:\/\/hurghada-airport.com\/wp-content\/uploads\/hrg-logo.jpg","contentUrl":"https:\/\/hurghada-airport.com\/wp-content\/uploads\/hrg-logo.jpg","width":2000,"height":1414,"caption":"Hurghada International Airport"},"image":{"@id":"https:\/\/hurghada-airport.com\/#\/schema\/logo\/image\/"},"sameAs":["https:\/\/www.facebook.com\/hurghadaairport"],"ownershipFundingInfo":"https:\/\/hurghada-airport.com\/about\/"}]}},"_links":{"self":[{"href":"https:\/\/hurghada-airport.com\/de\/wp-json\/wp\/v2\/pages\/1038","targetHints":{"allow":["GET"]}}],"collection":[{"href":"https:\/\/hurghada-airport.com\/de\/wp-json\/wp\/v2\/pages"}],"about":[{"href":"https:\/\/hurghada-airport.com\/de\/wp-json\/wp\/v2\/types\/page"}],"author":[{"embeddable":true,"href":"https:\/\/hurghada-airport.com\/de\/wp-json\/wp\/v2\/users\/1"}],"replies":[{"embeddable":true,"href":"https:\/\/hurghada-airport.com\/de\/wp-json\/wp\/v2\/comments?post=1038"}],"version-history":[{"count":0,"href":"https:\/\/hurghada-airport.com\/de\/wp-json\/wp\/v2\/pages\/1038\/revisions"}],"wp:featuredmedia":[{"embeddable":true,"href":"https:\/\/hurghada-airport.com\/de\/wp-json\/wp\/v2\/media\/1202"}],"wp:attachment":[{"href":"https:\/\/hurghada-airport.com\/de\/wp-json\/wp\/v2\/media?parent=1038"}],"curies":[{"name":"wp","href":"https:\/\/api.w.org\/{rel}","templated":true}]}}