{"id":912,"date":"2025-04-24T14:29:01","date_gmt":"2025-04-24T14:29:01","guid":{"rendered":"https:\/\/hurghada-airport.com\/?page_id=912"},"modified":"2025-08-07T23:55:30","modified_gmt":"2025-08-07T23:55:30","slug":"kid-friendly-all-inclusive-resorts","status":"publish","type":"page","link":"https:\/\/hurghada-airport.com\/da\/bornevenlige-all-inclusive-resorts\/","title":{"rendered":"Top 10 b\u00f8rnevenlige all inclusive-resorts i Hurghada"},"content":{"rendered":"<p>Hurghada er navnet p\u00e5 det magiske sted, hvor R\u00f8dehavets glitrende vand m\u00f8der \u00f8rkenens gyldne sand. Engang var det en lille fiskerby, men nu er det et pulserende ferieparadis, som tiltr\u00e6kker folk fra hele verden. Det er et sted, der stjal mit hjerte, is\u00e6r med de muligheder, det giver for dykning og snorkling.<\/p>\n<p>Helt \u00e6rligt, s\u00e5 er \"all-inclusive\"-konceptet en velsignelse for mig, n\u00e5r jeg rejser med b\u00f8rn. P\u00e5 et sted som Hurghada, hvor man kan nyde solen og havet i fulde drag, er det uvurderligt ikke at skulle bekymre sig om, hvor man skal spise frokost, eller hvad man skal g\u00f8re, n\u00e5r b\u00f8rnene bliver sultne. Is\u00e6r n\u00e5r b\u00f8rnevenlige resorts tilbyder pools, rutsjebaner og klubber, hvor de sm\u00e5 kan have det sjovt i sikkerhed, g\u00f8r det det meget nemmere at nyde ferien som for\u00e6lder. Nogle af feriestederne her tilbyder helt utrolige faciliteter.<\/p>\n<p>Derfor har jeg lavet en liste over de bedste b\u00f8rnevenlige all-inclusive resorts i Hurghada, hvor I kan have det sjovt som familie, hvor der er t\u00e6nkt p\u00e5 alle detaljer, hvor b\u00f8rnene vil v\u00e6re helt vilde, og I kan slappe af og slappe af. Denne liste er baseret p\u00e5 mine egne erfaringer og observationer, og hvert enkelt sted har en s\u00e6rlig plads i vores hjerter. Lad os begynde at m\u00e6rke familievarmen i Hurghada!<\/p>\n<h2>Pickalbatros Jungle Aqua Park - Neverland Hurghada<\/h2>\n<p>Det f\u00f8rste, der slog mig, da jeg tr\u00e5dte ind, var den gl\u00e6de og livlighed, der omgav stedet; jeg f\u00f8lte det, som om jeg var kommet ind i en separat forlystelsespark. Resortet ligger i et mere roligt omr\u00e5de, lidt uden for byens centrum, men hovedattraktionen er helt sikkert det enorme vandland og den ubegr\u00e6nsede underholdning, det tilbyder.<\/p>\n<div class=\"stay22-embed-widget\"><\/div>\n<p>V\u00e6relserne er rummelige og komfortable i bungalowstil, hvilket giver b\u00e5de privatliv og komfort for familier. Alle de grundl\u00e6ggende faciliteter var der, s\u00e5som basale toiletartikler, og v\u00e6relserne havde aircondition. Det er dejligt, at de tilbyder ekstra plads til dem, der bor med b\u00f8rn.<\/p>\n<p>Den st\u00f8rste grund til at medtage dette feriested p\u00e5 min liste er selvf\u00f8lgelig aquaparken, som navnet antyder; med mere end 35 rutsjebaner og pools er det en dr\u00f8m for b\u00f8rn (og voksne!). Aftenshows og minidiskoteker er ogs\u00e5 gode muligheder for, at b\u00f8rnene kan sl\u00e5 sig l\u00f8s. Jeg husker is\u00e6r smilet p\u00e5 mit ansigt, da jeg fandt ishj\u00f8rnet ved poolen, er de ikke sm\u00e5 og smukke at opleve?<br \/>\n<img decoding=\"async\" class=\"aligncenter\" src=\"https:\/\/hotel-images.b-cdn.net\/hurghada\/Pickalbatros%20Jungle%20Aqua%20Park%20-%20Neverland%20Hurghada.webp\" alt=\"\" \/><\/p>\n<h2>Dana Beach Resort<\/h2>\n<p>Dette er et af de mest vidtstrakte resorts i Hurghada; det er n\u00e6sten som sin egen lille by. Med sin n\u00e6rhed til lufthavnen og sin egen strand i lagunestil tiltrak det mig straks, og jeg n\u00f8d at sv\u00f8mme i lagunens rolige vand.<\/p>\n<div class=\"stay22-embed-widget\"><\/div>\n<p>V\u00e6relserne tilbydes i forskellige kategorier, du kan finde store suiter til familier og sammenh\u00e6ngende v\u00e6relser. Indretningen er moderne og rummelig, og der er t\u00e6nkt p\u00e5 alt, hvad du har brug for p\u00e5 v\u00e6relserne.<\/p>\n<p>Resortet er s\u00e5 stort, at for dem, der ikke vil g\u00e5, har de sat sm\u00e5 tog ind, som s\u00f8rger for intern transport, hvilket b\u00f8rnene var meget glade for (mine selvf\u00f8lgelig!). Der er flere hovedpools, b\u00f8rnepools, flere restauranter og smukt anlagte haver; det er umuligt at kede sig her. Jeg var is\u00e6r imponeret over den fred, jeg f\u00f8lte, da jeg gik langs lagunen ved solnedgang.<br \/>\n<img decoding=\"async\" class=\"aligncenter\" src=\"https:\/\/hotel-images.b-cdn.net\/hurghada\/Dana%20Beach%20Resort.webp\" alt=\"\" \/><\/p>\n<h2>Steigenberger Aqua Magic<\/h2>\n<p>Energien p\u00e5 dette hotel er meget anderledes, og det fangede mig med det samme. Det er moderne, stilfuldt og har samtidig en meget familievenlig atmosf\u00e6re. Beliggenheden t\u00e6t p\u00e5 byens centrum og gangstien er en stor fordel, n\u00e5r man vil ud og blande sig med de lokale.<\/p>\n<div class=\"stay22-embed-widget\"><\/div>\n<p>V\u00e6relserne er rummelige og smagfuldt indrettede, og familiev\u00e6relserne er meget praktiske. Ud over standardfaciliteterne er der t\u00e6nkt p\u00e5 sm\u00e5, men vigtige detaljer som f.eks. en kedel p\u00e5 v\u00e6relserne.<\/p>\n<p>Aquaparken er stor og har mange forskellige rutsjebaner, som passer til b\u00e5de sm\u00e5 og store b\u00f8rn. B\u00f8rneklubben er meget aktiv og arrangerer interessante aktiviteter. Jeg var virkelig glad for at se det varme forhold, teamet havde til b\u00f8rnene. Hotellet har ogs\u00e5 en pool p\u00e5 taget kun for voksne. En god detalje for for\u00e6ldre, der gerne vil have et pusterum.<br \/>\n<img decoding=\"async\" class=\"aligncenter\" src=\"https:\/\/hotel-images.b-cdn.net\/hurghada\/Steigenberger%20Aqua%20Magic.webp\" alt=\"\" \/><\/p>\n<h2>Jaz Aquamarine Resort<\/h2>\n<p>St\u00f8rrelsen og variationen af dette feriesteds vandland kan virkelig g\u00f8re dig m\u00e5ll\u00f8s. Det ligger i den sydlige del af Hurghada og tilbyder en ferie, der handler om vandsjov.<\/p>\n<div class=\"stay22-embed-widget\"><\/div>\n<p>V\u00e6relserne er moderne og komfortable med rummelige v\u00e6relser og suiter, der im\u00f8dekommer familiernes behov. Grundl\u00e6ggende faciliteter som aircondition, minibar og pengeskab er standard p\u00e5 alle v\u00e6relser, og det var en forn\u00f8jelse at sidde p\u00e5 balkonen og kigge ud i haven.<\/p>\n<p>Resortet byder p\u00e5 et stort vandland samt mange pools, et privat strandomr\u00e5de og et udvalg af restauranter. B\u00f8rneklubben og legepladserne er ogs\u00e5 en meget gennemt\u00e6nkt detalje. Jeg kan huske, hvor afslappet jeg f\u00f8lte mig efter en eftermiddag her, hvor jeg lyttede til b\u00f8rnenes latter. Det var uundg\u00e5eligt, at jeg ville tilf\u00f8je dette hotel til min liste p\u00e5 grund af den unikke variation, det tilbyder for familier, der elsker vandlande.<br \/>\n<img decoding=\"async\" class=\"aligncenter\" src=\"https:\/\/hotel-images.b-cdn.net\/hurghada\/Jaz%20Aquamarine%20Resort.webp\" alt=\"\" \/><\/p>\n<h2>Titanic Beach Spa &amp; Aqua Park<\/h2>\n<p>Dette hotel, der stimulerer b\u00f8rns fantasi med konceptet Titanic-skibet, har en majest\u00e6tisk indgang som sit navn. Det ligger i den sydlige del af Hurghada, spredt ud over et stort omr\u00e5de og har sin egen smukke strand.<\/p>\n<div class=\"stay22-embed-widget\"><\/div>\n<p>V\u00e6relserne er designet i overensstemmelse med dette tema og er rummelige og lyse. Familiev\u00e6relserne byder p\u00e5 et behageligt ophold med aircondition, satellit-tv og basale toiletartikler.<\/p>\n<p>Hvis jeg skulle sp\u00f8rge mig selv, hvad der er det st\u00e6rkeste punkt p\u00e5 dette hotel, ville jeg sige vandlandet. Rutsjebanerne og bassinerne med skibstema fascinerede virkelig b\u00f8rnene. Der er ogs\u00e5 et b\u00f8lgebassin og forskellige aktivitetsbassiner, s\u00e5 vandsjovet ville ingen ende tage. Animationsteamets energi var meget h\u00f8j, og de str\u00e6bte hele tiden efter at underholde b\u00f8rnene. Jeg kan ikke glemme deres sprudlende \u00f8jeblikke i minidiskoteket.<br \/>\n<img decoding=\"async\" class=\"aligncenter\" src=\"https:\/\/hotel-images.b-cdn.net\/hurghada\/Titanic%20Beach%20Spa%20%26%20Aqua%20Park.webp\" alt=\"\" \/><\/p>\n<h2>Strand Albatros Resort Hurghada<\/h2>\n<p>Albatros er et af Hurghadas veletablerede og popul\u00e6re familieresorts og fangede mig straks med sin venlige atmosf\u00e6re. personalet var meget h\u00f8fligt og venligt. personalet var s\u00e5 godt, som et hotel kan v\u00e6re. N\u00e6rheden til lufthavnen og byens centrum giver stor bekvemmelighed med hensyn til transport.<\/p>\n<div class=\"stay22-embed-widget\"><\/div>\n<p>V\u00e6relserne har en restaureret stemning, som er ideel til familier. De rene og p\u00e6ne v\u00e6relser har de basale faciliteter, du har brug for, og altanerne og terrasserne (hvis du er s\u00e5 heldig at f\u00e5 et v\u00e6relse med terrasse) tilbyder hyggelige hj\u00f8rner til afslapning.<\/p>\n<p>Feriestedet har mere end \u00e9n pool, hvoraf den ene er opvarmet, hvilket var dejligt. Der er en bred strand, som er sikker for b\u00f8rn, da havet er lavvandet i begyndelsen. Der er ogs\u00e5 en b\u00f8rneklub og et mini-vandland her, og jeg f\u00f8lte, at der var t\u00e6nkt p\u00e5 alle detaljer, s\u00e5 familier kunne f\u00e5 en behagelig ferie. Is\u00e6r da jeg sad p\u00e5 gyngerne p\u00e5 stranden og kiggede ud over havet, f\u00f8lte jeg en ro i sindet.<br \/>\n<img decoding=\"async\" class=\"aligncenter\" src=\"https:\/\/hotel-images.b-cdn.net\/hurghada\/Sunrise%20Aqua%20Joy%20Resort.webp\" alt=\"\" \/><\/p>\n<h2>Sunrise Aqua Joy Resort<\/h2>\n<p>Nylige renoveringer har givet dette hotel et moderne og attraktivt udseende. Den centrale beliggenhed i et livligt omr\u00e5de er fantastisk for familier, der gerne vil udforske omr\u00e5det.<\/p>\n<p>V\u00e6relserne er virkelig p\u00e6nt renoverede med moderne m\u00f8bler og et lyst design. Familiev\u00e6relserne er meget rummelige og praktiske, og alle v\u00e6relser har balkon eller terrasse.<\/p>\n<div class=\"stay22-embed-widget\"><\/div>\n<p>Resortet har sit eget vandland med rutsjebaner til forskellige aldersgrupper, hvilket vi virkelig godt kunne lide. Der er flere forskellige pools og et dejligt strandomr\u00e5de. Restauranterne var varierede og velsmagende; jeg kunne is\u00e6r godt lide b\u00f8rnebuffeten. Om aftenen er der levende musik eller shows; det var meget sjovt at se b\u00f8rnene danse i den entusiastiske atmosf\u00e6re.<\/p>\n<p><img decoding=\"async\" class=\"aligncenter\" src=\"https:\/\/hotel-images.b-cdn.net\/hurghada\/Sunrise%20Garden%20Beach%20Resort%20%26%20Aqua%20Park.webp\" alt=\"\" \/><\/p>\n<h2>Desert Rose Resort<\/h2>\n<p>Med sin egen kunstige lagune er dette enorme resort virkelig en af de mest unikke oplevelser i Hurghada. Lagunens rolige og lavvandede vand er et godt alternativ for dem, der ikke vil ud i R\u00f8dehavets b\u00f8lgende vand.<\/p>\n<p>V\u00e6relserne er fordelt p\u00e5 forskellige bygninger, men de er meget rummelige og komfortable. Der er passende indretningsmuligheder for familier, og alle v\u00e6relser har standardfaciliteter.<\/p>\n<div class=\"stay22-embed-widget\"><\/div>\n<p>De mange forskellige aktiviteter, som resortet tilbyder, er utrolige. Ud over lagunen og havet er der mange pools, vandlande, sportsfaciliteter og en b\u00f8rneklub. Da omr\u00e5det er meget stort, kan det nogle gange v\u00e6re tr\u00e6ttende at g\u00e5, men de mange forskellige tilbud er helt sikkert denne lille tr\u00e6thed v\u00e6rd. Den ro, jeg f\u00f8lte, mens jeg solede mig ved lagunen, fik mig til at tilf\u00f8je dette sted til min liste.<\/p>\n<p><img decoding=\"async\" class=\"aligncenter\" src=\"https:\/\/hotel-images.b-cdn.net\/hurghada\/Desert%20Rose%20Resort.webp\" alt=\"\" \/><\/p>\n<h2>Sunrise Garden Beach Resort &amp; Aqua Park<\/h2>\n<p>Som navnet antyder, har dette resort b\u00e5de smukke haver og et vidunderligt vandland. Det ligger i et lidt mere roligt omr\u00e5de, men faciliteterne f\u00e5r dig til at f\u00f8le, at du ikke beh\u00f8ver at g\u00e5 ret meget ud.<br \/>\nV\u00e6relserne er rummelige og komfortable med en moderne indretning. Der er ideelle v\u00e6relser til familier, og v\u00e6relserne har udsigt over poolen eller haven. Vi foretrak haven.<\/p>\n<div class=\"stay22-embed-widget\"><\/div>\n<p>Feriestedets aquapark er meget sjov og har en r\u00e6kke rutsjebaner, som er gode for b\u00f8rn at br\u00e6nde noget energi af p\u00e5. Der er flere poolomr\u00e5der, hvoraf det ene er opvarmet. B\u00f8rneklubben er meget aktiv og arrangerer kreative aktiviteter; jeg var imponeret over den venlige interaktion, teamet havde med b\u00f8rnene.<\/p>\n<p><img decoding=\"async\" class=\"aligncenter\" src=\"https:\/\/hotel-images.b-cdn.net\/hurghada\/Sunrise%20Garden%20Beach%20Resort%20%26%20Aqua%20Park.webp\" alt=\"\" \/><\/p>\n<h2>Seagull Beach Resort<\/h2>\n<p>Det ligger i hjertet af Hurghada, i Sakala-omr\u00e5det, og jeg synes, at beliggenheden virkelig er dette resorts h\u00f8jdepunkt. Der er mange butikker, restauranter og caf\u00e9er i n\u00e6rheden. For dem, der er tr\u00e6tte af at h\u00e6nge ud p\u00e5 et hotel hele dagen, kan dette hotel v\u00e6re en ideel mulighed.<\/p>\n<p>V\u00e6relserne er indrettet i traditionel egyptisk stil. Familiev\u00e6relserne er rummelige nok, og der er grundl\u00e6ggende klassiske bekvemmeligheder p\u00e5 v\u00e6relserne.<\/p>\n<div class=\"stay22-embed-widget\"><\/div>\n<p>Resortet har to forskellige strande. Der er flere pools, et lille vandland og en b\u00f8rneklub. Med sin centrale beliggenhed og basale, men tilstr\u00e6kkelige b\u00f8rnevenlige faciliteter er det et godt valg for familier, der gerne vil v\u00e6re t\u00e6t p\u00e5 bylivet. Is\u00e6r om aftenen gav de korte g\u00e5ture ud af resortet og gennem de travle gader i Sakala mig en anden energi.<br \/>\n<img decoding=\"async\" class=\"aligncenter\" src=\"https:\/\/hotel-images.b-cdn.net\/hurghada\/Seagull%20Beach%20Resort.webp\" alt=\"\" \/><\/p>\n<p>Jeg h\u00e5ber, at denne liste vil hj\u00e6lpe dig med at planl\u00e6gge en mindev\u00e6rdig ferie med din familie i Hurghada. Hvert hotel har sin egen charme, og alle tilbyder de en fantastisk all-inclusive-oplevelse med b\u00f8rnenes lykke i h\u00f8js\u00e6det. Hurghada venter p\u00e5 dig!<\/p>","protected":false},"excerpt":{"rendered":"<p>Hurghada er navnet p\u00e5 det magiske sted, hvor det glitrende vand i Det R\u00f8de Hav m\u00f8der det gyldne sand [...].<\/p>","protected":false},"author":1,"featured_media":914,"parent":0,"menu_order":0,"comment_status":"closed","ping_status":"closed","template":"","meta":{"_acf_changed":false,"site-sidebar-layout":"default","site-content-layout":"","ast-site-content-layout":"default","site-content-style":"default","site-sidebar-style":"default","ast-global-header-display":"","ast-banner-title-visibility":"","ast-main-header-display":"","ast-hfb-above-header-display":"","ast-hfb-below-header-display":"","ast-hfb-mobile-header-display":"","site-post-title":"","ast-breadcrumbs-content":"","ast-featured-img":"","footer-sml-layout":"","theme-transparent-header-meta":"default","adv-header-id-meta":"","stick-header-meta":"","header-above-stick-meta":"","header-main-stick-meta":"","header-below-stick-meta":"","astra-migrate-meta-layouts":"set","ast-page-background-enabled":"default","ast-page-background-meta":{"desktop":{"background-color":"var(--ast-global-color-4)","background-image":"","background-repeat":"repeat","background-position":"center center","background-size":"auto","background-attachment":"scroll","background-type":"","background-media":"","overlay-type":"","overlay-color":"","overlay-opacity":"","overlay-gradient":""},"tablet":{"background-color":"","background-image":"","background-repeat":"repeat","background-position":"center center","background-size":"auto","background-attachment":"scroll","background-type":"","background-media":"","overlay-type":"","overlay-color":"","overlay-opacity":"","overlay-gradient":""},"mobile":{"background-color":"","background-image":"","background-repeat":"repeat","background-position":"center center","background-size":"auto","background-attachment":"scroll","background-type":"","background-media":"","overlay-type":"","overlay-color":"","overlay-opacity":"","overlay-gradient":""}},"ast-content-background-meta":{"desktop":{"background-color":"var(--ast-global-color-5)","background-image":"","background-repeat":"repeat","background-position":"center center","background-size":"auto","background-attachment":"scroll","background-type":"","background-media":"","overlay-type":"","overlay-color":"","overlay-opacity":"","overlay-gradient":""},"tablet":{"background-color":"var(--ast-global-color-5)","background-image":"","background-repeat":"repeat","background-position":"center center","background-size":"auto","background-attachment":"scroll","background-type":"","background-media":"","overlay-type":"","overlay-color":"","overlay-opacity":"","overlay-gradient":""},"mobile":{"background-color":"var(--ast-global-color-5)","background-image":"","background-repeat":"repeat","background-position":"center center","background-size":"auto","background-attachment":"scroll","background-type":"","background-media":"","overlay-type":"","overlay-color":"","overlay-opacity":"","overlay-gradient":""}},"footnotes":""},"class_list":["post-912","page","type-page","status-publish","has-post-thumbnail","hentry"],"acf":[],"yoast_head":"<!-- This site is optimized with the Yoast SEO Premium plugin v24.0 (Yoast SEO v25.7) - https:\/\/yoast.com\/wordpress\/plugins\/seo\/ -->\n<title>Best Family-Friendly All-Inclusive Resorts in Hurghada 2025<\/title>\n<meta name=\"description\" content=\"Explore the top kid-friendly all-inclusive resorts in Hurghada for 2025 with fun water parks, kids clubs, and relaxing stays perfect for family vacations\" \/>\n<meta name=\"robots\" content=\"index, follow, max-snippet:-1, max-image-preview:large, max-video-preview:-1\" \/>\n<link rel=\"canonical\" href=\"https:\/\/hurghada-airport.com\/da\/bornevenlige-all-inclusive-resorts\/\" \/>\n<meta property=\"og:locale\" content=\"da_DK\" \/>\n<meta property=\"og:type\" content=\"article\" \/>\n<meta property=\"og:title\" content=\"Top 10 Kid-friendly All Inclusive Resorts in Hurghada\" \/>\n<meta property=\"og:description\" content=\"Explore the top kid-friendly all-inclusive resorts in Hurghada for 2025 with fun water parks, kids clubs, and relaxing stays perfect for family vacations\" \/>\n<meta property=\"og:url\" content=\"https:\/\/hurghada-airport.com\/da\/bornevenlige-all-inclusive-resorts\/\" \/>\n<meta property=\"article:publisher\" content=\"https:\/\/www.facebook.com\/hurghadaairport\" \/>\n<meta property=\"article:modified_time\" content=\"2025-08-07T23:55:30+00:00\" \/>\n<meta property=\"og:image\" content=\"https:\/\/hurghada-airport.com\/wp-content\/uploads\/pickalbastos.png\" \/>\n\t<meta property=\"og:image:width\" content=\"1589\" \/>\n\t<meta property=\"og:image:height\" content=\"557\" \/>\n\t<meta property=\"og:image:type\" content=\"image\/png\" \/>\n<meta name=\"twitter:card\" content=\"summary_large_image\" \/>\n<meta name=\"twitter:label1\" content=\"Estimeret l\u00e6setid\" \/>\n\t<meta name=\"twitter:data1\" content=\"10 minutter\" \/>\n<script type=\"application\/ld+json\" class=\"yoast-schema-graph\">{\"@context\":\"https:\/\/schema.org\",\"@graph\":[{\"@type\":\"WebPage\",\"@id\":\"https:\/\/hurghada-airport.com\/kid-friendly-all-inclusive-resorts\/\",\"url\":\"https:\/\/hurghada-airport.com\/kid-friendly-all-inclusive-resorts\/\",\"name\":\"Best Family-Friendly All-Inclusive Resorts in Hurghada 2025\",\"isPartOf\":{\"@id\":\"https:\/\/hurghada-airport.com\/#website\"},\"primaryImageOfPage\":{\"@id\":\"https:\/\/hurghada-airport.com\/kid-friendly-all-inclusive-resorts\/#primaryimage\"},\"image\":{\"@id\":\"https:\/\/hurghada-airport.com\/kid-friendly-all-inclusive-resorts\/#primaryimage\"},\"thumbnailUrl\":\"https:\/\/hurghada-airport.com\/wp-content\/uploads\/pickalbastos.png\",\"datePublished\":\"2025-04-24T14:29:01+00:00\",\"dateModified\":\"2025-08-07T23:55:30+00:00\",\"description\":\"Explore the top kid-friendly all-inclusive resorts in Hurghada for 2025 with fun water parks, kids clubs, and relaxing stays perfect for family vacations\",\"breadcrumb\":{\"@id\":\"https:\/\/hurghada-airport.com\/kid-friendly-all-inclusive-resorts\/#breadcrumb\"},\"inLanguage\":\"da-DK\",\"potentialAction\":[{\"@type\":\"ReadAction\",\"target\":[\"https:\/\/hurghada-airport.com\/kid-friendly-all-inclusive-resorts\/\"]}]},{\"@type\":\"ImageObject\",\"inLanguage\":\"da-DK\",\"@id\":\"https:\/\/hurghada-airport.com\/kid-friendly-all-inclusive-resorts\/#primaryimage\",\"url\":\"https:\/\/hurghada-airport.com\/wp-content\/uploads\/pickalbastos.png\",\"contentUrl\":\"https:\/\/hurghada-airport.com\/wp-content\/uploads\/pickalbastos.png\",\"width\":1589,\"height\":557},{\"@type\":\"BreadcrumbList\",\"@id\":\"https:\/\/hurghada-airport.com\/kid-friendly-all-inclusive-resorts\/#breadcrumb\",\"itemListElement\":[{\"@type\":\"ListItem\",\"position\":1,\"name\":\"Home\",\"item\":\"https:\/\/hurghada-airport.com\/\"},{\"@type\":\"ListItem\",\"position\":2,\"name\":\"Top 10 Kid-friendly All Inclusive Resorts in Hurghada\"}]},{\"@type\":\"WebSite\",\"@id\":\"https:\/\/hurghada-airport.com\/#website\",\"url\":\"https:\/\/hurghada-airport.com\/\",\"name\":\"Hurghada International Airport\",\"description\":\"\",\"publisher\":{\"@id\":\"https:\/\/hurghada-airport.com\/#organization\"},\"alternateName\":\"HRG\",\"potentialAction\":[{\"@type\":\"SearchAction\",\"target\":{\"@type\":\"EntryPoint\",\"urlTemplate\":\"https:\/\/hurghada-airport.com\/?s={search_term_string}\"},\"query-input\":{\"@type\":\"PropertyValueSpecification\",\"valueRequired\":true,\"valueName\":\"search_term_string\"}}],\"inLanguage\":\"da-DK\"},{\"@type\":\"Organization\",\"@id\":\"https:\/\/hurghada-airport.com\/#organization\",\"name\":\"Hurghada International Airport\",\"alternateName\":\"HRG\",\"url\":\"https:\/\/hurghada-airport.com\/\",\"logo\":{\"@type\":\"ImageObject\",\"inLanguage\":\"da-DK\",\"@id\":\"https:\/\/hurghada-airport.com\/#\/schema\/logo\/image\/\",\"url\":\"https:\/\/hurghada-airport.com\/wp-content\/uploads\/hrg-logo.jpg\",\"contentUrl\":\"https:\/\/hurghada-airport.com\/wp-content\/uploads\/hrg-logo.jpg\",\"width\":2000,\"height\":1414,\"caption\":\"Hurghada International Airport\"},\"image\":{\"@id\":\"https:\/\/hurghada-airport.com\/#\/schema\/logo\/image\/\"},\"sameAs\":[\"https:\/\/www.facebook.com\/hurghadaairport\"],\"ownershipFundingInfo\":\"https:\/\/hurghada-airport.com\/about\/\"}]}<\/script>\n<!-- \/ Yoast SEO Premium plugin. -->","yoast_head_json":{"title":"Best Family-Friendly All-Inclusive Resorts in Hurghada 2025","description":"Explore the top kid-friendly all-inclusive resorts in Hurghada for 2025 with fun water parks, kids clubs, and relaxing stays perfect for family vacations","robots":{"index":"index","follow":"follow","max-snippet":"max-snippet:-1","max-image-preview":"max-image-preview:large","max-video-preview":"max-video-preview:-1"},"canonical":"https:\/\/hurghada-airport.com\/da\/bornevenlige-all-inclusive-resorts\/","og_locale":"da_DK","og_type":"article","og_title":"Top 10 Kid-friendly All Inclusive Resorts in Hurghada","og_description":"Explore the top kid-friendly all-inclusive resorts in Hurghada for 2025 with fun water parks, kids clubs, and relaxing stays perfect for family vacations","og_url":"https:\/\/hurghada-airport.com\/da\/bornevenlige-all-inclusive-resorts\/","article_publisher":"https:\/\/www.facebook.com\/hurghadaairport","article_modified_time":"2025-08-07T23:55:30+00:00","og_image":[{"width":1589,"height":557,"url":"https:\/\/hurghada-airport.com\/wp-content\/uploads\/pickalbastos.png","type":"image\/png"}],"twitter_card":"summary_large_image","twitter_misc":{"Estimeret l\u00e6setid":"10 minutter"},"schema":{"@context":"https:\/\/schema.org","@graph":[{"@type":"WebPage","@id":"https:\/\/hurghada-airport.com\/kid-friendly-all-inclusive-resorts\/","url":"https:\/\/hurghada-airport.com\/kid-friendly-all-inclusive-resorts\/","name":"Best Family-Friendly All-Inclusive Resorts in Hurghada 2025","isPartOf":{"@id":"https:\/\/hurghada-airport.com\/#website"},"primaryImageOfPage":{"@id":"https:\/\/hurghada-airport.com\/kid-friendly-all-inclusive-resorts\/#primaryimage"},"image":{"@id":"https:\/\/hurghada-airport.com\/kid-friendly-all-inclusive-resorts\/#primaryimage"},"thumbnailUrl":"https:\/\/hurghada-airport.com\/wp-content\/uploads\/pickalbastos.png","datePublished":"2025-04-24T14:29:01+00:00","dateModified":"2025-08-07T23:55:30+00:00","description":"Explore the top kid-friendly all-inclusive resorts in Hurghada for 2025 with fun water parks, kids clubs, and relaxing stays perfect for family vacations","breadcrumb":{"@id":"https:\/\/hurghada-airport.com\/kid-friendly-all-inclusive-resorts\/#breadcrumb"},"inLanguage":"da-DK","potentialAction":[{"@type":"ReadAction","target":["https:\/\/hurghada-airport.com\/kid-friendly-all-inclusive-resorts\/"]}]},{"@type":"ImageObject","inLanguage":"da-DK","@id":"https:\/\/hurghada-airport.com\/kid-friendly-all-inclusive-resorts\/#primaryimage","url":"https:\/\/hurghada-airport.com\/wp-content\/uploads\/pickalbastos.png","contentUrl":"https:\/\/hurghada-airport.com\/wp-content\/uploads\/pickalbastos.png","width":1589,"height":557},{"@type":"BreadcrumbList","@id":"https:\/\/hurghada-airport.com\/kid-friendly-all-inclusive-resorts\/#breadcrumb","itemListElement":[{"@type":"ListItem","position":1,"name":"Home","item":"https:\/\/hurghada-airport.com\/"},{"@type":"ListItem","position":2,"name":"Top 10 Kid-friendly All Inclusive Resorts in Hurghada"}]},{"@type":"WebSite","@id":"https:\/\/hurghada-airport.com\/#website","url":"https:\/\/hurghada-airport.com\/","name":"Hurghada International Airport","description":"","publisher":{"@id":"https:\/\/hurghada-airport.com\/#organization"},"alternateName":"HRG","potentialAction":[{"@type":"SearchAction","target":{"@type":"EntryPoint","urlTemplate":"https:\/\/hurghada-airport.com\/?s={search_term_string}"},"query-input":{"@type":"PropertyValueSpecification","valueRequired":true,"valueName":"search_term_string"}}],"inLanguage":"da-DK"},{"@type":"Organization","@id":"https:\/\/hurghada-airport.com\/#organization","name":"Hurghada International Airport","alternateName":"HRG","url":"https:\/\/hurghada-airport.com\/","logo":{"@type":"ImageObject","inLanguage":"da-DK","@id":"https:\/\/hurghada-airport.com\/#\/schema\/logo\/image\/","url":"https:\/\/hurghada-airport.com\/wp-content\/uploads\/hrg-logo.jpg","contentUrl":"https:\/\/hurghada-airport.com\/wp-content\/uploads\/hrg-logo.jpg","width":2000,"height":1414,"caption":"Hurghada International Airport"},"image":{"@id":"https:\/\/hurghada-airport.com\/#\/schema\/logo\/image\/"},"sameAs":["https:\/\/www.facebook.com\/hurghadaairport"],"ownershipFundingInfo":"https:\/\/hurghada-airport.com\/about\/"}]}},"_links":{"self":[{"href":"https:\/\/hurghada-airport.com\/da\/wp-json\/wp\/v2\/pages\/912","targetHints":{"allow":["GET"]}}],"collection":[{"href":"https:\/\/hurghada-airport.com\/da\/wp-json\/wp\/v2\/pages"}],"about":[{"href":"https:\/\/hurghada-airport.com\/da\/wp-json\/wp\/v2\/types\/page"}],"author":[{"embeddable":true,"href":"https:\/\/hurghada-airport.com\/da\/wp-json\/wp\/v2\/users\/1"}],"replies":[{"embeddable":true,"href":"https:\/\/hurghada-airport.com\/da\/wp-json\/wp\/v2\/comments?post=912"}],"version-history":[{"count":1,"href":"https:\/\/hurghada-airport.com\/da\/wp-json\/wp\/v2\/pages\/912\/revisions"}],"predecessor-version":[{"id":1287,"href":"https:\/\/hurghada-airport.com\/da\/wp-json\/wp\/v2\/pages\/912\/revisions\/1287"}],"wp:featuredmedia":[{"embeddable":true,"href":"https:\/\/hurghada-airport.com\/da\/wp-json\/wp\/v2\/media\/914"}],"wp:attachment":[{"href":"https:\/\/hurghada-airport.com\/da\/wp-json\/wp\/v2\/media?parent=912"}],"curies":[{"name":"wp","href":"https:\/\/api.w.org\/{rel}","templated":true}]}}