{"id":1045,"date":"2025-04-26T03:00:36","date_gmt":"2025-04-26T03:00:36","guid":{"rendered":"https:\/\/hurghada-airport.com\/?page_id=1045"},"modified":"2025-05-14T13:28:44","modified_gmt":"2025-05-14T13:28:44","slug":"tax-refund","status":"publish","type":"page","link":"https:\/\/hurghada-airport.com\/da\/tilbagebetaling-af-skat\/","title":{"rendered":"S\u00e5dan f\u00e5r du refunderet din skat i Hurghada lufthavn"},"content":{"rendered":"<p>Udenlandske bes\u00f8gende kan f\u00e5 tilbagebetalt 14% moms, som de har betalt for k\u00f8b til en samlet v\u00e6rdi af mindst 1.500 EGP p\u00e5 deres elektroniske fakturaer, s\u00e5 l\u00e6nge deres ophold ikke overstiger tre m\u00e5neder. Betingelserne for at v\u00e6re berettiget til tilbagebetaling er: Dit pasnummer skal v\u00e6re anf\u00f8rt i sin helhed p\u00e5 den elektroniske forsendelse, der udstedes p\u00e5 k\u00f8bstidspunktet; de k\u00f8bte varer skal v\u00e6re ubrugte, i deres originale emballage og medbringes p\u00e5 din flyrejse ud af landet. N\u00e5r din ans\u00f8gning er godkendt, vil refusionen blive konverteret til den udenlandske valuta, du v\u00e6lger, og overf\u00f8rt til dit debet- eller kreditkort.<\/p>\n<p>Det f\u00f8rste skridt i tilbagebetalingsprocessen er at v\u00e6lge s\u00e6lgere, der b\u00e6rer \"VAT Refund\"-m\u00e6rket, n\u00e5r du handler i butikken, og at sikre, at den e-forsendelse, du modtager fra s\u00e6lgeren, viser dato, bel\u00f8b og dit pasnummer korrekt. N\u00e5r du har kontrolleret, at e-fragtbrevet er korrekt, skal du opbevare produkterne ubrugte og i deres originale emballage; du skal v\u00e6re opm\u00e6rksom p\u00e5, at ufakturerede, uemballerede eller \u00e5bnede produkter ikke accepteres til returnering.<\/p>\n<p><a href=\"https:\/\/hurghada-airport.com\/da\/flyrejser\/\">P\u00e5 dagen for din flyrejse<\/a>skal du henvende dig til kontoret for momsrefusion p\u00e5 <a href=\"https:\/\/hurghada-airport.com\/da\/\">Hurghadas internationale lufthavn<\/a> <a href=\"https:\/\/hurghada-airport.com\/da\/terminal\/\">Terminal 1<\/a> Afgangshallen mindst to timer f\u00f8r afgangstidspunktet. Her skal du fremvise dit pas, dine e-forsendelsessedler og de varer, der skal igennem toldkontrollen, til myndighederne; n\u00e5r det er bekr\u00e6ftet, at de er i orden, vil din formular blive stemplet med et toldstempel, og refusionsprocessen vil blive sat i gang. N\u00e5r du har indsendt den godkendte formular og dine pasoplysninger og afleveret dit bankkort, hvor refusionen vil blive foretaget, vil kontorpersonalet afslutte processen med at overf\u00f8re bel\u00f8bet til kortet. Du kan hente returformularen og andre dokumenter i afsnittet \"Tax Refund Forms\" p\u00e5 ETA's hjemmeside, og du kan med det samme f\u00f8lge status for din e-dispatch note via ETA's mobilapplikation \"Tax Refund\" for at fremskynde din transaktion.<\/p>\n<p>For alle sp\u00f8rgsm\u00e5l om skatterefusioner kan du ringe til den egyptiske skatteadministrations 24\/7 callcenter p\u00e5 16395 og f\u00e5 support p\u00e5 engelsk eller fransk.<\/p>\n<p>For alle opdaterede procedurer, eksempler p\u00e5 formularer og trinvise vejledninger, bes\u00f8g venligst <a href=\"https:\/\/eta.gov.eg\/en\/tax-refund\">https:\/\/eta.gov.eg\/en\/tax-refund<\/a>. Hvis du planl\u00e6gger disse trin grundigt, kan du nemt f\u00e5 dine skattepenge tilbage, n\u00e5r du forlader Hurghada.<\/p>","protected":false},"excerpt":{"rendered":"<p>Udenlandske bes\u00f8gende kan kr\u00e6ve tilbagebetaling af 14% moms, der er betalt for k\u00f8b med en samlet v\u00e6rdi p\u00e5 mindst [...].<\/p>","protected":false},"author":1,"featured_media":1205,"parent":0,"menu_order":0,"comment_status":"closed","ping_status":"closed","template":"","meta":{"_acf_changed":false,"site-sidebar-layout":"default","site-content-layout":"","ast-site-content-layout":"default","site-content-style":"default","site-sidebar-style":"default","ast-global-header-display":"","ast-banner-title-visibility":"","ast-main-header-display":"","ast-hfb-above-header-display":"","ast-hfb-below-header-display":"","ast-hfb-mobile-header-display":"","site-post-title":"","ast-breadcrumbs-content":"","ast-featured-img":"","footer-sml-layout":"","theme-transparent-header-meta":"default","adv-header-id-meta":"","stick-header-meta":"","header-above-stick-meta":"","header-main-stick-meta":"","header-below-stick-meta":"","astra-migrate-meta-layouts":"set","ast-page-background-enabled":"default","ast-page-background-meta":{"desktop":{"background-color":"var(--ast-global-color-4)","background-image":"","background-repeat":"repeat","background-position":"center center","background-size":"auto","background-attachment":"scroll","background-type":"","background-media":"","overlay-type":"","overlay-color":"","overlay-opacity":"","overlay-gradient":""},"tablet":{"background-color":"","background-image":"","background-repeat":"repeat","background-position":"center center","background-size":"auto","background-attachment":"scroll","background-type":"","background-media":"","overlay-type":"","overlay-color":"","overlay-opacity":"","overlay-gradient":""},"mobile":{"background-color":"","background-image":"","background-repeat":"repeat","background-position":"center center","background-size":"auto","background-attachment":"scroll","background-type":"","background-media":"","overlay-type":"","overlay-color":"","overlay-opacity":"","overlay-gradient":""}},"ast-content-background-meta":{"desktop":{"background-color":"var(--ast-global-color-5)","background-image":"","background-repeat":"repeat","background-position":"center center","background-size":"auto","background-attachment":"scroll","background-type":"","background-media":"","overlay-type":"","overlay-color":"","overlay-opacity":"","overlay-gradient":""},"tablet":{"background-color":"var(--ast-global-color-5)","background-image":"","background-repeat":"repeat","background-position":"center center","background-size":"auto","background-attachment":"scroll","background-type":"","background-media":"","overlay-type":"","overlay-color":"","overlay-opacity":"","overlay-gradient":""},"mobile":{"background-color":"var(--ast-global-color-5)","background-image":"","background-repeat":"repeat","background-position":"center center","background-size":"auto","background-attachment":"scroll","background-type":"","background-media":"","overlay-type":"","overlay-color":"","overlay-opacity":"","overlay-gradient":""}},"footnotes":""},"class_list":["post-1045","page","type-page","status-publish","has-post-thumbnail","hentry"],"acf":[],"yoast_head":"<!-- This site is optimized with the Yoast SEO Premium plugin v24.0 (Yoast SEO v25.7) - https:\/\/yoast.com\/wordpress\/plugins\/seo\/ -->\n<title>How to Claim a VAT Refund at Hurghada Airport in 2025<\/title>\n<meta name=\"description\" content=\"Learn how to get your 14% VAT refund at Hurghada Airport. Follow simple steps, required documents, and tips for travelers leaving Egypt in 2025\" \/>\n<meta name=\"robots\" content=\"index, follow, max-snippet:-1, max-image-preview:large, max-video-preview:-1\" \/>\n<link rel=\"canonical\" href=\"https:\/\/hurghada-airport.com\/da\/tilbagebetaling-af-skat\/\" \/>\n<meta property=\"og:locale\" content=\"da_DK\" \/>\n<meta property=\"og:type\" content=\"article\" \/>\n<meta property=\"og:title\" content=\"How to Claim a Tax Refund at Hurghada Airport\" \/>\n<meta property=\"og:description\" content=\"Learn how to get your 14% VAT refund at Hurghada Airport. Follow simple steps, required documents, and tips for travelers leaving Egypt in 2025\" \/>\n<meta property=\"og:url\" content=\"https:\/\/hurghada-airport.com\/da\/tilbagebetaling-af-skat\/\" \/>\n<meta property=\"article:publisher\" content=\"https:\/\/www.facebook.com\/hurghadaairport\" \/>\n<meta property=\"article:modified_time\" content=\"2025-05-14T13:28:44+00:00\" \/>\n<meta property=\"og:image\" content=\"https:\/\/hurghada-airport.com\/wp-content\/uploads\/6f4168135f71cce595f7857faccc5293.jpg\" \/>\n\t<meta property=\"og:image:width\" content=\"1200\" \/>\n\t<meta property=\"og:image:height\" content=\"1200\" \/>\n\t<meta property=\"og:image:type\" content=\"image\/jpeg\" \/>\n<meta name=\"twitter:card\" content=\"summary_large_image\" \/>\n<meta name=\"twitter:label1\" content=\"Estimeret l\u00e6setid\" \/>\n\t<meta name=\"twitter:data1\" content=\"2 minutter\" \/>\n<script type=\"application\/ld+json\" class=\"yoast-schema-graph\">{\"@context\":\"https:\/\/schema.org\",\"@graph\":[{\"@type\":\"WebPage\",\"@id\":\"https:\/\/hurghada-airport.com\/tax-refund\/\",\"url\":\"https:\/\/hurghada-airport.com\/tax-refund\/\",\"name\":\"How to Claim a VAT Refund at Hurghada Airport in 2025\",\"isPartOf\":{\"@id\":\"https:\/\/hurghada-airport.com\/#website\"},\"primaryImageOfPage\":{\"@id\":\"https:\/\/hurghada-airport.com\/tax-refund\/#primaryimage\"},\"image\":{\"@id\":\"https:\/\/hurghada-airport.com\/tax-refund\/#primaryimage\"},\"thumbnailUrl\":\"https:\/\/i3.wp.com\/hotel-images.b-cdn.net\/hurghada\/200x200\/hrg-tax-refund%20(1)%20(1).jpg?w=200&resize=200,200&ssl=1\",\"datePublished\":\"2025-04-26T03:00:36+00:00\",\"dateModified\":\"2025-05-14T13:28:44+00:00\",\"description\":\"Learn how to get your 14% VAT refund at Hurghada Airport. Follow simple steps, required documents, and tips for travelers leaving Egypt in 2025\",\"breadcrumb\":{\"@id\":\"https:\/\/hurghada-airport.com\/tax-refund\/#breadcrumb\"},\"inLanguage\":\"da-DK\",\"potentialAction\":[{\"@type\":\"ReadAction\",\"target\":[\"https:\/\/hurghada-airport.com\/tax-refund\/\"]}]},{\"@type\":\"ImageObject\",\"inLanguage\":\"da-DK\",\"@id\":\"https:\/\/hurghada-airport.com\/tax-refund\/#primaryimage\",\"url\":\"https:\/\/i3.wp.com\/hotel-images.b-cdn.net\/hurghada\/200x200\/hrg-tax-refund%20(1)%20(1).jpg?w=200&resize=200,200&ssl=1\",\"contentUrl\":\"https:\/\/i3.wp.com\/hotel-images.b-cdn.net\/hurghada\/200x200\/hrg-tax-refund%20(1)%20(1).jpg?w=200&resize=200,200&ssl=1\",\"width\":\"200\",\"height\":\"200\"},{\"@type\":\"BreadcrumbList\",\"@id\":\"https:\/\/hurghada-airport.com\/tax-refund\/#breadcrumb\",\"itemListElement\":[{\"@type\":\"ListItem\",\"position\":1,\"name\":\"Home\",\"item\":\"https:\/\/hurghada-airport.com\/\"},{\"@type\":\"ListItem\",\"position\":2,\"name\":\"How to Claim a Tax Refund at Hurghada Airport\"}]},{\"@type\":\"WebSite\",\"@id\":\"https:\/\/hurghada-airport.com\/#website\",\"url\":\"https:\/\/hurghada-airport.com\/\",\"name\":\"Hurghada International Airport\",\"description\":\"\",\"publisher\":{\"@id\":\"https:\/\/hurghada-airport.com\/#organization\"},\"alternateName\":\"HRG\",\"potentialAction\":[{\"@type\":\"SearchAction\",\"target\":{\"@type\":\"EntryPoint\",\"urlTemplate\":\"https:\/\/hurghada-airport.com\/?s={search_term_string}\"},\"query-input\":{\"@type\":\"PropertyValueSpecification\",\"valueRequired\":true,\"valueName\":\"search_term_string\"}}],\"inLanguage\":\"da-DK\"},{\"@type\":\"Organization\",\"@id\":\"https:\/\/hurghada-airport.com\/#organization\",\"name\":\"Hurghada International Airport\",\"alternateName\":\"HRG\",\"url\":\"https:\/\/hurghada-airport.com\/\",\"logo\":{\"@type\":\"ImageObject\",\"inLanguage\":\"da-DK\",\"@id\":\"https:\/\/hurghada-airport.com\/#\/schema\/logo\/image\/\",\"url\":\"https:\/\/hurghada-airport.com\/wp-content\/uploads\/hrg-logo.jpg\",\"contentUrl\":\"https:\/\/hurghada-airport.com\/wp-content\/uploads\/hrg-logo.jpg\",\"width\":2000,\"height\":1414,\"caption\":\"Hurghada International Airport\"},\"image\":{\"@id\":\"https:\/\/hurghada-airport.com\/#\/schema\/logo\/image\/\"},\"sameAs\":[\"https:\/\/www.facebook.com\/hurghadaairport\"],\"ownershipFundingInfo\":\"https:\/\/hurghada-airport.com\/about\/\"}]}<\/script>\n<!-- \/ Yoast SEO Premium plugin. -->","yoast_head_json":{"title":"How to Claim a VAT Refund at Hurghada Airport in 2025","description":"Learn how to get your 14% VAT refund at Hurghada Airport. Follow simple steps, required documents, and tips for travelers leaving Egypt in 2025","robots":{"index":"index","follow":"follow","max-snippet":"max-snippet:-1","max-image-preview":"max-image-preview:large","max-video-preview":"max-video-preview:-1"},"canonical":"https:\/\/hurghada-airport.com\/da\/tilbagebetaling-af-skat\/","og_locale":"da_DK","og_type":"article","og_title":"How to Claim a Tax Refund at Hurghada Airport","og_description":"Learn how to get your 14% VAT refund at Hurghada Airport. Follow simple steps, required documents, and tips for travelers leaving Egypt in 2025","og_url":"https:\/\/hurghada-airport.com\/da\/tilbagebetaling-af-skat\/","article_publisher":"https:\/\/www.facebook.com\/hurghadaairport","article_modified_time":"2025-05-14T13:28:44+00:00","og_image":[{"width":1200,"height":1200,"url":"https:\/\/hurghada-airport.com\/wp-content\/uploads\/6f4168135f71cce595f7857faccc5293.jpg","type":"image\/jpeg"}],"twitter_card":"summary_large_image","twitter_misc":{"Estimeret l\u00e6setid":"2 minutter"},"schema":{"@context":"https:\/\/schema.org","@graph":[{"@type":"WebPage","@id":"https:\/\/hurghada-airport.com\/tax-refund\/","url":"https:\/\/hurghada-airport.com\/tax-refund\/","name":"How to Claim a VAT Refund at Hurghada Airport in 2025","isPartOf":{"@id":"https:\/\/hurghada-airport.com\/#website"},"primaryImageOfPage":{"@id":"https:\/\/hurghada-airport.com\/tax-refund\/#primaryimage"},"image":{"@id":"https:\/\/hurghada-airport.com\/tax-refund\/#primaryimage"},"thumbnailUrl":"https:\/\/i3.wp.com\/hotel-images.b-cdn.net\/hurghada\/200x200\/hrg-tax-refund%20(1)%20(1).jpg?w=200&resize=200,200&ssl=1","datePublished":"2025-04-26T03:00:36+00:00","dateModified":"2025-05-14T13:28:44+00:00","description":"Learn how to get your 14% VAT refund at Hurghada Airport. Follow simple steps, required documents, and tips for travelers leaving Egypt in 2025","breadcrumb":{"@id":"https:\/\/hurghada-airport.com\/tax-refund\/#breadcrumb"},"inLanguage":"da-DK","potentialAction":[{"@type":"ReadAction","target":["https:\/\/hurghada-airport.com\/tax-refund\/"]}]},{"@type":"ImageObject","inLanguage":"da-DK","@id":"https:\/\/hurghada-airport.com\/tax-refund\/#primaryimage","url":"https:\/\/i3.wp.com\/hotel-images.b-cdn.net\/hurghada\/200x200\/hrg-tax-refund%20(1)%20(1).jpg?w=200&resize=200,200&ssl=1","contentUrl":"https:\/\/i3.wp.com\/hotel-images.b-cdn.net\/hurghada\/200x200\/hrg-tax-refund%20(1)%20(1).jpg?w=200&resize=200,200&ssl=1","width":"200","height":"200"},{"@type":"BreadcrumbList","@id":"https:\/\/hurghada-airport.com\/tax-refund\/#breadcrumb","itemListElement":[{"@type":"ListItem","position":1,"name":"Home","item":"https:\/\/hurghada-airport.com\/"},{"@type":"ListItem","position":2,"name":"How to Claim a Tax Refund at Hurghada Airport"}]},{"@type":"WebSite","@id":"https:\/\/hurghada-airport.com\/#website","url":"https:\/\/hurghada-airport.com\/","name":"Hurghada International Airport","description":"","publisher":{"@id":"https:\/\/hurghada-airport.com\/#organization"},"alternateName":"HRG","potentialAction":[{"@type":"SearchAction","target":{"@type":"EntryPoint","urlTemplate":"https:\/\/hurghada-airport.com\/?s={search_term_string}"},"query-input":{"@type":"PropertyValueSpecification","valueRequired":true,"valueName":"search_term_string"}}],"inLanguage":"da-DK"},{"@type":"Organization","@id":"https:\/\/hurghada-airport.com\/#organization","name":"Hurghada International Airport","alternateName":"HRG","url":"https:\/\/hurghada-airport.com\/","logo":{"@type":"ImageObject","inLanguage":"da-DK","@id":"https:\/\/hurghada-airport.com\/#\/schema\/logo\/image\/","url":"https:\/\/hurghada-airport.com\/wp-content\/uploads\/hrg-logo.jpg","contentUrl":"https:\/\/hurghada-airport.com\/wp-content\/uploads\/hrg-logo.jpg","width":2000,"height":1414,"caption":"Hurghada International Airport"},"image":{"@id":"https:\/\/hurghada-airport.com\/#\/schema\/logo\/image\/"},"sameAs":["https:\/\/www.facebook.com\/hurghadaairport"],"ownershipFundingInfo":"https:\/\/hurghada-airport.com\/about\/"}]}},"_links":{"self":[{"href":"https:\/\/hurghada-airport.com\/da\/wp-json\/wp\/v2\/pages\/1045","targetHints":{"allow":["GET"]}}],"collection":[{"href":"https:\/\/hurghada-airport.com\/da\/wp-json\/wp\/v2\/pages"}],"about":[{"href":"https:\/\/hurghada-airport.com\/da\/wp-json\/wp\/v2\/types\/page"}],"author":[{"embeddable":true,"href":"https:\/\/hurghada-airport.com\/da\/wp-json\/wp\/v2\/users\/1"}],"replies":[{"embeddable":true,"href":"https:\/\/hurghada-airport.com\/da\/wp-json\/wp\/v2\/comments?post=1045"}],"version-history":[{"count":0,"href":"https:\/\/hurghada-airport.com\/da\/wp-json\/wp\/v2\/pages\/1045\/revisions"}],"wp:featuredmedia":[{"embeddable":true,"href":"https:\/\/hurghada-airport.com\/da\/wp-json\/wp\/v2\/media\/1205"}],"wp:attachment":[{"href":"https:\/\/hurghada-airport.com\/da\/wp-json\/wp\/v2\/media?parent=1045"}],"curies":[{"name":"wp","href":"https:\/\/api.w.org\/{rel}","templated":true}]}}